{"id":215346,"date":"2025-09-24T01:52:15","date_gmt":"2025-09-23T23:52:15","guid":{"rendered":"https:\/\/electrovideo.eu\/produit\/benq-zowie-ec3-dw-noir\/"},"modified":"2025-09-24T01:52:15","modified_gmt":"2025-09-23T23:52:15","slug":"benq-zowie-ec3-dw-noir","status":"publish","type":"product","link":"https:\/\/electrovideo.eu\/en\/product\/benq-zowie-ec3-dw-noir\/","title":{"rendered":"BenQ Zowie EC3-DW (Noir)"},"content":{"rendered":"<div id=\"description\" class=\"description\">\n<div class=\"details-pdt-desc\">\n<h2 class=\"h2-master\">La vitesse au bout des doigts<\/h2>\n<section>\n<p>De taille S, la <strong>BenQ Zowie EC3-DW<\/strong> pr\u00e9sente un \u00e9l\u00e9gant design ergonomique asym\u00e9trique et&nbsp;est id\u00e9ale pour tous les gamers qui souhaitent avoir un contr\u00f4le total de l&#8217;action et une prise en main sans compromis.&nbsp;Pens\u00e9e pour les meilleurs pros eSport, elle offre une grande libert\u00e9 de mouvement&nbsp;gr\u00e2ce \u00e0 son&nbsp;capteur optique 3200 dpi et ses 7 boutons.<\/p>\n<\/section>\n<section>\n<div class=\"desc-image\"><img decoding=\"async\" alt=\"\" loading=\"lazy\" src=\"https:\/\/electrovideo.eu\/wp-content\/uploads\/2025\/09\/1-9.jpg\"><\/div>\n<div class=\"desc-text\">\n<h2>Une bonne pr\u00e9cision et 7 boutons<\/h2>\n<p>Pour vous permettre de prendre l&#8217;avantage lors de toutes vos sessions gaming, cette souris est&nbsp;\u00e9quip\u00e9e d&#8217;un&nbsp;<strong>capteur optique 3200 dpi<\/strong>.&nbsp;Pr\u00e9cise, vraiment confortable \u00e0 utiliser car bien cal\u00e9e au c\u0153ur de votre main, elle vous donne un avantage certain face \u00e0 vos&nbsp;adversaires. Ces&nbsp;<strong>7 boutons&nbsp;<\/strong>et sa <strong>molette 24 crans&nbsp;<\/strong>vous permettent de profiter de bien plus d&#8217;options pour un contr\u00f4le encore sup\u00e9rieur.<\/p>\n<p>La <strong>conception sans fil avec r\u00e9cepteur am\u00e9lior\u00e9<\/strong> vous permet de profiter de performances stables, de haute qualit\u00e9. La combinaison du r\u00e9cepteur autonome et de l&#8217;antenne am\u00e9lior\u00e9e \u00e0 l&#8217;avant de la souris permet de r\u00e9duire les risques d&#8217;interf\u00e9rences de transmission inattendues et d&#8217;\u00e9viter les probl\u00e8mes de performances.<br \/>\n&nbsp;<\/p>\n<\/div>\n<\/section>\n<section>\n<div class=\"desc-text\">\n<h2>Un format S et une forme ergonomique asym\u00e9trique&nbsp;<\/h2>\n<p>Con\u00e7ue pour r\u00e9pondre \u00e0 votre besoin, \u00e0 savoir une souris adapt\u00e9e \u00e0 votre main, l&#8217;EC3-DW profite&nbsp;<strong>de la&nbsp;meilleure maniabilit\u00e9 possible et d&#8217;un confort incroyable<\/strong>. Ainsi, retrouvez cette forme ergonomique asym\u00e9trique si astucieuse d\u00e9velopp\u00e9e par BenQ Zowie. <strong>Le design arrondi et courb\u00e9 de l&#8217;EC \u00e9vite toute pression g\u00eanante sur la paume, contribuant ainsi \u00e0 r\u00e9duire la fatigue musculaire lors d&#8217;une utilisation prolong\u00e9e<\/strong>.<\/p>\n<p>Suffisamment l\u00e9g\u00e8re malgr\u00e9 son format S (59 g), elle est efficace et suffisamment performante pour que vous soyez toujours le plus comp\u00e9titif possible. De plus, avec <strong>ses 80 heures d&#8217;autonomie<\/strong>, elle vous permettra d&#8217;enchainer les parties sans stress.<\/p>\n<\/div>\n<div class=\"desc-image\"><img decoding=\"async\" alt=\"\" loading=\"lazy\" src=\"https:\/\/electrovideo.eu\/wp-content\/uploads\/2025\/09\/2-7.jpg\"><\/div>\n<\/section>\n<section class=\"list\">\n<h2>Principales caract\u00e9ristiques :<\/h2>\n<ul>\n<li><strong>Souris sans fil pour gamer<\/strong><\/li>\n<li><strong>Avec un r\u00e9cepteur sans fil am\u00e9lior\u00e9<\/strong><\/li>\n<li>Capteur optique&nbsp;<strong>3200 dpi<\/strong><\/li>\n<li><strong>7 boutons<\/strong><\/li>\n<li>Molette 24 crans<\/li>\n<li>Connectivit\u00e9 : RF 2.4 GHz &#8211; USB-C 2.0 \/ 3.0<\/li>\n<li>Autonomie : 80 heures<\/li>\n<li>Plug &amp; Play<\/li>\n<li>Format S : 118.4 x 65.6 x 41.1 mm<\/li>\n<li>Poids r\u00e9duit : 59 g<\/li>\n<\/ul>\n<\/section>\n<\/div><\/div>\n","protected":false},"excerpt":{"rendered":"<p>Souris sans fil pour gamer &#8211; RF 2.4 GHz &#8211; format S &#8211; asym\u00e9trique &#8211; droitier &#8211; capteur optique 3200 dpi &#8211; 7 boutons<\/p>\n","protected":false},"featured_media":215348,"comment_status":"open","ping_status":"closed","template":"","meta":{"_monsterinsights_skip_tracking":false,"_monsterinsights_sitenote_active":false,"_monsterinsights_sitenote_note":"","_monsterinsights_sitenote_category":0},"etheme_brands":[{"term_id":5033,"name":"BenQ","slug":"benq-en","term_group":0,"term_taxonomy_id":5033,"taxonomy":"brand","description":"","parent":0,"count":17,"filter":"raw"}],"product_brand":[],"product_cat":[41],"product_tag":[],"class_list":{"0":"post-215346","1":"product","2":"type-product","3":"status-publish","4":"has-post-thumbnail","6":"brand-benq-en","7":"product_cat-mouse-gaming","9":"first","10":"instock","11":"taxable","12":"shipping-taxable","13":"purchasable","14":"product-type-simple"},"_links":{"self":[{"href":"https:\/\/electrovideo.eu\/en\/wp-json\/wp\/v2\/product\/215346","targetHints":{"allow":["GET"]}}],"collection":[{"href":"https:\/\/electrovideo.eu\/en\/wp-json\/wp\/v2\/product"}],"about":[{"href":"https:\/\/electrovideo.eu\/en\/wp-json\/wp\/v2\/types\/product"}],"replies":[{"embeddable":true,"href":"https:\/\/electrovideo.eu\/en\/wp-json\/wp\/v2\/comments?post=215346"}],"version-history":[{"count":0,"href":"https:\/\/electrovideo.eu\/en\/wp-json\/wp\/v2\/product\/215346\/revisions"}],"wp:featuredmedia":[{"embeddable":true,"href":"https:\/\/electrovideo.eu\/en\/wp-json\/wp\/v2\/media\/215348"}],"wp:attachment":[{"href":"https:\/\/electrovideo.eu\/en\/wp-json\/wp\/v2\/media?parent=215346"}],"wp:term":[{"taxonomy":"brand","embeddable":true,"href":"https:\/\/electrovideo.eu\/en\/wp-json\/wp\/v2\/etheme_brands?post=215346"},{"taxonomy":"product_brand","embeddable":true,"href":"https:\/\/electrovideo.eu\/en\/wp-json\/wp\/v2\/product_brand?post=215346"},{"taxonomy":"product_cat","embeddable":true,"href":"https:\/\/electrovideo.eu\/en\/wp-json\/wp\/v2\/product_cat?post=215346"},{"taxonomy":"product_tag","embeddable":true,"href":"https:\/\/electrovideo.eu\/en\/wp-json\/wp\/v2\/product_tag?post=215346"}],"curies":[{"name":"wp","href":"https:\/\/api.w.org\/{rel}","templated":true}]}}