{"id":215083,"date":"2025-09-24T02:49:40","date_gmt":"2025-09-24T00:49:40","guid":{"rendered":"https:\/\/electrovideo.eu\/produit\/asus-zenbook-14-oled-um3406ka-qd172w\/"},"modified":"2025-11-25T01:57:20","modified_gmt":"2025-11-24T23:57:20","slug":"asus-zenbook-14-oled-um3406ka-qd172w","status":"publish","type":"product","link":"https:\/\/electrovideo.eu\/en\/product\/asus-zenbook-14-oled-um3406ka-qd172w\/","title":{"rendered":"ASUS Zenbook 14 OLED UM3406KA-QD172W"},"content":{"rendered":"<div id=\"description\" class=\"description\">\n<div class=\"details-pdt-desc\">\n<h2 class=\"h2-master\">CPU optimis\u00e9 pour l&#8217;IA et \u00e9cran OLED de 14 pouces<\/h2>\n<section>\n<p>Am\u00e9liorez votre exp\u00e9rience gr\u00e2ce au PC portable ASUS Zenbook 14 OLED UM3406, mobile, \u00e9l\u00e9gant et sophistiqu\u00e9. Son design fin et l\u00e9ger renferme la puissance des derniers processeurs AMD Ryzen AI compatibles avec l&#8217;IA. Son \u00e9cran OLED Full HD+ offre une superbe qualit\u00e9 d&#8217;image et sa batterie assure une autonomie longue dur\u00e9e.<br \/>\n&nbsp;<\/p>\n<\/section>\n<section>\n<div class=\"desc-image\"><span><img decoding=\"async\" alt=\"\" loading=\"lazy\" src=\"https:\/\/electrovideo.eu\/wp-content\/uploads\/2025\/09\/801-79.jpg\"><\/span><\/div>\n<div class=\"desc-text\">\n<h2>Productivit\u00e9 boost\u00e9e par l&#8217;IA<\/h2>\n<p>Le PC portable ASUS Zenbook 14 OLED UM3406 est multit\u00e2che par excellence ! Gr\u00e2ce \u00e0 son acc\u00e9l\u00e9rateur AMD Ryzen AI int\u00e9gr\u00e9 au processeur, \u00e0 la rapidit\u00e9 fulgurante de son stockage SSD et \u00e0 la connectivit\u00e9 WiFi 6E, vous b\u00e9n\u00e9ficierez de moins d&#8217;attente et d&#8217;une productivit\u00e9 accrue, quel que soit l&#8217;endroit o\u00f9 vous travaillez.<\/p>\n<\/div>\n<\/section>\n<section>\n<div class=\"desc-text\">\n<h2>\u00c9cran OLED Full HD+<\/h2>\n<p>Profitez de visuels immersifs et ultra-d\u00e9taill\u00e9s avec des couleurs ultra-vives sur l&#8217;\u00e9cran OLED NanoEdge de ce PC portable ASUS. L&#8217;\u00e9cran du Zenbook 14 OLED reproduit chaque couleur avec une fid\u00e9lit\u00e9 \u00e9patante pour un rendu d&#8217;une qualit\u00e9 professionnelle.<\/p>\n<\/div>\n<div class=\"desc-image\"><span><img decoding=\"async\" alt=\"\" loading=\"lazy\" src=\"https:\/\/electrovideo.eu\/wp-content\/uploads\/2025\/09\/802-72.jpg\"><\/span><\/div>\n<\/section>\n<section>\n<div class=\"desc-image\"><span><img decoding=\"async\" alt=\"\" loading=\"lazy\" src=\"https:\/\/electrovideo.eu\/wp-content\/uploads\/2025\/09\/803-32.jpg\"><\/span><\/div>\n<div class=\"desc-text\">\n<h2>Haute qualit\u00e9 audio<\/h2>\n<p>Pour une qualit\u00e9 audio \u00e0 la hauteur de vos envies, le Zenbook 14 OLED s&#8217;est par\u00e9 d&#8217;un syst\u00e8me st\u00e9r\u00e9o Dolby Atmos certifi\u00e9 par les experts Harman Kardon. Il offre un son puissant, immersif et cristallin, dot\u00e9 du paysage sonore multidimensionnel de Dolby Atmos. Il vous plonge au c\u0153ur de vos divertissements pr\u00e9f\u00e9r\u00e9s gr\u00e2ce \u00e0 un son qui se d\u00e9place tout autour de vous pour un r\u00e9alisme \u00e9poustouflant dans la musique, les films et les s\u00e9ries TV. L&#8217;amplificateur intelligent \u00e0 deux canaux, qui augmente le volume et supprime les distorsions, est \u00e9quip\u00e9 d&#8217;une puissante puce DSP qui peut piloter les deux haut-parleurs au volume maximal tout en \u00e9vitant d&#8217;endommager \u00e0 long terme les bobines acoustiques sensibles des haut-parleurs.<\/p>\n<\/div>\n<\/section>\n<section>\n<h2>Caract\u00e9ristiques principales :<\/h2>\n<ul>\n<li><strong>Processeur AMD Ryzen AI 7 350 <\/strong><\/li>\n<li>32 Go de m\u00e9moire int\u00e9gr\u00e9e<\/li>\n<li>\u00c9cran OLED&nbsp;de 14 pouces avec r\u00e9solution<strong>&nbsp;Full HD+<\/strong><\/li>\n<li><strong>SSD M.2 PCIe de 1 To<\/strong><\/li>\n<li>Communication sans fil <strong>Wi-Fi 6E<\/strong> + <strong>Bluetooth 5.3<\/strong><\/li>\n<li>Webcam IR Full HD compatible Windows Hello<\/li>\n<li><strong>Windows 11 Famille<\/strong><\/li>\n<\/ul>\n<\/section>\n<\/div>\n<div class=\"emphasis\"><strong>Qu&#8217;est-ce que le DAS ou D\u00e9bit d&#8217;Absorption Sp\u00e9cifique ?<\/strong><\/p>\n<p>Le d\u00e9bit d&#8217;absorption sp\u00e9cifique (DAS) local quantifie l&#8217;exposition de l&#8217;utilisateur aux ondes \u00e9lectromagn\u00e9tiques de l&#8217;\u00e9quipement concern\u00e9. Le DAS maximal autoris\u00e9 est de 2 W\/kg pour la t\u00eate et le tronc et de 4 W\/kg pour les membres.<\/p>\n<p><em>Tous les produits vendus sur le site Electrovideo.eu sont conformes \u00e0 cette r\u00e9glementation. Les valeurs DAS des produits concern\u00e9s sont indiqu\u00e9es au niveau des fiches produits dans la partie fiche technique.<\/em><\/p>\n<\/div><\/div>\n","protected":false},"excerpt":{"rendered":"<p>AMD Ryzen AI 7 350 32 Go SSD 1 To 14&#8243; OLED Full HD+ Wi-Fi 6E\/Bluetooth Webcam Windows 11 Famille<\/p>\n","protected":false},"featured_media":215085,"comment_status":"open","ping_status":"closed","template":"","meta":{"_monsterinsights_skip_tracking":false,"_monsterinsights_sitenote_active":false,"_monsterinsights_sitenote_note":"","_monsterinsights_sitenote_category":0},"etheme_brands":[{"term_id":53,"name":"ASUS","slug":"asus","term_group":0,"term_taxonomy_id":53,"taxonomy":"brand","description":"","parent":0,"count":248,"filter":"raw"}],"product_brand":[],"product_cat":[2499],"product_tag":[],"class_list":{"0":"post-215083","1":"product","2":"type-product","3":"status-publish","4":"has-post-thumbnail","6":"brand-asus","7":"product_cat-gaming-laptop","9":"first","10":"instock","11":"sale","12":"taxable","13":"shipping-taxable","14":"purchasable","15":"product-type-simple"},"_links":{"self":[{"href":"https:\/\/electrovideo.eu\/en\/wp-json\/wp\/v2\/product\/215083","targetHints":{"allow":["GET"]}}],"collection":[{"href":"https:\/\/electrovideo.eu\/en\/wp-json\/wp\/v2\/product"}],"about":[{"href":"https:\/\/electrovideo.eu\/en\/wp-json\/wp\/v2\/types\/product"}],"replies":[{"embeddable":true,"href":"https:\/\/electrovideo.eu\/en\/wp-json\/wp\/v2\/comments?post=215083"}],"version-history":[{"count":0,"href":"https:\/\/electrovideo.eu\/en\/wp-json\/wp\/v2\/product\/215083\/revisions"}],"wp:featuredmedia":[{"embeddable":true,"href":"https:\/\/electrovideo.eu\/en\/wp-json\/wp\/v2\/media\/215085"}],"wp:attachment":[{"href":"https:\/\/electrovideo.eu\/en\/wp-json\/wp\/v2\/media?parent=215083"}],"wp:term":[{"taxonomy":"brand","embeddable":true,"href":"https:\/\/electrovideo.eu\/en\/wp-json\/wp\/v2\/etheme_brands?post=215083"},{"taxonomy":"product_brand","embeddable":true,"href":"https:\/\/electrovideo.eu\/en\/wp-json\/wp\/v2\/product_brand?post=215083"},{"taxonomy":"product_cat","embeddable":true,"href":"https:\/\/electrovideo.eu\/en\/wp-json\/wp\/v2\/product_cat?post=215083"},{"taxonomy":"product_tag","embeddable":true,"href":"https:\/\/electrovideo.eu\/en\/wp-json\/wp\/v2\/product_tag?post=215083"}],"curies":[{"name":"wp","href":"https:\/\/api.w.org\/{rel}","templated":true}]}}