{"id":215080,"date":"2025-09-24T02:49:40","date_gmt":"2025-09-24T00:49:40","guid":{"rendered":"https:\/\/electrovideo.eu\/produit\/asus-rog-strix-g16-g614pm-rv066w\/"},"modified":"2025-11-25T01:57:52","modified_gmt":"2025-11-24T23:57:52","slug":"asus-rog-strix-g16-g614pm-rv066w","status":"publish","type":"product","link":"https:\/\/electrovideo.eu\/en\/product\/asus-rog-strix-g16-g614pm-rv066w\/","title":{"rendered":"ASUS ROG STRIX G16 G614PM-RV066W"},"content":{"rendered":"<div id=\"description\" class=\"description\">\n<div class=\"details-pdt-desc\">\n<h2 class=\"h2-master\">Confort et hautes performances avec un \u00e9cran 165 Hz<\/h2>\n<section>\n<p>Le <strong>PC Portable ASUS ROG STRIX G16<\/strong> vous permettra de travailler ou jouer dans les meilleures conditions gr\u00e2ce \u00e0 des composants ultra-performants, un \u00e9cran Full HD+ 165 Hz et une conception haut de gamme qui ne laisse rien au hasard. Le PC portable Gamer ASUS ROG STRIX G16 G614PM-RV066W offre de hautes performances gr\u00e2ce \u00e0 son<strong> processeur AMD Ryzen 9 8940HX<\/strong>, ses 32 Go de m\u00e9moire DDR5, son<strong> SSD M.2 PCIe 4.0 de 1 To<\/strong> et sa <strong>puce graphique NVIDIA GeForce RTX 5060<\/strong>.<br \/>\n&nbsp;<\/p>\n<\/section>\n<section>\n<div class=\"desc-image\"><span><img decoding=\"async\" alt=\"\" loading=\"lazy\" src=\"https:\/\/electrovideo.eu\/wp-content\/uploads\/2025\/09\/800_1-11.jpg\"><\/span><\/div>\n<div class=\"desc-text\">\n<h2>Hautes Performances<\/h2>\n<p>En plus de ses composants ultra-performants nouvelle g\u00e9n\u00e9ration, le ROG Strix G16 b\u00e9n\u00e9ficie d&#8217;un superbe design. Avec son processeur AMD Ryzen et sa puce graphique GeForce RTX s\u00e9rie 50, ce PC portable ASUS se montrera capable de vous hisser au plus pr\u00e8s des joueurs professionnels.<\/p>\n<p>Ce PC portable ASUS b\u00e9n\u00e9ficie d&#8217;un GPU pour ordinateur portable NVIDIA GeForce RTX 50, garantissant des taux de rafra\u00eechissement et des visuels incroyables dans tous les jeux les plus r\u00e9cents. Gr\u00e2ce \u00e0 la technologie NVIDIA Advanced Optimus qui permet de basculer intelligemment entre les modes d&#8217;\u00e9conomie de batterie et de hautes performances lorsque vous en avez besoin, et \u00e0 la puissance maximale de 115 W avec Dynamic Boost, l&#8217;ASUS ROG STRIX G16 est un v\u00e9ritable ordinateur portable gaming de nouvelle g\u00e9n\u00e9ration.&nbsp;<\/p>\n<\/div>\n<\/section>\n<section>\n<div class=\"desc-text\">\n<h2>Affichage fluide avec un \u00e9cran 165 Hz<\/h2>\n<p>Avec cet ordinateur portable de jeu aux vitesses d&#8217;affichage ultrarapides, mettez-vous dans la peau d&#8217;un professionnel de l&#8217;eSport ! La dalle IPS Full HD+ de 165 Hz \/ 3 ms permet de jouer aux meilleurs jeux FPS du moment afin que vous soyez toujours au meilleur niveau, pr\u00eat \u00e0 c\u00f4toyer l&#8217;\u00e9lite. Ultrarapide, la fr\u00e9quence de rafra\u00eechissement de 165 Hz fluidifie consid\u00e9rablement les images qu&#8217;affichent les jeux d&#8217;action rapide.<\/p>\n<\/div>\n<div class=\"desc-image\"><span><img decoding=\"async\" alt=\"\" loading=\"lazy\" src=\"https:\/\/electrovideo.eu\/wp-content\/uploads\/2025\/09\/800_165hz.jpg\"><\/span><\/div>\n<\/section>\n<section>\n<div class=\"desc-image\"><span><img decoding=\"async\" alt=\"\" loading=\"lazy\" src=\"https:\/\/electrovideo.eu\/wp-content\/uploads\/2025\/09\/800_3-5.jpg\"><\/span><\/div>\n<div class=\"desc-text\">\n<h2>Refroidissement performant<\/h2>\n<p>La philosophie du refroidissement intelligent ROG r\u00e9side dans son alliance entre fonctionnalit\u00e9s utiles et param\u00e8tres syst\u00e8me correctement ajust\u00e9s pour garantir la meilleure exp\u00e9rience possible au niveau du ch\u00e2ssis et des composants. Les performances du PC sont boost\u00e9es gr\u00e2ce \u00e0 l&#8217;utilisation d&#8217;une p\u00e2te thermique fabriqu\u00e9e \u00e0 partir de m\u00e9tal liquide et appliqu\u00e9e directement sur le processeur. De plus, le design du ch\u00e2ssis am\u00e9liore la ventilation pour minimiser les niveaux de bruit en comparaison avec les g\u00e9n\u00e9rations pr\u00e9c\u00e9dentes.<\/p>\n<\/div>\n<\/section>\n<section class=\"list\">\n<h2>Caract\u00e9ristiques principales :<\/h2>\n<ul>\n<li><strong>Processeur AMD Ryzen 9 8940HX <\/strong><\/li>\n<li>32 Go de m\u00e9moire vive DDR5 5200 MHz (2 x 16 Go &#8211; 2 slots &#8211; maximum 64 Go au total)<\/li>\n<li>\u00c9cran de niveau IPS 16&#8243; avec r\u00e9solution FHD+ 16\/10 (1920 x 1200 pixels) et <strong>fr\u00e9quence de 165 Hz<\/strong><\/li>\n<li>Puce graphique <strong>NVIDIA GeForce RTX 5060<\/strong> avec 8 Go de m\u00e9moire d\u00e9di\u00e9e GDDR7 (1600 MHz OC \/ 115W Dynamic Boost)<\/li>\n<li><strong>SSD M.2 PCIe 4.0 de 1 To<\/strong><\/li>\n<li>Communication sans fil performante :&nbsp;Wi-Fi 6E + Bluetooth&nbsp;5.3<\/li>\n<li>Clavier gaming avec touches r\u00e9tro\u00e9clair\u00e9es RGB 4 zones<\/li>\n<li>Haut-parleurs int\u00e9gr\u00e9s avec technologie Smart Amp<\/li>\n<li><b>Windows 11 Famille<\/b><\/li>\n<\/ul>\n<\/section>\n<\/div><\/div>\n","protected":false},"excerpt":{"rendered":"<p>AMD Ryzen 9 8940HX 32 Go SSD 1 To 16&#8243; LED Full HD+ 165 Hz NVIDIA GeForce RTX 5060 8 Go DLSS 4 Wi-Fi 6E\/Bluetooth Webcam Windows 11 Famille<\/p>\n","protected":false},"featured_media":215082,"comment_status":"open","ping_status":"closed","template":"","meta":{"_monsterinsights_skip_tracking":false,"_monsterinsights_sitenote_active":false,"_monsterinsights_sitenote_note":"","_monsterinsights_sitenote_category":0},"etheme_brands":[{"term_id":53,"name":"ASUS","slug":"asus","term_group":0,"term_taxonomy_id":53,"taxonomy":"brand","description":"","parent":0,"count":248,"filter":"raw"}],"product_brand":[],"product_cat":[2499],"product_tag":[],"class_list":{"0":"post-215080","1":"product","2":"type-product","3":"status-publish","4":"has-post-thumbnail","6":"brand-asus","7":"product_cat-gaming-laptop","9":"first","10":"instock","11":"taxable","12":"shipping-taxable","13":"purchasable","14":"product-type-simple"},"_links":{"self":[{"href":"https:\/\/electrovideo.eu\/en\/wp-json\/wp\/v2\/product\/215080","targetHints":{"allow":["GET"]}}],"collection":[{"href":"https:\/\/electrovideo.eu\/en\/wp-json\/wp\/v2\/product"}],"about":[{"href":"https:\/\/electrovideo.eu\/en\/wp-json\/wp\/v2\/types\/product"}],"replies":[{"embeddable":true,"href":"https:\/\/electrovideo.eu\/en\/wp-json\/wp\/v2\/comments?post=215080"}],"version-history":[{"count":0,"href":"https:\/\/electrovideo.eu\/en\/wp-json\/wp\/v2\/product\/215080\/revisions"}],"wp:featuredmedia":[{"embeddable":true,"href":"https:\/\/electrovideo.eu\/en\/wp-json\/wp\/v2\/media\/215082"}],"wp:attachment":[{"href":"https:\/\/electrovideo.eu\/en\/wp-json\/wp\/v2\/media?parent=215080"}],"wp:term":[{"taxonomy":"brand","embeddable":true,"href":"https:\/\/electrovideo.eu\/en\/wp-json\/wp\/v2\/etheme_brands?post=215080"},{"taxonomy":"product_brand","embeddable":true,"href":"https:\/\/electrovideo.eu\/en\/wp-json\/wp\/v2\/product_brand?post=215080"},{"taxonomy":"product_cat","embeddable":true,"href":"https:\/\/electrovideo.eu\/en\/wp-json\/wp\/v2\/product_cat?post=215080"},{"taxonomy":"product_tag","embeddable":true,"href":"https:\/\/electrovideo.eu\/en\/wp-json\/wp\/v2\/product_tag?post=215080"}],"curies":[{"name":"wp","href":"https:\/\/api.w.org\/{rel}","templated":true}]}}