{"id":215072,"date":"2025-09-24T02:55:45","date_gmt":"2025-09-24T00:55:45","guid":{"rendered":"https:\/\/electrovideo.eu\/produit\/lenovo-ideapad-slim-5-16akp10-83hy003rfr\/"},"modified":"2025-11-25T01:57:10","modified_gmt":"2025-11-24T23:57:10","slug":"lenovo-ideapad-slim-5-16akp10-83hy003rfr","status":"publish","type":"product","link":"https:\/\/electrovideo.eu\/en\/product\/lenovo-ideapad-slim-5-16akp10-83hy003rfr\/","title":{"rendered":"Lenovo IdeaPad Slim 5 16AKP10 (83HY003RFR)"},"content":{"rendered":"<div id=\"description\" class=\"description\">\n<div class=\"details-pdt-desc\">\n<h2 class=\"h2-master\">Efficacit\u00e9 et cr\u00e9ativit\u00e9 soutenues par l&#8217;IA<\/h2>\n<section>\n<p>Le PC portable Lenovo IdeaPad Slim 5 16AKP10 \u00e9quip\u00e9 d&#8217;un processeur AMD Ryzen Al S\u00e9rie 300 et d&#8217;un \u00e9cran IPS de 16 pouces, vous offre la performance et la mobilit\u00e9 dont vous avez besoin. Le processeur AMD Ryzen AI int\u00e9gr\u00e9 offre de hauts niveaux de performances sur les outils cr\u00e9atifs soutenus par l&#8217;IA. De plus, une bonne efficacit\u00e9 \u00e9nerg\u00e9tique vous permet d&#8217;\u00eatre productif partout avec une autonomie longue dur\u00e9e.<br \/>\n&nbsp;<\/p>\n<\/section>\n<section>\n<div class=\"desc-image\"><span><img decoding=\"async\" alt=\"\" loading=\"lazy\" src=\"https:\/\/electrovideo.eu\/wp-content\/uploads\/2025\/09\/801-87.jpg\"><\/span><\/div>\n<div class=\"desc-text\">\n<h2>Une puissance red\u00e9finie<\/h2>\n<p>Donnez libre cours \u00e0 votre cr\u00e9ativit\u00e9 avec le PC portable Lenovo IdeaPad Slim 5 \u00e9quip\u00e9 d&#8217;un processeur AMD Ryzen Al S\u00e9rie 300. Profitez d&#8217;une vitesse fulgurante pour la mod\u00e9lisation 3D, le rendu et une visualisation en temps r\u00e9el. Le Ryzen AI int\u00e9gr\u00e9 offre de hauts niveaux de performances sur les outils cr\u00e9atifs soutenus par l&#8217;IA.<\/p>\n<p>Am\u00e9liorez votre flux de travail avec Lenovo AI Core, con\u00e7u pour optimiser votre processus cr\u00e9atif. Profitez de performances fluides avec une allocation intelligente des ressources pour des op\u00e9rations plus fluides, un montage vid\u00e9o et photo plus rapide, et une efficacit\u00e9 accrue. La gestion dynamique de l&#8217;alimentation optimise l&#8217;autonomie de la batterie, vous permettant de rester productif tout au long de la journ\u00e9e.<\/p>\n<\/div>\n<\/section>\n<section class=\"list\">\n<h2>Caract\u00e9ristiques principales :<\/h2>\n<ul>\n<li><strong>Processeur AMD Ryzen AI 7 350<\/strong><\/li>\n<li>32 Go de m\u00e9moire LPDDR5 (m\u00e9moire int\u00e9gr\u00e9e &#8211; pas d&#8217;upgrade possible)<\/li>\n<li><strong>\u00c9cran IPS&nbsp;<\/strong>de 16&#8243; avec haute r\u00e9solution de 1920 x 1200<\/li>\n<li>Fonctionnement fluide et rapide avec un<strong> SSD M.2 PCIe 4.0 x4 NVMe de 1 To<\/strong><\/li>\n<li>Communication sans fil performante : Wi-Fi 7 + Bluetooth 5.4<\/li>\n<li>Clavier avec <strong>touches r\u00e9tro\u00e9clair\u00e9es<\/strong><\/li>\n<li>Webcam HD IR 1080p int\u00e9gr\u00e9e (cache coulissant int\u00e9gr\u00e9)<\/li>\n<li><strong>Windows 11 Famille<\/strong><\/li>\n<li>Garantie constructeur 2 ans<\/li>\n<\/ul>\n<\/section>\n<\/div><\/div>\n","protected":false},"excerpt":{"rendered":"<p>AMD Ryzen AI 7 350 32 Go SSD 1 To 16&#8243; LED Full HD+ Wi-Fi 7\/Bluetooth Webcam Windows 11 Famille<\/p>\n","protected":false},"featured_media":215074,"comment_status":"open","ping_status":"closed","template":"","meta":{"_monsterinsights_skip_tracking":false,"_monsterinsights_sitenote_active":false,"_monsterinsights_sitenote_note":"","_monsterinsights_sitenote_category":0},"etheme_brands":[{"term_id":4412,"name":"Lenovo","slug":"lenovo-en","term_group":0,"term_taxonomy_id":4412,"taxonomy":"brand","description":"","parent":0,"count":29,"filter":"raw"}],"product_brand":[],"product_cat":[2499],"product_tag":[],"class_list":{"0":"post-215072","1":"product","2":"type-product","3":"status-publish","4":"has-post-thumbnail","6":"brand-lenovo-en","7":"product_cat-gaming-laptop","9":"first","10":"instock","11":"taxable","12":"shipping-taxable","13":"purchasable","14":"product-type-simple"},"_links":{"self":[{"href":"https:\/\/electrovideo.eu\/en\/wp-json\/wp\/v2\/product\/215072","targetHints":{"allow":["GET"]}}],"collection":[{"href":"https:\/\/electrovideo.eu\/en\/wp-json\/wp\/v2\/product"}],"about":[{"href":"https:\/\/electrovideo.eu\/en\/wp-json\/wp\/v2\/types\/product"}],"replies":[{"embeddable":true,"href":"https:\/\/electrovideo.eu\/en\/wp-json\/wp\/v2\/comments?post=215072"}],"version-history":[{"count":0,"href":"https:\/\/electrovideo.eu\/en\/wp-json\/wp\/v2\/product\/215072\/revisions"}],"wp:featuredmedia":[{"embeddable":true,"href":"https:\/\/electrovideo.eu\/en\/wp-json\/wp\/v2\/media\/215074"}],"wp:attachment":[{"href":"https:\/\/electrovideo.eu\/en\/wp-json\/wp\/v2\/media?parent=215072"}],"wp:term":[{"taxonomy":"brand","embeddable":true,"href":"https:\/\/electrovideo.eu\/en\/wp-json\/wp\/v2\/etheme_brands?post=215072"},{"taxonomy":"product_brand","embeddable":true,"href":"https:\/\/electrovideo.eu\/en\/wp-json\/wp\/v2\/product_brand?post=215072"},{"taxonomy":"product_cat","embeddable":true,"href":"https:\/\/electrovideo.eu\/en\/wp-json\/wp\/v2\/product_cat?post=215072"},{"taxonomy":"product_tag","embeddable":true,"href":"https:\/\/electrovideo.eu\/en\/wp-json\/wp\/v2\/product_tag?post=215072"}],"curies":[{"name":"wp","href":"https:\/\/api.w.org\/{rel}","templated":true}]}}