{"id":215054,"date":"2025-09-24T02:55:45","date_gmt":"2025-09-24T00:55:45","guid":{"rendered":"https:\/\/electrovideo.eu\/produit\/lenovo-v15-g4-amn-82yu00twfr\/"},"modified":"2025-11-25T01:55:47","modified_gmt":"2025-11-24T23:55:47","slug":"lenovo-v15-g4-amn-82yu00twfr","status":"publish","type":"product","link":"https:\/\/electrovideo.eu\/en\/product\/lenovo-v15-g4-amn-82yu00twfr\/","title":{"rendered":"Lenovo V15 G4 AMN (82YU00TWFR)"},"content":{"rendered":"<div id=\"description\" class=\"description\">\n<div class=\"details-pdt-desc\">\n<h2 class=\"h2-master\">Robuste et mobile<\/h2>\n<section>\n<p>\u00c0 la fois robuste et performant, le <strong>PC portable Lenovo V15 G4<\/strong> est con\u00e7u pour vous permettre de travailler dans de bonnes conditions. Avec sa conception robuste et son \u00e9cran \u00e0 cadre mince, il offre un juste milieu entre confort et mobilit\u00e9. L&#8217;ordinateur portable Lenovo V15 G4 AMN (82YU00TVFR) offre performance et fonctionnement rapide gr\u00e2ce \u00e0 son <strong>processeur AMD Ryzen 3 7320U<\/strong>, ses 8 Go de m\u00e9moire DDR4 et son<strong> SSD M.2 PCIe de 256 Go.<\/strong><br \/>\n&nbsp;<\/p>\n<\/section>\n<section>\n<div class=\"desc-image\"><span><img decoding=\"async\" alt=\"\" loading=\"lazy\" src=\"https:\/\/electrovideo.eu\/wp-content\/uploads\/2025\/09\/801-84.jpg\"><\/span><\/div>\n<div class=\"desc-text\">\n<h2>\u00c9cran de 15.6&#8243; avec cadre mince<\/h2>\n<p>Gr\u00e2ce \u00e0 son \u00e9cran de 15.6 pouces avec cadre mince et r\u00e9solution Full HD 1080p, le PC portable Lenovo V15 G4 vous offre le confort visuel dont vous avez besoin pour travailler confortablement et profiter d&#8217;un divertissement multim\u00e9dia agr\u00e9able.<\/p>\n<\/div>\n<\/section>\n<section>\n<div class=\"desc-text\">\n<h2>Conception robuste<\/h2>\n<p>Lenovo a test\u00e9 la fiabilit\u00e9 et la robustesse de ce portable en le soumettant \u00e0 des conditions extr\u00eames dans huit cat\u00e9gories : chocs, vibrations, clavier, dur\u00e9e de vie des charni\u00e8res, fiabilit\u00e9 des ventilateurs, r\u00e9sistance aux \u00e9raflures de l\u2019\u00e9cran, temp\u00e9rature de fonctionnement et pression. Il est donc pr\u00eat \u00e0 faire face \u00e0 toutes les conditions d&#8217;utilisation auxquelles votre vie professionnelle tr\u00e9pidante peut le confronter.<\/p>\n<\/div>\n<div class=\"desc-image\"><span><img decoding=\"async\" alt=\"\" loading=\"lazy\" src=\"https:\/\/electrovideo.eu\/wp-content\/uploads\/2025\/09\/802-76.jpg\"><\/span><\/div>\n<\/section>\n<section class=\"list\">\n<h2>Caract\u00e9ristiques principales :<\/h2>\n<ul>\n<li><strong>Processeur AMD Ryzen 3 7320U<\/strong><\/li>\n<li>8 Go de m\u00e9moire DDR5 (m\u00e9moire int\u00e9gr\u00e9e)<\/li>\n<li>\u00c9cran de 15.6&#8243; avec r\u00e9solution Full HD (1920 x 1080 pixels)<\/li>\n<li><strong>SSD M.2 PCIe 4.0 x4 de 256 Go<\/strong><\/li>\n<li>2 ports USB 3.0 + 1 connecteur HDMI<\/li>\n<li>Communication sans fil <strong>Wi-Fi AC<\/strong>&nbsp;+ <strong>Bluetooth 5.1<\/strong><\/li>\n<li>Webcam int\u00e9gr\u00e9e<\/li>\n<li>S\u00e9curit\u00e9 : Firmware TPM 2.0<\/li>\n<li>Adaptateur secteur 65 Watts<\/li>\n<li><strong>Windows 11 Famille<\/strong><\/li>\n<li>Garantie constructeur 1 an (retour atelier)<\/li>\n<\/ul>\n<\/section>\n<\/div><\/div>\n","protected":false},"excerpt":{"rendered":"<p>AMD Ryzen 3 7320U 8 Go SSD 256 Go 15.6&#8243; LED Full HD Wi-Fi AC\/Bluetooth Webcam Windows 11 Famille<\/p>\n","protected":false},"featured_media":215056,"comment_status":"open","ping_status":"closed","template":"","meta":{"_monsterinsights_skip_tracking":false,"_monsterinsights_sitenote_active":false,"_monsterinsights_sitenote_note":"","_monsterinsights_sitenote_category":0},"etheme_brands":[{"term_id":4412,"name":"Lenovo","slug":"lenovo-en","term_group":0,"term_taxonomy_id":4412,"taxonomy":"brand","description":"","parent":0,"count":29,"filter":"raw"}],"product_brand":[],"product_cat":[2499],"product_tag":[],"class_list":{"0":"post-215054","1":"product","2":"type-product","3":"status-publish","4":"has-post-thumbnail","6":"brand-lenovo-en","7":"product_cat-gaming-laptop","9":"first","10":"instock","11":"sale","12":"taxable","13":"shipping-taxable","14":"purchasable","15":"product-type-simple"},"_links":{"self":[{"href":"https:\/\/electrovideo.eu\/en\/wp-json\/wp\/v2\/product\/215054","targetHints":{"allow":["GET"]}}],"collection":[{"href":"https:\/\/electrovideo.eu\/en\/wp-json\/wp\/v2\/product"}],"about":[{"href":"https:\/\/electrovideo.eu\/en\/wp-json\/wp\/v2\/types\/product"}],"replies":[{"embeddable":true,"href":"https:\/\/electrovideo.eu\/en\/wp-json\/wp\/v2\/comments?post=215054"}],"version-history":[{"count":0,"href":"https:\/\/electrovideo.eu\/en\/wp-json\/wp\/v2\/product\/215054\/revisions"}],"wp:featuredmedia":[{"embeddable":true,"href":"https:\/\/electrovideo.eu\/en\/wp-json\/wp\/v2\/media\/215056"}],"wp:attachment":[{"href":"https:\/\/electrovideo.eu\/en\/wp-json\/wp\/v2\/media?parent=215054"}],"wp:term":[{"taxonomy":"brand","embeddable":true,"href":"https:\/\/electrovideo.eu\/en\/wp-json\/wp\/v2\/etheme_brands?post=215054"},{"taxonomy":"product_brand","embeddable":true,"href":"https:\/\/electrovideo.eu\/en\/wp-json\/wp\/v2\/product_brand?post=215054"},{"taxonomy":"product_cat","embeddable":true,"href":"https:\/\/electrovideo.eu\/en\/wp-json\/wp\/v2\/product_cat?post=215054"},{"taxonomy":"product_tag","embeddable":true,"href":"https:\/\/electrovideo.eu\/en\/wp-json\/wp\/v2\/product_tag?post=215054"}],"curies":[{"name":"wp","href":"https:\/\/api.w.org\/{rel}","templated":true}]}}