{"id":215051,"date":"2025-09-24T03:03:07","date_gmt":"2025-09-24T01:03:07","guid":{"rendered":"https:\/\/electrovideo.eu\/produit\/msi-katana-17-hx-b14wfk-007fr\/"},"modified":"2025-11-25T01:57:49","modified_gmt":"2025-11-24T23:57:49","slug":"msi-katana-17-hx-b14wfk-007fr","status":"publish","type":"product","link":"https:\/\/electrovideo.eu\/en\/product\/msi-katana-17-hx-b14wfk-007fr\/","title":{"rendered":"MSI Katana 17 HX B14WFK-007FR"},"content":{"rendered":"<div id=\"description\" class=\"description\">\n<div class=\"details-pdt-desc\">\n<h2 class=\"h2-master\">Performance de jeu et finesse avec un \u00e9cran 240 Hz<\/h2>\n<section>\n<p>Le <strong>MSI Katana 17 HX B14W<\/strong> est un PC portable Gaming tr\u00e8s performant \u00e9quip\u00e9 d&#8217;un processeur Intel Core de 14e g\u00e9n\u00e9ration, d&#8217;une puce graphique NVIDIA GeForce RTX s\u00e9rie 50, de RAM DDR5, d&#8217;un SSD PCIe ultra-rapide et d&#8217;un \u00e9cran QHD 240 Hz. Ce PC portable Gamer MSI sera un achat id\u00e9al pour les joueurs \u00e0 la recherche de hautes performances mobiles pour un budget ma\u00eetris\u00e9.<br \/>\n&nbsp;<\/p>\n<\/section>\n<section>\n<div class=\"desc-image\"><span><img decoding=\"async\" alt=\"\" loading=\"lazy\" src=\"https:\/\/electrovideo.eu\/wp-content\/uploads\/2025\/09\/801b-1.jpg\"><\/span><\/div>\n<div class=\"desc-text\">\n<h2>Processeur Intel Core i7 de 14e g\u00e9n\u00e9ration<\/h2>\n<p>Gr\u00e2ce aux processeurs Intel Core de 14e g\u00e9n\u00e9ration, l&#8217;ordinateur portable MSI Katana 17 HX B14W offre des performances survitamin\u00e9es, qu&#8217;il s&#8217;agisse de projets multit\u00e2ches ou de jeux vid\u00e9o dernier cri. Gr\u00e2ce \u00e0 une architecture hybride hautes performances, les processeurs Intel Core de 14e g\u00e9n\u00e9ration offrent une combinaison unique de c\u0153urs performants et efficaces (P-core et E-core). La charge de travail \u00e9tant achemin\u00e9e intelligemment par Intel Thread Director, le processeur divise pour mieux conqu\u00e9rir !<\/p>\n<\/div>\n<\/section>\n<section>\n<div class=\"desc-text\">\n<h2>NVIDIA GeForce RTX 50<\/h2>\n<p>Aliment\u00e9s par l&#8217;architecture NVIDIA Blackwell, les puces graphiques GeForce RTX s\u00e9rie 50 fournissent des capacit\u00e9s r\u00e9volutionnaires aux joueurs et aux cr\u00e9ateurs. La puissance d&#8217;IA ph\u00e9nom\u00e9nale des mod\u00e8les de la s\u00e9rie RTX 50 vous aident \u00e0 vivre des exp\u00e9riences in\u00e9dites avec une fid\u00e9lit\u00e9 graphique incomparable. Acc\u00e9l\u00e9rez les performances visuelles avec le NVIDIA DLSS 4, g\u00e9n\u00e9rez des images \u00e0 une vitesse sans pr\u00e9c\u00e9dent et exprimez toute votre cr\u00e9ativit\u00e9 avec NVIDIA Studio.<\/p>\n<p>Les ordinateurs portables gaming MSI sont con\u00e7us pour les prendre en charge les microservices NVIDIA NIM et sont donc optimis\u00e9s pour les mod\u00e8les d&#8217;IA pour le traitement du langage, de la parole, de la vision, de la g\u00e9n\u00e9ration de contenu et de bien plus encore. Gr\u00e2ce \u00e0 ces outils, les utilisateurs les plus enthousiastes et les d\u00e9veloppeurs pourront cr\u00e9er des assistants IA, d\u00e9velopper des plugins de productivit\u00e9 ou encore concevoir localement des flux de travail de cr\u00e9ation de contenu innovants sur des PC IA RTX.<\/p>\n<\/div>\n<div class=\"desc-image\"><span><img decoding=\"async\" alt=\"\" loading=\"lazy\" src=\"https:\/\/electrovideo.eu\/wp-content\/uploads\/2025\/09\/802-83.jpg\"><\/span><\/div>\n<\/section>\n<section>\n<div class=\"desc-image\"><span><img decoding=\"async\" alt=\"\" loading=\"lazy\" src=\"https:\/\/electrovideo.eu\/wp-content\/uploads\/2025\/09\/803-38.jpg\"><\/span><\/div>\n<div class=\"desc-text\">\n<h2>\u00e9cran QHD 240 Hz \u00e0 cadre fin<\/h2>\n<p>L&#8217;\u00e9cran \u00e0 bords fins du Katana 17 offre un taux de rafra\u00eechissement de 240 Hz et vous assure des images r\u00e9alistes et d\u00e9taill\u00e9es pour des jeux plus immersifs. En tirant parti du meilleur de la carte graphique NVIDIA GeForce RTX int\u00e9gr\u00e9e, l&#8217;\u00e9cran du Katana 17 offre des jeux fluides avec des graphismes \u00e0 couper le souffle.<\/p>\n<\/div>\n<\/section>\n<section class=\"list\">\n<h2>Caract\u00e9ristiques principales :<\/h2>\n<ul>\n<li><strong>Processeur Intel Core i7 14650HX<\/strong><\/li>\n<li>\u00c9cran de 17.3 pouces avec&nbsp;r\u00e9solution<strong> QHD <\/strong>(2560 x 1440 pixels)<\/li>\n<li>Image fluide avec <strong>fr\u00e9quence d&#8217;affichage de 240 Hz<\/strong><\/li>\n<li>16 Go de m\u00e9moire vive DDR5 (2x 8 Go &#8211; 2 slots avec maximum 64 Go au total)<\/li>\n<li>Puce graphique<strong> NVIDIA GeForce RTX 5060 <\/strong>avec 8 Go de m\u00e9moire d\u00e9di\u00e9e GDDR7 (2497 MHz &#8211; 115 W)<\/li>\n<li><strong>SSD M.2 PCIe 4.0 de 1 To<\/strong><\/li>\n<li><strong>Clavier Gamer <\/strong>avec <strong>r\u00e9tro\u00e9clairage des touches RGB sur 4 zones<\/strong><\/li>\n<li>Communication sans fil fiable et performante <strong>Wi-Fi 6E<\/strong> +<strong> Bluetooth 5.3<\/strong><\/li>\n<li>Syst\u00e8me audio avec technologie Nahimic 3<\/li>\n<li>Cooler Boost 5 : refroidissement performant avec 2 ventilateurs et 4 caloducs<\/li>\n<li>Webcam HD 720p int\u00e9gr\u00e9e<\/li>\n<li>Adaptateur d&#8217;alimentation 240 W<\/li>\n<li><strong>Windows 11 Famille<\/strong><\/li>\n<li>Garantie constructeur 2 ans (enl\u00e8vement et retour sur site en France m\u00e9tropolitaine)<\/li>\n<\/ul>\n<\/section>\n<\/div>\n<div class=\"emphasis\"><strong>Qu&#8217;est ce que le DAS ou D\u00e9bit d&#8217;Absorption Sp\u00e9cifique ?<\/strong><\/p>\n<p>Le d\u00e9bit d&#8217;absorption sp\u00e9cifique (DAS) local quantifie l&#8217;exposition de l&#8217;utilisateur aux ondes \u00e9lectromagn\u00e9tiques de l&#8217;\u00e9quipement concern\u00e9. Le DAS maximal autoris\u00e9 est de 2 W\/kg pour la t\u00eate et le tronc et de 4 W\/kg pour les membres.<\/p>\n<p><em>Tous les produits vendus sur le site Electrovideo.eu sont conformes \u00e0 cette r\u00e9glementation. Les valeurs DAS des produits concern\u00e9s sont indiqu\u00e9es au niveau des fiches produits dans la partie fiche technique.<\/em><\/p>\n<\/div><\/div>\n","protected":false},"excerpt":{"rendered":"<p>Intel Core i7-14650HX 16 Go SSD 1 To 17.3&#8243; LED QHD 240 Hz NVIDIA GeForce RTX 5060 8 Go DLSS 4 Wi-Fi 6E\/Bluetooth Webcam Windows 11 Famille<\/p>\n","protected":false},"featured_media":215053,"comment_status":"open","ping_status":"closed","template":"","meta":{"_monsterinsights_skip_tracking":false,"_monsterinsights_sitenote_active":false,"_monsterinsights_sitenote_note":"","_monsterinsights_sitenote_category":0},"etheme_brands":[{"term_id":51,"name":"MSI","slug":"msi","term_group":0,"term_taxonomy_id":51,"taxonomy":"brand","description":"","parent":0,"count":137,"filter":"raw"}],"product_brand":[],"product_cat":[2499],"product_tag":[],"class_list":{"0":"post-215051","1":"product","2":"type-product","3":"status-publish","4":"has-post-thumbnail","6":"brand-msi","7":"product_cat-gaming-laptop","9":"first","10":"instock","11":"sale","12":"taxable","13":"shipping-taxable","14":"purchasable","15":"product-type-simple"},"_links":{"self":[{"href":"https:\/\/electrovideo.eu\/en\/wp-json\/wp\/v2\/product\/215051","targetHints":{"allow":["GET"]}}],"collection":[{"href":"https:\/\/electrovideo.eu\/en\/wp-json\/wp\/v2\/product"}],"about":[{"href":"https:\/\/electrovideo.eu\/en\/wp-json\/wp\/v2\/types\/product"}],"replies":[{"embeddable":true,"href":"https:\/\/electrovideo.eu\/en\/wp-json\/wp\/v2\/comments?post=215051"}],"version-history":[{"count":0,"href":"https:\/\/electrovideo.eu\/en\/wp-json\/wp\/v2\/product\/215051\/revisions"}],"wp:featuredmedia":[{"embeddable":true,"href":"https:\/\/electrovideo.eu\/en\/wp-json\/wp\/v2\/media\/215053"}],"wp:attachment":[{"href":"https:\/\/electrovideo.eu\/en\/wp-json\/wp\/v2\/media?parent=215051"}],"wp:term":[{"taxonomy":"brand","embeddable":true,"href":"https:\/\/electrovideo.eu\/en\/wp-json\/wp\/v2\/etheme_brands?post=215051"},{"taxonomy":"product_brand","embeddable":true,"href":"https:\/\/electrovideo.eu\/en\/wp-json\/wp\/v2\/product_brand?post=215051"},{"taxonomy":"product_cat","embeddable":true,"href":"https:\/\/electrovideo.eu\/en\/wp-json\/wp\/v2\/product_cat?post=215051"},{"taxonomy":"product_tag","embeddable":true,"href":"https:\/\/electrovideo.eu\/en\/wp-json\/wp\/v2\/product_tag?post=215051"}],"curies":[{"name":"wp","href":"https:\/\/api.w.org\/{rel}","templated":true}]}}