{"id":215048,"date":"2025-09-24T03:03:07","date_gmt":"2025-09-24T01:03:07","guid":{"rendered":"https:\/\/electrovideo.eu\/produit\/msi-thin-15-b13ucx-3018xfr\/"},"modified":"2025-11-25T01:56:33","modified_gmt":"2025-11-24T23:56:33","slug":"msi-thin-15-b13ucx-3018xfr","status":"publish","type":"product","link":"https:\/\/electrovideo.eu\/en\/product\/msi-thin-15-b13ucx-3018xfr\/","title":{"rendered":"MSI Thin 15 B13UCX-3018XFR"},"content":{"rendered":"<div id=\"description\" class=\"description\">\n<div class=\"details-pdt-desc\">\n<h2 class=\"h2-master\">Performances abordables&nbsp;pour les Gamers<\/h2>\n<section>\n<p>Profitez d&#8217;excellentes performances avec le PC portable Gamer&nbsp;<strong>MSI Thin 15 B13U<\/strong> ! Cet ordinateur portable MSI offre un parfait confort de jeu gr\u00e2ce \u00e0 ses composants performants, son \u00e9cran de 15.6&#8243; Full HD 144 Hz, son clavier gamer r\u00e9tro\u00e9clair\u00e9 et son syst\u00e8me audio performant. Le PC portable MSI Thin 15 B13UCX-3018XFR propose d&#8217;excellentes performances gr\u00e2ce \u00e0 son processeur&nbsp;<strong>Intel Core i5-13420H<\/strong>, ses<strong> 16 Go de m\u00e9moire DDR4<\/strong>, sa puce graphique&nbsp;<strong>NVIDIA GeForce RTX 2050 <\/strong>et son&nbsp;<strong>SSD M.2 PCIe de 512 Go<\/strong>.<br \/>\n&nbsp;<\/p>\n<\/section>\n<section>\n<div class=\"desc-image\"><span><img decoding=\"async\" alt=\"\" loading=\"lazy\" src=\"https:\/\/electrovideo.eu\/wp-content\/uploads\/2025\/09\/801-89.jpg\"><\/span><\/div>\n<div class=\"desc-text\">\n<h2>Processeur Intel Core i5 de 13e g\u00e9n\u00e9ration<\/h2>\n<p>Gr\u00e2ce \u00e0 un processeur Intel Core de 13e g\u00e9n\u00e9ration, avec architecture hybride, l&#8217;ordinateur portable Thin 15 vous offre un coup de fouet en termes d&#8217;am\u00e9lioration des performances pour tous vos projets multit\u00e2ches et tous vos jeux les plus exigeants.<\/p>\n<\/div>\n<\/section>\n<section>\n<div class=\"desc-text\">\n<h2>NVIDIA GeForce RTX 2050<\/h2>\n<p>Les puces graphiques et les PC portables NVIDIA GeForce RTX s\u00e9rie 20 incluent des c\u0153urs d\u00e9di\u00e9s au ray tracing et \u00e0 l\u2019IA pour vous fournir des performance de pointe et des fonctionnalit\u00e9s avanc\u00e9es. Dot\u00e9s d\u2019un design ultra-fin, les PC portables GeForce RTX sont des machines de gaming ultimes qui vous offrent des performances foudroyantes et un rendu graphique au r\u00e9alisme in\u00e9gal\u00e9. Profitez de la puissance incomparable du DLSS optimis\u00e9 par l\u2019IA et du ray tracing en temps r\u00e9el pour faire tourner les jeux les plus intenses et accomplir les projets cr\u00e9atifs exigeants.<\/p>\n<\/div>\n<div class=\"desc-image\"><span><img decoding=\"async\" alt=\"\" loading=\"lazy\" src=\"https:\/\/electrovideo.eu\/wp-content\/uploads\/2025\/09\/802-82.jpg\"><\/span><\/div>\n<\/section>\n<section>\n<div class=\"desc-image\"><span><img decoding=\"async\" alt=\"\" loading=\"lazy\" src=\"https:\/\/electrovideo.eu\/wp-content\/uploads\/2025\/09\/803-35.jpg\"><\/span><\/div>\n<div class=\"desc-text\">\n<h2>Un affichage Full HD 144 Hz<\/h2>\n<p>Le PC portable Gamer MSI Thin 15 allie performance et design mince. Pens\u00e9 pour r\u00e9pondre aux besoins des joueurs, notamment en termes de qualit\u00e9 d&#8217;images, ce PC portable MSI propose un taux de rafra\u00eechissement \u00e9lev\u00e9 (144 Hz) pour vous permettre de vivre votre jeu comme si vous y \u00e9tiez, gr\u00e2ce \u00e0 une fluidit\u00e9 et une rapidit\u00e9 d&#8217;affichage \u00e0 couper le souffle.<\/p>\n<\/div>\n<\/section>\n<section>\n<h2>Caract\u00e9ristiques principales :<\/h2>\n<ul>\n<li><strong>Processeur&nbsp;Intel Core i5-13420H<\/strong><\/li>\n<li>\u00c9cran de 15.6 pouces avec&nbsp;r\u00e9solution Full HD (1920 x 1080 pixels) et <strong>fr\u00e9quence de 144 Hz<\/strong><\/li>\n<li><strong>Dalle de type IPS<\/strong>&nbsp;: couleurs lumineuses et angles de vision larges<\/li>\n<li>16 Go de m\u00e9moire vive DDR4 3200 MHz (2x 8 Go &#8211; 2 slots avec maximum 64 Go au total)<\/li>\n<li>Puce graphique&nbsp;<strong>NVIDIA GeForce RTX 2050 Laptop <\/strong>avec 4 Go de m\u00e9moire d\u00e9di\u00e9e (1170 MHz &#8211; 45W Dynamic Boost)<\/li>\n<li><strong>SSD M.2 PCIe 4.0 de 512 Go<\/strong>&nbsp;+ 1 baie 2.5&#8243; disponible<\/li>\n<li>Clavier gamer avec r\u00e9tro\u00e9clairage couleur bleu<\/li>\n<li>Communication sans fil fiable et performante&nbsp;<strong>Wi-Fi 6E +&nbsp;Bluetooth 5.3<\/strong><\/li>\n<li>Syst\u00e8me sonore avec technologie Nahimic<\/li>\n<li>Webcam HD 720p int\u00e9gr\u00e9e<\/li>\n<li>Adaptateur d&#8217;alimentation 120&nbsp;W<\/li>\n<li><strong>PC portable fourni sans syst\u00e8me d&#8217;exploitation<\/strong><\/li>\n<li>Garantie constructeur 2 ans (enl\u00e8vement et retour sur site en France m\u00e9tropolitaine)<\/li>\n<\/ul>\n<\/section>\n<\/div>\n<div class=\"emphasis\"><strong>Qu&#8217;est ce que le DAS ou D\u00e9bit d&#8217;Absorption Sp\u00e9cifique ?<\/strong><\/p>\n<p>Le d\u00e9bit d&#8217;absorption sp\u00e9cifique (DAS) local quantifie l&#8217;exposition de l&#8217;utilisateur aux ondes \u00e9lectromagn\u00e9tiques de l&#8217;\u00e9quipement concern\u00e9. Le DAS maximal autoris\u00e9 est de 2 W\/kg pour la t\u00eate et le tronc et de 4 W\/kg pour les membres.<\/p>\n<p><em>Tous les produits vendus sur le site Electrovideo.eu sont conformes \u00e0 cette r\u00e9glementation. Les valeurs DAS des produits concern\u00e9s sont indiqu\u00e9es au niveau des fiches produits dans la partie fiche technique.<\/em><\/p>\n<\/div><\/div>\n","protected":false},"excerpt":{"rendered":"<p>Intel Core i5-13420H 16 Go SSD 512 Go 15.6&#8243; LED Full HD 144 Hz NVIDIA GeForce RTX 2050 4 Go Wi-Fi 6E\/Bluetooth Webcam (sans OS)<\/p>\n","protected":false},"featured_media":215050,"comment_status":"open","ping_status":"closed","template":"","meta":{"_monsterinsights_skip_tracking":false,"_monsterinsights_sitenote_active":false,"_monsterinsights_sitenote_note":"","_monsterinsights_sitenote_category":0},"etheme_brands":[{"term_id":51,"name":"MSI","slug":"msi","term_group":0,"term_taxonomy_id":51,"taxonomy":"brand","description":"","parent":0,"count":137,"filter":"raw"}],"product_brand":[],"product_cat":[2499],"product_tag":[],"class_list":{"0":"post-215048","1":"product","2":"type-product","3":"status-publish","4":"has-post-thumbnail","6":"brand-msi","7":"product_cat-gaming-laptop","9":"first","10":"instock","11":"taxable","12":"shipping-taxable","13":"purchasable","14":"product-type-simple"},"_links":{"self":[{"href":"https:\/\/electrovideo.eu\/en\/wp-json\/wp\/v2\/product\/215048","targetHints":{"allow":["GET"]}}],"collection":[{"href":"https:\/\/electrovideo.eu\/en\/wp-json\/wp\/v2\/product"}],"about":[{"href":"https:\/\/electrovideo.eu\/en\/wp-json\/wp\/v2\/types\/product"}],"replies":[{"embeddable":true,"href":"https:\/\/electrovideo.eu\/en\/wp-json\/wp\/v2\/comments?post=215048"}],"version-history":[{"count":0,"href":"https:\/\/electrovideo.eu\/en\/wp-json\/wp\/v2\/product\/215048\/revisions"}],"wp:featuredmedia":[{"embeddable":true,"href":"https:\/\/electrovideo.eu\/en\/wp-json\/wp\/v2\/media\/215050"}],"wp:attachment":[{"href":"https:\/\/electrovideo.eu\/en\/wp-json\/wp\/v2\/media?parent=215048"}],"wp:term":[{"taxonomy":"brand","embeddable":true,"href":"https:\/\/electrovideo.eu\/en\/wp-json\/wp\/v2\/etheme_brands?post=215048"},{"taxonomy":"product_brand","embeddable":true,"href":"https:\/\/electrovideo.eu\/en\/wp-json\/wp\/v2\/product_brand?post=215048"},{"taxonomy":"product_cat","embeddable":true,"href":"https:\/\/electrovideo.eu\/en\/wp-json\/wp\/v2\/product_cat?post=215048"},{"taxonomy":"product_tag","embeddable":true,"href":"https:\/\/electrovideo.eu\/en\/wp-json\/wp\/v2\/product_tag?post=215048"}],"curies":[{"name":"wp","href":"https:\/\/api.w.org\/{rel}","templated":true}]}}