{"id":215042,"date":"2025-09-24T03:03:07","date_gmt":"2025-09-24T01:03:07","guid":{"rendered":"https:\/\/electrovideo.eu\/produit\/msi-creator-m16-hx-c14vfg-011fr\/"},"modified":"2025-11-25T01:57:54","modified_gmt":"2025-11-24T23:57:54","slug":"msi-creator-m16-hx-c14vfg-011fr","status":"publish","type":"product","link":"https:\/\/electrovideo.eu\/en\/product\/msi-creator-m16-hx-c14vfg-011fr\/","title":{"rendered":"MSI Creator M16 HX C14VFG-011FR"},"content":{"rendered":"<div id=\"description\" class=\"description\">\n<div class=\"details-pdt-desc\">\n<h2 class=\"h2-master\">Puissance cr\u00e9ative avec style<\/h2>\n<section>\n<p>Le <strong>PC portable MSI Creator M16 HX C14V<\/strong> est con\u00e7u pour r\u00e9pondre efficacement aux besoins des professionnels, qu&#8217;il s&#8217;agisse d&#8217;applications de cr\u00e9ation ou de projets multit\u00e2ches. Gr\u00e2ce \u00e0 ses composants performants et son \u00e9cran de 16 pouces au format 16\/10, il offre un excellent niveau de confort de travail.<br \/>\n&nbsp;<\/p>\n<\/section>\n<section>\n<div class=\"desc-image\"><span><img decoding=\"async\" alt=\"\" loading=\"lazy\" src=\"https:\/\/electrovideo.eu\/wp-content\/uploads\/2025\/09\/801-90.jpg\"><\/span><\/div>\n<div class=\"desc-text\">\n<h2>Processeur Intel Core de 14e g\u00e9n\u00e9ration<\/h2>\n<p>Gr\u00e2ce aux processeurs Intel Core de 14e g\u00e9n\u00e9ration, l&#8217;ordinateur portable MSI Creator M16 HX C14V offre des performances survitamin\u00e9es. Gr\u00e2ce \u00e0 une architecture hybride hautes performances, les processeurs Intel Core de 14e g\u00e9n\u00e9ration offrent une combinaison unique de c\u0153urs performants et efficaces (P-core et E-core). La charge de travail \u00e9tant achemin\u00e9e intelligemment par Intel Thread Director, le processeur divise pour mieux conqu\u00e9rir !<\/p>\n<\/div>\n<\/section>\n<section>\n<div class=\"desc-text\">\n<h2>Performances avec NVIDIA GeForce RTX<\/h2>\n<p>Les GPU pour ordinateurs portables NVIDIA GeForce RTX de la s\u00e9rie 40 sont parfaits pour les joueurs et les cr\u00e9ateurs. Construits avec l&#8217;architecture NVIDIA Ada Lovelace ultra-efficace, ils apportent un saut quantique dans les performances avec DLSS 3 aliment\u00e9 par l&#8217;IA et permettent des mondes virtuels r\u00e9alistes avec le ray tracing complet. De plus, la suite de technologies Max-Q optimise les performances du syst\u00e8me, la puissance, l&#8217;autonomie de la batterie et l&#8217;acoustique pour une efficacit\u00e9 maximale. Traduit avec DeepL.com (version gratuite)<\/p>\n<\/div>\n<div class=\"desc-image\"><span><img decoding=\"async\" alt=\"\" loading=\"lazy\" src=\"https:\/\/electrovideo.eu\/wp-content\/uploads\/2025\/09\/802-80.jpg\"><\/span><\/div>\n<\/section>\n<section>\n<div class=\"desc-image\"><span><img decoding=\"async\" alt=\"\" loading=\"lazy\" src=\"https:\/\/electrovideo.eu\/wp-content\/uploads\/2025\/09\/803-36.jpg\"><\/span><\/div>\n<div class=\"desc-text\">\n<h2>Efficacit\u00e9 optimis\u00e9e avec l&#8217;IA<\/h2>\n<p>Les ordinateurs portables MSI acc\u00e9l\u00e8rent d\u00e9sormais votre exp\u00e9rience de travail et de jeu et la rendent plus efficace que jamais. Ils int\u00e8grent des nouvelles fonctionnalit\u00e9s intelligentes qui portent l&#8217;optimisation automatique des r\u00e9glages \u00e0 un tout nouveau niveau.<\/p>\n<p>Le moteur <strong>MSI AI Engine<\/strong> est capable de d\u00e9tecter le mode d&#8217;utilisation et d&#8217;automatiquement ajuster les r\u00e9glages mat\u00e9riels pour atteindre les meilleures performances possibles. Gr\u00e2ce \u00e0 des modes et ressources param\u00e9tr\u00e9s par l&#8217;IA, vous pouvez vous concentrer sur vos travaux de cr\u00e9ation, sur votre travail ou sur vos divertissements. Gr\u00e2ce \u00e0 la technologie d&#8217;annulation du bruit de niveau professionnel et au r\u00e9seau de trois microphones \u00e0 filtrage spatial, vous profiterez d&#8217;un son cristallin m\u00eame si vous vous trouvez dans un environnement bruyant.<\/p>\n<p>G\u00e9n\u00e9rez des images directement sur votre ordinateur portable avec l&#8217;outil <strong>MSI AI Artist<\/strong>. Cr\u00e9ez des images d\u00e9taill\u00e9es avec des phrases descriptives plus courtes et g\u00e9n\u00e9rez des mots dans vos images. MSI AI Artist offre d&#8217;incroyables capacit\u00e9s de composition d&#8217;images qui r\u00e9sultent en des visuels r\u00e9alistes et bluffants.<\/p>\n<\/div>\n<\/section>\n<section class=\"list\">\n<h2>Caract\u00e9ristiques principales :<\/h2>\n<ul>\n<li><strong>Processeur&nbsp;Intel Core i7-14700HX<\/strong> (8 Performance-Cores 2.1 GHz \/ 5.5 GHz Turbo + 12 Efficient-Cores 1.5 GHz \/ 3.9 GHz Turbo &#8211; 28 Threads &#8211; Cache 33 Mo)<\/li>\n<li>32 Go de m\u00e9moire DDR5 5600 MHz (2x 16 Go &#8211; 2 slots &#8211; maximum 96 Go au total)<\/li>\n<li><strong>\u00c9cran <\/strong>de 16 pouces au format 16\/10 avec r\u00e9solution<strong> QHD+<\/strong> (2560 x 1600) et fr\u00e9quence de 240 Hz<\/li>\n<li>Puce graphique&nbsp;<strong>NVIDIA GeForce RTX 4060 <\/strong>avec 8 Go de m\u00e9moire GDDR6 (Maximum 1470 MHz &#8211; 60W Dynamic Boost)<\/li>\n<li><strong>SSD M.2 PCIe 4.0 x4 de 1 To<\/strong> + 1 slot M.2 PCIe libre<\/li>\n<li>Communication sans fil Wi-Fi 6E + Bluetooth 5.3<\/li>\n<li>Webcam HD 720p int\u00e9gr\u00e9e<\/li>\n<li>Clavier avec r\u00e9tro\u00e9clairage LED RGB touche par touche<\/li>\n<li>Adaptateur d&#8217;alimentation 180 Watts<\/li>\n<li><strong>Windows 11 Professionnel<\/strong><\/li>\n<li>Garantie constructeur 3 ans<\/li>\n<\/ul>\n<\/section>\n<\/div>\n<div class=\"emphasis\"><strong>Qu&#8217;est-ce que le DAS ou D\u00e9bit d&#8217;Absorption Sp\u00e9cifique ?<\/strong><\/p>\n<p>Le d\u00e9bit d&#8217;absorption sp\u00e9cifique (DAS) local quantifie l&#8217;exposition de l&#8217;utilisateur aux ondes \u00e9lectromagn\u00e9tiques de l&#8217;\u00e9quipement concern\u00e9. Le DAS maximal autoris\u00e9 est de 2 W\/kg pour la t\u00eate et le tronc et de 4 W\/kg pour les membres.<\/p>\n<p><em>Tous les produits vendus sur le site Electrovideo.eu sont conformes \u00e0 cette r\u00e9glementation. Les valeurs DAS des produits concern\u00e9s sont indiqu\u00e9es au niveau des fiches produits dans la partie fiche technique.<\/em><\/p>\n<\/div><\/div>\n","protected":false},"excerpt":{"rendered":"<p>Intel Core i7-14700HX 32 Go SSD 1 To 16&#8243; LED QHD+ 240 Hz NVIDIA GeForce RTX 4060 8 Go DLSS 3 Wi-Fi 6E\/Bluetooth Webcam Windows 11 Professionnel<\/p>\n","protected":false},"featured_media":215044,"comment_status":"open","ping_status":"closed","template":"","meta":{"_monsterinsights_skip_tracking":false,"_monsterinsights_sitenote_active":false,"_monsterinsights_sitenote_note":"","_monsterinsights_sitenote_category":0},"etheme_brands":[{"term_id":51,"name":"MSI","slug":"msi","term_group":0,"term_taxonomy_id":51,"taxonomy":"brand","description":"","parent":0,"count":137,"filter":"raw"}],"product_brand":[],"product_cat":[2499],"product_tag":[],"class_list":{"0":"post-215042","1":"product","2":"type-product","3":"status-publish","4":"has-post-thumbnail","6":"brand-msi","7":"product_cat-gaming-laptop","9":"first","10":"instock","11":"sale","12":"taxable","13":"shipping-taxable","14":"purchasable","15":"product-type-simple"},"_links":{"self":[{"href":"https:\/\/electrovideo.eu\/en\/wp-json\/wp\/v2\/product\/215042","targetHints":{"allow":["GET"]}}],"collection":[{"href":"https:\/\/electrovideo.eu\/en\/wp-json\/wp\/v2\/product"}],"about":[{"href":"https:\/\/electrovideo.eu\/en\/wp-json\/wp\/v2\/types\/product"}],"replies":[{"embeddable":true,"href":"https:\/\/electrovideo.eu\/en\/wp-json\/wp\/v2\/comments?post=215042"}],"version-history":[{"count":0,"href":"https:\/\/electrovideo.eu\/en\/wp-json\/wp\/v2\/product\/215042\/revisions"}],"wp:featuredmedia":[{"embeddable":true,"href":"https:\/\/electrovideo.eu\/en\/wp-json\/wp\/v2\/media\/215044"}],"wp:attachment":[{"href":"https:\/\/electrovideo.eu\/en\/wp-json\/wp\/v2\/media?parent=215042"}],"wp:term":[{"taxonomy":"brand","embeddable":true,"href":"https:\/\/electrovideo.eu\/en\/wp-json\/wp\/v2\/etheme_brands?post=215042"},{"taxonomy":"product_brand","embeddable":true,"href":"https:\/\/electrovideo.eu\/en\/wp-json\/wp\/v2\/product_brand?post=215042"},{"taxonomy":"product_cat","embeddable":true,"href":"https:\/\/electrovideo.eu\/en\/wp-json\/wp\/v2\/product_cat?post=215042"},{"taxonomy":"product_tag","embeddable":true,"href":"https:\/\/electrovideo.eu\/en\/wp-json\/wp\/v2\/product_tag?post=215042"}],"curies":[{"name":"wp","href":"https:\/\/api.w.org\/{rel}","templated":true}]}}