{"id":215028,"date":"2025-09-24T01:52:15","date_gmt":"2025-09-23T23:52:15","guid":{"rendered":"https:\/\/electrovideo.eu\/produit\/asus-rog-spatha-x\/"},"modified":"2025-09-24T01:52:15","modified_gmt":"2025-09-23T23:52:15","slug":"asus-rog-spatha-x","status":"publish","type":"product","link":"https:\/\/electrovideo.eu\/en\/product\/asus-rog-spatha-x\/","title":{"rendered":"ASUS ROG Spatha X"},"content":{"rendered":"<div id=\"description\" class=\"description\">\n<div class=\"details-pdt-desc\">\n<h2 class=\"h2-master\">La souris id\u00e9ale pour les MMO<\/h2>\n<section>\n<p>Pour vous mesurer \u00e0 vos adversaires, la souris&nbsp;<strong>ASUS ROG Spatha X<\/strong>&nbsp;sera un alli\u00e9 de poids. Sans fil via la connectivit\u00e9 RF 2.4 GHz ou filaire, cette souris offre 12 boutons programmables, un capteur optique de 12000 DPI et un r\u00e9tro\u00e9clairage RGB personnalisable.&nbsp;<\/p>\n<p>Et avec une autonomie pouvant atteindre 67 heures, elle ne vous laisse jamais tomber.<\/p>\n<\/section>\n<section>\n<div class=\"desc-image\"><span><img decoding=\"async\" loading=\"lazy\" alt=\"\" src=\"https:\/\/electrovideo.eu\/wp-content\/uploads\/2025\/09\/1-5.jpg\"><\/span><\/div>\n<div class=\"desc-text\">\n<h2>12 boutons personnalisables<\/h2>\n<p>La souris&nbsp;ASUS ROG Spatha X est id\u00e9ale pour les MMO gr\u00e2ce notamment \u00e0 ses&nbsp;<strong>12 boutons programmables<\/strong>&nbsp;dont 6 au niveau du pouce pour une r\u00e9activit\u00e9 sans faille. De plus, elle est arm\u00e9e d&#8217;un <strong>capteur optique de 19000 dpi<\/strong>, d&#8217;une vitesse de suivi de <strong>400 pouces par seconde (IPS)<\/strong> et une <strong>force d&#8217;acc\u00e9l\u00e9ration support\u00e9e de&nbsp;50 G<\/strong>.<\/p>\n<p>La&nbsp;ROG Spatha X est \u00e9quip\u00e9e de <strong>commutateurs ROG Micro Switches<\/strong> de haute qualit\u00e9, capables de supporter jusqu&#8217;\u00e0 70 millions de clics : long\u00e9vit\u00e9 assur\u00e9e ! Ce mod\u00e8le int\u00e8gre par ailleurs un ing\u00e9nieux syst\u00e8me vous permettant de facilement remplacer vos switches pour d&#8217;autres mod\u00e8les compatibles.<\/p>\n<\/div>\n<\/section>\n<section>\n<div class=\"desc-text\">\n<h2>Une autonomie longue dur\u00e9e<\/h2>\n<p>Le ASUS ROG Spatha X offre une autonomie ph\u00e9nom\u00e9nale&nbsp;<strong>jusqu&#8217;\u00e0 67 heures d&#8217;autonomie<\/strong> avec une charge compl\u00e8te.&nbsp;Et si la batterie est faible, seulement 15 minutes de charge via USB-C ou la station de charge offrent jusqu&#8217;\u00e0 12 heures de jeu sans fil intense.<\/p>\n<p>Et pour afficher fi\u00e8rement vos couleurs, la souris Spatha X poss\u00e8de un <strong>r\u00e9tro\u00e9clairage RGB personnalisable<\/strong>.<\/div>\n<div class=\"desc-image\"><span><img decoding=\"async\" loading=\"lazy\" alt=\"\" src=\"https:\/\/electrovideo.eu\/wp-content\/uploads\/2025\/09\/2-2.jpg\"><\/span><\/div>\n<\/section>\n<section>\n<h2>Principales caract\u00e9ristiques :<\/h2>\n<ul>\n<li><b>Souris avec ou sans fil pour gamer<\/b><\/li>\n<li><strong>Capteur optique de 19000 dpi<\/strong><\/li>\n<li>Vitesse max : 400 ips<\/li>\n<li>Acc\u00e9l\u00e9ration max : 50 G<\/li>\n<li><b>Commutateurs ROG Micro Switches&nbsp;: 70 millions de clics<\/b><\/li>\n<li>Switches interchangeables<\/li>\n<li><strong>12 boutons programmables<\/strong><\/li>\n<li><strong>R\u00e9tro\u00e9clairage LED RGB personnalisable<\/strong><\/li>\n<li>C\u00e2ble ROG Paracord ultra-flexible<\/li>\n<li>Longueur du c\u00e2ble : 2 m<\/li>\n<li>Connectivit\u00e9 : <strong>RF 2.4 GHz\/Filaire<\/strong><\/li>\n<li>Autonomie : 67 heures<\/li>\n<li>Dimensions : 137 x 89 x 45 mm<\/li>\n<li>Poids : 168 g<\/li>\n<\/ul>\n<\/section>\n<\/div><\/div>\n","protected":false},"excerpt":{"rendered":"<p>Souris avec ou sans fil pour gamer &#8211; droitier &#8211; RF 2.4 GHz\/Filaire &#8211; capteur optique 19000 dpi &#8211; 12 boutons programmables &#8211; r\u00e9tro\u00e9clairage RGB<\/p>\n","protected":false},"featured_media":215030,"comment_status":"open","ping_status":"closed","template":"","meta":{"_monsterinsights_skip_tracking":false,"_monsterinsights_sitenote_active":false,"_monsterinsights_sitenote_note":"","_monsterinsights_sitenote_category":0},"etheme_brands":[{"term_id":53,"name":"ASUS","slug":"asus","term_group":0,"term_taxonomy_id":53,"taxonomy":"brand","description":"","parent":0,"count":248,"filter":"raw"}],"product_brand":[],"product_cat":[41],"product_tag":[],"class_list":{"0":"post-215028","1":"product","2":"type-product","3":"status-publish","4":"has-post-thumbnail","6":"brand-asus","7":"product_cat-mouse-gaming","9":"first","10":"instock","11":"taxable","12":"shipping-taxable","13":"purchasable","14":"product-type-simple"},"_links":{"self":[{"href":"https:\/\/electrovideo.eu\/en\/wp-json\/wp\/v2\/product\/215028","targetHints":{"allow":["GET"]}}],"collection":[{"href":"https:\/\/electrovideo.eu\/en\/wp-json\/wp\/v2\/product"}],"about":[{"href":"https:\/\/electrovideo.eu\/en\/wp-json\/wp\/v2\/types\/product"}],"replies":[{"embeddable":true,"href":"https:\/\/electrovideo.eu\/en\/wp-json\/wp\/v2\/comments?post=215028"}],"version-history":[{"count":0,"href":"https:\/\/electrovideo.eu\/en\/wp-json\/wp\/v2\/product\/215028\/revisions"}],"wp:featuredmedia":[{"embeddable":true,"href":"https:\/\/electrovideo.eu\/en\/wp-json\/wp\/v2\/media\/215030"}],"wp:attachment":[{"href":"https:\/\/electrovideo.eu\/en\/wp-json\/wp\/v2\/media?parent=215028"}],"wp:term":[{"taxonomy":"brand","embeddable":true,"href":"https:\/\/electrovideo.eu\/en\/wp-json\/wp\/v2\/etheme_brands?post=215028"},{"taxonomy":"product_brand","embeddable":true,"href":"https:\/\/electrovideo.eu\/en\/wp-json\/wp\/v2\/product_brand?post=215028"},{"taxonomy":"product_cat","embeddable":true,"href":"https:\/\/electrovideo.eu\/en\/wp-json\/wp\/v2\/product_cat?post=215028"},{"taxonomy":"product_tag","embeddable":true,"href":"https:\/\/electrovideo.eu\/en\/wp-json\/wp\/v2\/product_tag?post=215028"}],"curies":[{"name":"wp","href":"https:\/\/api.w.org\/{rel}","templated":true}]}}