{"id":215025,"date":"2025-09-24T01:52:15","date_gmt":"2025-09-23T23:52:15","guid":{"rendered":"https:\/\/electrovideo.eu\/produit\/asus-rog-harpe-ii-ace-noir\/"},"modified":"2025-09-24T01:52:15","modified_gmt":"2025-09-23T23:52:15","slug":"asus-rog-harpe-ii-ace-noir","status":"publish","type":"product","link":"https:\/\/electrovideo.eu\/en\/product\/asus-rog-harpe-ii-ace-noir\/","title":{"rendered":"ASUS ROG Harpe II Ace Noir"},"content":{"rendered":"<div id=\"description\" class=\"description\">\n<div class=\"details-pdt-desc\">\n<h2 class=\"h2-master\">Lib\u00e9rez votre potentiel<\/h2>\n<section>\n<p>La <strong>souris Gamer ASUS ROG Harpe II Ace<\/strong> est une souris gaming semi-sym\u00e9trique ultral\u00e9g\u00e8re (48 grammes) dont la forme a \u00e9t\u00e9 d\u00e9velopp\u00e9e avec l&#8217;aide de professionnels de l&#8217;e-sport. Elle int\u00e8gre de nombreuses technologies approuv\u00e9es par les professionnels, notamment le capteur optique ROG AimPoint Pro 42 000 dpi, les micro-interrupteurs optiques ROG et une performance sans fil \u00e0 8 000 Hz.<br \/>\n&nbsp;<\/p>\n<\/section>\n<section>\n<div class=\"desc-image\"><span><img decoding=\"async\" alt=\"\" loading=\"lazy\" src=\"https:\/\/electrovideo.eu\/wp-content\/uploads\/2025\/09\/801-60.jpg\"><\/span><\/div>\n<div class=\"desc-text\">\n<h2>De nombreux atouts pour le jeu<\/h2>\n<ul>\n<li>Souris con\u00e7ue en collaboration avec des professionnels de l&#8217;e-sport de renomm\u00e9e mondiale : design parfaitement \u00e9quilibr\u00e9 pour des mouvements fluides et des balayages rapides et pour une pr\u00e9cision absolue \u00e0 chaque action<\/li>\n<li>Conception ultra-l\u00e9g\u00e8re de 48 g : Fabriqu\u00e9e avec un nylon biosourc\u00e9 innovant qui r\u00e9duit le poids et am\u00e9liore la r\u00e9sistance aux chocs<\/li>\n<li>Capteur optique ROG AimPoint Pro : Capteur optique 42 000 dpi avec technologie Track-on-Glass<\/li>\n<li>Micro-interrupteurs optiques ROG : Actionnement pr\u00e9cis et instantan\u00e9 et dur\u00e9e de vie de 100 millions de clics<\/li>\n<li>Technologie sans fil ROG SpeedNova 8K : B\u00e9n\u00e9ficiez d&#8217;une pr\u00e9cision et d&#8217;une fiabilit\u00e9 maximales avec une fr\u00e9quence d&#8217;interrogation allant jusqu&#8217;\u00e0 8000 Hz<\/li>\n<li>Mode Zone : Acc\u00e9dez directement \u00e0 des performances mat\u00e9rielles optimales et de haut niveau, personnalis\u00e9es selon vos besoins<\/li>\n<li>Configurations Web : configurez et personnalisez votre \u00e9quipement directement depuis un navigateur via Gear Link<\/li>\n<li>Grands patins de souris 100 % PTFE : larges patins anti-frottement aux bords arrondis pour des mouvements fluides et rapides<\/li>\n<li>Connectivit\u00e9 flexible : Connectivit\u00e9 tri-mode et r\u00e9cepteur ROG Omni prenant en charge la connexion sans fil de plusieurs appareils avec un seul r\u00e9cepteur<\/li>\n<li>Existe en coloris noir ou blanc<\/li>\n<\/ul>\n<\/div>\n<\/section>\n<\/div><\/div>\n","protected":false},"excerpt":{"rendered":"<p>Souris avec ou sans fil pour gamer &#8211; droitier &#8211; Bluetooth\/RF 2.4 GHz\/Filaire &#8211; capteur optique 42000 dpi &#8211; r\u00e9tro\u00e9clairage RGB Aura Sync<\/p>\n","protected":false},"featured_media":215027,"comment_status":"open","ping_status":"closed","template":"","meta":{"_monsterinsights_skip_tracking":false,"_monsterinsights_sitenote_active":false,"_monsterinsights_sitenote_note":"","_monsterinsights_sitenote_category":0},"etheme_brands":[{"term_id":53,"name":"ASUS","slug":"asus","term_group":0,"term_taxonomy_id":53,"taxonomy":"brand","description":"","parent":0,"count":248,"filter":"raw"}],"product_brand":[],"product_cat":[41],"product_tag":[],"class_list":{"0":"post-215025","1":"product","2":"type-product","3":"status-publish","4":"has-post-thumbnail","6":"brand-asus","7":"product_cat-mouse-gaming","9":"first","10":"instock","11":"taxable","12":"shipping-taxable","13":"purchasable","14":"product-type-simple"},"_links":{"self":[{"href":"https:\/\/electrovideo.eu\/en\/wp-json\/wp\/v2\/product\/215025","targetHints":{"allow":["GET"]}}],"collection":[{"href":"https:\/\/electrovideo.eu\/en\/wp-json\/wp\/v2\/product"}],"about":[{"href":"https:\/\/electrovideo.eu\/en\/wp-json\/wp\/v2\/types\/product"}],"replies":[{"embeddable":true,"href":"https:\/\/electrovideo.eu\/en\/wp-json\/wp\/v2\/comments?post=215025"}],"version-history":[{"count":0,"href":"https:\/\/electrovideo.eu\/en\/wp-json\/wp\/v2\/product\/215025\/revisions"}],"wp:featuredmedia":[{"embeddable":true,"href":"https:\/\/electrovideo.eu\/en\/wp-json\/wp\/v2\/media\/215027"}],"wp:attachment":[{"href":"https:\/\/electrovideo.eu\/en\/wp-json\/wp\/v2\/media?parent=215025"}],"wp:term":[{"taxonomy":"brand","embeddable":true,"href":"https:\/\/electrovideo.eu\/en\/wp-json\/wp\/v2\/etheme_brands?post=215025"},{"taxonomy":"product_brand","embeddable":true,"href":"https:\/\/electrovideo.eu\/en\/wp-json\/wp\/v2\/product_brand?post=215025"},{"taxonomy":"product_cat","embeddable":true,"href":"https:\/\/electrovideo.eu\/en\/wp-json\/wp\/v2\/product_cat?post=215025"},{"taxonomy":"product_tag","embeddable":true,"href":"https:\/\/electrovideo.eu\/en\/wp-json\/wp\/v2\/product_tag?post=215025"}],"curies":[{"name":"wp","href":"https:\/\/api.w.org\/{rel}","templated":true}]}}