{"id":215016,"date":"2025-09-24T01:52:15","date_gmt":"2025-09-23T23:52:15","guid":{"rendered":"https:\/\/electrovideo.eu\/produit\/corsair-gaming-scimitar-elite-wireless-se-blanc\/"},"modified":"2025-09-24T01:52:15","modified_gmt":"2025-09-23T23:52:15","slug":"corsair-gaming-scimitar-elite-wireless-se-blanc","status":"publish","type":"product","link":"https:\/\/electrovideo.eu\/en\/product\/corsair-gaming-scimitar-elite-wireless-se-blanc\/","title":{"rendered":"Corsair Gaming Scimitar Elite Wireless SE Blanc"},"content":{"rendered":"<div id=\"description\" class=\"description\">\n<div class=\"details-pdt-desc\">\n<h2 class=\"h2-master\">Tracez votre chemin vers la victoire<\/h2>\n<section>\n<p>Lancez vous et foncez vers la victoire avec la <strong>Corsair Gaming Scimitar Elite Wireless SE<\/strong>. Cette souris sans fil dispose de 16 boutons programmables ainsi qu&#8217;un <strong>capteur optique Marksman S<\/strong> de <strong>33 000 dpi <\/strong>afin de vous permettre de terrasser vos adversaires sur les jeux MOBA et MMO. V\u00e9ritable partenaire de jeu, cette souris offre \u00e9galement des param\u00e8tres \u00e9tendus et un r\u00e9tro\u00e9clairage RGB. De plus, elle int\u00e8gre syst\u00e8me de contr\u00f4le brevet\u00e9 Key Slider afin de vous offrir la possibilit\u00e9 de repositionner les boutons lat\u00e9raux pour obtenir une prise en main optimale.<\/p>\n<\/section>\n<section>\n<div class=\"desc-image\"><span><img decoding=\"async\" alt=\"\" loading=\"lazy\" src=\"https:\/\/electrovideo.eu\/wp-content\/uploads\/2025\/09\/Scimitar-Elite-Wireless-SE-Blanc_800_1.jpg\"><\/span><\/div>\n<div class=\"desc-text\">\n<h2>Une souris incroyable<\/h2>\n<p>La <strong>souris Scimitar RGB Elite Wireless SE <\/strong>int\u00e8gre le syst\u00e8me de contr\u00f4le&nbsp;<strong>Key Slider<\/strong>. Chaque bouton est facilement \u00e0 port\u00e9e de main gr\u00e2ce \u00e0 la course du curseur de touche de 8 mm et son verrou de s\u00e9curit\u00e9.&nbsp;<\/p>\n<p>De plus, elle poss\u00e8de <strong>12 boutons lat\u00e9raux m\u00e9caniques<\/strong>&nbsp;qui sont parfaitement adapt\u00e9s pour les joueurs de MOBA et MMO. Programmables selon vos besoins, ils sont un alli\u00e9 de poids pour votre conqu\u00eate de la victoire.<\/p>\n<\/div>\n<\/section>\n<section>\n<div class=\"desc-text\">\n<h2>Un capteur optique Marksman S de 33 000 dpi<\/h2>\n<p>Cette souris sign\u00e9e Corsair embarque un&nbsp;<strong>capteur optique r\u00e9glable de 100 \u00e0 33 000 dpi<\/strong>&nbsp;pour vous donner toutes les chances de remporter la victoire. Performante, elle vous accompagne&nbsp;dans votre qu\u00eate avec notamment suivi ultrapr\u00e9cis.<\/p>\n<p>Sans fil, elle offre une&nbsp;<strong>double connectivit\u00e9 via SLIPSTREAM WIRELESS ou via Bluetooth<\/strong>&nbsp;pour vous offrir une grande libert\u00e9 sans compromis.<\/p>\n<p>Ne laissez plus la batterie dicter votre jeu. Profitez de jusqu\u2019\u00e0 <strong>150 heures&nbsp;d\u2019endurance<\/strong> pour encha\u00eener raids, grinding et looting sans interruption, le tout avec une seule charge. Se <strong>recharge <\/strong>compl\u00e8tement en <strong>seulement 90 minutes ou moins<\/strong>.<\/p>\n<\/div>\n<div class=\"desc-image\"><span><img decoding=\"async\" alt=\"\" loading=\"lazy\" src=\"https:\/\/electrovideo.eu\/wp-content\/uploads\/2025\/09\/Scimitar-Elite-Wireless-SE-Blanc_800_2.jpg\"><\/span><\/div>\n<\/section>\n<section>\n<div class=\"desc-image\"><span><img decoding=\"async\" alt=\"\" loading=\"lazy\" src=\"https:\/\/electrovideo.eu\/wp-content\/uploads\/2025\/09\/Scimitar-Elite-Wireless-SE-Blanc_800_3.jpg\"><\/span><\/div>\n<div class=\"desc-text\">\n<h2>Affichez vos couleurs<\/h2>\n<p>Customisez votre souris gaming comme bon vous semble gr\u00e2ce au <strong>r\u00e9tro\u00e9clairage RGB<\/strong>. Offrant des millions de possibilit\u00e9s et des effets vari\u00e9s, affichez fi\u00e8rement vos couleurs.<\/p>\n<p>De plus,&nbsp;<strong>l&#8217;utilitaire iCUE&nbsp;<\/strong>vous permettra d&#8217;adapter votre souris \u00e0 vos besoins. Programmez les comptes \u00e0 rebours MMO personnalis\u00e9s, les macros doubles, les matrices de r\u00e9solution dpi, et bien plus encore&#8230; Vous avez m\u00eame la possibilit\u00e9 de sauvegarder 5 profils au coeur m\u00eame de votre p\u00e9riph\u00e9rique.<\/p>\n<p>Gr\u00e2ce \u00e0 l&#8217;int\u00e9gration native avec <strong>Elgato Stream Deck<\/strong>, les fonctions du <strong>Stream Deck<\/strong> peuvent \u00eatre directement attribu\u00e9es \u00e0 la <strong>Corsair Gaming Scimitar Elite Wireless SE<\/strong> depuis l&#8217;application <strong>Stream Deck<\/strong>.<\/p>\n<\/div>\n<\/section>\n<section class=\"list\">\n<h2>Caract\u00e9ristiques principales :<\/h2>\n<ul>\n<li><strong>Souris gaming sans fil<\/strong><\/li>\n<li><strong>2 modes de connexions : SLIPSTREAM WIRELESS et Bluetooth<\/strong><\/li>\n<li>Capteur optique <strong>Corsair Marksman S<\/strong> : 100 &#8211; 33 000 dpi<\/li>\n<li>Boutons ultra-rapides Corsair Quickstrike<\/li>\n<li>Switchs optiques clic gauche et droit<\/li>\n<li><strong>16 boutons programmables dont 12 au niveau du pouce<\/strong><\/li>\n<li>R\u00e9tro\u00e9clairage RGB personnalisable<\/li>\n<li>Patins 100% PTFE<\/li>\n<li>M\u00e9moire int\u00e9gr\u00e9e (jusqu&#8217;\u00e0 5 profils)<\/li>\n<li><strong>Autonomie pouvant atteindre 150 heures en Bluetooth sans r\u00e9tro\u00e9clairage<\/strong><\/li>\n<li><strong>Recharge <\/strong>en <strong>seulement 90 minutes<\/strong><\/li>\n<\/ul>\n<\/section>\n<\/div><\/div>\n","protected":false},"excerpt":{"rendered":"<p>Souris gaming sans fil &#8211; SLIPSTREAM WIRELESS\/Bluetooth &#8211; droitier &#8211; capteur optique 33 000 dpi &#8211; 16 boutons programmables dont 12 \u00e0 position ajustable &#8211; r\u00e9tro\u00e9clairage RGB<\/p>\n","protected":false},"featured_media":215018,"comment_status":"open","ping_status":"closed","template":"","meta":{"_monsterinsights_skip_tracking":false,"_monsterinsights_sitenote_active":false,"_monsterinsights_sitenote_note":"","_monsterinsights_sitenote_category":0},"etheme_brands":[{"term_id":43,"name":"Corsair","slug":"corsair","term_group":0,"term_taxonomy_id":43,"taxonomy":"brand","description":"","parent":0,"count":182,"filter":"raw"}],"product_brand":[],"product_cat":[41],"product_tag":[],"class_list":{"0":"post-215016","1":"product","2":"type-product","3":"status-publish","4":"has-post-thumbnail","6":"brand-corsair","7":"product_cat-mouse-gaming","9":"first","10":"instock","11":"taxable","12":"shipping-taxable","13":"purchasable","14":"product-type-simple"},"_links":{"self":[{"href":"https:\/\/electrovideo.eu\/en\/wp-json\/wp\/v2\/product\/215016","targetHints":{"allow":["GET"]}}],"collection":[{"href":"https:\/\/electrovideo.eu\/en\/wp-json\/wp\/v2\/product"}],"about":[{"href":"https:\/\/electrovideo.eu\/en\/wp-json\/wp\/v2\/types\/product"}],"replies":[{"embeddable":true,"href":"https:\/\/electrovideo.eu\/en\/wp-json\/wp\/v2\/comments?post=215016"}],"version-history":[{"count":0,"href":"https:\/\/electrovideo.eu\/en\/wp-json\/wp\/v2\/product\/215016\/revisions"}],"wp:featuredmedia":[{"embeddable":true,"href":"https:\/\/electrovideo.eu\/en\/wp-json\/wp\/v2\/media\/215018"}],"wp:attachment":[{"href":"https:\/\/electrovideo.eu\/en\/wp-json\/wp\/v2\/media?parent=215016"}],"wp:term":[{"taxonomy":"brand","embeddable":true,"href":"https:\/\/electrovideo.eu\/en\/wp-json\/wp\/v2\/etheme_brands?post=215016"},{"taxonomy":"product_brand","embeddable":true,"href":"https:\/\/electrovideo.eu\/en\/wp-json\/wp\/v2\/product_brand?post=215016"},{"taxonomy":"product_cat","embeddable":true,"href":"https:\/\/electrovideo.eu\/en\/wp-json\/wp\/v2\/product_cat?post=215016"},{"taxonomy":"product_tag","embeddable":true,"href":"https:\/\/electrovideo.eu\/en\/wp-json\/wp\/v2\/product_tag?post=215016"}],"curies":[{"name":"wp","href":"https:\/\/api.w.org\/{rel}","templated":true}]}}