{"id":215013,"date":"2025-09-24T01:52:15","date_gmt":"2025-09-23T23:52:15","guid":{"rendered":"https:\/\/electrovideo.eu\/produit\/corsair-dark-core-rgb-pro\/"},"modified":"2025-09-24T01:52:15","modified_gmt":"2025-09-23T23:52:15","slug":"corsair-dark-core-rgb-pro","status":"publish","type":"product","link":"https:\/\/electrovideo.eu\/en\/product\/corsair-dark-core-rgb-pro\/","title":{"rendered":"Corsair Dark Core RGB Pro"},"content":{"rendered":"<div id=\"description\" class=\"description\">\n<div class=\"details-pdt-desc\">\n<h2 class=\"h2-master\">La victoire s&#8217;offre \u00e0 vous<\/h2>\n<section>\n<p>Proposant une connexion filaire (USB) et non filaire (Bluetooth\/RF), la souris <strong>Dark Core RGB Pro <\/strong>de <strong>Corsair<\/strong> vous donne un avantage certain sur tous vos adversaires. \u00c9quip\u00e9e d&#8217;un capteur optique de 18 000 dpi, elle offre des performances de gaming exceptionnelles. Ajoutez une touche de couleur avec le r\u00e9tro\u00e9clairage RGB sur 9 zones et afficez haut vos couleurs.<\/p>\n<\/section>\n<section>\n<div class=\"desc-image\"><span><img decoding=\"async\" loading=\"lazy\" alt=\"\" src=\"https:\/\/electrovideo.eu\/wp-content\/uploads\/2025\/09\/4.jpg\"><\/span><\/div>\n<div class=\"desc-text\">\n<h2>Performante avec ou sans fil<\/h2>\n<p>Cette souris gamer vous offre le choix en des&nbsp;<strong>performances filaires ou non filaires<\/strong>. En effet, avec&nbsp;la Dark Core RGB Pro&nbsp;vous avez le choix entre la<strong>&nbsp;technologie sans fil 1ms 2,4 GHz<\/strong>&nbsp;ultrarapides,&nbsp;<strong>Bluetooth&nbsp;<\/strong>\u00e0 faible latence ou une&nbsp;<strong>connexion USB<\/strong>&nbsp;filaire. De plus, gr\u00e2ce au <strong>capteur optique de 18 000 dpi<\/strong>, vous disposez d&#8217;une pr\u00e9cision incroyable pour enchainer les victoires.<br \/>\n&nbsp;<br \/>\nEt avec&nbsp;une <strong>autonomie pouvant atteindre 50 heures <\/strong>(sans le r\u00e9tro\u00e9clairage), ne soyez jamais \u00e0 court de batteries dans les moments critiques.<\/p>\n<\/div>\n<\/section>\n<section>\n<div class=\"desc-text\">\n<h2>Une forme profil\u00e9e<\/h2>\n<p>La souris Corsair Dark Core RGB Pro s&#8217;adapte parfaitement \u00e0&nbsp;votre style de jeu. Et avec <strong>8 boutons programmables<\/strong> et des <strong>switches Omron<\/strong>, b\u00e9n\u00e9ficiez d&#8217;une r\u00e9ponse ultrarapide et d&#8217;une fiabilit\u00e9 sur le long terme. En effet, ces derniers peuvent <strong>encaisser jusqu&#8217;\u00e0 50 millions de clics<\/strong> !<\/p>\n<p>Stockez \u00e9galement des profils afin d&#8217;enregistrer des effets lumineux, macros et param\u00e8tres de r\u00e9solution. Et avec un <strong>r\u00e9tro\u00e9clairage RGB<\/strong> personnalisable, affichez fi\u00e8rement vos couleurs sur <strong>9 zones<\/strong>.<\/p>\n<\/div>\n<div class=\"desc-image\"><span><img decoding=\"async\" loading=\"lazy\" alt=\"\" src=\"https:\/\/electrovideo.eu\/wp-content\/uploads\/2025\/09\/5.jpg\"><\/span><\/div>\n<\/section>\n<section class=\"list\">\n<h2>Caract\u00e9ristiques principales :<\/h2>\n<ul>\n<li><strong>Souris gamer avec ou sans fil<\/strong><\/li>\n<li>Connectivit\u00e9 : <strong>USB, Bluetooth, RF<\/strong><\/li>\n<li>Capteur optique de&nbsp;<strong>1<\/strong><strong>8 000 dpi<\/strong><\/li>\n<li><strong>8 boutons programmables<\/strong><\/li>\n<li>Switches Omron pr\u00e9vus pour 50 millions de clics<\/li>\n<li>R\u00e9tro\u00e9clairage RGB sur 9 zones<\/li>\n<li>Compatible Corsair Utility Engine (CUE)<\/li>\n<li>Autonomie en RF : jusqu&#8217;\u00e0 36 heures (sans le r\u00e9tro\u00e9clairage), jusqu&#8217;\u00e0 16 heures (avec le r\u00e9tro\u00e9clairage)<\/li>\n<li>Autonomie en Bluetooth&nbsp;: jusqu&#8217;\u00e0 50 heures (sans le r\u00e9tro\u00e9clairage), jusqu&#8217;\u00e0 18 heures (avec le r\u00e9tro\u00e9clairage)<\/li>\n<li>Poids : 133g<\/li>\n<\/ul>\n<\/section>\n<\/div><\/div>\n","protected":false},"excerpt":{"rendered":"<p>Souris gaming &#8211; avec ou sans fil &#8211; droitier &#8211; capteur optique 18 000 dpi &#8211; 8 boutons &#8211; interrupteurs Omron &#8211; r\u00e9tro\u00e9clairage RGB<\/p>\n","protected":false},"featured_media":215015,"comment_status":"open","ping_status":"closed","template":"","meta":{"_monsterinsights_skip_tracking":false,"_monsterinsights_sitenote_active":false,"_monsterinsights_sitenote_note":"","_monsterinsights_sitenote_category":0},"etheme_brands":[{"term_id":43,"name":"Corsair","slug":"corsair","term_group":0,"term_taxonomy_id":43,"taxonomy":"brand","description":"","parent":0,"count":182,"filter":"raw"}],"product_brand":[],"product_cat":[41],"product_tag":[],"class_list":{"0":"post-215013","1":"product","2":"type-product","3":"status-publish","4":"has-post-thumbnail","6":"brand-corsair","7":"product_cat-mouse-gaming","9":"first","10":"instock","11":"taxable","12":"shipping-taxable","13":"purchasable","14":"product-type-simple"},"_links":{"self":[{"href":"https:\/\/electrovideo.eu\/en\/wp-json\/wp\/v2\/product\/215013","targetHints":{"allow":["GET"]}}],"collection":[{"href":"https:\/\/electrovideo.eu\/en\/wp-json\/wp\/v2\/product"}],"about":[{"href":"https:\/\/electrovideo.eu\/en\/wp-json\/wp\/v2\/types\/product"}],"replies":[{"embeddable":true,"href":"https:\/\/electrovideo.eu\/en\/wp-json\/wp\/v2\/comments?post=215013"}],"version-history":[{"count":0,"href":"https:\/\/electrovideo.eu\/en\/wp-json\/wp\/v2\/product\/215013\/revisions"}],"wp:featuredmedia":[{"embeddable":true,"href":"https:\/\/electrovideo.eu\/en\/wp-json\/wp\/v2\/media\/215015"}],"wp:attachment":[{"href":"https:\/\/electrovideo.eu\/en\/wp-json\/wp\/v2\/media?parent=215013"}],"wp:term":[{"taxonomy":"brand","embeddable":true,"href":"https:\/\/electrovideo.eu\/en\/wp-json\/wp\/v2\/etheme_brands?post=215013"},{"taxonomy":"product_brand","embeddable":true,"href":"https:\/\/electrovideo.eu\/en\/wp-json\/wp\/v2\/product_brand?post=215013"},{"taxonomy":"product_cat","embeddable":true,"href":"https:\/\/electrovideo.eu\/en\/wp-json\/wp\/v2\/product_cat?post=215013"},{"taxonomy":"product_tag","embeddable":true,"href":"https:\/\/electrovideo.eu\/en\/wp-json\/wp\/v2\/product_tag?post=215013"}],"curies":[{"name":"wp","href":"https:\/\/api.w.org\/{rel}","templated":true}]}}