{"id":215004,"date":"2025-09-24T01:52:55","date_gmt":"2025-09-23T23:52:55","guid":{"rendered":"https:\/\/electrovideo.eu\/produit\/benq-zowie-s2-dw-noir\/"},"modified":"2025-09-24T01:52:55","modified_gmt":"2025-09-23T23:52:55","slug":"benq-zowie-s2-dw-noir","status":"publish","type":"product","link":"https:\/\/electrovideo.eu\/en\/product\/benq-zowie-s2-dw-noir\/","title":{"rendered":"BenQ Zowie S2-DW (Noir)"},"content":{"rendered":"<div id=\"description\" class=\"description\">\n<div class=\"details-pdt-desc\">\n<h2 class=\"h2-master\">Bougez plus facilement<\/h2>\n<section>\n<p>La <strong>BenQ Zowie&nbsp;S2-DW<\/strong>&nbsp;est un mod\u00e8le sans fil, de format&nbsp;S, id\u00e9ale pour tous les comp\u00e9titeurs qui aiment contr\u00f4ler une souris compacte, \u00e0 la fois r\u00e9active et tr\u00e8s l\u00e9g\u00e8re (65 g).&nbsp;Avec son design&nbsp;sym\u00e9trique, elle vous fait b\u00e9n\u00e9ficier d&#8217;un meilleur maintien de la paume et de plus de stabilit\u00e9.&nbsp;Pens\u00e9e pour les meilleurs pros eSport, elle vous offre une grande libert\u00e9 de mouvement&nbsp;gr\u00e2ce \u00e0 son&nbsp;capteur optique 3200 dpi et ses 7 boutons.<\/p>\n<\/section>\n<section>\n<div class=\"desc-image\"><span><img decoding=\"async\" alt=\"\" loading=\"lazy\" src=\"https:\/\/electrovideo.eu\/wp-content\/uploads\/2025\/09\/1-7.jpg\"><\/span><\/div>\n<div class=\"desc-text\">\n<h2>Contr\u00f4le, pr\u00e9cision et confort d&#8217;utilisation<\/h2>\n<p>Pour vous permettre de prendre l&#8217;avantage lors de toutes vos sessions gaming, cette souris est&nbsp;\u00e9quip\u00e9e d&#8217;un&nbsp;<strong>capteur optique 3200 dpi<\/strong>.&nbsp;Pr\u00e9cise, vraiment confortable \u00e0 utiliser gr\u00e2ce \u00e0 son design sym\u00e9trique, elle vous donne un avantage certain lorsque vous faites face \u00e0 vos&nbsp;adversaires.<\/p>\n<p>Ces&nbsp;<strong>7 boutons&nbsp;<\/strong>vous permettent de profiter de bien plus d&#8217;options pour un contr\u00f4le encore sup\u00e9rieur.<br \/>\n&nbsp;<\/p>\n<\/div>\n<\/section>\n<section>\n<div class=\"desc-text\">\n<h2>Une meilleure prise en main<\/h2>\n<p>Avec la BenQ Zowie S2-DW, b\u00e9n\u00e9ficiez d&#8217;<strong>une plus grande libert\u00e9 de mouvement et d&#8217;une meilleure pr\u00e9cision<\/strong>. En outre elle offre \u00e9galement une vis\u00e9e plus rapide, vous permettant de prendre le dessus sur tous vos adversaires.&nbsp;<\/p>\n<p>Par rapport \u00e0 d&#8217;autres souris, la S2-DW a un angle d&#8217;inclinaison gauche et droit&nbsp;plus large qui, associ\u00e9&nbsp;aux points de soutien des doigts, facilite l&#8217;application d&#8217;une force vers le haut. Cela vous aide \u00e0 soulever la souris plus rapidement et \u00e0 passer rapidement \u00e0 l&#8217;action suivante.<\/p>\n<\/div>\n<div class=\"desc-image\"><span><img decoding=\"async\" alt=\"\" loading=\"lazy\" src=\"https:\/\/electrovideo.eu\/wp-content\/uploads\/2025\/09\/2-3.jpg\"><\/span><\/div>\n<\/section>\n<section class=\"list\">\n<h2>Principales caract\u00e9ristiques :<\/h2>\n<ul>\n<li><strong>Souris filaire pour gamer<\/strong><\/li>\n<li>Capteur optique&nbsp;<strong>3200 dpi<\/strong><\/li>\n<li><strong>7 boutons<\/strong><\/li>\n<li><strong>Molette 24 crans<\/strong><\/li>\n<li>Connectivit\u00e9 :&nbsp;USB-C 2.0 \/ 3.0<\/li>\n<li>Plug &amp; Play<\/li>\n<li>Poids r\u00e9duit : 65&nbsp;g<\/li>\n<\/ul>\n<\/section>\n<\/div><\/div>\n","protected":false},"excerpt":{"rendered":"<p>Souris sans fil pour gamer &#8211; droitier &#8211; RF 2.4 GHz &#8211; capteur optique 3200 dpi &#8211; 7 boutons &#8211; format S<\/p>\n","protected":false},"featured_media":215006,"comment_status":"open","ping_status":"closed","template":"","meta":{"_monsterinsights_skip_tracking":false,"_monsterinsights_sitenote_active":false,"_monsterinsights_sitenote_note":"","_monsterinsights_sitenote_category":0},"etheme_brands":[{"term_id":5033,"name":"BenQ","slug":"benq-en","term_group":0,"term_taxonomy_id":5033,"taxonomy":"brand","description":"","parent":0,"count":17,"filter":"raw"}],"product_brand":[],"product_cat":[41],"product_tag":[],"class_list":{"0":"post-215004","1":"product","2":"type-product","3":"status-publish","4":"has-post-thumbnail","6":"brand-benq-en","7":"product_cat-mouse-gaming","9":"first","10":"instock","11":"taxable","12":"shipping-taxable","13":"purchasable","14":"product-type-simple"},"_links":{"self":[{"href":"https:\/\/electrovideo.eu\/en\/wp-json\/wp\/v2\/product\/215004","targetHints":{"allow":["GET"]}}],"collection":[{"href":"https:\/\/electrovideo.eu\/en\/wp-json\/wp\/v2\/product"}],"about":[{"href":"https:\/\/electrovideo.eu\/en\/wp-json\/wp\/v2\/types\/product"}],"replies":[{"embeddable":true,"href":"https:\/\/electrovideo.eu\/en\/wp-json\/wp\/v2\/comments?post=215004"}],"version-history":[{"count":0,"href":"https:\/\/electrovideo.eu\/en\/wp-json\/wp\/v2\/product\/215004\/revisions"}],"wp:featuredmedia":[{"embeddable":true,"href":"https:\/\/electrovideo.eu\/en\/wp-json\/wp\/v2\/media\/215006"}],"wp:attachment":[{"href":"https:\/\/electrovideo.eu\/en\/wp-json\/wp\/v2\/media?parent=215004"}],"wp:term":[{"taxonomy":"brand","embeddable":true,"href":"https:\/\/electrovideo.eu\/en\/wp-json\/wp\/v2\/etheme_brands?post=215004"},{"taxonomy":"product_brand","embeddable":true,"href":"https:\/\/electrovideo.eu\/en\/wp-json\/wp\/v2\/product_brand?post=215004"},{"taxonomy":"product_cat","embeddable":true,"href":"https:\/\/electrovideo.eu\/en\/wp-json\/wp\/v2\/product_cat?post=215004"},{"taxonomy":"product_tag","embeddable":true,"href":"https:\/\/electrovideo.eu\/en\/wp-json\/wp\/v2\/product_tag?post=215004"}],"curies":[{"name":"wp","href":"https:\/\/api.w.org\/{rel}","templated":true}]}}