{"id":215001,"date":"2025-09-24T01:52:55","date_gmt":"2025-09-23T23:52:55","guid":{"rendered":"https:\/\/electrovideo.eu\/produit\/benq-zowie-ec3-cw-noir\/"},"modified":"2025-09-24T01:52:55","modified_gmt":"2025-09-23T23:52:55","slug":"benq-zowie-ec3-cw-noir","status":"publish","type":"product","link":"https:\/\/electrovideo.eu\/en\/product\/benq-zowie-ec3-cw-noir\/","title":{"rendered":"BenQ Zowie EC3-CW (Noir)"},"content":{"rendered":"<div id=\"description\" class=\"description\">\n<div class=\"details-pdt-desc\">\n<h2 class=\"h2-master\">La souris sans fil d\u00e9di\u00e9e \u00e0 l&#8217;Esport et adapt\u00e9e \u00e0 votre main<\/h2>\n<section>\n<p>Vous qui aimez avoir une souris sans fil adapt\u00e9e \u00e0 la taille de votre main vous serez ravi de d\u00e9couvrir&nbsp;l&#8217;<strong>EC3-CW<\/strong> de <strong>BenQ<\/strong>&nbsp;<strong>Zowie<\/strong>. De taille<b>&nbsp;S<\/b>&nbsp;avec des longueurs de 61&nbsp;\u00e0 66&nbsp;mm et une profondeur de 119&nbsp;mm, pr\u00e9sentant un \u00e9l\u00e9gant design<strong> ergonomique asym\u00e9triqu<\/strong>e, elle est id\u00e9ale pour tous les gamers qui souhaitent avoir un contr\u00f4le total de l&#8217;action et une prise en main sans compromis.&nbsp;Pens\u00e9e pour les meilleurs pros Esport, elle offre une grande libert\u00e9 de mouvement&nbsp;gr\u00e2ce \u00e0 son&nbsp;<strong>capteur optique 3200 dpi et ses 5 boutons programmables<\/strong>.<\/p>\n<\/section>\n<section>\n<div class=\"desc-image\"><img decoding=\"async\" alt=\"\" loading=\"lazy\" src=\"https:\/\/electrovideo.eu\/wp-content\/uploads\/2025\/09\/EC1-CW_800_1.jpg\"><\/div>\n<div class=\"desc-text\">\n<h2>Une bonne pr\u00e9cision et 5 boutons programmables<\/h2>\n<p>Pour vous permettre de prendre l&#8217;avantage lors de toutes vos sessions gaming, cette souris est&nbsp;\u00e9quip\u00e9e d&#8217;un&nbsp;<strong>capteur optique 3200 dpi<\/strong>.&nbsp;Pr\u00e9cise, vraiment confortable \u00e0 utiliser car bien call\u00e9e au c\u0153ur de votre main, elle vous donne un avantage certain face \u00e0 vos&nbsp;adversaires. Ces&nbsp;<strong>5 boutons programmables <\/strong>et sa <strong>molette 24 crans&nbsp;<\/strong>vous permettent de profiter de bien plus d&#8217;options pour un contr\u00f4le encore sup\u00e9rieur.<\/p>\n<p>La <strong>conception sans fil avec r\u00e9cepteur am\u00e9lior\u00e9<\/strong> vous permet de profiter de performances stables, de haute qualit\u00e9. La combinaison du r\u00e9cepteur autonome et de l&#8217;antenne am\u00e9lior\u00e9e \u00e0 l&#8217;avant de la souris permet de r\u00e9duire les risques d&#8217;interf\u00e9rences de transmission inattendues et d&#8217;\u00e9viter les probl\u00e8mes de performances.<br \/>\n&nbsp;<\/p>\n<\/div>\n<\/section>\n<section>\n<div class=\"desc-text\">\n<h2>Un format S&nbsp;et une forme ergonomique asym\u00e9trique&nbsp;<\/h2>\n<p>Con\u00e7ue pour r\u00e9pondre \u00e0 votre besoin, \u00e0 savoir une souris adapt\u00e9e \u00e0 votre main, l&#8217;EC3-CW profite&nbsp;<strong>de la&nbsp;meilleure maniabilit\u00e9 possible et d&#8217;un confort incroyable<\/strong>. Ainsi, retrouvez cette forme ergonomique asym\u00e9trique si astucieuse d\u00e9velopp\u00e9e par BenQ Zowie. La coque sup\u00e9rieure offre&nbsp;une courbe naturelle pour votre main avec un soutien d\u00e9tendu pour votre paume et vos doigts. Profitez donc de plus de stabilit\u00e9 lors des d\u00e9placements horizontaux. La courbure sur le c\u00f4t\u00e9 gauche permet&nbsp;un bien meilleur placement&nbsp;du pouce. Enfin, le design lisse et arrondi sur l&#8217;avant droit permet de bien placer vos doigts, sans effort.<\/p>\n<p>Suffisamment l\u00e9g\u00e8re malgr\u00e9 son format M&nbsp;(76&nbsp;g), elle est efficace et suffisamment performante pour que vous soyez toujours le plus comp\u00e9titif possible. De plus, avec <strong>ses 70 heures d&#8217;autonomie<\/strong>, elle vous permettra d&#8217;enchainer les parties sans stress.<\/p>\n<\/div>\n<div class=\"desc-image\"><img decoding=\"async\" alt=\"\" loading=\"lazy\" src=\"https:\/\/electrovideo.eu\/wp-content\/uploads\/2025\/09\/EC1-CW_800_2.jpg\"><\/div>\n<\/section>\n<section class=\"list\">\n<h2>Principales caract\u00e9ristiques :<\/h2>\n<ul>\n<li><strong>Souris sans fil pour gamer<\/strong><\/li>\n<li>Format M&nbsp;(medium) : (L x P x H) :&nbsp;61-66&nbsp;x 119&nbsp;x 33-41&nbsp;mm<\/li>\n<li><strong>Avec un r\u00e9cepteur sans fil am\u00e9lior\u00e9<\/strong><\/li>\n<li>Capteur optique&nbsp;<strong>3200 dpi<\/strong><\/li>\n<li><strong>5 Boutons programmables<\/strong><\/li>\n<li><strong>Molette 24 crans<\/strong><\/li>\n<li>Autonomie : 70 heures<\/li>\n<li>Connectivit\u00e9 : RF 2.4 GHz &#8211; USB-C 2.0 \/ 3.0<\/li>\n<li>Plug &amp; Play<\/li>\n<li>Poids r\u00e9duit : 76&nbsp;g<\/li>\n<li>Coloris : Noir<\/li>\n<\/ul>\n<\/section>\n<\/div><\/div>\n","protected":false},"excerpt":{"rendered":"<p>Souris sans fil pour gamer &#8211; RF 2.4 GHz &#8211; format S &#8211; asym\u00e9trique &#8211; droitier &#8211; capteur optique 3200 dpi &#8211; 5 boutons programmables<\/p>\n","protected":false},"featured_media":215003,"comment_status":"open","ping_status":"closed","template":"","meta":{"_monsterinsights_skip_tracking":false,"_monsterinsights_sitenote_active":false,"_monsterinsights_sitenote_note":"","_monsterinsights_sitenote_category":0},"etheme_brands":[{"term_id":5033,"name":"BenQ","slug":"benq-en","term_group":0,"term_taxonomy_id":5033,"taxonomy":"brand","description":"","parent":0,"count":17,"filter":"raw"}],"product_brand":[],"product_cat":[41],"product_tag":[],"class_list":{"0":"post-215001","1":"product","2":"type-product","3":"status-publish","4":"has-post-thumbnail","6":"brand-benq-en","7":"product_cat-mouse-gaming","9":"first","10":"instock","11":"taxable","12":"shipping-taxable","13":"purchasable","14":"product-type-simple"},"_links":{"self":[{"href":"https:\/\/electrovideo.eu\/en\/wp-json\/wp\/v2\/product\/215001","targetHints":{"allow":["GET"]}}],"collection":[{"href":"https:\/\/electrovideo.eu\/en\/wp-json\/wp\/v2\/product"}],"about":[{"href":"https:\/\/electrovideo.eu\/en\/wp-json\/wp\/v2\/types\/product"}],"replies":[{"embeddable":true,"href":"https:\/\/electrovideo.eu\/en\/wp-json\/wp\/v2\/comments?post=215001"}],"version-history":[{"count":0,"href":"https:\/\/electrovideo.eu\/en\/wp-json\/wp\/v2\/product\/215001\/revisions"}],"wp:featuredmedia":[{"embeddable":true,"href":"https:\/\/electrovideo.eu\/en\/wp-json\/wp\/v2\/media\/215003"}],"wp:attachment":[{"href":"https:\/\/electrovideo.eu\/en\/wp-json\/wp\/v2\/media?parent=215001"}],"wp:term":[{"taxonomy":"brand","embeddable":true,"href":"https:\/\/electrovideo.eu\/en\/wp-json\/wp\/v2\/etheme_brands?post=215001"},{"taxonomy":"product_brand","embeddable":true,"href":"https:\/\/electrovideo.eu\/en\/wp-json\/wp\/v2\/product_brand?post=215001"},{"taxonomy":"product_cat","embeddable":true,"href":"https:\/\/electrovideo.eu\/en\/wp-json\/wp\/v2\/product_cat?post=215001"},{"taxonomy":"product_tag","embeddable":true,"href":"https:\/\/electrovideo.eu\/en\/wp-json\/wp\/v2\/product_tag?post=215001"}],"curies":[{"name":"wp","href":"https:\/\/api.w.org\/{rel}","templated":true}]}}