{"id":214974,"date":"2025-09-24T02:00:05","date_gmt":"2025-09-24T00:00:05","guid":{"rendered":"https:\/\/electrovideo.eu\/produit\/razer-basilisk-v3-pro-blanc\/"},"modified":"2025-09-24T02:00:05","modified_gmt":"2025-09-24T00:00:05","slug":"razer-basilisk-v3-pro-blanc","status":"publish","type":"product","link":"https:\/\/electrovideo.eu\/en\/product\/razer-basilisk-v3-pro-blanc\/","title":{"rendered":"Razer Basilisk v3 Pro (Blanc)"},"content":{"rendered":"<div id=\"description\" class=\"description\">\n<div class=\"details-pdt-desc\">\n<h2 class=\"h2-master\">Attributs exceptionnels, performances puissantes<\/h2>\n<section>\n<p>Devenez imbattable gr\u00e2ce \u00e0 la souris pour gamer <strong>Razer Basilisk v3 Pro<\/strong>. Arm\u00e9e jusqu\u2019aux dents avec la technologie de pointe de l\u2019industrie, exploitez votre potentiel au maximum avec une arme qui repousse les limites connues de la performance, de la personnalisation, de la connectivit\u00e9 et du contr\u00f4le. Pour cela, elle embarque un capteur optique Razer Focus Pro de&nbsp;30 000 dpi, 11 boutons programmables, une molette inclinable, la technologie sans fil Razer HyperSpeed et une forme ergonomique.<\/p>\n<p>De plus, dot\u00e9e du r\u00e9tro\u00e9clairage Razer Chroma sur 13 zones, vous allez pouvoir donner un look unique \u00e0 votre arme de destruction.<\/p>\n<\/section>\n<section>\n<div class=\"desc-image\"><span><img decoding=\"async\" alt=\"\" loading=\"lazy\" src=\"https:\/\/electrovideo.eu\/wp-content\/uploads\/2025\/09\/1-15.jpg\"><\/span><\/div>\n<div class=\"desc-text\">\n<h2>Un capteur optique de 30 000 dpi<\/h2>\n<p>La Razer Basilisk v3 Pro est \u00e9quip\u00e9e du&nbsp;<strong>capteur optique Razer Focus Pro de 30 000 dpi<\/strong>. Avec&nbsp;<strong>une pr\u00e9cision de r\u00e9solution de 99,8%&nbsp;<\/strong>et des fonctions intelligentes, cette souris Razer ne laisse&nbsp;aucune chance \u00e0 vos adversaires, vous permettant de porter des coups mortels avec une pr\u00e9cision extr\u00eame.<\/p>\n<p>Ce n&#8217;est pas tout, la Razer Basilisk v3 Pro est \u00e9galement \u00e9quip\u00e9e de <strong>switchs optiques de 3\u00e8me g\u00e9n\u00e9ration<\/strong> dot\u00e9s qui ont un <strong>temps de r\u00e9ponse de 0,2 milliseconde<\/strong> seulement. Et avec <strong>11 boutons personnalisables<\/strong> comme bon vous semble et la <strong>technologie sans fil Razer HyperSpeed<\/strong>, vous disposez d&#8217;un avantage consid\u00e9rable sur tous vos adversaires.<\/p>\n<\/div>\n<\/section>\n<section>\n<div class=\"desc-text\">\n<h2>Une personnalisation pouss\u00e9e<\/h2>\n<p>Avec la Razer Basilisk v3 Pro, <strong>personnalisez chaque zone avec plus de 16.8 millions de couleurs<\/strong> et d\u2019innombrables effets lumineux et vivez une plus grande immersion lorsqu\u2019elles r\u00e9agissent de fa\u00e7on dynamique avec des centaines de jeux int\u00e9gr\u00e9s \u00e0 Razer Chroma. Ce n&#8217;est pas tout, elle offre \u00e9galement <strong>une forme ergonomique<\/strong> qui s&#8217;adapte parfaitement \u00e0 diff\u00e9rentes prises en main.<\/p>\n<p>Enfin, gagnez du temps pour le rechargement gr\u00e2ce \u00e0 la charge sans fil nouvelle g\u00e9n\u00e9ration et sa <strong>compatibilit\u00e9 avec les chargeurs sans fil Razer et autres chargeurs Qi<\/strong>.<\/p>\n<\/div>\n<div class=\"desc-image\"><span><img decoding=\"async\" alt=\"\" loading=\"lazy\" src=\"https:\/\/electrovideo.eu\/wp-content\/uploads\/2025\/09\/2-13.jpg\"><\/span><\/div>\n<\/section>\n<section class=\"list\">\n<h2>Principales caract\u00e9ristiques :<\/h2>\n<ul>\n<li><strong>Souris sans fil pour gamer<\/strong><\/li>\n<li><strong>Technologie sans fil Razer HyperSpeed<\/strong><\/li>\n<li>Capteur optique <strong>Razer Focus Pro de&nbsp;30 000 dpi avec pr\u00e9cision de la r\u00e9solution de 99.8 %<\/strong><\/li>\n<li>Acc\u00e9l\u00e9ration : 70 G<\/li>\n<li>Vitesse maximum : 750 ips<\/li>\n<li><strong>Switchs optiques&nbsp;de souris Razer d&#8217;une dur\u00e9e de 90 millions de clics<\/strong><\/li>\n<li><strong>11 boutons programmables<\/strong><\/li>\n<li>Molette inclinable Razer HyperScroll<\/li>\n<li>R\u00e9tro\u00e9clairage Razer Chroma RGB sur 13 zones<\/li>\n<li>M\u00e9moire int\u00e9gr\u00e9e (jusqu&#8217;\u00e0 5 profils)<\/li>\n<li>Patins 100 % PTFE<\/li>\n<li>Autonomie de la batterie : jusqu&#8217;\u00e0 90 heures<\/li>\n<li>Connectivit\u00e9 : Razer HyerSpeed Wireless, Bluetooth et filaire<\/li>\n<li>Compatible avec les chargeurs sans fil Razer et autres chargeurs Qi<\/li>\n<\/ul>\n<\/section>\n<\/div><\/div>\n","protected":false},"excerpt":{"rendered":"<p>Souris sans fil pour gamer &#8211; droitier &#8211; technologie Razer HyperSpeed &#8211; capteur optique 30000 dpi &#8211; 11 boutons programmables &#8211; r\u00e9tro\u00e9clairage Razer Chroma RGB<\/p>\n","protected":false},"featured_media":214976,"comment_status":"open","ping_status":"closed","template":"","meta":{"_monsterinsights_skip_tracking":false,"_monsterinsights_sitenote_active":false,"_monsterinsights_sitenote_note":"","_monsterinsights_sitenote_category":0},"etheme_brands":[{"term_id":670,"name":"Razer","slug":"razer","term_group":0,"term_taxonomy_id":670,"taxonomy":"brand","description":"","parent":0,"count":35,"filter":"raw"}],"product_brand":[],"product_cat":[41],"product_tag":[],"class_list":{"0":"post-214974","1":"product","2":"type-product","3":"status-publish","4":"has-post-thumbnail","6":"brand-razer","7":"product_cat-mouse-gaming","9":"first","10":"instock","11":"sale","12":"taxable","13":"shipping-taxable","14":"purchasable","15":"product-type-simple"},"_links":{"self":[{"href":"https:\/\/electrovideo.eu\/en\/wp-json\/wp\/v2\/product\/214974","targetHints":{"allow":["GET"]}}],"collection":[{"href":"https:\/\/electrovideo.eu\/en\/wp-json\/wp\/v2\/product"}],"about":[{"href":"https:\/\/electrovideo.eu\/en\/wp-json\/wp\/v2\/types\/product"}],"replies":[{"embeddable":true,"href":"https:\/\/electrovideo.eu\/en\/wp-json\/wp\/v2\/comments?post=214974"}],"version-history":[{"count":0,"href":"https:\/\/electrovideo.eu\/en\/wp-json\/wp\/v2\/product\/214974\/revisions"}],"wp:featuredmedia":[{"embeddable":true,"href":"https:\/\/electrovideo.eu\/en\/wp-json\/wp\/v2\/media\/214976"}],"wp:attachment":[{"href":"https:\/\/electrovideo.eu\/en\/wp-json\/wp\/v2\/media?parent=214974"}],"wp:term":[{"taxonomy":"brand","embeddable":true,"href":"https:\/\/electrovideo.eu\/en\/wp-json\/wp\/v2\/etheme_brands?post=214974"},{"taxonomy":"product_brand","embeddable":true,"href":"https:\/\/electrovideo.eu\/en\/wp-json\/wp\/v2\/product_brand?post=214974"},{"taxonomy":"product_cat","embeddable":true,"href":"https:\/\/electrovideo.eu\/en\/wp-json\/wp\/v2\/product_cat?post=214974"},{"taxonomy":"product_tag","embeddable":true,"href":"https:\/\/electrovideo.eu\/en\/wp-json\/wp\/v2\/product_tag?post=214974"}],"curies":[{"name":"wp","href":"https:\/\/api.w.org\/{rel}","templated":true}]}}