{"id":214963,"date":"2025-09-24T02:00:05","date_gmt":"2025-09-24T00:00:05","guid":{"rendered":"https:\/\/electrovideo.eu\/produit\/logitech-g-pro-x-superlight-2-lightspeed-blanc\/"},"modified":"2025-09-24T02:00:05","modified_gmt":"2025-09-24T00:00:05","slug":"logitech-g-pro-x-superlight-2-lightspeed-blanc","status":"publish","type":"product","link":"https:\/\/electrovideo.eu\/en\/product\/logitech-g-pro-x-superlight-2-lightspeed-blanc\/","title":{"rendered":"Logitech G Pro X Superlight 2 Lightspeed (Blanc)"},"content":{"rendered":"<div id=\"description\" class=\"description\">\n<div class=\"details-pdt-desc\">\n<h2 class=\"h2-master\">Personne ne peut vous arr\u00eater<\/h2>\n<section>\n<p>Foncez vers la victoire gr\u00e2ce \u00e0 la souris <strong>Logitech G Pro X Superlight 2 Lightspeed<\/strong>. Nouvelle arme de pr\u00e9dilection des meilleurs athl\u00e8tes professionnels d&#8217;eSports, elle p\u00e8se&nbsp;60 grammes et offre un glissement sans la moindre friction. \u00c9quip\u00e9e du capteur optique Hero 2 de 32000 dpi, la souris Pro X Superlight 2 transmet chaque mouvement, et ce, avec une pr\u00e9cision et une r\u00e9activit\u00e9 optimale, quelle que soit la vitesse.<\/p>\n<p>Compatible Powerplay, vous allez m\u00eame pouvoir recharger la souris pendant les p\u00e9riodes de jeu et d&#8217;inactivit\u00e9.<\/p>\n<\/section>\n<section>\n<div class=\"desc-image\"><span><img decoding=\"async\" alt=\"\" loading=\"lazy\" src=\"https:\/\/electrovideo.eu\/wp-content\/uploads\/2025\/09\/3-3.jpg\"><\/span><\/div>\n<div class=\"desc-text\">\n<h2>Un capteur HERO 2 de 32K<\/h2>\n<p>Obtenez une pr\u00e9cision de suivi maximale gr\u00e2ce au&nbsp;<strong>capteur optique HERO<\/strong>&nbsp;de Logitech, encore plus r\u00e9actif. Fort du traitement de d\u00e9bit d&#8217;images le plus rapide \u00e0 ce jour, le Hero 2&nbsp;<strong>d\u00e9passe les 800&nbsp;IPS et les 88G d&#8217;acc\u00e9l\u00e9ration<\/strong>,<strong> <\/strong>offre&nbsp;<strong>une sensibilit\u00e9 allant de 100 \u00e0 32 000&nbsp;dpi<\/strong>&nbsp;et ne g\u00e9n\u00e8re ni lissage, ni filtrage, ni acc\u00e9l\u00e9ration.<\/p>\n<p>De plus, il atteint une pr\u00e9cision exceptionnelle et une r\u00e9activit\u00e9 toujours constante.<\/p>\n<\/div>\n<\/section>\n<section>\n<div class=\"desc-text\">\n<h2>Technologie sans fil Lightspeed<\/h2>\n<p>Lors des combats intensifs, la latence peut devenir un facteur d\u00e9cisif de la victoire ou de la d\u00e9faite. La souris Logitech G Pro X Superlight 2 Lightspeed est \u00e9quip\u00e9e de la technologie sans fil Lightspeed qui offre un taux de rapport d&#8217;une milliseconde et&nbsp;<strong>une connexion sans fil hautement optimis\u00e9e<\/strong>&nbsp;pour vous permettre de remporter un duel crucial lors de vos parties endiabl\u00e9es.<\/p>\n<p>Et avec <strong>une autonomie pouvant atteindre 95 heures<\/strong>, n&#8217;ayez plus aucune crainte sur le manque de batterie pendant vos parties.<\/p>\n<\/div>\n<div class=\"desc-image\"><span><img decoding=\"async\" alt=\"\" loading=\"lazy\" src=\"https:\/\/electrovideo.eu\/wp-content\/uploads\/2025\/09\/2-9.jpg\"><\/span><\/div>\n<\/section>\n<section>\n<div class=\"desc-image\"><span><img decoding=\"async\" alt=\"\" loading=\"lazy\" src=\"https:\/\/electrovideo.eu\/wp-content\/uploads\/2025\/09\/1-11.jpg\"><\/span><\/div>\n<div class=\"desc-text\">\n<h2>Une souris ultra l\u00e9g\u00e8re<\/h2>\n<p>La&nbsp;Logitech G Pro X Superlight 2 Lightspeed est une avanc\u00e9e en termes de conception gr\u00e2ce \u00e0 son <strong>poids de 60 grammes<\/strong>. Ultra l\u00e9g\u00e8re, elle poss\u00e8de une conception m\u00e9ticuleuse visant \u00e0 produire une r\u00e9duction extr\u00eame du poids, sans le moindre compromis en mati\u00e8re de performances.<\/p>\n<p>De plus, elle int\u00e8gre de <strong>grands patins PTFE sans additif<\/strong> qui assurent une glisse en douceur pour \u00eatre connect\u00e9 avec le jeu de mani\u00e8re pure.<\/p>\n<\/div>\n<\/section>\n<section class=\"list\">\n<h2>Principales caract\u00e9ristiques :<\/h2>\n<ul>\n<li>Un capteur optique&nbsp;<strong>HERO 2 de 32 000 dpi<\/strong><\/li>\n<li>R\u00e9solution de 100 \u00e0 32 000 dpi<\/li>\n<li><strong>Technologie sans fil Lightspeed<\/strong>&nbsp;pour une performance sans aucun temps de latence<\/li>\n<li>Acc\u00e9l\u00e9ration max : 88 G<\/li>\n<li>Vitesse max : 800 ips<\/li>\n<li>Taux d&#8217;interrogation :&nbsp;8 kHz<\/li>\n<li><strong>5 boutons programmables<\/strong><\/li>\n<li>Switches hybrides optico-m\u00e9caniques<\/li>\n<li>Patins PTFE sans additif<\/li>\n<li>M\u00e9moire int\u00e9gr\u00e9e<\/li>\n<li><strong>Autonomie : 95 heures<\/strong><\/li>\n<li>Dimensions : 125 x 63.5 x 40 mm<\/li>\n<li>Poids : 60 g<\/li>\n<li>Compatible Windows et Mac<\/li>\n<li><strong>Compatible avec le syst\u00e8me de charge sans fil Powerplay<\/strong><\/li>\n<li><strong><!--StartFragment-->Meilleure souris &#8211; Trusted Reviews Awards 2024<!--EndFragment--><\/strong><\/li>\n<\/ul>\n<\/section>\n<\/div><\/div>\n","protected":false},"excerpt":{"rendered":"<p>Souris sans fil pour gamer &#8211; droitier &#8211; capteur optique 32000 dpi &#8211; 5 boutons programmables &#8211; compatible Powerplay &#8211; technologie Lightspeed<\/p>\n","protected":false},"featured_media":214964,"comment_status":"open","ping_status":"closed","template":"","meta":{"_monsterinsights_skip_tracking":false,"_monsterinsights_sitenote_active":false,"_monsterinsights_sitenote_note":"","_monsterinsights_sitenote_category":0},"etheme_brands":[{"term_id":894,"name":"Logitech G","slug":"logitech-g","term_group":0,"term_taxonomy_id":894,"taxonomy":"brand","description":"","parent":0,"count":25,"filter":"raw"}],"product_brand":[],"product_cat":[41],"product_tag":[],"class_list":{"0":"post-214963","1":"product","2":"type-product","3":"status-publish","4":"has-post-thumbnail","6":"brand-logitech-g","7":"product_cat-mouse-gaming","9":"first","10":"instock","11":"taxable","12":"shipping-taxable","13":"purchasable","14":"product-type-simple"},"_links":{"self":[{"href":"https:\/\/electrovideo.eu\/en\/wp-json\/wp\/v2\/product\/214963","targetHints":{"allow":["GET"]}}],"collection":[{"href":"https:\/\/electrovideo.eu\/en\/wp-json\/wp\/v2\/product"}],"about":[{"href":"https:\/\/electrovideo.eu\/en\/wp-json\/wp\/v2\/types\/product"}],"replies":[{"embeddable":true,"href":"https:\/\/electrovideo.eu\/en\/wp-json\/wp\/v2\/comments?post=214963"}],"version-history":[{"count":0,"href":"https:\/\/electrovideo.eu\/en\/wp-json\/wp\/v2\/product\/214963\/revisions"}],"wp:featuredmedia":[{"embeddable":true,"href":"https:\/\/electrovideo.eu\/en\/wp-json\/wp\/v2\/media\/214964"}],"wp:attachment":[{"href":"https:\/\/electrovideo.eu\/en\/wp-json\/wp\/v2\/media?parent=214963"}],"wp:term":[{"taxonomy":"brand","embeddable":true,"href":"https:\/\/electrovideo.eu\/en\/wp-json\/wp\/v2\/etheme_brands?post=214963"},{"taxonomy":"product_brand","embeddable":true,"href":"https:\/\/electrovideo.eu\/en\/wp-json\/wp\/v2\/product_brand?post=214963"},{"taxonomy":"product_cat","embeddable":true,"href":"https:\/\/electrovideo.eu\/en\/wp-json\/wp\/v2\/product_cat?post=214963"},{"taxonomy":"product_tag","embeddable":true,"href":"https:\/\/electrovideo.eu\/en\/wp-json\/wp\/v2\/product_tag?post=214963"}],"curies":[{"name":"wp","href":"https:\/\/api.w.org\/{rel}","templated":true}]}}