{"id":214941,"date":"2025-09-24T02:41:16","date_gmt":"2025-09-24T00:41:16","guid":{"rendered":"https:\/\/electrovideo.eu\/produit\/asus-zenbook-14-oled-ux3405ca-pz006w\/"},"modified":"2025-11-30T13:35:09","modified_gmt":"2025-11-30T11:35:09","slug":"asus-zenbook-14-oled-ux3405ca-pz006w","status":"publish","type":"product","link":"https:\/\/electrovideo.eu\/en\/product\/asus-zenbook-14-oled-ux3405ca-pz006w\/","title":{"rendered":"ASUS Zenbook 14 OLED UX3405CA-PZ006W"},"content":{"rendered":"<div id=\"description\" class=\"description\">\n<div class=\"details-pdt-desc\">\n<h2 class=\"h2-master\">Performances mobiles avec un \u00e9cran OLED 3K de 14&#8243;<\/h2>\n<section>Taill\u00e9 pour la performance et la mobilit\u00e9, le <strong>PC portable ASUS Zenbook 14 OLED UX3405<\/strong> b\u00e9n\u00e9ficie d&#8217;un design remarquable. Combinant ch\u00e2ssis compact et \u00e9cran \u00e0 bords fins, il maximise \u00e0 la fois le confort et la mobilit\u00e9 ! Parfaitement adapt\u00e9 pour le travail et le divertissement occasionnel, cet ordinateur portable sera un achat id\u00e9al pour les d\u00e9placements fr\u00e9quents !<\/section>\n<section>\n<div class=\"desc-image\"><img decoding=\"async\" src=\"https:\/\/electrovideo.eu\/wp-content\/uploads\/2025\/09\/801-69.jpg\" alt=\"\" \/><\/div>\n<div class=\"desc-text\">\n<h2>Performances optimis\u00e9es par l&#8217;IA<\/h2>\n<p>Abordez vos t\u00e2ches sans effort gr\u00e2ce aux prouesses multit\u00e2ches am\u00e9lior\u00e9es par l&#8217;IA du Zenbook 14 OLED. Gr\u00e2ce au moteur d&#8217;Intelligence artificielle NPU int\u00e9gr\u00e9 au processeur Intel Core Ultra, les applications reposant sur l&#8217;IA fuseront, tandis que son stockage SSD ultra-rapide, 32 Go RAM et le WiFi 7 vous assurent une r\u00e9duction des temps d&#8217;attente pour que vous puissiez travailler plus rapidement, o\u00f9 que vous soyez.<\/p>\n<\/div>\n<\/section>\n<section>\n<div class=\"desc-text\">\n<h2>\u00c9cran OLED 3K au format 16\/10<\/h2>\n<p>L&#8217;\u00e9cran ASUS Lumina OLED ultra-vif de 2880 par 1800 rend chaque moment incroyable, par sa luminosit\u00e9 de 400 nits (et jusqu&#8217;\u00e0 500 nits HDR), son format 16:10 adapt\u00e9 au web, et son rapport \u00e9cran\/appareil de 87 %. La synchronisation adaptative ajuste automatiquement le taux de rafra\u00eechissement pour des images toujours fluides. De plus, la certification DisplayHDR True Black 500 signifie qu&#8217;il affiche les noirs particuli\u00e8rement profonds.<\/p>\n<\/div>\n<div class=\"desc-image\"><img decoding=\"async\" src=\"https:\/\/electrovideo.eu\/wp-content\/uploads\/2025\/09\/802-62.jpg\" alt=\"\" \/><\/div>\n<\/section>\n<section>\n<div class=\"desc-image\"><img decoding=\"async\" src=\"https:\/\/electrovideo.eu\/wp-content\/uploads\/2025\/09\/803-25.jpg\" alt=\"\" \/><\/div>\n<div class=\"desc-text\">\n<h2>Confort au quotidien<\/h2>\n<p>L&#8217;innovation sign\u00e9e ASUS au niveau du clavier silencieux \u00e9limine \u00e9l\u00e9gamment les bruits intrusifs, au b\u00e9n\u00e9fice de votre espace personnel et de ceux qui se trouvent \u00e0 proximit\u00e9. De plus, une simple pression sur le raccourci emoji insufflera une expression dynamique \u00e0 vos conversations. Pour faciliter la saisie des chiffres, le pav\u00e9 tactile est \u00e9quip\u00e9 du clavier num\u00e9rique virtuel ASUS NumPad 2.0.<\/p>\n<\/div>\n<\/section>\n<section class=\"list\">\n<h2>Caract\u00e9ristiques principales :<\/h2>\n<ul>\n<li style=\"list-style-type: none;\">\n<ul>\n<li>Design \u00e9l\u00e9gant et ultra-l\u00e9ger<\/li>\n<li><strong>Processeur Intel Core Ultra 9 285H<\/strong><\/li>\n<li>32 Go de m\u00e9moire LPDDR5X (m\u00e9moire int\u00e9gr\u00e9e)<\/li>\n<li>\u00c9cran OLED Tactile de 14&#8243; anti-reflets avec<strong>\u00a0<\/strong>r\u00e9solution\u00a0<strong>2.8K<\/strong>\u00a0(2880 x 1800)<\/li>\n<li><strong>SSD M.2 PCIe 4.0 de 1 To<\/strong><\/li>\n<li>Connexion sans fil performante avec les technologies\u00a0<strong>Wi-Fi 7\u00a0<\/strong>et\u00a0<strong>Bluetooth 5.4<\/strong><\/li>\n<li><strong>Clavier chiclet r\u00e9tro\u00e9clair\u00e9<\/strong>, pour un parfait confort de frappe<\/li>\n<li>Webcam HD 1080p int\u00e9gr\u00e9e<\/li>\n<li>Pav\u00e9 tactile avec pav\u00e9 num\u00e9rique &#8220;NumPad&#8221; int\u00e9gr\u00e9<\/li>\n<li><strong>Windows 11 Famille<\/strong><\/li>\n<\/ul>\n<\/li>\n<\/ul>\n<\/section>\n<\/div>\n<div class=\"emphasis\">\n<p><strong>Qu&#8217;est ce que le DAS ou D\u00e9bit d&#8217;Absorption Sp\u00e9cifique ?<\/strong><\/p>\n<p>Le d\u00e9bit d&#8217;absorption sp\u00e9cifique (DAS) local quantifie l&#8217;exposition de l&#8217;utilisateur aux ondes \u00e9lectromagn\u00e9tiques de l&#8217;\u00e9quipement concern\u00e9. Le DAS maximal autoris\u00e9 est de 2 W\/kg pour la t\u00eate et le tronc et de 4 W\/kg pour les membres.<\/p>\n<p>&nbsp;<\/p>\n<\/div>\n<\/div>\n","protected":false},"excerpt":{"rendered":"<p>Intel Core Ultra 9 285H 32 Go SSD 1 To 14&#8243; OLED 3K 120 Hz Wi-Fi 7\/Bluetooth Webcam Windows 11 Famille<\/p>\n","protected":false},"featured_media":214943,"comment_status":"open","ping_status":"closed","template":"","meta":{"_monsterinsights_skip_tracking":false,"_monsterinsights_sitenote_active":false,"_monsterinsights_sitenote_note":"","_monsterinsights_sitenote_category":0},"etheme_brands":[{"term_id":53,"name":"ASUS","slug":"asus","term_group":0,"term_taxonomy_id":53,"taxonomy":"brand","description":"","parent":0,"count":248,"filter":"raw"}],"product_brand":[],"product_cat":[2499],"product_tag":[],"class_list":{"0":"post-214941","1":"product","2":"type-product","3":"status-publish","4":"has-post-thumbnail","6":"brand-asus","7":"product_cat-gaming-laptop","9":"first","10":"instock","11":"taxable","12":"shipping-taxable","13":"purchasable","14":"product-type-simple"},"_links":{"self":[{"href":"https:\/\/electrovideo.eu\/en\/wp-json\/wp\/v2\/product\/214941","targetHints":{"allow":["GET"]}}],"collection":[{"href":"https:\/\/electrovideo.eu\/en\/wp-json\/wp\/v2\/product"}],"about":[{"href":"https:\/\/electrovideo.eu\/en\/wp-json\/wp\/v2\/types\/product"}],"replies":[{"embeddable":true,"href":"https:\/\/electrovideo.eu\/en\/wp-json\/wp\/v2\/comments?post=214941"}],"version-history":[{"count":0,"href":"https:\/\/electrovideo.eu\/en\/wp-json\/wp\/v2\/product\/214941\/revisions"}],"wp:featuredmedia":[{"embeddable":true,"href":"https:\/\/electrovideo.eu\/en\/wp-json\/wp\/v2\/media\/214943"}],"wp:attachment":[{"href":"https:\/\/electrovideo.eu\/en\/wp-json\/wp\/v2\/media?parent=214941"}],"wp:term":[{"taxonomy":"brand","embeddable":true,"href":"https:\/\/electrovideo.eu\/en\/wp-json\/wp\/v2\/etheme_brands?post=214941"},{"taxonomy":"product_brand","embeddable":true,"href":"https:\/\/electrovideo.eu\/en\/wp-json\/wp\/v2\/product_brand?post=214941"},{"taxonomy":"product_cat","embeddable":true,"href":"https:\/\/electrovideo.eu\/en\/wp-json\/wp\/v2\/product_cat?post=214941"},{"taxonomy":"product_tag","embeddable":true,"href":"https:\/\/electrovideo.eu\/en\/wp-json\/wp\/v2\/product_tag?post=214941"}],"curies":[{"name":"wp","href":"https:\/\/api.w.org\/{rel}","templated":true}]}}