{"id":214936,"date":"2025-09-24T02:41:16","date_gmt":"2025-09-24T00:41:16","guid":{"rendered":"https:\/\/electrovideo.eu\/produit\/acer-aspire-go-15-ag15-71p-5730\/"},"modified":"2025-11-25T01:56:14","modified_gmt":"2025-11-24T23:56:14","slug":"acer-aspire-go-15-ag15-71p-5730","status":"publish","type":"product","link":"https:\/\/electrovideo.eu\/en\/product\/acer-aspire-go-15-ag15-71p-5730\/","title":{"rendered":"Acer Aspire Go 15 AG15-71P-5730"},"content":{"rendered":"<div id=\"description\" class=\"description\">\n<div class=\"details-pdt-desc\">\n<h2 class=\"h2-master\">Confort au quotidien<\/h2>\n<section>\n<p>Profitez d&#8217;excellentes performances pour un prix abordable avec le PC portable <strong>Acer Aspire Go 15 AG15-71P<\/strong>. \u00c0 la fois \u00e9l\u00e9gant et efficace, il sera adapt\u00e9 pour les applications de bureautique, la navigation web et le divertissement multim\u00e9dia. Le PC <strong>Acer Aspire Go 15 AG15-71P-5730<\/strong> offre d&#8217;excellentes performances gr\u00e2ce \u00e0 son processeur <strong>Intel Core i5-1334U<\/strong>, ses 8 Go de m\u00e9moire DDR5 et son <strong>SSD M.2 PCIe NVMe de 512 Go<\/strong>.<br \/>\n&nbsp;<\/p>\n<\/section>\n<section>\n<div class=\"desc-image\"><span><img decoding=\"async\" alt=\"\" loading=\"lazy\" src=\"https:\/\/electrovideo.eu\/wp-content\/uploads\/2025\/09\/801-63.jpg\"><\/span><\/div>\n<div class=\"desc-text\">\n<h2>Performance au quotidien<\/h2>\n<p>L&#8217;ordinateur portable Acer Aspire Go 15 AG15-71P est par\u00e9 pour r\u00e9pondre efficacement aux besoins du quotidien avec son processeur Intel Core de 13e g\u00e9n\u00e9ration. Id\u00e9al pour toute la famille, il est ax\u00e9 sur les performances et la productivit\u00e9. Ce PC portable sera ainsi un achat id\u00e9al pour optimiser \u00e0 moindre co\u00fbt le travail, les \u00e9tudes ou les divertissements.<\/p>\n<\/div>\n<\/section>\n<section>\n<div class=\"desc-text\">\n<h2>Affichage confortable<\/h2>\n<p>L&#8217;\u00e9cran Full HD 1080p de ce PC portable Acer est id\u00e9al pour la navigation sur le Web et le streaming de vid\u00e9os, pour des images nettes et d\u00e9taill\u00e9es. Par ailleurs, avec Acer BlueLightShield, r\u00e9duisez les niveaux d&#8217;exposition \u00e0 la lumi\u00e8re bleue pour vous et vos proches.<\/p>\n<\/div>\n<div class=\"desc-image\"><span><img decoding=\"async\" alt=\"\" loading=\"lazy\" src=\"https:\/\/electrovideo.eu\/wp-content\/uploads\/2025\/09\/802-57.jpg\"><\/span><\/div>\n<\/section>\n<section class=\"list\">\n<h2>Caract\u00e9ristiques principales :<\/h2>\n<ul>\n<li><strong>Processeur&nbsp;Intel Core i5-1334U <\/strong><\/li>\n<li>8 Go de m\u00e9moire DDR5 (1x 8 Go &#8211; 2 slots &#8211; maximum 32 Go)<\/li>\n<li>\u00c9cran mat de 15.6 pouces avec r\u00e9solution<strong> Full HD<\/strong><\/li>\n<li><strong>SSD M.2 PCIe NVMe de 512 Go&nbsp;<\/strong><\/li>\n<li>Meilleur confort oculaire avec la technologie <strong>Acer Bluelight Shield<\/strong> (att\u00e9nue la lumi\u00e8re bleue)<\/li>\n<li>Communication sans fil Wi-Fi 6 + Bluetooth 5.0<\/li>\n<li>Batterie offrant jusqu&#8217;\u00e0 10 heures d&#8217;autonomie (selon votre utilisation)<\/li>\n<li>Webcam int\u00e9gr\u00e9e<\/li>\n<li><strong>Windows 11 Famille<\/strong><\/li>\n<li>Garantie constructeur 2 ans<\/li>\n<\/ul>\n<\/section>\n<\/div>\n<div class=\"emphasis\"><strong>Qu&#8217;est ce que le DAS ou D\u00e9bit d&#8217;Absorption Sp\u00e9cifique ?<\/strong><\/p>\n<p>Le d\u00e9bit d&#8217;absorption sp\u00e9cifique (DAS) local quantifie l&#8217;exposition de l&#8217;utilisateur aux ondes \u00e9lectromagn\u00e9tiques de l&#8217;\u00e9quipement concern\u00e9. Le DAS maximal autoris\u00e9 est de 2 W\/kg pour la t\u00eate et le tronc et de 4 W\/kg pour les membres.<\/p>\n<p><em>Tous les produits vendus sur le site Electrovideo.eu sont conformes \u00e0 cette r\u00e9glementation. Les valeurs DAS des produits concern\u00e9s sont indiqu\u00e9es au niveau des fiches produits dans la partie fiche technique.<\/em><\/p>\n<\/div><\/div>\n","protected":false},"excerpt":{"rendered":"<p>Intel Core i5-1334U 8 Go SSD 512 Go 15.6&#8243; LED Full HD Wi-Fi 6\/Bluetooth Webcam Windows 11 Famille<\/p>\n","protected":false},"featured_media":214937,"comment_status":"open","ping_status":"closed","template":"","meta":{"_monsterinsights_skip_tracking":false,"_monsterinsights_sitenote_active":false,"_monsterinsights_sitenote_note":"","_monsterinsights_sitenote_category":0},"etheme_brands":[{"term_id":4409,"name":"Acer","slug":"acer-en","term_group":0,"term_taxonomy_id":4409,"taxonomy":"brand","description":"","parent":0,"count":24,"filter":"raw"}],"product_brand":[],"product_cat":[2499],"product_tag":[],"class_list":{"0":"post-214936","1":"product","2":"type-product","3":"status-publish","4":"has-post-thumbnail","6":"brand-acer-en","7":"product_cat-gaming-laptop","9":"first","10":"instock","11":"sale","12":"taxable","13":"shipping-taxable","14":"purchasable","15":"product-type-simple"},"_links":{"self":[{"href":"https:\/\/electrovideo.eu\/en\/wp-json\/wp\/v2\/product\/214936","targetHints":{"allow":["GET"]}}],"collection":[{"href":"https:\/\/electrovideo.eu\/en\/wp-json\/wp\/v2\/product"}],"about":[{"href":"https:\/\/electrovideo.eu\/en\/wp-json\/wp\/v2\/types\/product"}],"replies":[{"embeddable":true,"href":"https:\/\/electrovideo.eu\/en\/wp-json\/wp\/v2\/comments?post=214936"}],"version-history":[{"count":0,"href":"https:\/\/electrovideo.eu\/en\/wp-json\/wp\/v2\/product\/214936\/revisions"}],"wp:featuredmedia":[{"embeddable":true,"href":"https:\/\/electrovideo.eu\/en\/wp-json\/wp\/v2\/media\/214937"}],"wp:attachment":[{"href":"https:\/\/electrovideo.eu\/en\/wp-json\/wp\/v2\/media?parent=214936"}],"wp:term":[{"taxonomy":"brand","embeddable":true,"href":"https:\/\/electrovideo.eu\/en\/wp-json\/wp\/v2\/etheme_brands?post=214936"},{"taxonomy":"product_brand","embeddable":true,"href":"https:\/\/electrovideo.eu\/en\/wp-json\/wp\/v2\/product_brand?post=214936"},{"taxonomy":"product_cat","embeddable":true,"href":"https:\/\/electrovideo.eu\/en\/wp-json\/wp\/v2\/product_cat?post=214936"},{"taxonomy":"product_tag","embeddable":true,"href":"https:\/\/electrovideo.eu\/en\/wp-json\/wp\/v2\/product_tag?post=214936"}],"curies":[{"name":"wp","href":"https:\/\/api.w.org\/{rel}","templated":true}]}}