{"id":214924,"date":"2025-09-24T02:45:37","date_gmt":"2025-09-24T00:45:37","guid":{"rendered":"https:\/\/electrovideo.eu\/produit\/asus-vivobook-14-x1404va-eb1145w\/"},"modified":"2025-11-25T01:56:43","modified_gmt":"2025-11-24T23:56:43","slug":"asus-vivobook-14-x1404va-eb1145w","status":"publish","type":"product","link":"https:\/\/electrovideo.eu\/en\/product\/asus-vivobook-14-x1404va-eb1145w\/","title":{"rendered":"ASUS VivoBook 14 X1404VA-EB1145W"},"content":{"rendered":"<div id=\"description\" class=\"description\">\n<div class=\"details-pdt-desc\">\n<h2 class=\"h2-master\">Mobilit\u00e9 et flexibilit\u00e9 au quotidien<\/h2>\n<section>\n<p>L&#8217;ordinateur portable ASUS Vivobook 14 X1404 est con\u00e7u pour vous rendre productif et vous divertir partout o\u00f9 vous allez ! Pour votre confort, il dispose notamment d&#8217;une charni\u00e8re \u00e0 180\u00b0 et d&#8217;un cache de webcam physique. Le PC portable ASUS VivoBook 14 X1404VA-EB1145W offre d&#8217;excellentes performances avec son <strong>processeur Intel Core 5 120U<\/strong>, ses 16 Go de m\u00e9moire DDR4 et son <strong>SSD M.2 PCIe NVMe de 1 To<\/strong>.<br \/>\n&nbsp;<\/p>\n<\/section>\n<section>\n<div class=\"desc-image\"><span><img decoding=\"async\" alt=\"\" loading=\"lazy\" src=\"https:\/\/electrovideo.eu\/wp-content\/uploads\/2025\/09\/801-77.jpg\"><\/span><\/div>\n<div class=\"desc-text\">\n<h2>Efficace et mobile<\/h2>\n<p>Ce Vivobook 14 est \u00e9quip\u00e9 d&#8217;un puissant processeur Intel Core 5 120U, de 16 Go de m\u00e9moire DDR4 et d&#8217;un stockage SSD de 1 To pour vous aider \u00e0 accomplir rapidement toutes vos t\u00e2ches.<\/p>\n<\/div>\n<\/section>\n<section>\n<div class=\"desc-text\">\n<h2>Confort et collaboration<\/h2>\n<p>Le Vivobook 14 est dot\u00e9 d&#8217;une charni\u00e8re \u00e0 180\u00b0, con\u00e7ue avec pr\u00e9cision, qui facilite le partage de contenu ou la collaboration avec d&#8217;autres personnes. Par ailleurs, le clavier ErgoSense d&#8217;ASUS offre une sensation plus satisfaisante, avec un rebond et un d\u00e9placement optimaux calcul\u00e9s avec une grande pr\u00e9cision. Faites l&#8217;exp\u00e9rience du clavier ErgoSense pour \u00eatre parfaitement \u00e0 l&#8217;aise dans votre travail !<\/p>\n<\/div>\n<div class=\"desc-image\"><span><img decoding=\"async\" alt=\"\" loading=\"lazy\" src=\"https:\/\/electrovideo.eu\/wp-content\/uploads\/2025\/09\/802-70.jpg\"><\/span><\/div>\n<\/section>\n<section>\n<div class=\"desc-image\"><span><img decoding=\"async\" alt=\"\" loading=\"lazy\" src=\"https:\/\/electrovideo.eu\/wp-content\/uploads\/2025\/09\/803-30.jpg\"><\/span><\/div>\n<div class=\"desc-text\">\n<h2>Audio de qualit\u00e9<\/h2>\n<p>Le Vivobook 14 offre un son puissant et cristallin gr\u00e2ce \u00e0 ASUS SonicMaster. La combinaison du mat\u00e9riel et du logiciel permet d&#8217;augmenter le volume et de supprimer les bruits parasites pour am\u00e9liorer la clart\u00e9 du son, afin de vous offrir un son plus immersif.<\/p>\n<\/div>\n<\/section>\n<section>\n<h2>Caract\u00e9ristiques principales :<\/h2>\n<ul>\n<li><strong>Processeur Intel Core 5 120U<\/strong><\/li>\n<li>\u00c9cran de 14&#8243; avec r\u00e9solution de 1920 x 1080<\/li>\n<li>16 Go de m\u00e9moire DDR4 (8 Go de m\u00e9moire int\u00e9gr\u00e9e + 8 Go)<\/li>\n<li><strong>SSD M.2 PCIe NVMe de 1 To<\/strong><\/li>\n<li>Connexion sans fil Wi-Fi 6 + Bluetooth 5.2<\/li>\n<li>Webcam HD 720p avec cache int\u00e9gr\u00e9<\/li>\n<li>Mod\u00e8le avec NumberPad int\u00e9gr\u00e9 au pav\u00e9 tactile<\/li>\n<li><strong>Windows 11 Famille<\/strong><\/li>\n<li>Garantie constructeur 2 ans (enl\u00e8vement et retour&nbsp;sur site en France m\u00e9tropolitaine)<\/li>\n<\/ul>\n<\/section>\n<\/div>\n<div class=\"emphasis\"><strong>Qu&#8217;est-ce que le DAS ou D\u00e9bit d&#8217;Absorption Sp\u00e9cifique ?<\/strong><\/p>\n<p>Le d\u00e9bit d&#8217;absorption sp\u00e9cifique (DAS) local quantifie l&#8217;exposition de l&#8217;utilisateur aux ondes \u00e9lectromagn\u00e9tiques de l&#8217;\u00e9quipement concern\u00e9. Le DAS maximal autoris\u00e9 est de 2 W\/kg pour la t\u00eate et le tronc et de 4 W\/kg pour les membres.<\/p>\n<p><em>Tous les produits vendus sur le site Electrovideo.eu sont conformes \u00e0 cette r\u00e9glementation. Les valeurs DAS des produits concern\u00e9s sont indiqu\u00e9es au niveau des fiches produits dans la partie fiche technique.<\/em><\/p>\n<\/div><\/div>\n","protected":false},"excerpt":{"rendered":"<p>Intel Core 5 120U 16 Go SSD 1 To 14&#8243; LED Full HD Wi-Fi 6\/Bluetooth Webcam Windows 11 Famille<\/p>\n","protected":false},"featured_media":214926,"comment_status":"open","ping_status":"closed","template":"","meta":{"_monsterinsights_skip_tracking":false,"_monsterinsights_sitenote_active":false,"_monsterinsights_sitenote_note":"","_monsterinsights_sitenote_category":0},"etheme_brands":[{"term_id":53,"name":"ASUS","slug":"asus","term_group":0,"term_taxonomy_id":53,"taxonomy":"brand","description":"","parent":0,"count":248,"filter":"raw"}],"product_brand":[],"product_cat":[2499],"product_tag":[],"class_list":{"0":"post-214924","1":"product","2":"type-product","3":"status-publish","4":"has-post-thumbnail","6":"brand-asus","7":"product_cat-gaming-laptop","9":"first","10":"instock","11":"taxable","12":"shipping-taxable","13":"purchasable","14":"product-type-simple"},"_links":{"self":[{"href":"https:\/\/electrovideo.eu\/en\/wp-json\/wp\/v2\/product\/214924","targetHints":{"allow":["GET"]}}],"collection":[{"href":"https:\/\/electrovideo.eu\/en\/wp-json\/wp\/v2\/product"}],"about":[{"href":"https:\/\/electrovideo.eu\/en\/wp-json\/wp\/v2\/types\/product"}],"replies":[{"embeddable":true,"href":"https:\/\/electrovideo.eu\/en\/wp-json\/wp\/v2\/comments?post=214924"}],"version-history":[{"count":0,"href":"https:\/\/electrovideo.eu\/en\/wp-json\/wp\/v2\/product\/214924\/revisions"}],"wp:featuredmedia":[{"embeddable":true,"href":"https:\/\/electrovideo.eu\/en\/wp-json\/wp\/v2\/media\/214926"}],"wp:attachment":[{"href":"https:\/\/electrovideo.eu\/en\/wp-json\/wp\/v2\/media?parent=214924"}],"wp:term":[{"taxonomy":"brand","embeddable":true,"href":"https:\/\/electrovideo.eu\/en\/wp-json\/wp\/v2\/etheme_brands?post=214924"},{"taxonomy":"product_brand","embeddable":true,"href":"https:\/\/electrovideo.eu\/en\/wp-json\/wp\/v2\/product_brand?post=214924"},{"taxonomy":"product_cat","embeddable":true,"href":"https:\/\/electrovideo.eu\/en\/wp-json\/wp\/v2\/product_cat?post=214924"},{"taxonomy":"product_tag","embeddable":true,"href":"https:\/\/electrovideo.eu\/en\/wp-json\/wp\/v2\/product_tag?post=214924"}],"curies":[{"name":"wp","href":"https:\/\/api.w.org\/{rel}","templated":true}]}}