{"id":214914,"date":"2025-09-24T02:45:37","date_gmt":"2025-09-24T00:45:37","guid":{"rendered":"https:\/\/electrovideo.eu\/produit\/asus-vivobook-15-x1504va-bq3089\/"},"modified":"2025-11-25T01:55:57","modified_gmt":"2025-11-24T23:55:57","slug":"asus-vivobook-15-x1504va-bq3089","status":"publish","type":"product","link":"https:\/\/electrovideo.eu\/en\/product\/asus-vivobook-15-x1504va-bq3089\/","title":{"rendered":"ASUS Vivobook 15 X1504VA-BQ3089"},"content":{"rendered":"<div id=\"description\" class=\"description\">\n<div class=\"details-pdt-desc\">\n<h2 class=\"h2-master\">Performance et mobilit\u00e9<\/h2>\n<section>\n<p>Mince, \u00e9l\u00e9gant et sophistiqu\u00e9, le PC portable <strong>ASUS Vivobook 15X X1504VA<\/strong> vous offre la puissance et la mobilit\u00e9 dont vous avez besoin. Son \u00e9cran de 15.6&#8243; \u00e0 cadre mince (rapport surface\/\u00e9cran de 84\u2009%) et son clavier chiclet offrent un excellent confort d&#8217;utilisation.<br \/>\n&nbsp;<\/p>\n<\/section>\n<section>\n<div class=\"desc-image\"><span><img decoding=\"async\" alt=\"\" loading=\"lazy\" src=\"https:\/\/electrovideo.eu\/wp-content\/uploads\/2025\/09\/801-78.jpg\"><\/span><\/div>\n<div class=\"desc-text\">\n<h2>Performance et confort<\/h2>\n<p>Avec son processeur Intel Core de 13e g\u00e9n\u00e9ration, sa m\u00e9moire RAM DDR4 et son SSD au format M.2 PCIe 4.0, le PC portable ASUS Vivobook 15 X1504 offre puissance et vitesse. Ce PC portable ASUS sera ainsi adapt\u00e9 \u00e0 un large \u00e9ventail d&#8217;utilisations, aussi bien pour le travail que pour le divertissement num\u00e9rique.<\/p>\n<p>Par ailleurs, le clavier ErgoSense d\u2019ASUS offre une sensation particuli\u00e8rement satisfaisante, avec un rebond et un d\u00e9placement optimaux des touches calcul\u00e9s avec une pr\u00e9cision finement ajust\u00e9e.<\/p>\n<\/div>\n<\/section>\n<section>\n<div class=\"desc-text\">\n<h2>Connectique compl\u00e8te<\/h2>\n<p>Le Vivobook 15 vous permet de rester connect\u00e9 gr\u00e2ce \u00e0 ses ports d&#8217;E\/S complets. Il a un port USB-C 3.2 Gen 1, deux ports USB 3.2 Gen 1 Type-A, un port USB 2.0, une sortie HDMI et une prise audio combin\u00e9e. Il est donc facile de connecter tous vos p\u00e9riph\u00e9riques, \u00e9crans et projecteurs existants.<\/p>\n<\/div>\n<div class=\"desc-image\"><span><img decoding=\"async\" alt=\"\" loading=\"lazy\" src=\"https:\/\/electrovideo.eu\/wp-content\/uploads\/2025\/09\/802-71.jpg\"><\/span><\/div>\n<\/section>\n<section>\n<div class=\"desc-image\"><span><img decoding=\"async\" alt=\"\" loading=\"lazy\" src=\"https:\/\/electrovideo.eu\/wp-content\/uploads\/2025\/09\/803-31.jpg\"><\/span><\/div>\n<div class=\"desc-text\">\n<h2>Robuste et durable<\/h2>\n<p>Conformes \u00e0 la norme am\u00e9ricaine MIL-STD-810H de qualit\u00e9 militaire, les ordinateurs portables ASUS sont particuli\u00e8rement robustes. Pendant leur conception, ils sont soumis \u00e0 12 m\u00e9thodes et 26 proc\u00e9dures de test rigoureuses, d\u00e9passant ainsi les normes de l&#8217;industrie. Le r\u00e9sultat se traduit par une gamme de produits r\u00e9put\u00e9s pour leur fiabilit\u00e9 et leur durabilit\u00e9.<\/p>\n<\/div>\n<\/section>\n<section class=\"list\">\n<h2>Caract\u00e9ristiques principales :<\/h2>\n<ul>\n<li><strong>Processeur Intel Core i3-1315U<\/strong><\/li>\n<li>16 Go de m\u00e9moire DDR4 (8 Go de m\u00e9moire int\u00e9gr\u00e9e + 1x 8 Go)<\/li>\n<li>\u00c9cran de 15.6 pouces avec r\u00e9solution Full HD (1920 x 1080)<\/li>\n<li><strong>SSD M.2 PCIe 4.0 de 512 Go<\/strong><\/li>\n<li>Communication sans fil Wi-Fi 6 + Bluetooth 5.2<\/li>\n<li>Webcam HD 720p int\u00e9gr\u00e9e<\/li>\n<li>Excellent confort de frappe avec un clavier chiclet<\/li>\n<li><strong>PC portable fourni sans syst\u00e8me d&#8217;exploitation<\/strong><\/li>\n<\/ul>\n<\/section>\n<\/div><\/div>\n","protected":false},"excerpt":{"rendered":"<p>Intel Core i3-1315U 16 Go SSD 512 Go 15.6&#8243; LED Full HD Wi-Fi 6\/Bluetooth Webcam (sans OS)<\/p>\n","protected":false},"featured_media":214915,"comment_status":"open","ping_status":"closed","template":"","meta":{"_monsterinsights_skip_tracking":false,"_monsterinsights_sitenote_active":false,"_monsterinsights_sitenote_note":"","_monsterinsights_sitenote_category":0},"etheme_brands":[{"term_id":53,"name":"ASUS","slug":"asus","term_group":0,"term_taxonomy_id":53,"taxonomy":"brand","description":"","parent":0,"count":248,"filter":"raw"}],"product_brand":[],"product_cat":[2499],"product_tag":[],"class_list":{"0":"post-214914","1":"product","2":"type-product","3":"status-publish","4":"has-post-thumbnail","6":"brand-asus","7":"product_cat-gaming-laptop","9":"first","10":"instock","11":"sale","12":"taxable","13":"shipping-taxable","14":"purchasable","15":"product-type-simple"},"_links":{"self":[{"href":"https:\/\/electrovideo.eu\/en\/wp-json\/wp\/v2\/product\/214914","targetHints":{"allow":["GET"]}}],"collection":[{"href":"https:\/\/electrovideo.eu\/en\/wp-json\/wp\/v2\/product"}],"about":[{"href":"https:\/\/electrovideo.eu\/en\/wp-json\/wp\/v2\/types\/product"}],"replies":[{"embeddable":true,"href":"https:\/\/electrovideo.eu\/en\/wp-json\/wp\/v2\/comments?post=214914"}],"version-history":[{"count":0,"href":"https:\/\/electrovideo.eu\/en\/wp-json\/wp\/v2\/product\/214914\/revisions"}],"wp:featuredmedia":[{"embeddable":true,"href":"https:\/\/electrovideo.eu\/en\/wp-json\/wp\/v2\/media\/214915"}],"wp:attachment":[{"href":"https:\/\/electrovideo.eu\/en\/wp-json\/wp\/v2\/media?parent=214914"}],"wp:term":[{"taxonomy":"brand","embeddable":true,"href":"https:\/\/electrovideo.eu\/en\/wp-json\/wp\/v2\/etheme_brands?post=214914"},{"taxonomy":"product_brand","embeddable":true,"href":"https:\/\/electrovideo.eu\/en\/wp-json\/wp\/v2\/product_brand?post=214914"},{"taxonomy":"product_cat","embeddable":true,"href":"https:\/\/electrovideo.eu\/en\/wp-json\/wp\/v2\/product_cat?post=214914"},{"taxonomy":"product_tag","embeddable":true,"href":"https:\/\/electrovideo.eu\/en\/wp-json\/wp\/v2\/product_tag?post=214914"}],"curies":[{"name":"wp","href":"https:\/\/api.w.org\/{rel}","templated":true}]}}