{"id":214889,"date":"2025-09-24T03:08:46","date_gmt":"2025-09-24T01:08:46","guid":{"rendered":"https:\/\/electrovideo.eu\/produit\/hp-omnibook-3-14-ha0011nf-copilot-pc\/"},"modified":"2025-11-25T01:56:57","modified_gmt":"2025-11-24T23:56:57","slug":"hp-omnibook-3-14-ha0011nf-copilot-pc","status":"publish","type":"product","link":"https:\/\/electrovideo.eu\/en\/product\/hp-omnibook-3-14-ha0011nf-copilot-pc\/","title":{"rendered":"HP OmniBook 3 14-ha0011nf Copilot+ PC"},"content":{"rendered":"<div id=\"description\" class=\"description\">\n<div class=\"details-pdt-desc\">\n<h2 class=\"h2-master\">Travaillez efficacement avec la puissance de l\u2019IA<\/h2>\n<section>\n<p>Le <strong>PC portable HP OmniBook 3 de 14 pouces<\/strong> offre des performances rapides avec un processeur AMD Ryzen AI et une autonomie prolong\u00e9e. Avec lui, travaillez et fonctionnez en multit\u00e2che en toute simplicit\u00e9, profitez d\u2019un \u00e9cran Full HD et d&#8217;une connexion en toute s\u00e9curit\u00e9 avec une webcam HP True Vision et un obturateur de confidentialit\u00e9.<br \/>\n&nbsp;<\/p>\n<\/section>\n<section>\n<div class=\"desc-image\"><span><img decoding=\"async\" alt=\"\" loading=\"lazy\" src=\"https:\/\/electrovideo.eu\/wp-content\/uploads\/2025\/09\/801-95.jpg\"><\/span><\/div>\n<div class=\"desc-text\">\n<h2>Puissance et efficacit\u00e9<\/h2>\n<p>Le PC portable HP OmniBook 3 14 vous permettra d&#8217;aller plus loin gr\u00e2ce \u00e0 son processeur AMD Ryzen AI et sa batterie longue dur\u00e9e, pour toute une journ\u00e9e d&#8217;autonomie. Faites l&#8221;exp\u00e9rience de la vitesse \u00e0 l\u2019\u00e9tat pur, d&#8217;une r\u00e9activit\u00e9 et d\u2019un traitement IA \u00e9conome en \u00e9nergie pour les PC Copilot+.<\/p>\n<\/div>\n<\/section>\n<section>\n<div class=\"desc-text\">\n<h2>\u00c9cran Full HD compatible FreeSync<\/h2>\n<p>Gr\u00e2ce \u00e0 l&#8217;\u00e9cran de 14 pouces avec r\u00e9solution Full HD, travaillez confortablement en d\u00e9placement et profitez d&#8217;un divertissement num\u00e9rique de qualit\u00e9. Constatez et ressentez la diff\u00e9rence d\u2019une exp\u00e9rience de jeu fluide et r\u00e9active. En synchronisant la fr\u00e9quence d&#8217;actualisation avec votre processeur graphique, Avec AMD FreeSync, les d\u00e9calages d\u2019affichage, les retards de saisie d\u2019entr\u00e9e et les d\u00e9chirures sont de l&#8217;histoire ancienne !<\/p>\n<\/div>\n<div class=\"desc-image\"><span><img decoding=\"async\" alt=\"\" loading=\"lazy\" src=\"https:\/\/electrovideo.eu\/wp-content\/uploads\/2025\/09\/802-86.jpg\"><\/span><\/div>\n<\/section>\n<section class=\"list\">\n<h2>Caract\u00e9ristiques principales :<\/h2>\n<ul>\n<li>\u00c9cran de 14&#8243; Full HD compatible FreeSync<\/li>\n<li>Processeur AMD Ryzen AI 5 340<\/li>\n<li>24 Go LPDDR5x (m\u00e9moire int\u00e9gr\u00e9e)<\/li>\n<li>SSD M.2 PCIe 4.0 de 512 Go<\/li>\n<li>Connectivit\u00e9 sans fil Wi-Fi 6 + Bluetooth 5.4<\/li>\n<li>Cam\u00e9ra HP&nbsp;True&nbsp;Vision FHD&nbsp;1080p avec obturateur<\/li>\n<li>Windows 11 Famille<\/li>\n<\/ul>\n<\/section>\n<\/div><\/div>\n","protected":false},"excerpt":{"rendered":"<p>AMD Ryzen AI 5 340 24 Go SSD 512 Go 14&#8243; LED Full HD Wi-Fi 6\/Bluetooth Webcam Windows 11 Famille<\/p>\n","protected":false},"featured_media":214891,"comment_status":"open","ping_status":"closed","template":"","meta":{"_monsterinsights_skip_tracking":false,"_monsterinsights_sitenote_active":false,"_monsterinsights_sitenote_note":"","_monsterinsights_sitenote_category":0},"etheme_brands":[],"product_brand":[],"product_cat":[2499],"product_tag":[],"class_list":{"0":"post-214889","1":"product","2":"type-product","3":"status-publish","4":"has-post-thumbnail","6":"product_cat-gaming-laptop","8":"first","9":"instock","10":"taxable","11":"shipping-taxable","12":"purchasable","13":"product-type-simple"},"_links":{"self":[{"href":"https:\/\/electrovideo.eu\/en\/wp-json\/wp\/v2\/product\/214889","targetHints":{"allow":["GET"]}}],"collection":[{"href":"https:\/\/electrovideo.eu\/en\/wp-json\/wp\/v2\/product"}],"about":[{"href":"https:\/\/electrovideo.eu\/en\/wp-json\/wp\/v2\/types\/product"}],"replies":[{"embeddable":true,"href":"https:\/\/electrovideo.eu\/en\/wp-json\/wp\/v2\/comments?post=214889"}],"version-history":[{"count":0,"href":"https:\/\/electrovideo.eu\/en\/wp-json\/wp\/v2\/product\/214889\/revisions"}],"wp:featuredmedia":[{"embeddable":true,"href":"https:\/\/electrovideo.eu\/en\/wp-json\/wp\/v2\/media\/214891"}],"wp:attachment":[{"href":"https:\/\/electrovideo.eu\/en\/wp-json\/wp\/v2\/media?parent=214889"}],"wp:term":[{"taxonomy":"brand","embeddable":true,"href":"https:\/\/electrovideo.eu\/en\/wp-json\/wp\/v2\/etheme_brands?post=214889"},{"taxonomy":"product_brand","embeddable":true,"href":"https:\/\/electrovideo.eu\/en\/wp-json\/wp\/v2\/product_brand?post=214889"},{"taxonomy":"product_cat","embeddable":true,"href":"https:\/\/electrovideo.eu\/en\/wp-json\/wp\/v2\/product_cat?post=214889"},{"taxonomy":"product_tag","embeddable":true,"href":"https:\/\/electrovideo.eu\/en\/wp-json\/wp\/v2\/product_tag?post=214889"}],"curies":[{"name":"wp","href":"https:\/\/api.w.org\/{rel}","templated":true}]}}