{"id":214884,"date":"2025-09-24T03:08:46","date_gmt":"2025-09-24T01:08:46","guid":{"rendered":"https:\/\/electrovideo.eu\/produit\/asus-vivobook-15-oled-s1505va-l1787w\/"},"modified":"2025-11-25T01:56:46","modified_gmt":"2025-11-24T23:56:46","slug":"asus-vivobook-15-oled-s1505va-l1787w","status":"publish","type":"product","link":"https:\/\/electrovideo.eu\/en\/product\/asus-vivobook-15-oled-s1505va-l1787w\/","title":{"rendered":"ASUS Vivobook 15 OLED S1505VA-L1787W"},"content":{"rendered":"<div id=\"description\" class=\"description\">\n<div class=\"details-pdt-desc\">\n<h2 class=\"h2-master\">Performance et mobilit\u00e9 avec un \u00e9cran OLED<\/h2>\n<section>\n<p>Mince, \u00e9l\u00e9gant et sophistiqu\u00e9, le PC portable <strong>ASUS Vivobook S15 OLED S1505<\/strong> vous offre la puissance et la mobilit\u00e9 dont vous avez besoin. Son \u00e9cran OLED de 15.6&#8243; \u00e0 cadre mince et son clavier r\u00e9tro\u00e9clair\u00e9 offrent un excellent confort d&#8217;utilisation. Le PC portable ASUS Vivobook 15 OLED S1505VA-L1787W offre d&#8217;excellentes performances et un fonctionnement rapide gr\u00e2ce \u00e0 son <strong>processeur Intel Core i5-13420H<\/strong>, ses 16 Go de m\u00e9moire DDR4 et son <strong>SSD M.2 PCIe de 1 To<\/strong>.<br \/>\n&nbsp;<\/p>\n<\/section>\n<section>\n<div class=\"desc-image\"><span><img decoding=\"async\" alt=\"\" loading=\"lazy\" src=\"https:\/\/electrovideo.eu\/wp-content\/uploads\/2025\/09\/801-71.jpg\"><\/span><\/div>\n<div class=\"desc-text\">\n<h2>Performance et confort<\/h2>\n<p>Avec son processeur Intel Core de 13e g\u00e9n\u00e9ration, sa m\u00e9moire de type DDR4 et son SSD au format M.2 PCIe, le PC portable ASUS Vivobook 15 OLED S1505 offre puissance et vitesse. Ce PC portable ASUS sera ainsi adapt\u00e9 \u00e0 un large \u00e9ventails d&#8217;utilisations, aussi bien pour le travail que pour le divertissement num\u00e9rique.<\/p>\n<\/div>\n<\/section>\n<section>\n<div class=\"desc-text\">\n<h2>Couleurs splendides avec un \u00e9cran OLED<\/h2>\n<p>La dalle OLED de ce mod\u00e8le apporte un affichage des couleurs de meilleure qualit\u00e9, avec une <strong>couverture des couleurs plus large (100% DCI-P3) quel que soit le niveau de luminosit\u00e9<\/strong>, pour une restitution des couleurs plus riche et plus fid\u00e8le \u00e0 la r\u00e9alit\u00e9. La capacit\u00e9 d&#8217;affichage des couleurs est \u00e9galement plus vaste avec jusqu&#8217;\u00e0 1,07 millard de couleurs. L&#8217;id\u00e9al pour vos projets artistiques, mais aussi pour mettre en valeur tout type de contenu ! Le temps de r\u00e9ponse est aussi plus rapide avec 0,2 ms contre en moyenne 10 ms sur d&#8217;autres mod\u00e8les avec \u00e9cran LCD classique.<\/p>\n<\/div>\n<div class=\"desc-image\"><span><img decoding=\"async\" alt=\"\" loading=\"lazy\" src=\"https:\/\/electrovideo.eu\/wp-content\/uploads\/2025\/09\/oled.jpg\"><\/span><\/div>\n<\/section>\n<section class=\"list\">\n<h2>Caract\u00e9ristiques principales :<\/h2>\n<ul>\n<li><strong>Processeur Intel Core i5-13420H<\/strong><\/li>\n<li>16 Go de m\u00e9moire DDR4 (8 Go int\u00e9gr\u00e9s + 8 Go)<\/li>\n<li>\u00c9cran OLED de 15.6 pouces brillant avec r\u00e9solution Full HD<\/li>\n<li><strong>SSD M.2 PCIe 4.0 de 1 To<\/strong><\/li>\n<li>Communication sans fil Wi-Fi AC + Bluetooth 5.1<\/li>\n<li>Webcam HD 720p int\u00e9gr\u00e9e<\/li>\n<li>Excellent confort de frappe avec un clavier \u00e0 touches r\u00e9tro\u00e9clair\u00e9es<\/li>\n<li><strong>Windows 11 Famille<\/strong><\/li>\n<\/ul>\n<\/section>\n<\/div><\/div>\n","protected":false},"excerpt":{"rendered":"<p>Intel Core i5-13420H 16 Go SSD 1 To 15.6&#8243; OLED Full HD Wi-Fi 5\/Bluetooth Webcam Windows 11 Famille<\/p>\n","protected":false},"featured_media":214885,"comment_status":"open","ping_status":"closed","template":"","meta":{"_monsterinsights_skip_tracking":false,"_monsterinsights_sitenote_active":false,"_monsterinsights_sitenote_note":"","_monsterinsights_sitenote_category":0},"etheme_brands":[{"term_id":53,"name":"ASUS","slug":"asus","term_group":0,"term_taxonomy_id":53,"taxonomy":"brand","description":"","parent":0,"count":248,"filter":"raw"}],"product_brand":[],"product_cat":[2499],"product_tag":[],"class_list":{"0":"post-214884","1":"product","2":"type-product","3":"status-publish","4":"has-post-thumbnail","6":"brand-asus","7":"product_cat-gaming-laptop","9":"first","10":"instock","11":"sale","12":"taxable","13":"shipping-taxable","14":"purchasable","15":"product-type-simple"},"_links":{"self":[{"href":"https:\/\/electrovideo.eu\/en\/wp-json\/wp\/v2\/product\/214884","targetHints":{"allow":["GET"]}}],"collection":[{"href":"https:\/\/electrovideo.eu\/en\/wp-json\/wp\/v2\/product"}],"about":[{"href":"https:\/\/electrovideo.eu\/en\/wp-json\/wp\/v2\/types\/product"}],"replies":[{"embeddable":true,"href":"https:\/\/electrovideo.eu\/en\/wp-json\/wp\/v2\/comments?post=214884"}],"version-history":[{"count":0,"href":"https:\/\/electrovideo.eu\/en\/wp-json\/wp\/v2\/product\/214884\/revisions"}],"wp:featuredmedia":[{"embeddable":true,"href":"https:\/\/electrovideo.eu\/en\/wp-json\/wp\/v2\/media\/214885"}],"wp:attachment":[{"href":"https:\/\/electrovideo.eu\/en\/wp-json\/wp\/v2\/media?parent=214884"}],"wp:term":[{"taxonomy":"brand","embeddable":true,"href":"https:\/\/electrovideo.eu\/en\/wp-json\/wp\/v2\/etheme_brands?post=214884"},{"taxonomy":"product_brand","embeddable":true,"href":"https:\/\/electrovideo.eu\/en\/wp-json\/wp\/v2\/product_brand?post=214884"},{"taxonomy":"product_cat","embeddable":true,"href":"https:\/\/electrovideo.eu\/en\/wp-json\/wp\/v2\/product_cat?post=214884"},{"taxonomy":"product_tag","embeddable":true,"href":"https:\/\/electrovideo.eu\/en\/wp-json\/wp\/v2\/product_tag?post=214884"}],"curies":[{"name":"wp","href":"https:\/\/api.w.org\/{rel}","templated":true}]}}