{"id":214882,"date":"2025-09-24T03:08:46","date_gmt":"2025-09-24T01:08:46","guid":{"rendered":"https:\/\/electrovideo.eu\/produit\/acer-aspire-17-a17-51m-50e6\/"},"modified":"2025-11-25T01:56:35","modified_gmt":"2025-11-24T23:56:35","slug":"acer-aspire-17-a17-51m-50e6","status":"publish","type":"product","link":"https:\/\/electrovideo.eu\/en\/product\/acer-aspire-17-a17-51m-50e6\/","title":{"rendered":"Acer Aspire 17 A17-51M-50E6"},"content":{"rendered":"<div id=\"description\" class=\"description\">\n<div class=\"details-pdt-desc\">\n<h2 class=\"h2-master\">Performances mobiles et polyvalence<\/h2>\n<section>\n<p>Profitez de bonnes performances avec le PC portable <strong>Acer Aspire 17 A17-51M<\/strong>. \u00c0 la fois compact, \u00e9l\u00e9gant et efficace, c&#8217;est un compagnon mobile id\u00e9al. Il sera adapt\u00e9 pour les applications de bureautique, la navigation web et le divertissement multim\u00e9dia occasionnel. Avec ses composants performants, son \u00e9cran IPS Full HD et sa webcam 1080p, ce PC portable Acer se montrera adapt\u00e9 pour un large \u00e9ventail d&#8217;utilisations.<\/p>\n<p>&nbsp;<\/p>\n<\/section>\n<section>\n<div class=\"desc-image\"><span><img decoding=\"async\" alt=\"\" loading=\"lazy\" src=\"https:\/\/electrovideo.eu\/wp-content\/uploads\/2025\/09\/801-64.jpg\"><\/span><\/div>\n<div class=\"desc-text\">\n<h2>Design mince et \u00e9l\u00e9gant<\/h2>\n<p>Avec ses dimensions compactes, son poids l\u00e9ger de 2.09 kg, sa connectique compl\u00e8te et son autonomie longue dur\u00e9e, le PC portable Acer Aspire 17 A17-51M est un excellent compagnon mobile.<\/p>\n<\/div>\n<\/section>\n<section>\n<div class=\"desc-text\">\n<h2>Confort oculaire am\u00e9lior\u00e9<\/h2>\n<p>L&#8217;ordinateur portable est id\u00e9al pour une utilisation longue dur\u00e9e. Gr\u00e2ce \u00e0 la technologie BlueLightShield, l&#8217;\u00e9mission de lumi\u00e8re bleue est r\u00e9duite, par l&#8217;ajustement des teintes de couleur et la luminosit\u00e9. La lumi\u00e8re bleue fatigue vos yeux ; aussi, en la filtrant, vous travaillez plus longtemps avec un meilleur confort.<\/p>\n<\/div>\n<div class=\"desc-image\"><span><img decoding=\"async\" alt=\"\" loading=\"lazy\" src=\"https:\/\/electrovideo.eu\/wp-content\/uploads\/2025\/09\/802-58.jpg\"><\/span><\/div>\n<\/section>\n<section class=\"list\">\n<h2>Caract\u00e9ristiques principales :<\/h2>\n<p>&nbsp;<\/p>\n<ul>\n<li><strong>Processeur Intel Core i5-1334U<\/strong><\/li>\n<li>16 Go de m\u00e9moire DDR5 (m\u00e9moire int\u00e9gr\u00e9e)<\/li>\n<li>\u00c9cran de 17.3 pouces avec dalle mate et r\u00e9solution Full HD (1920 x 1080)<\/li>\n<li><strong>SSD M.2 PCIe de 512 Go<\/strong><\/li>\n<li>Meilleur confort oculaire avec la technologie <strong>Acer Bluelight Shield<\/strong> (att\u00e9nue la lumi\u00e8re bleue)<\/li>\n<li>Communication sans fil Wi-Fi 6E + Bluetooth 5.1<\/li>\n<li>Webcam HD 1080p int\u00e9gr\u00e9e<\/li>\n<li><strong>Windows 11 Famille<\/strong><\/li>\n<li>Garantie constructeur 2 ans<\/li>\n<\/ul>\n<\/section>\n<\/div><\/div>\n","protected":false},"excerpt":{"rendered":"<p>Intel Core i5-1334U 16 Go SSD 512 Go 17.3&#8243; LED Full HD Wi-Fi 6E\/Bluetooth Webcam Windows 11 Famille<\/p>\n","protected":false},"featured_media":214883,"comment_status":"open","ping_status":"closed","template":"","meta":{"_monsterinsights_skip_tracking":false,"_monsterinsights_sitenote_active":false,"_monsterinsights_sitenote_note":"","_monsterinsights_sitenote_category":0},"etheme_brands":[{"term_id":4409,"name":"Acer","slug":"acer-en","term_group":0,"term_taxonomy_id":4409,"taxonomy":"brand","description":"","parent":0,"count":24,"filter":"raw"}],"product_brand":[],"product_cat":[2499],"product_tag":[],"class_list":{"0":"post-214882","1":"product","2":"type-product","3":"status-publish","4":"has-post-thumbnail","6":"brand-acer-en","7":"product_cat-gaming-laptop","9":"first","10":"instock","11":"sale","12":"taxable","13":"shipping-taxable","14":"purchasable","15":"product-type-simple"},"_links":{"self":[{"href":"https:\/\/electrovideo.eu\/en\/wp-json\/wp\/v2\/product\/214882","targetHints":{"allow":["GET"]}}],"collection":[{"href":"https:\/\/electrovideo.eu\/en\/wp-json\/wp\/v2\/product"}],"about":[{"href":"https:\/\/electrovideo.eu\/en\/wp-json\/wp\/v2\/types\/product"}],"replies":[{"embeddable":true,"href":"https:\/\/electrovideo.eu\/en\/wp-json\/wp\/v2\/comments?post=214882"}],"version-history":[{"count":0,"href":"https:\/\/electrovideo.eu\/en\/wp-json\/wp\/v2\/product\/214882\/revisions"}],"wp:featuredmedia":[{"embeddable":true,"href":"https:\/\/electrovideo.eu\/en\/wp-json\/wp\/v2\/media\/214883"}],"wp:attachment":[{"href":"https:\/\/electrovideo.eu\/en\/wp-json\/wp\/v2\/media?parent=214882"}],"wp:term":[{"taxonomy":"brand","embeddable":true,"href":"https:\/\/electrovideo.eu\/en\/wp-json\/wp\/v2\/etheme_brands?post=214882"},{"taxonomy":"product_brand","embeddable":true,"href":"https:\/\/electrovideo.eu\/en\/wp-json\/wp\/v2\/product_brand?post=214882"},{"taxonomy":"product_cat","embeddable":true,"href":"https:\/\/electrovideo.eu\/en\/wp-json\/wp\/v2\/product_cat?post=214882"},{"taxonomy":"product_tag","embeddable":true,"href":"https:\/\/electrovideo.eu\/en\/wp-json\/wp\/v2\/product_tag?post=214882"}],"curies":[{"name":"wp","href":"https:\/\/api.w.org\/{rel}","templated":true}]}}