{"id":214875,"date":"2025-09-24T03:08:46","date_gmt":"2025-09-24T01:08:46","guid":{"rendered":"https:\/\/electrovideo.eu\/produit\/asus-vivobook-17-x1704va-au808w\/"},"modified":"2025-11-25T01:56:42","modified_gmt":"2025-11-24T23:56:42","slug":"asus-vivobook-17-x1704va-au808w","status":"publish","type":"product","link":"https:\/\/electrovideo.eu\/en\/product\/asus-vivobook-17-x1704va-au808w\/","title":{"rendered":"ASUS Vivobook 17 X1704VA-AU808W"},"content":{"rendered":"<div id=\"description\" class=\"description\">\n<div class=\"details-pdt-desc\">\n<h2 class=\"h2-master\">Efficacit\u00e9 au quotidien<\/h2>\n<section>\n<p>Mince, \u00e9l\u00e9gant et sophistiqu\u00e9, le <strong>PC portable ASUS Vivobook 17 X1704VA-AU808W <\/strong>vous offre la puissance, le confort et la mobilit\u00e9 dont vous avez besoin au quotidien. Son <strong>\u00e9cran de 17.3&#8243; Full HD \u00e0 cadre mince<\/strong> et son <strong>clavier ergonomique<\/strong> offrent un excellent confort d&#8217;utilisation. Le PC portable ASUS Vivobook 17 X1704VA offre de hautes performances et un fonctionnement rapide gr\u00e2ce \u00e0 son <strong>processeur Intel Core 5 120U<\/strong>, \u00e0 ses 16 Go de m\u00e9moire DDR4 et \u00e0 son <strong>SSD M.2 PCIe de 512 Go<\/strong>.<\/p>\n<\/section>\n<section>\n<div class=\"desc-image\"><span><img decoding=\"async\" alt=\"\" loading=\"lazy\" src=\"https:\/\/electrovideo.eu\/wp-content\/uploads\/2025\/09\/801-75.jpg\"><\/span><\/div>\n<div class=\"desc-text\">\n<h2>Performances mobiles<\/h2>\n<p>Le Vivobook 17 offre des performances de haut niveau gr\u00e2ce \u00e0 son processeur Intel Core s\u00e9rie 1, qui facilitera toutes vos t\u00e2ches, qu&#8217;il s&#8217;agisse de streaming, de navigation, d&#8217;\u00e9dition, de chat vid\u00e9o ou simplement de s&#8217;occuper des affaires courantes.<\/p>\n<\/div>\n<\/section>\n<section>\n<div class=\"desc-text\">\n<h2>Clavier ergonomique confortable<\/h2>\n<p>Le clavier ErgoSense du PC portable ASUS Vivobook 17 est con\u00e7u pour offrir une exp\u00e9rience de saisie confortable, en harmonie avec vos mouvements, vos sensations et votre toucher. Le clavier ErgoSense offre une sensation satisfaisante, au rebond et au d\u00e9placement optimaux, calcul\u00e9s avec une grande pr\u00e9cision. L&#8217;id\u00e9al pour travailler longtemps sans inconfort !<\/p>\n<\/div>\n<div class=\"desc-image\"><span><img decoding=\"async\" alt=\"\" loading=\"lazy\" src=\"https:\/\/electrovideo.eu\/wp-content\/uploads\/2025\/09\/802-68.jpg\"><\/span><\/div>\n<\/section>\n<section class=\"list\">\n<h2>Caract\u00e9ristiques principales :<\/h2>\n<ul>\n<li><strong>Processeur&nbsp;Intel Core 5-120U <\/strong>(2 Performance-Cores 1.4 GHz \/ 5.0 GHz Turbo + 8 Efficient-Cores 0.9 GHz \/ 3.8 GHz Turbo &#8211; 12 Threads &#8211; Cache 12 Mo)<\/li>\n<li>16 Go de m\u00e9moire DDR4<\/li>\n<li>\u00c9cran de 17.3 pouces anti-reflets avec r\u00e9solution FHD<\/li>\n<li><strong>SSD M.2 PCIe 3.0 de 512 Go<\/strong><\/li>\n<li>Communication sans fil Wi-Fi 6 + Bluetooth 5.2<\/li>\n<li>2 ports USB 3.0 + 1 port USB-C 3.0 pour des transferts haut d\u00e9bit<\/li>\n<li>Webcam HD 720p int\u00e9gr\u00e9e<\/li>\n<li><strong>Microsoft Windows 11 Famille<\/strong><\/li>\n<\/ul>\n<\/section>\n<\/div>\n<div class=\"emphasis\"><strong>Qu&#8217;est-ce que le DAS ou D\u00e9bit d&#8217;Absorption Sp\u00e9cifique ?<\/strong><\/p>\n<p>Le d\u00e9bit d&#8217;absorption sp\u00e9cifique (DAS) local quantifie l&#8217;exposition de l&#8217;utilisateur aux ondes \u00e9lectromagn\u00e9tiques de l&#8217;\u00e9quipement concern\u00e9. Le DAS maximal autoris\u00e9 est de 2 W\/kg pour la t\u00eate et le tronc et de 4 W\/kg pour les membres.<\/p>\n<p><em>Tous les produits vendus sur le site Electrovideo.eu sont conformes \u00e0 cette r\u00e9glementation. Les valeurs DAS des produits concern\u00e9s sont indiqu\u00e9es au niveau des fiches produits dans la partie fiche technique.<\/em><\/p>\n<\/div><\/div>\n","protected":false},"excerpt":{"rendered":"<p>Intel Core 5-120U 16 Go SSD 512 Go 17.3&#8243; LED Full HD Wi-Fi 6\/Bluetooth Webcam Windows 11 Famille<\/p>\n","protected":false},"featured_media":214876,"comment_status":"open","ping_status":"closed","template":"","meta":{"_monsterinsights_skip_tracking":false,"_monsterinsights_sitenote_active":false,"_monsterinsights_sitenote_note":"","_monsterinsights_sitenote_category":0},"etheme_brands":[{"term_id":53,"name":"ASUS","slug":"asus","term_group":0,"term_taxonomy_id":53,"taxonomy":"brand","description":"","parent":0,"count":248,"filter":"raw"}],"product_brand":[],"product_cat":[2499],"product_tag":[],"class_list":{"0":"post-214875","1":"product","2":"type-product","3":"status-publish","4":"has-post-thumbnail","6":"brand-asus","7":"product_cat-gaming-laptop","9":"first","10":"instock","11":"sale","12":"taxable","13":"shipping-taxable","14":"purchasable","15":"product-type-simple"},"_links":{"self":[{"href":"https:\/\/electrovideo.eu\/en\/wp-json\/wp\/v2\/product\/214875","targetHints":{"allow":["GET"]}}],"collection":[{"href":"https:\/\/electrovideo.eu\/en\/wp-json\/wp\/v2\/product"}],"about":[{"href":"https:\/\/electrovideo.eu\/en\/wp-json\/wp\/v2\/types\/product"}],"replies":[{"embeddable":true,"href":"https:\/\/electrovideo.eu\/en\/wp-json\/wp\/v2\/comments?post=214875"}],"version-history":[{"count":0,"href":"https:\/\/electrovideo.eu\/en\/wp-json\/wp\/v2\/product\/214875\/revisions"}],"wp:featuredmedia":[{"embeddable":true,"href":"https:\/\/electrovideo.eu\/en\/wp-json\/wp\/v2\/media\/214876"}],"wp:attachment":[{"href":"https:\/\/electrovideo.eu\/en\/wp-json\/wp\/v2\/media?parent=214875"}],"wp:term":[{"taxonomy":"brand","embeddable":true,"href":"https:\/\/electrovideo.eu\/en\/wp-json\/wp\/v2\/etheme_brands?post=214875"},{"taxonomy":"product_brand","embeddable":true,"href":"https:\/\/electrovideo.eu\/en\/wp-json\/wp\/v2\/product_brand?post=214875"},{"taxonomy":"product_cat","embeddable":true,"href":"https:\/\/electrovideo.eu\/en\/wp-json\/wp\/v2\/product_cat?post=214875"},{"taxonomy":"product_tag","embeddable":true,"href":"https:\/\/electrovideo.eu\/en\/wp-json\/wp\/v2\/product_tag?post=214875"}],"curies":[{"name":"wp","href":"https:\/\/api.w.org\/{rel}","templated":true}]}}