{"id":214867,"date":"2025-09-24T03:12:47","date_gmt":"2025-09-24T01:12:47","guid":{"rendered":"https:\/\/electrovideo.eu\/produit\/asus-fx3607vu-rp297w\/"},"modified":"2025-11-25T01:57:12","modified_gmt":"2025-11-24T23:57:12","slug":"asus-fx3607vu-rp297w","status":"publish","type":"product","link":"https:\/\/electrovideo.eu\/en\/product\/asus-fx3607vu-rp297w\/","title":{"rendered":"ASUS FX3607VU-RP297W"},"content":{"rendered":"<div id=\"description\" class=\"description\">\n<div class=\"details-pdt-desc\">\n<h2 class=\"h2-master\">Une plateforme de divertissement mobile<\/h2>\n<section>\n<p>Le <strong>PC portable ASUS FX3607 <\/strong>est taill\u00e9 pour le divertissement num\u00e9rique. Gr\u00e2ce \u00e0 ses composants orient\u00e9s gaming, son \u00e9cran de 16 pouces Full HD+ avec fr\u00e9quence de 144 Hz et son clavier r\u00e9tro\u00e9clair\u00e9, il offre confort et performance avec la majorit\u00e9 des jeux r\u00e9cents.<br \/>\n&nbsp;<\/p>\n<\/section>\n<section>\n<div class=\"desc-image\"><span><img decoding=\"async\" alt=\"\" loading=\"lazy\" src=\"https:\/\/electrovideo.eu\/wp-content\/uploads\/2025\/09\/801-94.jpg\"><\/span><\/div>\n<div class=\"desc-text\">\n<h2>Performances mobiles<\/h2>\n<p>Lib\u00e9rez votre cr\u00e9ativit\u00e9 enfouie et vos prouesses de jeu avec le ASUS FX3607, votre compagnon de divertissement num\u00e9rique mobile. Con\u00e7u avec un processeur Intel Core 5 et une puce graphique NVIDIA GeForce RTX 40 Series pour ordinateur portable, il accomplit avec l\u00e9g\u00e8ret\u00e9 les t\u00e2ches cr\u00e9atives ou les aventures gaming. Son syst\u00e8me de refroidissement avanc\u00e9 garantit en permanence des performances optimales.<\/p>\n<p>Donnez de la puissance \u00e0 n&#8217;importe quel jeu ou projet gr\u00e2ce au processeur Intel Core 5. Con\u00e7u pour des performances et une efficacit\u00e9 sans faille, il g\u00e8re sans effort les jeux intenses et les t\u00e2ches cr\u00e9atives exigeantes avec un multit\u00e2che rapide et un gaming fluide. Am\u00e9liorez votre exp\u00e9rience de jeu avec le GPU pour ordinateur portable GeForce RTX 4050. Plongez dans un r\u00e9alisme vid\u00e9oludique gr\u00e2ce aux technologies avanc\u00e9es de ray-tracing et DLSS, et laissez l&#8217;acc\u00e9l\u00e9ration de l&#8217;IA alimenter vos projets cr\u00e9atifs.<\/p>\n<\/div>\n<\/section>\n<section>\n<div class=\"desc-text\">\n<h2>Refroidissement efficace<\/h2>\n<p>Le FX3607 et son syst\u00e8me de refroidissement avanc\u00e9 IceCool vous permettent de jouer \u00e0 un niveau sup\u00e9rieur. Dot\u00e9 de deux ventilateurs et de caloducs, ce concentr\u00e9 de puissance garantit des performances optimales pour le processeur Intel Core 5 et le GPU NVIDIA. Plongez dans l&#8217;action \u00e0 grande vitesse et les mondes virtuels vibrants sans surchauffe. Les ventilateurs \u00e0 79 pales, fabriqu\u00e9s en LCP l\u00e9ger, minimisent les vibrations et garantissent un fonctionnement silencieux. Profitez de performances optimales et de sessions de jeu intenses, o\u00f9 que vous alliez.<\/p>\n<\/div>\n<div class=\"desc-image\"><span><img decoding=\"async\" alt=\"\" loading=\"lazy\" src=\"https:\/\/electrovideo.eu\/wp-content\/uploads\/2025\/09\/802-85.jpg\"><\/span><\/div>\n<\/section>\n<section>\n<div class=\"desc-image\"><span><img decoding=\"async\" alt=\"\" loading=\"lazy\" src=\"https:\/\/electrovideo.eu\/wp-content\/uploads\/2025\/09\/803-39.jpg\"><\/span><\/div>\n<div class=\"desc-text\">\n<h2>Qualit\u00e9 audio\/vid\u00e9o<\/h2>\n<p>Restez comp\u00e9titif par rapport aux joueurs professionnels gr\u00e2ce \u00e0 un \u00e9cran FHD 144 Hz. Cela garantit un gameplay incroyablement fluide et r\u00e9aliste, r\u00e9duisant la latence, les saccades et les d\u00e9chirures visuelles pour une exp\u00e9rience de jeu optimale. L&#8217;impressionnant rapport \u00e9cran\/appareil de 89 % am\u00e9liore l&#8217;immersion dans les vid\u00e9os et les jeux sans compromettre la portabilit\u00e9.<\/p>\n<p>Con\u00e7u en partenariat avec les experts audio Dirac, le syst\u00e8me audio offre une exp\u00e9rience sonore spectaculaire, cristalline et finement r\u00e9gl\u00e9e qui d\u00e9passe tout ce que vous avez pu entendre sur une plateforme gaming, un ordinateur portable ou une tablette. Plongez dans un paysage sonore vaste et dynamique qui r\u00e9v\u00e8le les v\u00e9ritables prouesses audio de votre ordinateur portable gaming.<\/p>\n<\/div>\n<\/section>\n<section class=\"list\">\n<h2>Caract\u00e9ristiques principales :<\/h2>\n<ul>\n<li><strong>Processeur Intel Core 5-210H<\/strong><\/li>\n<li>32 Go de m\u00e9moire DDR5 (2x 16 Go)<\/li>\n<li>\u00c9cran de 16 pouces avec r\u00e9solution <strong>Full HD+ <\/strong>et fr\u00e9quence de <strong>144 Hz<\/strong><\/li>\n<li><strong>SSD M.2 PCIe 4.0 de 512 Go<\/strong><\/li>\n<li>Communication sans fil Wi-Fi 6 + Bluetooth 5.3<\/li>\n<li>1 connecteur USB-C avec support du signal DisplayPort<\/li>\n<li>Clavier avec touches r\u00e9tro\u00e9clair\u00e9es<\/li>\n<li>Webcam HD 1080p int\u00e9gr\u00e9e avec cache<\/li>\n<li><strong>Windows 11 Famille<\/strong><\/li>\n<\/ul>\n<\/section>\n<\/div>\n<div class=\"emphasis\"><strong>Qu&#8217;est-ce que le DAS ou D\u00e9bit d&#8217;Absorption Sp\u00e9cifique ?<\/strong><\/p>\n<p>Le d\u00e9bit d&#8217;absorption sp\u00e9cifique (DAS) local quantifie l&#8217;exposition de l&#8217;utilisateur aux ondes \u00e9lectromagn\u00e9tiques de l&#8217;\u00e9quipement concern\u00e9. Le DAS maximal autoris\u00e9 est de 2 W\/kg pour la t\u00eate et le tronc et de 4 W\/kg pour les membres.<\/p>\n<p><em>Tous les produits vendus sur le site Electrovideo.eu sont conformes \u00e0 cette r\u00e9glementation. Les valeurs DAS des produits concern\u00e9s sont indiqu\u00e9es au niveau des fiches produits dans la partie fiche technique.<\/em><\/p>\n<\/div><\/div>\n","protected":false},"excerpt":{"rendered":"<p>Intel Core 5-210H 32 Go SSD 512 Go 16&#8243; LED Full HD+ 144 Hz NVIDIA GeForce RTX 4050 6 Go DLSS 3 Wi-Fi 6\/Bluetooth Webcam Windows 11 Famille<\/p>\n","protected":false},"featured_media":214869,"comment_status":"open","ping_status":"closed","template":"","meta":{"_monsterinsights_skip_tracking":false,"_monsterinsights_sitenote_active":false,"_monsterinsights_sitenote_note":"","_monsterinsights_sitenote_category":0},"etheme_brands":[{"term_id":53,"name":"ASUS","slug":"asus","term_group":0,"term_taxonomy_id":53,"taxonomy":"brand","description":"","parent":0,"count":248,"filter":"raw"}],"product_brand":[],"product_cat":[2499],"product_tag":[],"class_list":{"0":"post-214867","1":"product","2":"type-product","3":"status-publish","4":"has-post-thumbnail","6":"brand-asus","7":"product_cat-gaming-laptop","9":"first","10":"instock","11":"sale","12":"taxable","13":"shipping-taxable","14":"purchasable","15":"product-type-simple"},"_links":{"self":[{"href":"https:\/\/electrovideo.eu\/en\/wp-json\/wp\/v2\/product\/214867","targetHints":{"allow":["GET"]}}],"collection":[{"href":"https:\/\/electrovideo.eu\/en\/wp-json\/wp\/v2\/product"}],"about":[{"href":"https:\/\/electrovideo.eu\/en\/wp-json\/wp\/v2\/types\/product"}],"replies":[{"embeddable":true,"href":"https:\/\/electrovideo.eu\/en\/wp-json\/wp\/v2\/comments?post=214867"}],"version-history":[{"count":0,"href":"https:\/\/electrovideo.eu\/en\/wp-json\/wp\/v2\/product\/214867\/revisions"}],"wp:featuredmedia":[{"embeddable":true,"href":"https:\/\/electrovideo.eu\/en\/wp-json\/wp\/v2\/media\/214869"}],"wp:attachment":[{"href":"https:\/\/electrovideo.eu\/en\/wp-json\/wp\/v2\/media?parent=214867"}],"wp:term":[{"taxonomy":"brand","embeddable":true,"href":"https:\/\/electrovideo.eu\/en\/wp-json\/wp\/v2\/etheme_brands?post=214867"},{"taxonomy":"product_brand","embeddable":true,"href":"https:\/\/electrovideo.eu\/en\/wp-json\/wp\/v2\/product_brand?post=214867"},{"taxonomy":"product_cat","embeddable":true,"href":"https:\/\/electrovideo.eu\/en\/wp-json\/wp\/v2\/product_cat?post=214867"},{"taxonomy":"product_tag","embeddable":true,"href":"https:\/\/electrovideo.eu\/en\/wp-json\/wp\/v2\/product_tag?post=214867"}],"curies":[{"name":"wp","href":"https:\/\/api.w.org\/{rel}","templated":true}]}}