{"id":214852,"date":"2025-09-24T05:30:31","date_gmt":"2025-09-24T03:30:31","guid":{"rendered":"https:\/\/electrovideo.eu\/produit\/msi-creatorpro-x18-hx-a14vmg-023fr\/"},"modified":"2025-11-25T01:59:39","modified_gmt":"2025-11-24T23:59:39","slug":"msi-creatorpro-x18-hx-a14vmg-023fr","status":"publish","type":"product","link":"https:\/\/electrovideo.eu\/en\/product\/msi-creatorpro-x18-hx-a14vmg-023fr\/","title":{"rendered":"MSI CreatorPro X18 HX A14VMG-023FR"},"content":{"rendered":"<div id=\"description\" class=\"description\">\n<div class=\"details-pdt-desc\">\n<h2 class=\"h2-master\">Une station de travail mobile sans compromis !<\/h2>\n<section>\n<p>L&#8217;<strong>ordinateur portable MSI CreatorPro X18 HX A14V<\/strong> est une station de travail ultrapuissante int\u00e8grant de nombreuses technologies de premi\u00e8re qualit\u00e9. Avec un processeur Intel de 14e g\u00e9n\u00e9ration, les fonctions MSI AI Engine et AI Artist et la certification ISV, cet ordinateur portable offre une excellente stabilit\u00e9 autant mat\u00e9rielle que logicielle, et r\u00e9pond ainsi aux demandes les plus exigeantes des professionnels. Particuli\u00e8rement pens\u00e9 pour les architectes, d\u00e9veloppeurs, designers et de nombreuses autres professions, le PC portable MSI CreatorPro X18 HX A14V promet de lib\u00e9rer tout votre potentiel cr\u00e9atif.<br \/>\n&nbsp;<\/p>\n<\/section>\n<section>\n<div class=\"desc-image\"><span><img decoding=\"async\" alt=\"\" loading=\"lazy\" src=\"https:\/\/electrovideo.eu\/wp-content\/uploads\/2025\/09\/801-101.jpg\"><\/span><\/div>\n<div class=\"desc-text\">\n<h2>Processeur Intel i9 14900HX<\/h2>\n<p>Le processeur Intel Core i9-14900HX est pens\u00e9 pour porter votre exp\u00e9rience de cr\u00e9ation \u00e0 un haut niveau. Gr\u00e2ce \u00e0 de nombreux c\u0153urs et \u00e0 une fr\u00e9quence d&#8217;une rapidit\u00e9 impressionnante, ce processeur est con\u00e7u pour offrir toute la vitesse et toute la r\u00e9activit\u00e9 n\u00e9cessaire \u00e0 la r\u00e9alisation de projets cr\u00e9atifs complexes.<\/p>\n<\/div>\n<\/section>\n<section>\n<div class=\"desc-text\">\n<h2>Puce graphique NVIDIA RTX 5000 ADA<\/h2>\n<p>Les puces graphiques NVIDIA RTX 5000 ADA sont bas\u00e9es sur l&#8217;architecture Ada Lovelace et combinent des capacit\u00e9s graphiques puissantes, un rendu acc\u00e9l\u00e9r\u00e9, la technologie ray tracing et des capacit\u00e9s d&#8217;IA qui exc\u00e8dent de loin les possibilit\u00e9s offertes par les ordinateurs portables disposant de processeurs avec puce graphique int\u00e9gr\u00e9e. L&#8217;int\u00e9gration de v\u00e9ritables cartes graphiques hautement performantes dans des ordinateurs portables aident les professionnels \u00e0 optimiser leur productivit\u00e9 en leur permettant d&#8217;utiliser des logiciels graphiques gourmands et des outils d&#8217;acc\u00e9l\u00e9ration d&#8217;IA.<\/p>\n<\/div>\n<div class=\"desc-image\"><span><img decoding=\"async\" alt=\"\" loading=\"lazy\" src=\"https:\/\/electrovideo.eu\/wp-content\/uploads\/2025\/09\/802-90.jpg\"><\/span><\/div>\n<\/section>\n<section>\n<div class=\"desc-image\"><span><img decoding=\"async\" alt=\"\" loading=\"lazy\" src=\"https:\/\/electrovideo.eu\/wp-content\/uploads\/2025\/09\/803-42.jpg\"><\/span><\/div>\n<div class=\"desc-text\">\n<h2>Intelligence artificielle<\/h2>\n<p>Les ordinateurs portables MSI acc\u00e9l\u00e8rent d\u00e9sormais votre exp\u00e9rience de travail et de jeu et la rendent plus efficace que jamais. Ils int\u00e8grent des nouvelles fonctionnalit\u00e9s intelligentes qui portent l&#8217;optimisation automatique des r\u00e9glages \u00e0 un tout nouveau niveau.<\/p>\n<p>Le moteur <strong>MSI AI Engine<\/strong> est capable de d\u00e9tecter le mode d&#8217;utilisation et d&#8217;automatiquement ajuster les r\u00e9glages mat\u00e9riels pour atteindre les meilleures performances possibles. Gr\u00e2ce \u00e0 des modes et ressources param\u00e9tr\u00e9s par l&#8217;IA, vous pouvez vous concentrer sur vos travaux de cr\u00e9ation, sur votre travail ou sur vos divertissements. Gr\u00e2ce \u00e0 la technologie d&#8217;annulation du bruit de niveau professionnel, vous profiterez d&#8217;un son cristallin m\u00eame si vous vous trouvez dans un environnement bruyant.<\/p>\n<p>G\u00e9n\u00e9rez des images directement sur votre ordinateur portable avec l&#8217;outil <strong>MSI AI Artist<\/strong>. Cr\u00e9ez des images d\u00e9taill\u00e9es avec des phrases descriptives plus courtes et g\u00e9n\u00e9rez des mots dans vos images. MSI AI Artist offre d&#8217;incroyables capacit\u00e9s de composition d&#8217;images qui r\u00e9sultent en des visuels r\u00e9alistes et bluffants.<\/p>\n<\/div>\n<\/section>\n<section>\n<div class=\"desc-text\">\n<h2>Refroidissement performant<\/h2>\n<p>Gr\u00e2ce \u00e0 l&#8217;innovant syst\u00e8me de refroidissement avec chambre \u00e0 vapeur et \u00e0 la ma\u00eetrise de MSI en mati\u00e8re d&#8217;optimisation de la temp\u00e9rature et des performances, franchissez des \u00e9tapes en termes de performances ! Avec 2 ventilateurs, 4 sorties d&#8217;air et des supports 3D con\u00e7us pour permettre de sur\u00e9lever le ch\u00e2ssis, le refroidissement est optimis\u00e9 afin que les performances de ce PC portable MSI soient maintenues \u00e0 un haut niveau en toutes circonstances.<\/p>\n<\/div>\n<div class=\"desc-image\"><span><img decoding=\"async\" alt=\"\" loading=\"lazy\" src=\"https:\/\/electrovideo.eu\/wp-content\/uploads\/2025\/09\/804-7.jpg\"><\/span><\/div>\n<\/section>\n<section>\n<div class=\"desc-image\"><span><img decoding=\"async\" alt=\"\" loading=\"lazy\" src=\"https:\/\/electrovideo.eu\/wp-content\/uploads\/2025\/09\/805-2.jpg\"><\/span><\/div>\n<div class=\"desc-text\">\n<h2>\u00e9cran Mini-LED 18 pouces 4K 120 Hz<\/h2>\n<p>Le CreatorPro X18 HX A14V arbore un \u00e9cran 4K mini LED au format 16:10 avec taux de rafra\u00eechissement de 120 Hz et capable de prendre en charge la totalit\u00e9 du profil de couleurs DCI-P3 (typique). Toutes ces caract\u00e9ristiques vous assurent des images d&#8217;une fluidit\u00e9 impeccable ainsi qu&#8217;une luminosit\u00e9 et un contraste am\u00e9lior\u00e9s et une plus large gamme de couleurs, l&#8217;id\u00e9al pour le travail de cr\u00e9ation.<\/p>\n<\/div>\n<\/section>\n<section class=\"list\">\n<h2>Caract\u00e9ristiques principales :<\/h2>\n<ul>\n<li><strong>Processeur Intel Core i9-14900HX<\/strong> (8 Performance-Cores 2.2 GHz \/ 5.8 GHz Turbo + 16 Efficient-Cores 1.6 GHz \/ 4.1 GHz Turbo &#8211; 32 Threads &#8211; Cache 36 Mo)<\/li>\n<li>\u00c9cran IPS de 18 pouces avec&nbsp;r\u00e9solution<strong> Ultra HD <\/strong>(3840 x 2400), \u00e9clairage <strong>Mini-LED<\/strong> avec <strong>fr\u00e9quence de 120 Hz<\/strong><\/li>\n<li>128 Go de m\u00e9moire DDR5 MHz (4x 32 Go &#8211; 4 slots &#8211; maximum 192 Go au total)<\/li>\n<li>Puce graphique <strong>NVIDIA RTX 5000 ADA<\/strong> (16 Go de m\u00e9moire d\u00e9di\u00e9e GDDR6 &#8211; Maximum 2190 MHz &#8211; 175W)<\/li>\n<li>Connecteur HDMI 2.1 (compatible 4K @120 Hz \/ 8K @60 Hz) + 2 connecteurs Thunderbolt 4 (USB-C) dont 1 avec Power Delivery 3.1<\/li>\n<li><strong>Deux SSD M.2 PCIe 4.0 de 2 To chacun <\/strong><\/li>\n<li>Clavier avec r\u00e9tro\u00e9clairage blanc et <strong>touche Copilot<\/strong><\/li>\n<li>Communication sans fil fiable et performante avec les technologies <strong>Wi-Fi 7<\/strong> et<strong> Bluetooth 5.4<\/strong><\/li>\n<li>Webcam HD IR 1080p int\u00e9gr\u00e9e<\/li>\n<li>Syst\u00e8me sonore Dynaudio avec 4 haut-parleurs de 2W et 2 woofers de 2W<\/li>\n<li><strong>Windows 11 Professionnel<\/strong><\/li>\n<li>Garantie constructeur 3 ans (enl\u00e8vement et retour sur site en France m\u00e9tropolitaine)<\/li>\n<\/ul>\n<\/section>\n<\/div>\n<div class=\"emphasis\"><strong>Qu&#8217;est ce que le DAS ou D\u00e9bit d&#8217;Absorption Sp\u00e9cifique ?<\/strong><\/p>\n<p>Le d\u00e9bit d&#8217;absorption sp\u00e9cifique (DAS) local quantifie l&#8217;exposition de l&#8217;utilisateur aux ondes \u00e9lectromagn\u00e9tiques de l&#8217;\u00e9quipement concern\u00e9. Le DAS maximal autoris\u00e9 est de 2 W\/kg pour la t\u00eate et le tronc et de 4 W\/kg pour les membres.<\/p>\n<p><em>Tous les produits vendus sur le site Electrovideo.eu sont conformes \u00e0 cette r\u00e9glementation. Les valeurs DAS des produits concern\u00e9s sont indiqu\u00e9es au niveau des fiches produits dans la partie fiche technique.<\/em><\/p>\n<\/div><\/div>\n","protected":false},"excerpt":{"rendered":"<p>Intel Core i9-14900HX 128 Go SSD 4 To (2x 2 To) 18&#8243; Mini-LED Ultra HD+ 120 Hz NVIDIA RTX 5000 ADA 16 Go Wi-Fi 7\/Bluetooth Webcam Windows 11 Professionnel<\/p>\n","protected":false},"featured_media":214854,"comment_status":"open","ping_status":"closed","template":"","meta":{"_monsterinsights_skip_tracking":false,"_monsterinsights_sitenote_active":false,"_monsterinsights_sitenote_note":"","_monsterinsights_sitenote_category":0},"etheme_brands":[{"term_id":51,"name":"MSI","slug":"msi","term_group":0,"term_taxonomy_id":51,"taxonomy":"brand","description":"","parent":0,"count":137,"filter":"raw"}],"product_brand":[],"product_cat":[2499],"product_tag":[],"class_list":{"0":"post-214852","1":"product","2":"type-product","3":"status-publish","4":"has-post-thumbnail","6":"brand-msi","7":"product_cat-gaming-laptop","9":"first","10":"instock","11":"taxable","12":"shipping-taxable","13":"purchasable","14":"product-type-simple"},"_links":{"self":[{"href":"https:\/\/electrovideo.eu\/en\/wp-json\/wp\/v2\/product\/214852","targetHints":{"allow":["GET"]}}],"collection":[{"href":"https:\/\/electrovideo.eu\/en\/wp-json\/wp\/v2\/product"}],"about":[{"href":"https:\/\/electrovideo.eu\/en\/wp-json\/wp\/v2\/types\/product"}],"replies":[{"embeddable":true,"href":"https:\/\/electrovideo.eu\/en\/wp-json\/wp\/v2\/comments?post=214852"}],"version-history":[{"count":0,"href":"https:\/\/electrovideo.eu\/en\/wp-json\/wp\/v2\/product\/214852\/revisions"}],"wp:featuredmedia":[{"embeddable":true,"href":"https:\/\/electrovideo.eu\/en\/wp-json\/wp\/v2\/media\/214854"}],"wp:attachment":[{"href":"https:\/\/electrovideo.eu\/en\/wp-json\/wp\/v2\/media?parent=214852"}],"wp:term":[{"taxonomy":"brand","embeddable":true,"href":"https:\/\/electrovideo.eu\/en\/wp-json\/wp\/v2\/etheme_brands?post=214852"},{"taxonomy":"product_brand","embeddable":true,"href":"https:\/\/electrovideo.eu\/en\/wp-json\/wp\/v2\/product_brand?post=214852"},{"taxonomy":"product_cat","embeddable":true,"href":"https:\/\/electrovideo.eu\/en\/wp-json\/wp\/v2\/product_cat?post=214852"},{"taxonomy":"product_tag","embeddable":true,"href":"https:\/\/electrovideo.eu\/en\/wp-json\/wp\/v2\/product_tag?post=214852"}],"curies":[{"name":"wp","href":"https:\/\/api.w.org\/{rel}","templated":true}]}}