{"id":214845,"date":"2025-09-24T05:30:31","date_gmt":"2025-09-24T03:30:31","guid":{"rendered":"https:\/\/electrovideo.eu\/produit\/lenovo-thinkpad-p16-gen-2-21fa000tfr\/"},"modified":"2025-11-25T01:58:35","modified_gmt":"2025-11-24T23:58:35","slug":"lenovo-thinkpad-p16-gen-2-21fa000tfr","status":"publish","type":"product","link":"https:\/\/electrovideo.eu\/en\/product\/lenovo-thinkpad-p16-gen-2-21fa000tfr\/","title":{"rendered":"Lenovo ThinkPad P16 Gen 2 (21FA000TFR)"},"content":{"rendered":"<div id=\"description\" class=\"description\">\n<div class=\"details-pdt-desc\">\n<h2 class=\"h2-master\">Une station de travail mobile polyvalente<\/h2>\n<section>\n<p>Le <strong>PC portable Lenovo Thinkpad P16 Gen 2 <\/strong>est une station de travail mobile performante, adapt\u00e9e pour le travail en multit\u00e2ches et pour les applications graphiques courantes. \u00c0 la fois robuste et s\u00e9curis\u00e9, ce PC portable sera un compagnon de travail id\u00e9al pour les professionnels souvent en d\u00e9placement. Avec un processeur Intel Core i7-13850HX, 32 Go de m\u00e9moire DDR5, un SSD au format M.2 PCIe 4.0 x4 et une puce graphique professionnelle NVIDIA RTX 3500 ADA, cette workstation mobile offre puissance et rapidit\u00e9 !<br \/>\n&nbsp;<\/p>\n<\/section>\n<section>\n<div class=\"desc-image\"><span><img decoding=\"async\" alt=\"\" loading=\"lazy\" src=\"https:\/\/electrovideo.eu\/wp-content\/uploads\/2025\/09\/801-98.jpg\"><\/span><\/div>\n<div class=\"desc-text\">\n<h2>Performances pour les professionnels<\/h2>\n<p>Le portable ThinkPad P16 Gen 2 offre d&#8217;excellentes performances pour les applications professionnelles et les applications graphiques les plus courantes. Avec un processeur Intel Core i7 de 13e g\u00e9n\u00e9ration, un SSD au format M.2 PCIe 4.0 x4 et une puce graphique professionnelle NVIDIA RTX 3500 ADA, ce mod\u00e8le offre puissance et fonctionnement rapide. Pour \u00e9viter la surchauffe et garantir un fonctionnement silencieux pendant les longues sessions de travail, elle pr\u00e9sente une conception \u00e0 double d\u00e9rivation avec deux ventilateurs, un refroidissement par chambre \u00e0 vapeur, une prise d\u2019air pour le clavier et des \u00e9vents arri\u00e8re.<\/p>\n<\/div>\n<\/section>\n<section>\n<div class=\"desc-text\">\n<h2>Pens\u00e9 pour la s\u00e9curit\u00e9<\/h2>\n<p>Con\u00e7u dans un souci de s\u00e9curit\u00e9, le ThinkPad P16 est livr\u00e9 avec les solutions Lenovo ThinkShield pr\u00e9charg\u00e9es. Le module dTPM 2.0 (discrete Trusted Platform Module) chiffre vos donn\u00e9es, l\u2019autor\u00e9paration du BIOS peut restaurer les param\u00e8tres syst\u00e8me, si n\u00e9cessaire, et un lecteur d\u2019empreintes digitales permet de s\u2019authentifier en un geste, de mani\u00e8re s\u00e9curis\u00e9e. Il existe m\u00eame un cache de confidentialit\u00e9 coulissant pour fermer physiquement la webcam.<\/p>\n<\/div>\n<div class=\"desc-image\"><span><img decoding=\"async\" alt=\"\" loading=\"lazy\" src=\"https:\/\/electrovideo.eu\/wp-content\/uploads\/2025\/09\/802-88.jpg\"><\/span><\/div>\n<\/section>\n<section>\n<div class=\"desc-image\"><span><img decoding=\"async\" alt=\"\" loading=\"lazy\" src=\"https:\/\/electrovideo.eu\/wp-content\/uploads\/2025\/09\/803-40.jpg\"><\/span><\/div>\n<div class=\"desc-text\">\n<h2>Con\u00e7u pour r\u00e9sister<\/h2>\n<p>Une station de travail mobile doit fonctionner partout o\u00f9 votre journ\u00e9e vous m\u00e8ne, parfois dans des conditions extr\u00eames. Ainsi, comme pour tous les ordinateurs portables ThinkPad, Lenovo a soumis le P16 \u00e0 12 normes de niveau militaire et \u00e0 plus de 200 contr\u00f4les qualit\u00e9. Il peut donc r\u00e9sister \u00e0 tout, depuis les temp\u00e9ratures glaciales de l\u2019Arctique jusqu\u2019aux temp\u00eates de sable du d\u00e9sert, en passant par les chocs, les chutes et les \u00e9claboussures du quotidien.<\/p>\n<\/div>\n<\/section>\n<section class=\"list\">\n<h2>Caract\u00e9ristiques principales :<\/h2>\n<ul>\n<li><strong>Processeur Intel Core i7-13850HX <\/strong>(8 Performance-Cores 5.3 GHz Turbo + 12 Efficient-Cores 3.8 GHz Turbo &#8211; 28 Threads &#8211; Cache 30 Mo)<\/li>\n<li>32 Go de m\u00e9moire DDR5 4800 MHz (2x 16 Go &#8211; 4 slots &#8211; maximum 192 Go)<\/li>\n<li>\u00c9cran de 16&#8243; au format 16\/10 avec r\u00e9solution de 2560 x 1600 avec fr\u00e9quence de 165 Hz<\/li>\n<li><strong>Puce graphique NVIDIA RTX 3500 ADA<\/strong> avec 12 Go de m\u00e9moire d\u00e9di\u00e9e<\/li>\n<li><strong>SSD M.2 PCIe 4.0 x4 de 1 To <\/strong>+ 1 slot libre M.2 PCIe 4.0 x4 (2280) pour second SSD<\/li>\n<li>Communication sans fil <strong>Wi-Fi 6E<\/strong> + <strong>Bluetooth 5.3<\/strong><\/li>\n<li>Mod\u00e8le avec possibilit\u00e9 d&#8217;upgrade 4G WWAN<\/li>\n<li>Clavier \u00e0 touches r\u00e9tro\u00e9clair\u00e9es<\/li>\n<li>S\u00e9curit\u00e9 : puce TPM 2.0 et lecteur d&#8217;empreinte digitale<\/li>\n<li>Webcam FHD 1080p avec cache ThinkShutter<\/li>\n<li>Windows 11 Professionnel<\/li>\n<li>Garantie constructeur 3 ans avec garantie &#8220;Premier Support&#8221; 3 ans incluse<\/li>\n<\/ul>\n<\/section>\n<\/div><\/div>\n","protected":false},"excerpt":{"rendered":"<p>Intel Core i7-13850HX 32 Go SSD 1 To 16&#8243; LED 165 Hz NVIDIA RTX 3500 ADA 12 Go Wi-Fi 6E\/Bluetooth Webcam Windows 11 Professionnel<\/p>\n","protected":false},"featured_media":214846,"comment_status":"open","ping_status":"closed","template":"","meta":{"_monsterinsights_skip_tracking":false,"_monsterinsights_sitenote_active":false,"_monsterinsights_sitenote_note":"","_monsterinsights_sitenote_category":0},"etheme_brands":[{"term_id":4412,"name":"Lenovo","slug":"lenovo-en","term_group":0,"term_taxonomy_id":4412,"taxonomy":"brand","description":"","parent":0,"count":29,"filter":"raw"}],"product_brand":[],"product_cat":[2499],"product_tag":[],"class_list":{"0":"post-214845","1":"product","2":"type-product","3":"status-publish","4":"has-post-thumbnail","6":"brand-lenovo-en","7":"product_cat-gaming-laptop","9":"first","10":"instock","11":"taxable","12":"shipping-taxable","13":"purchasable","14":"product-type-simple"},"_links":{"self":[{"href":"https:\/\/electrovideo.eu\/en\/wp-json\/wp\/v2\/product\/214845","targetHints":{"allow":["GET"]}}],"collection":[{"href":"https:\/\/electrovideo.eu\/en\/wp-json\/wp\/v2\/product"}],"about":[{"href":"https:\/\/electrovideo.eu\/en\/wp-json\/wp\/v2\/types\/product"}],"replies":[{"embeddable":true,"href":"https:\/\/electrovideo.eu\/en\/wp-json\/wp\/v2\/comments?post=214845"}],"version-history":[{"count":0,"href":"https:\/\/electrovideo.eu\/en\/wp-json\/wp\/v2\/product\/214845\/revisions"}],"wp:featuredmedia":[{"embeddable":true,"href":"https:\/\/electrovideo.eu\/en\/wp-json\/wp\/v2\/media\/214846"}],"wp:attachment":[{"href":"https:\/\/electrovideo.eu\/en\/wp-json\/wp\/v2\/media?parent=214845"}],"wp:term":[{"taxonomy":"brand","embeddable":true,"href":"https:\/\/electrovideo.eu\/en\/wp-json\/wp\/v2\/etheme_brands?post=214845"},{"taxonomy":"product_brand","embeddable":true,"href":"https:\/\/electrovideo.eu\/en\/wp-json\/wp\/v2\/product_brand?post=214845"},{"taxonomy":"product_cat","embeddable":true,"href":"https:\/\/electrovideo.eu\/en\/wp-json\/wp\/v2\/product_cat?post=214845"},{"taxonomy":"product_tag","embeddable":true,"href":"https:\/\/electrovideo.eu\/en\/wp-json\/wp\/v2\/product_tag?post=214845"}],"curies":[{"name":"wp","href":"https:\/\/api.w.org\/{rel}","templated":true}]}}