{"id":214833,"date":"2025-09-24T05:30:31","date_gmt":"2025-09-24T03:30:31","guid":{"rendered":"https:\/\/electrovideo.eu\/produit\/msi-raider-a18-hx-a9wjg-009fr\/"},"modified":"2025-11-25T01:59:17","modified_gmt":"2025-11-24T23:59:17","slug":"msi-raider-a18-hx-a9wjg-009fr","status":"publish","type":"product","link":"https:\/\/electrovideo.eu\/en\/product\/msi-raider-a18-hx-a9wjg-009fr\/","title":{"rendered":"MSI Raider A18 HX A9WJG-009FR"},"content":{"rendered":"<div id=\"description\" class=\"description\">\n<div class=\"details-pdt-desc\">\n<h2 class=\"h2-master\">Une puissance hors normes !<\/h2>\n<section>\n<p>Le <strong>PC portable MSI Raider A18 HX A9W <\/strong>vise les plus hauts sommets avec ses composants ultra-performants, son \u00e9cran de 18 pouces, son clavier r\u00e9tro\u00e9clair\u00e9 et son syst\u00e8me audio performant. De plus, son syst\u00e8me de refroidissement avanc\u00e9 permet de le garder \u00e0 bonne temp\u00e9rature et d&#8217;offrir des performances ultrafluides en toutes circonstances.<br \/>\n&nbsp;<\/p>\n<\/section>\n<section>\n<div class=\"desc-image\"><span><img decoding=\"async\" alt=\"\" loading=\"lazy\" src=\"https:\/\/electrovideo.eu\/wp-content\/uploads\/2025\/09\/801-106.jpg\"><\/span><\/div>\n<div class=\"desc-text\">\n<h2>Processeur&nbsp;AMD Ryzen 9 9955HX3D<\/h2>\n<p>Le processeur AMD Ryzen 9 9955HX3D a pour vocation d&#8217;offrir des performances de jeu ultimes sur PC portable. Dot\u00e9 de la technologie exclusive AMD 3D V-Cache de 2e g\u00e9n\u00e9ration, qui offre une densit\u00e9 et une efficacit\u00e9 \u00e9nerg\u00e9tique de pointe. Comme la m\u00e9moire suppl\u00e9mentaire est situ\u00e9e sous les c\u0153urs du processeur, ces derniers ont d\u00e9sormais un acc\u00e8s direct au syst\u00e8me de refroidissement et peuvent d\u00e8s lors fonctionner \u00e0 des temp\u00e9ratures plus basses et donc fonctionner plus rapidement.<\/p>\n<\/div>\n<\/section>\n<section>\n<div class=\"desc-text\">\n<h2>Performances ultimes avec NVIDIA RTX 50<\/h2>\n<p>Aliment\u00e9s par l&#8217;architecture NVIDIA Blackwell, les puces graphiques GeForce RTX s\u00e9rie 50 fournissent des capacit\u00e9s r\u00e9volutionnaires aux joueurs et aux cr\u00e9ateurs. La puissance d&#8217;IA ph\u00e9nom\u00e9nale des mod\u00e8les de la s\u00e9rie RTX 50 vous aident \u00e0 vivre des exp\u00e9riences in\u00e9dites avec une fid\u00e9lit\u00e9 graphique incomparable. Acc\u00e9l\u00e9rez les performances visuelles avec le NVIDIA DLSS 4, g\u00e9n\u00e9rez des images \u00e0 une vitesse sans pr\u00e9c\u00e9dent et exprimez toute votre cr\u00e9ativit\u00e9 avec NVIDIA Studio.<\/p>\n<p>Les ordinateurs portables gaming MSI sont con\u00e7us pour les prendre en charge les microservices NVIDIA NIM et sont donc optimis\u00e9s pour les mod\u00e8les d&#8217;IA pour le traitement du langage, de la parole, de la vision, de la g\u00e9n\u00e9ration de contenu et de bien plus encore. Gr\u00e2ce \u00e0 ces outils, les utilisateurs les plus enthousiastes et les d\u00e9veloppeurs pourront cr\u00e9er des assistants IA, d\u00e9velopper des plugins de productivit\u00e9 ou encore concevoir localement des flux de travail de cr\u00e9ation de contenu innovants sur des PC IA RTX.<\/p>\n<\/div>\n<div class=\"desc-image\"><span><img decoding=\"async\" alt=\"\" loading=\"lazy\" src=\"https:\/\/electrovideo.eu\/wp-content\/uploads\/2025\/09\/802-95.jpg\"><\/span><\/div>\n<\/section>\n<section>\n<div class=\"desc-image\"><span><img decoding=\"async\" alt=\"\" loading=\"lazy\" src=\"https:\/\/electrovideo.eu\/wp-content\/uploads\/2025\/09\/803-47.jpg\"><\/span><\/div>\n<div class=\"desc-text\">\n<h2>Un refroidissement \u00e0 la hauteur<\/h2>\n<p>Pens\u00e9 pour offrir des innovations dans tous les domaines, le Raider 18 HX AI a \u00e9t\u00e9 mis \u00e0 niveau avec des supports 3D qui, combin\u00e9s aux deux ventilateurs et aux sept caloducs, transforme totalement le syst\u00e8me de refroidissement et booste son efficacit\u00e9. Cette configuration astucieuse assure \u00e0 l&#8217;ordinateur portable de toujours rester au top de ses performances, m\u00eame lors des sessions de jeux les plus exigeantes.<\/p>\n<\/div>\n<\/section>\n<section>\n<div class=\"desc-text\">\n<h2>\u00c9cran 18&#8221; 4K mini LED 120 HZ<\/h2>\n<p>Profitez d&#8217;un haut niveau de r\u00e9alisme gr\u00e2ce \u00e0 la r\u00e9solution ultra-\u00e9lev\u00e9e de l&#8217;\u00e9cran Mini LED 4K, que vous soyez \u00e0 l&#8217;int\u00e9rieur, \u00e0 l&#8217;ext\u00e9rieur ou sous la lumi\u00e8re directe du soleil. Profitez des performances exceptionnelles de la technologie DisplayHDR 1000 et d&#8217;une gamme de couleurs \u00e9clatante. Am\u00e9liorez votre exp\u00e9rience de jeu gr\u00e2ce \u00e0 un taux de rafra\u00eechissement rapide de 120 Hz et plongez au c\u0153ur de votre jeu !<\/p>\n<\/div>\n<div class=\"desc-image\"><span><img decoding=\"async\" alt=\"\" loading=\"lazy\" src=\"https:\/\/electrovideo.eu\/wp-content\/uploads\/2025\/09\/804-10.jpg\"><\/span><\/div>\n<\/section>\n<section>\n<div class=\"desc-image\"><span><img decoding=\"async\" alt=\"\" loading=\"lazy\" src=\"https:\/\/electrovideo.eu\/wp-content\/uploads\/2025\/09\/805-5.jpg\"><\/span><\/div>\n<div class=\"desc-text\">\n<h2>Clavier RGB SteelSeries<\/h2>\n<p>La technologie Mystic Light accompagn\u00e9e de la barre de r\u00e9tro\u00e9clairage LED Matrix r\u00e9volutionnent le r\u00e9tro\u00e9clairage sur PC portable. Avec ses 16,8 millions de couleurs, la barre Matrix permet aux joueurs de la personnaliser comme bon leur semble, et elle repr\u00e9sente tout simplement le futur de l&#8217;esth\u00e9tique dans le monde des technologies.<\/p>\n<\/div>\n<\/section>\n<section class=\"list\">\n<h2>Caract\u00e9ristiques principales :<\/h2>\n<ul>\n<li><strong>Processeur&nbsp;AMD Ryzen 9 9955HX3D<\/strong><\/li>\n<li>\u00c9cran IPS de 18 pouces avec&nbsp;r\u00e9solution<strong> Ultra HD+ <\/strong>(3840 x 2400), \u00e9clairage <strong>Mini-LED<\/strong> avec <strong>fr\u00e9quence de 120 Hz<\/strong><\/li>\n<li>64 Go de m\u00e9moire DDR5 MHz (2x 32 Go &#8211; 2 slots &#8211; maximum 96 Go au total)<\/li>\n<li>Puce graphique <strong>NVIDIA GeForce RTX 5090<\/strong> (24 Go de m\u00e9moire d\u00e9di\u00e9e GDDR7 &#8211; Maximum 2160 MHz &#8211; 175W)<\/li>\n<li>Connecteur HDMI 2.1 + 2 connecteurs USB4 (USB-C) avec Power Delivery 3.1<\/li>\n<li><strong>Un SSD de 2 To NVMe PCIe Gen5 x4<\/strong><\/li>\n<li>1 slot M.2 PCIe Gen5 x4 (libre) + 1 slot M.2 PCIe Gen4 x4 (occup\u00e9)<\/li>\n<li>Clavier SteelSeries et r\u00e9tro\u00e9clairage individuel des touches<\/li>\n<li>Communication sans fil fiable et performante avec les technologies <strong>Wi-Fi 7<\/strong> et<strong> Bluetooth 5.4<\/strong><\/li>\n<li>Webcam HD IR 1080p int\u00e9gr\u00e9e<\/li>\n<li>Syst\u00e8me sonore Dynaudio avec 4 haut-parleurs de 2W et 2 woofers de 2W<\/li>\n<li><strong>Windows 11 Professionnel<\/strong><\/li>\n<\/ul>\n<\/section>\n<\/div><\/div>\n","protected":false},"excerpt":{"rendered":"<p>AMD Ryzen 9 9955HX3D 64 Go SSD 2 To 18&#8243; Mini-LED Ultra HD+ 120 Hz NVIDIA GeForce RTX 5090 24 Go DLSS 4 Wi-Fi 7\/Bluetooth Webcam Windows 11 Professionnel<\/p>\n","protected":false},"featured_media":214835,"comment_status":"open","ping_status":"closed","template":"","meta":{"_monsterinsights_skip_tracking":false,"_monsterinsights_sitenote_active":false,"_monsterinsights_sitenote_note":"","_monsterinsights_sitenote_category":0},"etheme_brands":[{"term_id":51,"name":"MSI","slug":"msi","term_group":0,"term_taxonomy_id":51,"taxonomy":"brand","description":"","parent":0,"count":137,"filter":"raw"}],"product_brand":[],"product_cat":[2499],"product_tag":[],"class_list":{"0":"post-214833","1":"product","2":"type-product","3":"status-publish","4":"has-post-thumbnail","6":"brand-msi","7":"product_cat-gaming-laptop","9":"first","10":"instock","11":"sale","12":"taxable","13":"shipping-taxable","14":"purchasable","15":"product-type-simple"},"_links":{"self":[{"href":"https:\/\/electrovideo.eu\/en\/wp-json\/wp\/v2\/product\/214833","targetHints":{"allow":["GET"]}}],"collection":[{"href":"https:\/\/electrovideo.eu\/en\/wp-json\/wp\/v2\/product"}],"about":[{"href":"https:\/\/electrovideo.eu\/en\/wp-json\/wp\/v2\/types\/product"}],"replies":[{"embeddable":true,"href":"https:\/\/electrovideo.eu\/en\/wp-json\/wp\/v2\/comments?post=214833"}],"version-history":[{"count":0,"href":"https:\/\/electrovideo.eu\/en\/wp-json\/wp\/v2\/product\/214833\/revisions"}],"wp:featuredmedia":[{"embeddable":true,"href":"https:\/\/electrovideo.eu\/en\/wp-json\/wp\/v2\/media\/214835"}],"wp:attachment":[{"href":"https:\/\/electrovideo.eu\/en\/wp-json\/wp\/v2\/media?parent=214833"}],"wp:term":[{"taxonomy":"brand","embeddable":true,"href":"https:\/\/electrovideo.eu\/en\/wp-json\/wp\/v2\/etheme_brands?post=214833"},{"taxonomy":"product_brand","embeddable":true,"href":"https:\/\/electrovideo.eu\/en\/wp-json\/wp\/v2\/product_brand?post=214833"},{"taxonomy":"product_cat","embeddable":true,"href":"https:\/\/electrovideo.eu\/en\/wp-json\/wp\/v2\/product_cat?post=214833"},{"taxonomy":"product_tag","embeddable":true,"href":"https:\/\/electrovideo.eu\/en\/wp-json\/wp\/v2\/product_tag?post=214833"}],"curies":[{"name":"wp","href":"https:\/\/api.w.org\/{rel}","templated":true}]}}