{"id":214808,"date":"2025-09-24T05:31:53","date_gmt":"2025-09-24T03:31:53","guid":{"rendered":"https:\/\/electrovideo.eu\/produit\/msi-titan-18-hx-dragon-edition-norse-myth-a2xwjg-283fr\/"},"modified":"2025-11-25T01:59:40","modified_gmt":"2025-11-24T23:59:40","slug":"msi-titan-18-hx-dragon-edition-norse-myth-a2xwjg-283fr","status":"publish","type":"product","link":"https:\/\/electrovideo.eu\/en\/product\/msi-titan-18-hx-dragon-edition-norse-myth-a2xwjg-283fr\/","title":{"rendered":"MSI Titan 18 HX Dragon Edition Norse Myth A2XWJG-283FR"},"content":{"rendered":"<div id=\"description\" class=\"description\">\n<div class=\"details-pdt-desc\">\n<h2 class=\"h2-master\">Une puissance ultime, sans compromis !<\/h2>\n<section>\n<p>Le <strong>PC portable MSI Titan 18 HX Dragon Edition Norse Myth A2XWJG-283FR <\/strong>vise les plus hauts sommets avec ses composants ultra-performants, son \u00e9cran de 18 pouces, son clavier m\u00e9canique et son syst\u00e8me audio performant. De plus, son syst\u00e8me de refroidissement avanc\u00e9 permet de le garder \u00e0 bonne temp\u00e9rature et d&#8217;offrir des performances ultrafluides en toutes circonstances. &nbsp;<br \/>\n&nbsp;<\/p>\n<\/section>\n<section>\n<div class=\"desc-image\"><span><img decoding=\"async\" alt=\"\" loading=\"lazy\" src=\"https:\/\/electrovideo.eu\/wp-content\/uploads\/2025\/09\/801-107.jpg\"><\/span><\/div>\n<div class=\"desc-text\">\n<h2>Processeur Intel Core Ultra<\/h2>\n<p>Avec une toute nouvelle architecture regroupant des c\u0153urs P-core et E-core et apportant un niveau de performances par watt optimis\u00e9, le processeur Intel Core Ultra 9 285HX est pr\u00eat pour rendre votre exp\u00e9rience de jeu toujours plus extr\u00eame, silencieuse et bien refroidie, avec des performances dignes d&#8217;un PC de bureau de qualit\u00e9 \u00e9lite.<\/p>\n<\/div>\n<\/section>\n<section>\n<div class=\"desc-text\">\n<h2>Performances ultimes avec NVIDIA RTX 50<\/h2>\n<p>Aliment\u00e9s par l&#8217;architecture NVIDIA Blackwell, les puces graphiques GeForce RTX s\u00e9rie 50 fournissent des capacit\u00e9s r\u00e9volutionnaires aux joueurs et aux cr\u00e9ateurs. La puissance d&#8217;IA ph\u00e9nom\u00e9nale des mod\u00e8les de la s\u00e9rie RTX 50 vous aident \u00e0 vivre des exp\u00e9riences in\u00e9dites avec une fid\u00e9lit\u00e9 graphique incomparable. Acc\u00e9l\u00e9rez les performances visuelles avec le NVIDIA DLSS 4, g\u00e9n\u00e9rez des images \u00e0 une vitesse sans pr\u00e9c\u00e9dent et exprimez toute votre cr\u00e9ativit\u00e9 avec NVIDIA Studio.<\/p>\n<p>Les ordinateurs portables gaming MSI sont con\u00e7us pour les prendre en charge les microservices NVIDIA NIM et sont donc optimis\u00e9s pour les mod\u00e8les d&#8217;IA pour le traitement du langage, de la parole, de la vision, de la g\u00e9n\u00e9ration de contenu et de bien plus encore. Gr\u00e2ce \u00e0 ces outils, les utilisateurs les plus enthousiastes et les d\u00e9veloppeurs pourront cr\u00e9er des assistants IA, d\u00e9velopper des plugins de productivit\u00e9 ou encore concevoir localement des flux de travail de cr\u00e9ation de contenu innovants sur des PC IA RTX.<\/p>\n<\/div>\n<div class=\"desc-image\"><span><img decoding=\"async\" alt=\"\" loading=\"lazy\" src=\"https:\/\/electrovideo.eu\/wp-content\/uploads\/2025\/09\/802-96.jpg\"><\/span><\/div>\n<\/section>\n<section>\n<div class=\"desc-image\"><span><img decoding=\"async\" alt=\"\" loading=\"lazy\" src=\"https:\/\/electrovideo.eu\/wp-content\/uploads\/2025\/09\/803-48.jpg\"><\/span><\/div>\n<div class=\"desc-text\">\n<h2>Un refroidissement \u00e0 la hauteur<\/h2>\n<p>Gr\u00e2ce \u00e0 l&#8217;innovant syst\u00e8me de refroidissement avec chambre \u00e0 vapeur et \u00e0 la ma\u00eetrise de MSI en mati\u00e8re d&#8217;optimisation de la temp\u00e9rature et des performances, les performances restent stables m\u00eame au c\u0153ur de l&#8217;action ! De plus, les supports 3D plac\u00e9s sous le PC portable permettent de le sur\u00e9lever et de faciliter le flux d&#8217;air pour un meilleur refroidissement et ainsi de meilleures performances.<\/p>\n<\/div>\n<\/section>\n<section>\n<div class=\"desc-text\">\n<h2>\u00c9cran 18&#8221; 4K mini LED 120 HZ<\/h2>\n<p>Profitez d&#8217;un haut niveau de r\u00e9alisme gr\u00e2ce \u00e0 la r\u00e9solution ultra-\u00e9lev\u00e9e de l&#8217;\u00e9cran Mini LED 4K, que vous soyez \u00e0 l&#8217;int\u00e9rieur, \u00e0 l&#8217;ext\u00e9rieur ou sous la lumi\u00e8re directe du soleil. Profitez des performances exceptionnelles de la technologie DisplayHDR 1000 et d&#8217;une gamme de couleurs \u00e9clatante. Am\u00e9liorez votre exp\u00e9rience de jeu gr\u00e2ce \u00e0 un taux de rafra\u00eechissement rapide de 120 Hz et plongez au c\u0153ur de votre jeu !<\/p>\n<\/div>\n<div class=\"desc-image\"><span><img decoding=\"async\" alt=\"\" loading=\"lazy\" src=\"https:\/\/electrovideo.eu\/wp-content\/uploads\/2025\/09\/804-11.jpg\"><\/span><\/div>\n<\/section>\n<section>\n<div class=\"desc-image\"><span><img decoding=\"async\" alt=\"\" loading=\"lazy\" src=\"https:\/\/electrovideo.eu\/wp-content\/uploads\/2025\/09\/805-6.jpg\"><\/span><\/div>\n<div class=\"desc-text\">\n<h2>Clavier m\u00e9canique SteelSeries<\/h2>\n<p>Pour vous offrir une exp\u00e9rience de frappe unique, le Titan 18 HX AI est \u00e9quip\u00e9 d&#8217;un clavier \u00e0 switches m\u00e9caniques Cherry MX Ultra Low Profile sp\u00e9cialement pens\u00e9s pour les ordinateurs portables aux dimensions ultrafines. Ces touches proposent une structure en deux parties et un syst\u00e8me de contact \u00e0 barres d&#8217;or crois\u00e9es qui assurent une frappe tactile et audible, et bien entendu extr\u00eamement pr\u00e9cise, pour accompagner toutes vos parties dans les meilleures conditions.<\/p>\n<\/div>\n<\/section>\n<section>\n<div class=\"desc-text\">\n<h2>Technologie Thunderbolt 5<\/h2>\n<p>B\u00e9n\u00e9ficiez d&#8217;une solution de pointe en mati\u00e8re de transfert de donn\u00e9es et de connectique. Avec Thunderbolt 5, vous profitez d&#8217;une bande passante allant jusqu&#8217;\u00e0 120 Gbit\/s gr\u00e2ce \u00e0 Thunderbolt Bandwidth Boost, ainsi que de la possibilit\u00e9 de connecter un plus grand nombre d&#8217;\u00e9crans avec une r\u00e9solution et des taux de rafra\u00eechissement plus \u00e9lev\u00e9s que jamais.<\/p>\n<\/div>\n<div class=\"desc-image\"><span><img decoding=\"async\" alt=\"\" loading=\"lazy\" src=\"https:\/\/electrovideo.eu\/wp-content\/uploads\/2025\/09\/806.jpg\"><\/span><\/div>\n<\/section>\n<section>\n<div class=\"desc-image\"><span><img decoding=\"async\" alt=\"\" loading=\"lazy\" src=\"https:\/\/electrovideo.eu\/wp-content\/uploads\/2025\/09\/807.jpg\"><\/span><\/div>\n<div class=\"desc-text\">\n<h2>Pack ultime Dragon Edition<\/h2>\n<p>Vivez une exp\u00e9rience de jeu ultime avec le pack Dragon Edition, comprenant une bo\u00eete d&#8217;emballage haut de gamme, un porte-cl\u00e9 Dragon en 3D, un tapis de souris Yggdrasil ultrar\u00e9sistant, une souris gaming RGB Dragon Edition et l&#8217;ordinateur portable Dragon Edition, con\u00e7u avec art. Tout ce dont vous avez besoin pour dominer avec style et performances !<\/p>\n<\/div>\n<\/section>\n<section class=\"list\">\n<h2>Caract\u00e9ristiques principales :<\/h2>\n<ul>\n<li><strong>Processeur&nbsp;Intel Core Ultra 9 285HX<\/strong><\/li>\n<li>\u00c9cran IPS de 18 pouces avec&nbsp;r\u00e9solution<strong> Ultra HD+ <\/strong>(3840 x 2400), \u00e9clairage <strong>Mini-LED<\/strong> avec <strong>fr\u00e9quence de 120 Hz<\/strong><\/li>\n<li>96 Go de m\u00e9moire DDR5 (2x 48 Go &#8211; 2 slots &#8211; maximum 96 Go au total)<\/li>\n<li>Puce graphique <strong>NVIDIA GeForce RTX 5090<\/strong> (24 Go de m\u00e9moire d\u00e9di\u00e9e GDDR7 &#8211; Maximum 2160 MHz &#8211; 175W)<\/li>\n<li>Connecteur HDMI 2.1 + 2 connecteurs Thunderbolt 5 (USB-C) avec Power Delivery 3.1<\/li>\n<li><strong>Un SSD de 2 To NVMe PCIe Gen5x4 + Deux SSD de 2 To NVMe PCIe Gen4x4 SSD<\/strong><\/li>\n<li>1 slot M.2 PCIe 5.0 (occup\u00e9) + 3 slots M.2 PCIe 4.0 (2 slots occup\u00e9s)<\/li>\n<li>Clavier SteelSeries m\u00e9canique avec switches Cherry MX Ultra Low Profile et r\u00e9tro\u00e9clairage individuel des touches<\/li>\n<li>Communication sans fil fiable et performante avec les technologies <strong>Wi-Fi 7<\/strong> et<strong> Bluetooth 5.4<\/strong><\/li>\n<li>Webcam HD IR 1080p int\u00e9gr\u00e9e<\/li>\n<li>Syst\u00e8me sonore Dynaudio avec 4 haut-parleurs de 2W et 2 woofers de 2W<\/li>\n<li><strong>Windows 11 Professionnel<\/strong><\/li>\n<\/ul>\n<\/section>\n<\/div><\/div>\n","protected":false},"excerpt":{"rendered":"<p>Intel Core Ultra 9 285HX 96 Go SSD 6 To (3x 2 To) 18&#8243; Mini-LED Ultra HD+ 120 Hz NVIDIA GeForce RTX 5090 24 Go DLSS 4 Wi-Fi 7\/Bluetooth Webcam Windows 11 Professionnel<\/p>\n","protected":false},"featured_media":214810,"comment_status":"open","ping_status":"closed","template":"","meta":{"_monsterinsights_skip_tracking":false,"_monsterinsights_sitenote_active":false,"_monsterinsights_sitenote_note":"","_monsterinsights_sitenote_category":0},"etheme_brands":[{"term_id":51,"name":"MSI","slug":"msi","term_group":0,"term_taxonomy_id":51,"taxonomy":"brand","description":"","parent":0,"count":137,"filter":"raw"}],"product_brand":[],"product_cat":[2499],"product_tag":[],"class_list":{"0":"post-214808","1":"product","2":"type-product","3":"status-publish","4":"has-post-thumbnail","6":"brand-msi","7":"product_cat-gaming-laptop","9":"first","10":"instock","11":"sale","12":"taxable","13":"shipping-taxable","14":"purchasable","15":"product-type-simple"},"_links":{"self":[{"href":"https:\/\/electrovideo.eu\/en\/wp-json\/wp\/v2\/product\/214808","targetHints":{"allow":["GET"]}}],"collection":[{"href":"https:\/\/electrovideo.eu\/en\/wp-json\/wp\/v2\/product"}],"about":[{"href":"https:\/\/electrovideo.eu\/en\/wp-json\/wp\/v2\/types\/product"}],"replies":[{"embeddable":true,"href":"https:\/\/electrovideo.eu\/en\/wp-json\/wp\/v2\/comments?post=214808"}],"version-history":[{"count":0,"href":"https:\/\/electrovideo.eu\/en\/wp-json\/wp\/v2\/product\/214808\/revisions"}],"wp:featuredmedia":[{"embeddable":true,"href":"https:\/\/electrovideo.eu\/en\/wp-json\/wp\/v2\/media\/214810"}],"wp:attachment":[{"href":"https:\/\/electrovideo.eu\/en\/wp-json\/wp\/v2\/media?parent=214808"}],"wp:term":[{"taxonomy":"brand","embeddable":true,"href":"https:\/\/electrovideo.eu\/en\/wp-json\/wp\/v2\/etheme_brands?post=214808"},{"taxonomy":"product_brand","embeddable":true,"href":"https:\/\/electrovideo.eu\/en\/wp-json\/wp\/v2\/product_brand?post=214808"},{"taxonomy":"product_cat","embeddable":true,"href":"https:\/\/electrovideo.eu\/en\/wp-json\/wp\/v2\/product_cat?post=214808"},{"taxonomy":"product_tag","embeddable":true,"href":"https:\/\/electrovideo.eu\/en\/wp-json\/wp\/v2\/product_tag?post=214808"}],"curies":[{"name":"wp","href":"https:\/\/api.w.org\/{rel}","templated":true}]}}