{"id":214800,"date":"2025-09-24T05:31:53","date_gmt":"2025-09-24T03:31:53","guid":{"rendered":"https:\/\/electrovideo.eu\/produit\/msi-stealth-18-hx-ai-a2xwig-014fr\/"},"modified":"2025-11-25T01:58:45","modified_gmt":"2025-11-24T23:58:45","slug":"msi-stealth-18-hx-ai-a2xwig-014fr","status":"publish","type":"product","link":"https:\/\/electrovideo.eu\/en\/product\/msi-stealth-18-hx-ai-a2xwig-014fr\/","title":{"rendered":"MSI Stealth 18 HX AI A2XWIG-014FR"},"content":{"rendered":"<div id=\"description\" class=\"description\">\n<div class=\"details-pdt-desc\">\n<h2 class=\"h2-master\">Une puissance hors normes !<\/h2>\n<section>\n<p>Le <strong>PC portable MSI Stealth 18 HX AI <\/strong> combine avantageusement style, l\u00e9g\u00e8ret\u00e9 et haute performance. Id\u00e9al pour les jeux et la cr\u00e9ation graphique, il b\u00e9n\u00e9ficie notamment de composants ultra-performants, d&#8217;un \u00e9cran de 18 pouces, d&#8217;un clavier r\u00e9tro\u00e9clair\u00e9 et d&#8217;un syst\u00e8me audio performant.<br \/>\n&nbsp;<\/p>\n<\/section>\n<section>\n<div class=\"desc-image\"><span><img decoding=\"async\" alt=\"\" loading=\"lazy\" src=\"https:\/\/electrovideo.eu\/wp-content\/uploads\/2025\/09\/801-104.jpg\"><\/span><\/div>\n<div class=\"desc-text\">\n<h2>Processeur Intel Core Ultra<\/h2>\n<p>Avec une toute nouvelle architecture regroupant des c\u0153urs P-core et E-core et apportant un niveau de performances par watt optimis\u00e9, le processeur Intel Core Ultra 9 275HX est pr\u00eat pour rendre votre exp\u00e9rience de jeu toujours plus extr\u00eame, silencieuse et bien refroidie, avec des performances dignes d&#8217;un PC de bureau de qualit\u00e9 \u00e9lite.<\/p>\n<\/div>\n<\/section>\n<section>\n<div class=\"desc-text\">\n<h2>Performances ultimes avec NVIDIA RTX 50<\/h2>\n<p>Aliment\u00e9s par l&#8217;architecture NVIDIA Blackwell, les puces graphiques GeForce RTX s\u00e9rie 50 fournissent des capacit\u00e9s r\u00e9volutionnaires aux joueurs et aux cr\u00e9ateurs. La puissance d&#8217;IA ph\u00e9nom\u00e9nale des mod\u00e8les de la s\u00e9rie RTX 50 vous aident \u00e0 vivre des exp\u00e9riences in\u00e9dites avec une fid\u00e9lit\u00e9 graphique incomparable. Acc\u00e9l\u00e9rez les performances visuelles avec le NVIDIA DLSS 4, g\u00e9n\u00e9rez des images \u00e0 une vitesse sans pr\u00e9c\u00e9dent et exprimez toute votre cr\u00e9ativit\u00e9 avec NVIDIA Studio.<\/p>\n<p>Les ordinateurs portables gaming MSI sont con\u00e7us pour les prendre en charge les microservices NVIDIA NIM et sont donc optimis\u00e9s pour les mod\u00e8les d&#8217;IA pour le traitement du langage, de la parole, de la vision, de la g\u00e9n\u00e9ration de contenu et de bien plus encore. Gr\u00e2ce \u00e0 ces outils, les utilisateurs les plus enthousiastes et les d\u00e9veloppeurs pourront cr\u00e9er des assistants IA, d\u00e9velopper des plugins de productivit\u00e9 ou encore concevoir localement des flux de travail de cr\u00e9ation de contenu innovants sur des PC IA RTX.<\/p>\n<\/div>\n<div class=\"desc-image\"><span><img decoding=\"async\" alt=\"\" loading=\"lazy\" src=\"https:\/\/electrovideo.eu\/wp-content\/uploads\/2025\/09\/802-93.jpg\"><\/span><\/div>\n<\/section>\n<section>\n<div class=\"desc-image\"><span><img decoding=\"async\" alt=\"\" loading=\"lazy\" src=\"https:\/\/electrovideo.eu\/wp-content\/uploads\/2025\/09\/803-45.jpg\"><\/span><\/div>\n<div class=\"desc-text\">\n<h2>Un refroidissement \u00e0 la hauteur<\/h2>\n<p>La conception du refroidisseur \u00e0 chambre \u00e0 vapeur, am\u00e9lior\u00e9e par la technologie Cooler Boost, est un \u00e9l\u00e9ment cl\u00e9 du Stealth 18 HX AI. Gr\u00e2ce \u00e0 sa capacit\u00e9 thermique accrue, cette conception de pointe r\u00e9duit efficacement les niveaux de bruit et les temp\u00e9ratures, g\u00e8re le flux thermique et maximise les performances lors de l&#8217;ex\u00e9cution d&#8217;applications exigeantes.<\/p>\n<\/div>\n<\/section>\n<section class=\"list\">\n<h2>Caract\u00e9ristiques principales :<\/h2>\n<ul>\n<li><strong>Processeur&nbsp;Intel Core Ultra 9 275HX<\/strong><\/li>\n<li>\u00c9cran IPS de 18 pouces avec&nbsp;r\u00e9solution<strong> QHD+ <\/strong>(2560 x 1600) avec <strong>fr\u00e9quence de 240 Hz<\/strong><\/li>\n<li>32 Go de m\u00e9moire DDR5 MHz (2x 16 Go &#8211; 2 slots &#8211; maximum 96 Go au total)<\/li>\n<li>Puce graphique <strong>NVIDIA GeForce RTX 5080<\/strong> (16 Go de m\u00e9moire d\u00e9di\u00e9e GDDR7 &#8211; Maximum 2002 MHz &#8211; 150W)<\/li>\n<li>Connecteur HDMI 2.1 + 2 connecteurs Thunderbolt 4 (USB-C) avec Power Delivery 3.1<\/li>\n<li><strong>SSD de 2 To NVMe PCIe Gen4x4<\/strong><\/li>\n<li>Clavier SteelSeries et r\u00e9tro\u00e9clairage individuel des touches<\/li>\n<li>Communication sans fil fiable et performante avec les technologies <strong>Wi-Fi 7<\/strong> et<strong> Bluetooth 5.4<\/strong><\/li>\n<li>Webcam HD IR 1080p int\u00e9gr\u00e9e<\/li>\n<li>Syst\u00e8me sonore Dynaudio avec 4 haut-parleurs de 2W et 2 woofers de 2W<\/li>\n<li><strong>Windows 11 Professionnel<\/strong><\/li>\n<\/ul>\n<\/section>\n<\/div><\/div>\n","protected":false},"excerpt":{"rendered":"<p>Intel Core Ultra 9 275HX 32 Go SSD 2 To 18&#8243; LED QHD+ 240 Hz NVIDIA GeForce RTX 5080 16 Go DLSS 4 Wi-Fi 7\/Bluetooth Webcam Windows 11 Professionnel<\/p>\n","protected":false},"featured_media":214801,"comment_status":"open","ping_status":"closed","template":"","meta":{"_monsterinsights_skip_tracking":false,"_monsterinsights_sitenote_active":false,"_monsterinsights_sitenote_note":"","_monsterinsights_sitenote_category":0},"etheme_brands":[{"term_id":51,"name":"MSI","slug":"msi","term_group":0,"term_taxonomy_id":51,"taxonomy":"brand","description":"","parent":0,"count":137,"filter":"raw"}],"product_brand":[],"product_cat":[2499],"product_tag":[],"class_list":{"0":"post-214800","1":"product","2":"type-product","3":"status-publish","4":"has-post-thumbnail","6":"brand-msi","7":"product_cat-gaming-laptop","9":"first","10":"instock","11":"taxable","12":"shipping-taxable","13":"purchasable","14":"product-type-simple"},"_links":{"self":[{"href":"https:\/\/electrovideo.eu\/en\/wp-json\/wp\/v2\/product\/214800","targetHints":{"allow":["GET"]}}],"collection":[{"href":"https:\/\/electrovideo.eu\/en\/wp-json\/wp\/v2\/product"}],"about":[{"href":"https:\/\/electrovideo.eu\/en\/wp-json\/wp\/v2\/types\/product"}],"replies":[{"embeddable":true,"href":"https:\/\/electrovideo.eu\/en\/wp-json\/wp\/v2\/comments?post=214800"}],"version-history":[{"count":0,"href":"https:\/\/electrovideo.eu\/en\/wp-json\/wp\/v2\/product\/214800\/revisions"}],"wp:featuredmedia":[{"embeddable":true,"href":"https:\/\/electrovideo.eu\/en\/wp-json\/wp\/v2\/media\/214801"}],"wp:attachment":[{"href":"https:\/\/electrovideo.eu\/en\/wp-json\/wp\/v2\/media?parent=214800"}],"wp:term":[{"taxonomy":"brand","embeddable":true,"href":"https:\/\/electrovideo.eu\/en\/wp-json\/wp\/v2\/etheme_brands?post=214800"},{"taxonomy":"product_brand","embeddable":true,"href":"https:\/\/electrovideo.eu\/en\/wp-json\/wp\/v2\/product_brand?post=214800"},{"taxonomy":"product_cat","embeddable":true,"href":"https:\/\/electrovideo.eu\/en\/wp-json\/wp\/v2\/product_cat?post=214800"},{"taxonomy":"product_tag","embeddable":true,"href":"https:\/\/electrovideo.eu\/en\/wp-json\/wp\/v2\/product_tag?post=214800"}],"curies":[{"name":"wp","href":"https:\/\/api.w.org\/{rel}","templated":true}]}}