{"id":214793,"date":"2025-09-24T05:41:29","date_gmt":"2025-09-24T03:41:29","guid":{"rendered":"https:\/\/electrovideo.eu\/produit\/asus-rog-strix-scar-16-g635lw-rw075w\/"},"modified":"2025-11-25T01:58:49","modified_gmt":"2025-11-24T23:58:49","slug":"asus-rog-strix-scar-16-g635lw-rw075w","status":"publish","type":"product","link":"https:\/\/electrovideo.eu\/en\/product\/asus-rog-strix-scar-16-g635lw-rw075w\/","title":{"rendered":"ASUS ROG STRIX SCAR 16 G635LW-RW075W"},"content":{"rendered":"<div id=\"description\" class=\"description\">\n<div class=\"details-pdt-desc\">\n<h2 class=\"h2-master\">Hautes performances avec un \u00e9cran Mini LED 16&#8243; QHD+ 240 Hz<\/h2>\n<section>\n<p>Le <strong>PC Portable Gaming ASUS ROG STRIX SCAR 16 G635<\/strong> vous permettra de jouer dans les meilleures conditions \u00e0 vos jeux PC favoris gr\u00e2ce \u00e0 des composants ultra-performants, un \u00e9cran Mini LED 240 Hz et une conception haut de gamme qui ne laisse rien au hasard. Le SCAR 16 G635 a \u00e9galement acc\u00e8s \u00e0 l&#8217;acc\u00e9l\u00e9ration de l&#8217;IA dans certaines applications de cr\u00e9ation de contenu, ce qui vous offre une incroyable flexibilit\u00e9 sur la fa\u00e7on dont vous pouvez utiliser votre machine gaming.<br \/>\n&nbsp;<\/p>\n<\/section>\n<section>\n<div class=\"desc-image\"><span><img decoding=\"async\" alt=\"\" loading=\"lazy\" src=\"https:\/\/electrovideo.eu\/wp-content\/uploads\/2025\/09\/801-73.jpg\"><\/span><\/div>\n<div class=\"desc-text\">\n<h2>Performances pour les Gamers<\/h2>\n<p>Jouez avec les plus grands, soutenus par la puissance du processeur jusqu&#8217;\u00e0 Intel Core Ultra 9 275HX. Compos\u00e9 de 8 c\u0153urs de performance et de 16 c\u0153urs d&#8217;efficacit\u00e9, ce processeur de nouvelle g\u00e9n\u00e9ration permet d&#8217;obtenir des taux de rafra\u00eechissement \u00e9lev\u00e9s dans l&#8217;esport et les jeux AAA. Le SCAR 16 b\u00e9n\u00e9ficie \u00e9galement de l&#8217;acc\u00e9l\u00e9ration de l&#8217;IA dans certaines applications de cr\u00e9ation de contenu, ce qui vous offre une flexibilit\u00e9 incroyable quant \u00e0 l&#8217;utilisation de votre machine gaming.<\/p>\n<p>Les meilleures machines d\u00e9di\u00e9es au gaming ont besoin d&#8217;un excellent GPU, c&#8217;est pourquoi ASUS a \u00e9quip\u00e9 le SCAR 16 d&#8217;un GPU NVIDIA GeForce RTX 50 pour ordinateur portable. Affichant un TGP maximal de 175 W avec Dynamic Boost, la prise en charge d&#8217;Advanced Optimus et l&#8217;acc\u00e8s aux derniers outils d&#8217;acc\u00e9l\u00e9ration de l&#8217;IA, notamment DLSS et Frame Generation, ce GPU peut propulser vos jeux vers des sommets in\u00e9gal\u00e9s.<br \/>\n&nbsp;<\/p>\n<\/div>\n<\/section>\n<section>\n<div class=\"desc-text\">\n<h2>\u00c9cran ROG Nebula HDR<\/h2>\n<p>L&#8217;\u00e9cran de votre ordinateur portable est une fen\u00eatre sur de nouveaux mondes, c&#8217;est pourquoi ASUS a choisi le meilleur sur leur ROG Strix SCAR 16 G635. Cet \u00e9cran ROG Nebula HDR dot\u00e9 de la technologie Mini LED offre plus de 2 000 zones de gradation, une luminosit\u00e9 maximale de 1200 nits et des couleurs magnifiques gr\u00e2ce \u00e0 une couverture \u00e0 100 % de l&#8217;espace colorim\u00e9trique DCI-P3. Le SCAR 16 G635 a \u00e9galement \u00e9t\u00e9 am\u00e9lior\u00e9 avec une toute nouvelle double couche ACR, qui r\u00e9duit les reflets et am\u00e9liore le contraste de 4,5 fois pour des couleurs incroyablement vives. Associ\u00e9 au moteur Nebula HDR d&#8217;ASUS, cet \u00e9cran garantit que tous les jeux et films sont vraiment mis en valeur. Le taux de rafra\u00eechissement de 240 Hz et la prise en charge compl\u00e8te de G-SYNC garantissent des mouvements incroyablement fluides, vous permettant de voir tous les ennemis avant qu&#8217;ils ne vous voient.<\/p>\n<\/div>\n<div class=\"desc-image\"><span><img decoding=\"async\" alt=\"\" loading=\"lazy\" src=\"https:\/\/electrovideo.eu\/wp-content\/uploads\/2025\/09\/802-66.jpg\"><\/span><\/div>\n<\/section>\n<section>\n<div class=\"desc-image\"><span><img decoding=\"async\" alt=\"\" loading=\"lazy\" src=\"https:\/\/electrovideo.eu\/wp-content\/uploads\/2025\/09\/803-27.jpg\"><\/span><\/div>\n<div class=\"desc-text\">\n<h2>Refroidissement performant<\/h2>\n<p>ASUS a enti\u00e8rement revu la solution de refroidissement du Strix SCAR 16 G635 en tenant compte de calculs pr\u00e9cis afin de vous garantir la meilleure exp\u00e9rience de jeu possible avec votre machine. ASUS a d\u00e9plac\u00e9 toutes les prises d&#8217;air \u00e0 l&#8217;arri\u00e8re de la charni\u00e8re dans le but d&#8217;\u00e9loigner l&#8217;air chaud de votre main. Les c\u00f4t\u00e9s et le fond de la machine font office d&#8217;entr\u00e9e d&#8217;air, cr\u00e9ant ainsi une voie naturelle et efficace pour le flux d&#8217;air. L&#8217;air circule \u00e9galement \u00e0 travers le plateau du clavier, ce qui permet \u00e0 vos mains de rester au frais pendant les sessions de jeu intenses. En associant une chambre \u00e0 vapeur de bout en bout avec un dissipateur thermique en sandwich, la technologie Tri-Fan et le m\u00e9tal liquide Conductonaut Extreme sur le CPU et le GPU, le Strix SCAR 16 G635 atteint un niveau de bruit inf\u00e9rieur en mode Turbo par rapport \u00e0 la g\u00e9n\u00e9ration pr\u00e9c\u00e9dente, tout en offrant la m\u00eame excellence calcul\u00e9e que vous attendez d&#8217;une machine Strix SCAR.<\/p>\n<\/div>\n<\/section>\n<section>\n<div class=\"desc-text\">\n<h2>Qualit\u00e9 audio sup\u00e9rieure<\/h2>\n<p>Les enceintes aliment\u00e9es par Dolby Atmos comprennent deux tweeters et deux woofers orient\u00e9s vers le bas pour cr\u00e9er une sc\u00e8ne sonore authentique lorsque vous jouez. L&#8217;audio haute r\u00e9solution vous permet d&#8217;\u00e9couter votre musique avec la m\u00eame qualit\u00e9 que lors de son enregistrement. La fonction Two-Way AI Noise Cancelation traite les signaux audio entrants et sortants pour filtrer tous les bruits de fond, afin de garantir que vos appels, vos chats et vos streams soient transmis sans nuisance.<\/p>\n<\/div>\n<div class=\"desc-image\"><span><img decoding=\"async\" alt=\"\" loading=\"lazy\" src=\"https:\/\/electrovideo.eu\/wp-content\/uploads\/2025\/09\/804-4.jpg\"><\/span><\/div>\n<\/section>\n<section>\n<div class=\"desc-image\"><span><img decoding=\"async\" alt=\"\" loading=\"lazy\" src=\"https:\/\/electrovideo.eu\/wp-content\/uploads\/2025\/09\/805.jpg\"><\/span><\/div>\n<div class=\"desc-text\">\n<h2>Clavier eSport r\u00e9tro\u00e9clair\u00e9<\/h2>\n<p>La diff\u00e9rence entre la victoire et la d\u00e9faite peut se jouer \u00e0 une seule frappe, c&#8217;est pourquoi le Strix SCAR 16 est dot\u00e9 d&#8217;un clavier professionnel de qualit\u00e9 esport con\u00e7u pour assurer la victoire. Fabriqu\u00e9s pour durer, les switches du clavier du Strix SCAR 16 sont pr\u00e9vus pour supporter plus de 20 millions de pressions, tandis que la fonction n-key rollover garantit que votre syst\u00e8me ne manquera jamais une commande, m\u00eame si vous appuyez sur plusieurs touches \u00e0 la fois. Le Strix SCAR 16 dispose d&#8217;un grand clavier, avec des commandes multim\u00e9dia d\u00e9di\u00e9es et des touches de raccourci personnalisables pour les diff\u00e9rentes fonctions d&#8217;Armoury Crate. En outre, gr\u00e2ce \u00e0 la personnalisation RGB par touche et \u00e0 la fonction Aura Sync compl\u00e8te, le Strix SCAR 16 aura toujours l&#8217;apparence qui correspond \u00e0 votre humeur.<\/p>\n<\/div>\n<\/section>\n<section class=\"list\">\n<h2>Caract\u00e9ristiques principales :<\/h2>\n<ul>\n<li><strong>Processeur&nbsp;Intel Core Ultra 9 275HX<\/strong><\/li>\n<li>64 Go de m\u00e9moire vive DDR5 (2x 32 Go &#8211; 2 slots &#8211; maximum 64 Go au total)<\/li>\n<li>\u00c9cran Mini LED 16&#8243; avec r\u00e9solution QHD+ (2560 x 1600 pixels) et <strong>fr\u00e9quence de 240 Hz<\/strong><\/li>\n<li>Puce graphique <strong>NVIDIA GeForce RTX 5080<\/strong> avec 16 Go de m\u00e9moire d\u00e9di\u00e9e GDDR7<\/li>\n<li><strong>Switch MUX<\/strong> int\u00e9gr\u00e9, pour passer \u00e0 un mode GPU Direct vers l&#8217;affichage et r\u00e9duire la latence<\/li>\n<li><strong>SSD M.2 PCIe 4.0 de 1 To<\/strong> + 1 slot M.2 PCIe libre<\/li>\n<li>Communication sans fil performante :&nbsp;Wi-Fi 7 + Bluetooth&nbsp;5.4<\/li>\n<li>Clavier gaming avec touches r\u00e9tro\u00e9clair\u00e9es RGB touche par touche<\/li>\n<li>4 haut-parleurs int\u00e9gr\u00e9s avec technologie Smart Amp<\/li>\n<li><strong>Windows 11 Famille<\/strong><\/li>\n<\/ul>\n<\/section>\n<\/div>\n<div class=\"emphasis\"><strong>Qu&#8217;est ce que le DAS ou D\u00e9bit d&#8217;Absorption Sp\u00e9cifique ?<\/strong><\/p>\n<p>Le d\u00e9bit d&#8217;absorption sp\u00e9cifique (DAS) local quantifie l&#8217;exposition de l&#8217;utilisateur aux ondes \u00e9lectromagn\u00e9tiques de l&#8217;\u00e9quipement concern\u00e9. Le DAS maximal autoris\u00e9 est de 2 W\/kg pour la t\u00eate et le tronc et de 4 W\/kg pour les membres.<\/p>\n<p><em>Tous les produits vendus sur le site Electrovideo.eu sont conformes \u00e0 cette r\u00e9glementation. Les valeurs DAS des produits concern\u00e9s sont indiqu\u00e9es au niveau des fiches produits dans la partie fiche technique.<\/em><\/p>\n<\/div><\/div>\n","protected":false},"excerpt":{"rendered":"<p>Intel Core Ultra 9 275HX 64 Go SSD 1 To 16&#8243; Mini LED QHD+ 240 Hz NVIDIA GeForce RTX 5080 16 Go DLSS 4 Wi-Fi 7\/Bluetooth Windows 11 Famille<\/p>\n","protected":false},"featured_media":214794,"comment_status":"open","ping_status":"closed","template":"","meta":{"_monsterinsights_skip_tracking":false,"_monsterinsights_sitenote_active":false,"_monsterinsights_sitenote_note":"","_monsterinsights_sitenote_category":0},"etheme_brands":[{"term_id":53,"name":"ASUS","slug":"asus","term_group":0,"term_taxonomy_id":53,"taxonomy":"brand","description":"","parent":0,"count":248,"filter":"raw"}],"product_brand":[],"product_cat":[2499],"product_tag":[],"class_list":{"0":"post-214793","1":"product","2":"type-product","3":"status-publish","4":"has-post-thumbnail","6":"brand-asus","7":"product_cat-gaming-laptop","9":"first","10":"instock","11":"sale","12":"taxable","13":"shipping-taxable","14":"purchasable","15":"product-type-simple"},"_links":{"self":[{"href":"https:\/\/electrovideo.eu\/en\/wp-json\/wp\/v2\/product\/214793","targetHints":{"allow":["GET"]}}],"collection":[{"href":"https:\/\/electrovideo.eu\/en\/wp-json\/wp\/v2\/product"}],"about":[{"href":"https:\/\/electrovideo.eu\/en\/wp-json\/wp\/v2\/types\/product"}],"replies":[{"embeddable":true,"href":"https:\/\/electrovideo.eu\/en\/wp-json\/wp\/v2\/comments?post=214793"}],"version-history":[{"count":0,"href":"https:\/\/electrovideo.eu\/en\/wp-json\/wp\/v2\/product\/214793\/revisions"}],"wp:featuredmedia":[{"embeddable":true,"href":"https:\/\/electrovideo.eu\/en\/wp-json\/wp\/v2\/media\/214794"}],"wp:attachment":[{"href":"https:\/\/electrovideo.eu\/en\/wp-json\/wp\/v2\/media?parent=214793"}],"wp:term":[{"taxonomy":"brand","embeddable":true,"href":"https:\/\/electrovideo.eu\/en\/wp-json\/wp\/v2\/etheme_brands?post=214793"},{"taxonomy":"product_brand","embeddable":true,"href":"https:\/\/electrovideo.eu\/en\/wp-json\/wp\/v2\/product_brand?post=214793"},{"taxonomy":"product_cat","embeddable":true,"href":"https:\/\/electrovideo.eu\/en\/wp-json\/wp\/v2\/product_cat?post=214793"},{"taxonomy":"product_tag","embeddable":true,"href":"https:\/\/electrovideo.eu\/en\/wp-json\/wp\/v2\/product_tag?post=214793"}],"curies":[{"name":"wp","href":"https:\/\/api.w.org\/{rel}","templated":true}]}}