{"id":214782,"date":"2025-09-24T05:42:31","date_gmt":"2025-09-24T03:42:31","guid":{"rendered":"https:\/\/electrovideo.eu\/produit\/asus-rog-zephyrus-g16-gu605cx-dr4w\/"},"modified":"2025-11-25T01:59:20","modified_gmt":"2025-11-24T23:59:20","slug":"asus-rog-zephyrus-g16-gu605cx-dr4w","status":"publish","type":"product","link":"https:\/\/electrovideo.eu\/en\/product\/asus-rog-zephyrus-g16-gu605cx-dr4w\/","title":{"rendered":"ASUS ROG Zephyrus G16 GU605CX-DR4W"},"content":{"rendered":"<div id=\"description\" class=\"description\">\n<div class=\"details-pdt-desc\">\n<h2 class=\"h2-master\">Confort, puissance et finesse sans compromis<\/h2>\n<section>\n<p>Puissance, pr\u00e9cision et \u00e9l\u00e9gance d\u00e9finissent le <strong>PC portable ASUS Zephyrus G16 GU605<\/strong>. Avec ses composants performants, son superbe \u00e9cran OLED de 16 pouces et son \u00e9l\u00e9gant ch\u00e2ssis en aluminium usin\u00e9 CNC, cet ordinateur portable ASUS incarne la fusion parfaite de la performance et du style.<br \/>\n&nbsp;<\/p>\n<\/section>\n<section>\n<div class=\"desc-image\"><span><img decoding=\"async\" alt=\"\" loading=\"lazy\" src=\"https:\/\/electrovideo.eu\/wp-content\/uploads\/2025\/09\/801-113.jpg\"><\/span><\/div>\n<div class=\"desc-text\">\n<h2>Hautes performances de jeu<\/h2>\n<p>Le Zephyrus G16 r\u00e9ussit \u00e0 allier parfaitement rapidit\u00e9, puissance et portabilit\u00e9. Son ch\u00e2ssis ultrafin abrite un processeur Intel Core Ultra 9 s\u00e9rie 2 avec acc\u00e9l\u00e9rateurs IA et une puce graphique NVIDIA GeForce RTX s\u00e9rie 50. Avec en prime de la m\u00e9moire LPDDR5 cadenc\u00e9e \u00e0 7467 MHz et un SSD au format M.2 PCIe 4.0, ce PC portable Gamer vous offrira un fonctionnement fluide et rapide. Avec ce PC portable, que vous soyez en train de passer un appel vid\u00e9o, de monter une vid\u00e9o ou de jouer \u00e0 un jeu de nouvelle g\u00e9n\u00e9ration, l&#8217;IA travaillera sans rel\u00e2che en coulisses pour am\u00e9liorer votre exp\u00e9rience.<\/p>\n<\/div>\n<\/section>\n<section>\n<div class=\"desc-text\">\n<h2>\u00c9cran OLED 240 Hz<\/h2>\n<p>Avec le PC portable ASUS ROG Zephyrus G16, profitez de temps de r\u00e9ponse ultra-rapides et de taux de contraste incroyables qui ne sont possibles qu&#8217;avec la technologie OLED. Son \u00e9cran affiche une r\u00e9solution de 2,5K, ce qui lui conf\u00e8re une forte densit\u00e9 de pixels pour un \u00e9cran de 16 pouces. par ailleurs, un taux de rafra\u00eechissement de 240 Hz assure la fluidit\u00e9 de tous vos jeux. La couverture \u00e0 100 % de l&#8217;espace colorim\u00e9trique DCI-P3, la pr\u00e9cision des couleurs delta E inf\u00e9rieure \u00e0 1 et la certification VESA HDR True Black 500 permettent une immersion dans des contenus HDR si r\u00e9alistes que l&#8217;\u00e9cran s&#8217;efface.<\/p>\n<\/div>\n<div class=\"desc-image\"><span><img decoding=\"async\" alt=\"\" loading=\"lazy\" src=\"https:\/\/electrovideo.eu\/wp-content\/uploads\/2025\/09\/802-100.jpg\"><\/span><\/div>\n<\/section>\n<section>\n<div class=\"desc-image\"><span><img decoding=\"async\" alt=\"\" loading=\"lazy\" src=\"https:\/\/electrovideo.eu\/wp-content\/uploads\/2025\/09\/803-52.jpg\"><\/span><\/div>\n<div class=\"desc-text\">\n<h2>Refroidissement performant<\/h2>\n<p>Le syst\u00e8me de refroidissement ROG Intelligent Cooling regroupe un ensemble de composants qui travaillent en harmonie pour maintenir les ordinateurs portables hautes performances au frais et dans le silence.&nbsp; La chambre \u00e0 vapeur du Zephyrus G16, la technologie Tri Fan, les ventilateurs Arc Flow de 2<sup>\u00e8me<\/sup> g\u00e9n\u00e9ration, le compos\u00e9 thermique en m\u00e9tal liquide et un conduit d&#8217;\u00e9vacuation redessin\u00e9 \u00e0 haute efficacit\u00e9 fonctionnent en parfaite harmonie pour offrir l&#8217;\u00e9quilibre parfait entre thermique et acoustique. Ensemble, ces syst\u00e8mes permettent \u00e0 la machine de fonctionner au maximum de ses capacit\u00e9s tout en restant plus silencieuse.<\/p>\n<\/div>\n<\/section>\n<section>\n<div class=\"desc-text\">\n<h2>Excellente qualit\u00e9 audio<\/h2>\n<p>Laissez-vous emporter par la musique gr\u00e2ce aux 6 haut-parleurs du Zephyrus G16. Gr\u00e2ce \u00e0 une augmentation de volume stup\u00e9fiante de 47 % et \u00e0 une fr\u00e9quence de basse ultra-basse de 100 Hz, le G16 produit un son clair et vibrant que l&#8217;on n&#8217;attendrait pas d&#8217;un appareil ultrafin de 16 pouces. Que vous \u00e9coutiez votre podcast pr\u00e9f\u00e9r\u00e9 ou que vous sauviez le monde dans les derniers jeux, le Zephyrus G16 est pr\u00eat \u00e0 faire monter le volume.<\/p>\n<\/div>\n<div class=\"desc-image\"><span><img decoding=\"async\" alt=\"\" loading=\"lazy\" src=\"https:\/\/electrovideo.eu\/wp-content\/uploads\/2025\/09\/804-15.jpg\"><\/span><\/div>\n<\/section>\n<section class=\"list\">\n<h2>Caract\u00e9ristiques principales :<\/h2>\n<ul>\n<li><strong>Processeur Intel Core Ultra 9 285H<\/strong><\/li>\n<li>64 Go de m\u00e9moire vive LPDDR5 (m\u00e9moire int\u00e9gr\u00e9e)<\/li>\n<li>\u00c9cran de 16&#8243; avec r\u00e9solution <strong>QHD+<\/strong> (2560 x 1600 pixels)<\/li>\n<li><strong>Dalle OLED<\/strong> avec fr\u00e9quence d&#8217;affichage de <strong>240 Hz <\/strong>et temps de r\u00e9ponse de 0.2 ms<\/li>\n<li>Prise en charge de NVIDIA G-SYNC<\/li>\n<li>Puce graphique <strong>NVIDIA GeForce RTX 5090<\/strong> avec 24 Go de m\u00e9moire d\u00e9di\u00e9e GDDR7 (1647 MHz &#8211; 120W)<\/li>\n<li>Fonctionnement ultra-rapide avec un <strong>SSD M.2 PCIe 4.0 de 2 To<\/strong><\/li>\n<li>Connexion sans fil Wi-Fi 7 + Bluetooth 5.4<\/li>\n<li>Clavier Gamer avec r\u00e9tro\u00e9clairage RGB (1 zone)<\/li>\n<li>Webcam IR 1080p<\/li>\n<li><strong>Windows 11 Famille<\/strong><\/li>\n<\/ul>\n<\/section>\n<\/div>\n<div class=\"emphasis\"><strong>Qu&#8217;est ce que le DAS ou D\u00e9bit d&#8217;Absorption Sp\u00e9cifique ?<\/strong><\/p>\n<p>Le d\u00e9bit d&#8217;absorption sp\u00e9cifique (DAS) local quantifie l&#8217;exposition de l&#8217;utilisateur aux ondes \u00e9lectromagn\u00e9tiques de l&#8217;\u00e9quipement concern\u00e9. Le DAS maximal autoris\u00e9 est de 2 W\/kg pour la t\u00eate et le tronc et de 4 W\/kg pour les membres.<\/p>\n<p><em>Tous les produits vendus sur le site Electrovideo.eu sont conformes \u00e0 cette r\u00e9glementation. Les valeurs DAS des produits concern\u00e9s sont indiqu\u00e9es au niveau des fiches produits dans la partie fiche technique.<\/em><\/p>\n<\/div><\/div>\n","protected":false},"excerpt":{"rendered":"<p>Intel Core Ultra 9 285H 64 Go SSD 2 To 16&#8243; OLED 2.5K 240 Hz NVIDIA GeForce RTX 5090 24 Go DLSS 4 Wi-Fi 7\/Bluetooth Windows 11 Famille<\/p>\n","protected":false},"featured_media":214784,"comment_status":"open","ping_status":"closed","template":"","meta":{"_monsterinsights_skip_tracking":false,"_monsterinsights_sitenote_active":false,"_monsterinsights_sitenote_note":"","_monsterinsights_sitenote_category":0},"etheme_brands":[{"term_id":53,"name":"ASUS","slug":"asus","term_group":0,"term_taxonomy_id":53,"taxonomy":"brand","description":"","parent":0,"count":248,"filter":"raw"}],"product_brand":[],"product_cat":[2499],"product_tag":[],"class_list":{"0":"post-214782","1":"product","2":"type-product","3":"status-publish","4":"has-post-thumbnail","6":"brand-asus","7":"product_cat-gaming-laptop","9":"first","10":"instock","11":"sale","12":"taxable","13":"shipping-taxable","14":"purchasable","15":"product-type-simple"},"_links":{"self":[{"href":"https:\/\/electrovideo.eu\/en\/wp-json\/wp\/v2\/product\/214782","targetHints":{"allow":["GET"]}}],"collection":[{"href":"https:\/\/electrovideo.eu\/en\/wp-json\/wp\/v2\/product"}],"about":[{"href":"https:\/\/electrovideo.eu\/en\/wp-json\/wp\/v2\/types\/product"}],"replies":[{"embeddable":true,"href":"https:\/\/electrovideo.eu\/en\/wp-json\/wp\/v2\/comments?post=214782"}],"version-history":[{"count":0,"href":"https:\/\/electrovideo.eu\/en\/wp-json\/wp\/v2\/product\/214782\/revisions"}],"wp:featuredmedia":[{"embeddable":true,"href":"https:\/\/electrovideo.eu\/en\/wp-json\/wp\/v2\/media\/214784"}],"wp:attachment":[{"href":"https:\/\/electrovideo.eu\/en\/wp-json\/wp\/v2\/media?parent=214782"}],"wp:term":[{"taxonomy":"brand","embeddable":true,"href":"https:\/\/electrovideo.eu\/en\/wp-json\/wp\/v2\/etheme_brands?post=214782"},{"taxonomy":"product_brand","embeddable":true,"href":"https:\/\/electrovideo.eu\/en\/wp-json\/wp\/v2\/product_brand?post=214782"},{"taxonomy":"product_cat","embeddable":true,"href":"https:\/\/electrovideo.eu\/en\/wp-json\/wp\/v2\/product_cat?post=214782"},{"taxonomy":"product_tag","embeddable":true,"href":"https:\/\/electrovideo.eu\/en\/wp-json\/wp\/v2\/product_tag?post=214782"}],"curies":[{"name":"wp","href":"https:\/\/api.w.org\/{rel}","templated":true}]}}