{"id":214765,"date":"2025-09-24T05:42:31","date_gmt":"2025-09-24T03:42:31","guid":{"rendered":"https:\/\/electrovideo.eu\/produit\/acer-predator-helios-18-ai-ph18-73-9498\/"},"modified":"2025-11-25T01:59:24","modified_gmt":"2025-11-24T23:59:24","slug":"acer-predator-helios-18-ai-ph18-73-9498","status":"publish","type":"product","link":"https:\/\/electrovideo.eu\/en\/product\/acer-predator-helios-18-ai-ph18-73-9498\/","title":{"rendered":"Acer Predator Helios 18 AI PH18-73-9498"},"content":{"rendered":"<div id=\"description\" class=\"description\">\n<div class=\"details-pdt-desc\">\n<h2 class=\"h2-master\">Un monstre de puissance dop\u00e9 \u00e0 l\u2019intelligence artificielle<\/h2>\n<section>\n<p>Con\u00e7u pour les gamers ultra-exigeants et les cr\u00e9ateurs ambitieux, le <strong>Predator Helios 18 AI<\/strong> propulse l\u2019exp\u00e9rience PC portable dans une nouvelle dimension. \u00c9quip\u00e9 d\u2019un <strong>processeur Intel Core Ultra 9 275HX<\/strong>, d\u2019un \u00e9cran Mini LED de 18 pouces \u00e0 1000 nits, et d\u2019une puce graphique <strong>NVIDIA GeForce RTX 5090<\/strong>, il offre des performances dignes d\u2019un PC de bureau, optimis\u00e9es par l\u2019<strong>intelligence artificielle<\/strong> et des technologies avanc\u00e9es comme le Wi-Fi 7 ou Thunderbolt. Une machine de guerre pens\u00e9e pour la vitesse, la pr\u00e9cision et la ma\u00eetrise absolue.<\/p>\n<\/section>\n<section>\n<div class=\"desc-image\"><span><img decoding=\"async\" alt=\"\" loading=\"lazy\" src=\"https:\/\/electrovideo.eu\/wp-content\/uploads\/2025\/09\/acer_predator_helios_18_ai_0004.jpg\"><\/span><\/div>\n<div class=\"desc-text\">\n<h2>Des performances de bureau, o\u00f9 que vous soyez<\/h2>\n<p>Le Predator Helios 18 AI est propuls\u00e9 par le surpuissant <strong>Intel Core Ultra 9 275HX<\/strong> avec <strong>13 TOPS d\u00e9di\u00e9s \u00e0 l\u2019IA<\/strong>, \u00e9paul\u00e9 par <strong>64 Go de m\u00e9moire DDR5<\/strong> \u00e0 5600 MHz. Cette configuration haut de gamme garantit une <strong>fluidit\u00e9 exceptionnelle dans les jeux<\/strong>, le streaming ou les applications cr\u00e9atives les plus exigeantes. Gr\u00e2ce \u00e0 la technologie <strong>Intel Application Optimization<\/strong>, les performances s\u2019adaptent dynamiquement aux usages, assurant un rendu optimal \u00e0 chaque instant. Une b\u00eate de course qui ne laisse aucune place au compromis, m\u00eame en mobilit\u00e9.<\/p>\n<p>Le GPU <strong>NVIDIA GeForce RTX 5090<\/strong> avec <strong>24&nbsp;Go de m\u00e9moire GDDR7<\/strong> s\u2019appuie sur l\u2019architecture Blackwell pour booster les performances graphiques, l\u2019acc\u00e9l\u00e9ration IA et la fluidit\u00e9. Les fonctionnalit\u00e9s RTX les plus avanc\u00e9es comme le ray tracing ou le DLSS permettent un r\u00e9alisme visuel saisissant dans plus de 150 applications optimis\u00e9es. L\u2019ordinateur devient ainsi un v\u00e9ritable studio cr\u00e9atif ou une plateforme gaming sans limites.<\/p>\n<\/div>\n<\/section>\n<section>\n<div class=\"desc-text\">\n<h2>Un affichage qui en met plein les yeux<\/h2>\n<p>L\u2019\u00e9cran <strong>Mini LED de 18 pouces<\/strong> au format 16:10 d\u00e9livre une <strong>r\u00e9solution WQUXGA de 3840 x 2400 pixels<\/strong> avec une fr\u00e9quence de 120 Hz. Gr\u00e2ce \u00e0 une <strong>luminosit\u00e9 de 1000 nits<\/strong> et \u00e0 la prise en charge du HDR, chaque sc\u00e8ne s\u2019anime avec des <strong>contrastes profonds et des couleurs \u00e9clatantes<\/strong>. M\u00eame dans un environnement lumineux, la dalle reste parfaitement lisible, pour une immersion totale \u00e0 tout moment de la journ\u00e9e.<\/p>\n<p>La technologie <strong>anti-reflets<\/strong> et l\u2019utilisation d\u2019une dalle <strong>IPS<\/strong> garantissent un grand confort visuel, m\u00eame apr\u00e8s plusieurs heures de jeu ou de travail. Ce niveau de d\u00e9tail et de fluidit\u00e9 transforme chaque interaction en exp\u00e9rience visuelle in\u00e9dite, aussi bien dans les jeux AAA que pour le montage 4K.<\/p>\n<\/div>\n<div class=\"desc-image\"><span><img decoding=\"async\" alt=\"\" loading=\"lazy\" src=\"https:\/\/electrovideo.eu\/wp-content\/uploads\/2025\/09\/acer_predator_helios_18_ai_0001.jpg\"><\/span><\/div>\n<\/section>\n<section>\n<div class=\"desc-image\"><span><img decoding=\"async\" alt=\"\" loading=\"lazy\" src=\"https:\/\/electrovideo.eu\/wp-content\/uploads\/2025\/09\/acer_predator_helios_18_ai_0002.jpg\"><\/span><\/div>\n<div class=\"desc-text\">\n<h2>Un ch\u00e2ssis taill\u00e9 pour dominer<\/h2>\n<p>Le Predator Helios 18 AI impressionne aussi par son design. Sous son <strong>ch\u00e2ssis noir affirm\u00e9<\/strong>, il int\u00e8gre un clavier <strong>AZERTY r\u00e9tro\u00e9clair\u00e9 RGB Mini LED<\/strong> \u00e9quip\u00e9 de la technologie <strong>MagKey 4.0<\/strong> \u00e0 activation magn\u00e9tique pour une <strong>pr\u00e9cision et une r\u00e9activit\u00e9 exceptionnelles<\/strong>. Le syst\u00e8me de refroidissement <strong>AeroBlade 3D 6e g\u00e9n\u00e9ration<\/strong> am\u00e9liore le flux d\u2019air de 20 % pour maintenir les performances m\u00eame sous forte charge.<\/p>\n<p>Les connectiques haut de gamme et le Wi-Fi 7 garantissent une <strong>connectivit\u00e9 rapide et stable<\/strong> dans toutes les situations. Le tout est aliment\u00e9 par une <strong>batterie 99 Wh<\/strong> et un bloc 400W, pour une autonomie \u00e9quilibr\u00e9e et des performances constantes. Un monstre de technologie, pr\u00eat \u00e0 vous suivre partout.<\/p>\n<\/div>\n<\/section>\n<section class=\"list\">\n<h2>Caract\u00e9ristiques principales :<\/h2>\n<ul>\n<li>Processeur <strong>Intel Core Ultra 9 275HX<\/strong> : 36 Mo de cache, jusqu\u2019\u00e0 5,4 GHz<\/li>\n<li>Carte graphique <strong>NVIDIA GeForce RTX 5090 <\/strong>: 24 Go GDDR7<\/li>\n<li><strong>\u00c9cran 18&#8243; Mini LED WQUXGA<\/strong> (3840 x 2400), 120 Hz, 1000 nits<\/li>\n<li><strong>64 Go de RAM DDR5 5600 MHz<\/strong> extensible jusqu\u2019\u00e0 192 Go<\/li>\n<li>SSD PCIe 4.0 de 1 To +&nbsp;SSD PCIe 4.0 de 2 To + 1 slot M.2 libre<\/li>\n<li>Clavier<strong> AZERTY r\u00e9tro\u00e9clair\u00e9 RGB Mini LED<\/strong> avec MagKey 4.0<\/li>\n<li>Refroidissement AeroBlade 3D 6e g\u00e9n\u00e9ration<\/li>\n<li><strong>Wi-Fi 7<\/strong>, Bluetooth 5.4,<strong> Thunderbolt<\/strong> , HDMI<\/li>\n<li>Batterie 99 Wh, alimentation 400 W<\/li>\n<li><strong>Windows 11 Famille<\/strong><\/li>\n<\/ul>\n<\/section>\n<\/div><\/div>\n","protected":false},"excerpt":{"rendered":"<p>Intel Core Ultra 9 275HX 64 Go SSD 3 To (1 To + 2 To) 18&#8243; Mini-LED 4K WQUXGA 120 Hz NVIDIA GeForce RTX 5090 24 Go DLSS 4 Wi-Fi 7\/Bluetooth Webcam Windows 11 Famille<\/p>\n","protected":false},"featured_media":214767,"comment_status":"open","ping_status":"closed","template":"","meta":{"_monsterinsights_skip_tracking":false,"_monsterinsights_sitenote_active":false,"_monsterinsights_sitenote_note":"","_monsterinsights_sitenote_category":0},"etheme_brands":[{"term_id":4409,"name":"Acer","slug":"acer-en","term_group":0,"term_taxonomy_id":4409,"taxonomy":"brand","description":"","parent":0,"count":24,"filter":"raw"}],"product_brand":[],"product_cat":[2499],"product_tag":[],"class_list":{"0":"post-214765","1":"product","2":"type-product","3":"status-publish","4":"has-post-thumbnail","6":"brand-acer-en","7":"product_cat-gaming-laptop","9":"first","10":"instock","11":"taxable","12":"shipping-taxable","13":"purchasable","14":"product-type-simple"},"_links":{"self":[{"href":"https:\/\/electrovideo.eu\/en\/wp-json\/wp\/v2\/product\/214765","targetHints":{"allow":["GET"]}}],"collection":[{"href":"https:\/\/electrovideo.eu\/en\/wp-json\/wp\/v2\/product"}],"about":[{"href":"https:\/\/electrovideo.eu\/en\/wp-json\/wp\/v2\/types\/product"}],"replies":[{"embeddable":true,"href":"https:\/\/electrovideo.eu\/en\/wp-json\/wp\/v2\/comments?post=214765"}],"version-history":[{"count":0,"href":"https:\/\/electrovideo.eu\/en\/wp-json\/wp\/v2\/product\/214765\/revisions"}],"wp:featuredmedia":[{"embeddable":true,"href":"https:\/\/electrovideo.eu\/en\/wp-json\/wp\/v2\/media\/214767"}],"wp:attachment":[{"href":"https:\/\/electrovideo.eu\/en\/wp-json\/wp\/v2\/media?parent=214765"}],"wp:term":[{"taxonomy":"brand","embeddable":true,"href":"https:\/\/electrovideo.eu\/en\/wp-json\/wp\/v2\/etheme_brands?post=214765"},{"taxonomy":"product_brand","embeddable":true,"href":"https:\/\/electrovideo.eu\/en\/wp-json\/wp\/v2\/product_brand?post=214765"},{"taxonomy":"product_cat","embeddable":true,"href":"https:\/\/electrovideo.eu\/en\/wp-json\/wp\/v2\/product_cat?post=214765"},{"taxonomy":"product_tag","embeddable":true,"href":"https:\/\/electrovideo.eu\/en\/wp-json\/wp\/v2\/product_tag?post=214765"}],"curies":[{"name":"wp","href":"https:\/\/api.w.org\/{rel}","templated":true}]}}