{"id":214756,"date":"2025-09-24T05:43:39","date_gmt":"2025-09-24T03:43:39","guid":{"rendered":"https:\/\/electrovideo.eu\/produit\/asus-rog-strix-g18-g815lw-drs9056w\/"},"modified":"2025-11-25T01:58:40","modified_gmt":"2025-11-24T23:58:40","slug":"asus-rog-strix-g18-g815lw-drs9056w","status":"publish","type":"product","link":"https:\/\/electrovideo.eu\/en\/product\/asus-rog-strix-g18-g815lw-drs9056w\/","title":{"rendered":"ASUS ROG STRIX G18 G815LW-DRS9056W"},"content":{"rendered":"<div id=\"description\" class=\"description\">\n<div class=\"details-pdt-desc\">\n<h2 class=\"h2-master\">Hautes performances avec un \u00e9cran 18&#8243; QHD+ 240 Hz<\/h2>\n<section>\n<p>Le <strong>PC Portable Gaming ASUS ROG STRIX G18 G815<\/strong> vous permettra de jouer dans les meilleures conditions \u00e0 vos jeux PC favoris gr\u00e2ce \u00e0 des composants ultra-performants, un \u00e9cran 240 Hz et une conception haut de gamme qui ne laisse rien au hasard. Le STRIX G18 G815 a \u00e9galement acc\u00e8s \u00e0 l&#8217;acc\u00e9l\u00e9ration de l&#8217;IA dans certaines applications de cr\u00e9ation de contenu, ce qui vous offre une incroyable flexibilit\u00e9 sur la fa\u00e7on dont vous pouvez utiliser votre machine gaming.<br \/>\n&nbsp;<\/p>\n<\/section>\n<section>\n<div class=\"desc-image\"><span><img decoding=\"async\" alt=\"\" loading=\"lazy\" src=\"https:\/\/electrovideo.eu\/wp-content\/uploads\/2025\/09\/801-73.jpg\"><\/span><\/div>\n<div class=\"desc-text\">\n<h2>Performance et confort pour les Gamers<\/h2>\n<p>Avec un \u00e9cran de 18 pouces, gagnez en confort de jeu et distinguez l&#8217;ennemi plus clairement ! Aliment\u00e9 par un processeur Intel Core Ultra 9 et une puce graphique NVIDIA GeForce RTX 5080, le STRIX G18 g\u00e8re facilement les jeux les plus exigeants. Affichant un TGP maximal de 230 W en mode Turbo, la prise en charge d&#8217;Advanced Optimus et l&#8217;acc\u00e8s aux derniers outils d&#8217;acc\u00e9l\u00e9ration de l&#8217;IA, notamment DLSS et Frame Generation, ce GPU peut propulser vos jeux vers des sommets in\u00e9gal\u00e9s. Ce PC portable ASUS est \u00e9galement \u00e9quip\u00e9 d&#8217;un switch MUX d\u00e9di\u00e9 avec prise en charge de NVIDIA Advanced Optimus, ce qui vous permet d&#8217;exploiter pleinement la puissance de votre GPU lorsque vous jouez.<\/p>\n<\/div>\n<\/section>\n<section>\n<div class=\"desc-text\">\n<h2>\u00c9cran ROG Nebula HDR<\/h2>\n<p>Le STRIX G18 est dot\u00e9 d&#8217;un \u00e9cran Nebula 2.5K 240Hz ultra-rapide avec un temps de r\u00e9ponse de 3 ms, ce qui vous permet d&#8217;avoir toujours une longueur d&#8217;avance sur vos adversaires. Gr\u00e2ce \u00e0 son \u00e9cran 16:10 d&#8217;une luminosit\u00e9 de 500 nits et d&#8217;une couverture DCI-P3 \u00e0 100 %, le STRIX G18 offre une incroyable pr\u00e9cision des couleurs au pixel pr\u00e8s, m\u00eame dans les combats les plus acharn\u00e9s. Nous avons \u00e9galement ajout\u00e9 un tout nouveau film ACR (Ambient Contrast Ratio), avec deux couches qui r\u00e9duisent les reflets et augmentent le contraste pour des images plus \u00e9clatantes, tout en am\u00e9liorant l&#8217;angle de vue pour les spectateurs.<\/p>\n<\/div>\n<div class=\"desc-image\"><span><img decoding=\"async\" alt=\"\" loading=\"lazy\" src=\"https:\/\/electrovideo.eu\/wp-content\/uploads\/2025\/09\/802-66.jpg\"><\/span><\/div>\n<\/section>\n<section>\n<div class=\"desc-image\"><span><img decoding=\"async\" alt=\"\" loading=\"lazy\" src=\"https:\/\/electrovideo.eu\/wp-content\/uploads\/2025\/09\/803-27.jpg\"><\/span><\/div>\n<div class=\"desc-text\">\n<h2>Refroidissement performant<\/h2>\n<p>ASUS a enti\u00e8rement revu la solution de refroidissement du STRIX G18 G815 en tenant compte de calculs pr\u00e9cis afin de vous garantir la meilleure exp\u00e9rience de jeu possible avec votre machine. ASUS a d\u00e9plac\u00e9 toutes les prises d&#8217;air \u00e0 l&#8217;arri\u00e8re de la charni\u00e8re dans le but d&#8217;\u00e9loigner l&#8217;air chaud de votre main. Les c\u00f4t\u00e9s et le fond de la machine font office d&#8217;entr\u00e9e d&#8217;air, cr\u00e9ant ainsi une voie naturelle et efficace pour le flux d&#8217;air. L&#8217;air circule \u00e9galement \u00e0 travers le plateau du clavier, ce qui permet \u00e0 vos mains de rester au frais pendant les sessions de jeu intenses. En associant une chambre \u00e0 vapeur de bout en bout avec un dissipateur thermique en sandwich, la technologie Tri-Fan et le m\u00e9tal liquide Conductonaut Extreme sur le CPU et le GPU, le Strix 18 G815 atteint un niveau de bruit inf\u00e9rieur en mode Turbo par rapport \u00e0 la g\u00e9n\u00e9ration pr\u00e9c\u00e9dente, tout en offrant la m\u00eame excellence calcul\u00e9e que vous attendez d&#8217;une machine STRIX.<\/p>\n<\/div>\n<\/section>\n<section>\n<div class=\"desc-text\">\n<h2>Qualit\u00e9 audio sup\u00e9rieure<\/h2>\n<p>Les deux haut-parleurs aliment\u00e9s par Dolby Atmos cr\u00e9ent une sc\u00e8ne sonore authentique pour vos jeux. L&#8217;audio haute r\u00e9solution vous permet d&#8217;\u00e9couter votre musique avec la m\u00eame qualit\u00e9 que lors de son enregistrement. La fonction Two-Way AI Noise Cancelation traite les signaux audio entrants et sortants pour filtrer tous les bruits de fond, afin de garantir que vos appels, vos chats et vos streams soient transmis sans nuisance.<\/p>\n<\/div>\n<div class=\"desc-image\"><span><img decoding=\"async\" alt=\"\" loading=\"lazy\" src=\"https:\/\/electrovideo.eu\/wp-content\/uploads\/2025\/09\/804-13.jpg\"><\/span><\/div>\n<\/section>\n<section>\n<div class=\"desc-image\"><span><img decoding=\"async\" alt=\"\" loading=\"lazy\" src=\"https:\/\/electrovideo.eu\/wp-content\/uploads\/2025\/09\/805b.jpg\"><\/span><\/div>\n<div class=\"desc-text\">\n<h2>Clavier eSport r\u00e9tro\u00e9clair\u00e9<\/h2>\n<p>La diff\u00e9rence entre la victoire et la d\u00e9faite peut se jouer \u00e0 une seule touche, c&#8217;est pourquoi le Strix G18 est dot\u00e9 d&#8217;un clavier complet con\u00e7u pour assurer la victoire. La technologie Overstroke permet un travail et un jeu sublimes, en r\u00e9duisant l&#8217;actionnement des touches et en am\u00e9liorant la r\u00e9activit\u00e9. Con\u00e7u pour les joueurs, ce clavier pr\u00e9sente des touches de fonction espac\u00e9es qui permettent d&#8217;identifier plus intuitivement les touches de raccourcis. Ainsi, vous acc\u00e9dez plus rapidement \u00e0 vos principales commandes de jeu. Les grandes touches fl\u00e9ch\u00e9es permettent un contr\u00f4le plus pr\u00e9cis dans le feu de l&#8217;action. Le pav\u00e9 tactile plus grand facilite le suivi de toutes vos applications, tandis que l&#8217;\u00e9clairage RGB par touche vous permet de choisir parmi des millions de couleurs sur chaque touche pour une personnalisation sans fin. Vous pouvez \u00e9galement cr\u00e9er des mises en page sp\u00e9cifiques aux jeux via Armoury Crate, ce qui rend chaque partie unique.<\/p>\n<\/div>\n<\/section>\n<section class=\"list\">\n<h2>Caract\u00e9ristiques principales :<\/h2>\n<ul>\n<li><strong>Processeur&nbsp;Intel Core Ultra 9 275HX<\/strong><\/li>\n<li>32 Go de m\u00e9moire vive DDR5 (2x 16 Go &#8211; 2 slots &#8211; maximum 64 Go au total)<\/li>\n<li>\u00c9cran IPS de 18&#8243; avec r\u00e9solution QHD+ (2560 x 1600 pixels) et <strong>fr\u00e9quence de 240 Hz<\/strong><\/li>\n<li>Puce graphique <strong>NVIDIA GeForce RTX 5080<\/strong> avec 16 Go de m\u00e9moire d\u00e9di\u00e9e GDDR7 (1500+50 MHz &#8211; 150+25W Dynamic Boost)<\/li>\n<li><strong>Switch MUX<\/strong> int\u00e9gr\u00e9, pour passer \u00e0 un mode GPU Direct vers l&#8217;affichage et r\u00e9duire la latence<\/li>\n<li><strong>SSD M.2 PCIe 4.0 de 1 To<\/strong> + 1 slot M.2 PCIe libre<\/li>\n<li>Communication sans fil performante :&nbsp;Wi-Fi 7 + Bluetooth&nbsp;5.4<\/li>\n<li>Clavier gaming avec touches r\u00e9tro\u00e9clair\u00e9es RGB touche par touche<\/li>\n<li>2 haut-parleurs int\u00e9gr\u00e9s avec technologie Smart Amp<\/li>\n<li><strong>Windows 11 Famille<\/strong><\/li>\n<\/ul>\n<\/section>\n<\/div>\n<div class=\"emphasis\"><strong>Qu&#8217;est ce que le DAS ou D\u00e9bit d&#8217;Absorption Sp\u00e9cifique ?<\/strong><\/p>\n<p>Le d\u00e9bit d&#8217;absorption sp\u00e9cifique (DAS) local quantifie l&#8217;exposition de l&#8217;utilisateur aux ondes \u00e9lectromagn\u00e9tiques de l&#8217;\u00e9quipement concern\u00e9. Le DAS maximal autoris\u00e9 est de 2 W\/kg pour la t\u00eate et le tronc et de 4 W\/kg pour les membres.<\/p>\n<p><em>Tous les produits vendus sur le site Electrovideo.eu sont conformes \u00e0 cette r\u00e9glementation. Les valeurs DAS des produits concern\u00e9s sont indiqu\u00e9es au niveau des fiches produits dans la partie fiche technique.<\/em><\/p>\n<\/div><\/div>\n","protected":false},"excerpt":{"rendered":"<p>Intel Core Ultra 9 275HX 32 Go SSD 1 To 18&#8243; LED QHD+ 240 Hz NVIDIA GeForce RTX 5080 16 Go DLSS 4 Wi-Fi 7\/Bluetooth Windows 11 Famille<\/p>\n","protected":false},"featured_media":214757,"comment_status":"open","ping_status":"closed","template":"","meta":{"_monsterinsights_skip_tracking":false,"_monsterinsights_sitenote_active":false,"_monsterinsights_sitenote_note":"","_monsterinsights_sitenote_category":0},"etheme_brands":[{"term_id":53,"name":"ASUS","slug":"asus","term_group":0,"term_taxonomy_id":53,"taxonomy":"brand","description":"","parent":0,"count":248,"filter":"raw"}],"product_brand":[],"product_cat":[2499],"product_tag":[],"class_list":{"0":"post-214756","1":"product","2":"type-product","3":"status-publish","4":"has-post-thumbnail","6":"brand-asus","7":"product_cat-gaming-laptop","9":"first","10":"instock","11":"sale","12":"taxable","13":"shipping-taxable","14":"purchasable","15":"product-type-simple"},"_links":{"self":[{"href":"https:\/\/electrovideo.eu\/en\/wp-json\/wp\/v2\/product\/214756","targetHints":{"allow":["GET"]}}],"collection":[{"href":"https:\/\/electrovideo.eu\/en\/wp-json\/wp\/v2\/product"}],"about":[{"href":"https:\/\/electrovideo.eu\/en\/wp-json\/wp\/v2\/types\/product"}],"replies":[{"embeddable":true,"href":"https:\/\/electrovideo.eu\/en\/wp-json\/wp\/v2\/comments?post=214756"}],"version-history":[{"count":0,"href":"https:\/\/electrovideo.eu\/en\/wp-json\/wp\/v2\/product\/214756\/revisions"}],"wp:featuredmedia":[{"embeddable":true,"href":"https:\/\/electrovideo.eu\/en\/wp-json\/wp\/v2\/media\/214757"}],"wp:attachment":[{"href":"https:\/\/electrovideo.eu\/en\/wp-json\/wp\/v2\/media?parent=214756"}],"wp:term":[{"taxonomy":"brand","embeddable":true,"href":"https:\/\/electrovideo.eu\/en\/wp-json\/wp\/v2\/etheme_brands?post=214756"},{"taxonomy":"product_brand","embeddable":true,"href":"https:\/\/electrovideo.eu\/en\/wp-json\/wp\/v2\/product_brand?post=214756"},{"taxonomy":"product_cat","embeddable":true,"href":"https:\/\/electrovideo.eu\/en\/wp-json\/wp\/v2\/product_cat?post=214756"},{"taxonomy":"product_tag","embeddable":true,"href":"https:\/\/electrovideo.eu\/en\/wp-json\/wp\/v2\/product_tag?post=214756"}],"curies":[{"name":"wp","href":"https:\/\/api.w.org\/{rel}","templated":true}]}}