{"id":214744,"date":"2025-09-24T05:51:39","date_gmt":"2025-09-24T03:51:39","guid":{"rendered":"https:\/\/electrovideo.eu\/produit\/asus-proart-studiobook-pro-16-w7604j3d-my012x\/"},"modified":"2025-11-25T01:58:00","modified_gmt":"2025-11-24T23:58:00","slug":"asus-proart-studiobook-pro-16-w7604j3d-my012x","status":"publish","type":"product","link":"https:\/\/electrovideo.eu\/en\/product\/asus-proart-studiobook-pro-16-w7604j3d-my012x\/","title":{"rendered":"ASUS ProArt StudioBook Pro 16 W7604J3D-MY012X"},"content":{"rendered":"<div id=\"description\" class=\"description\">\n<div class=\"details-pdt-desc\">\n<h2 class=\"h2-master\">Une station de travail puissante et pratique<\/h2>\n<section>\n<p>Le <strong>PC portable ASUS ProArt Studiobook Pro 16<\/strong> est con\u00e7u pour permettre aux professionnels des m\u00e9tiers de la cr\u00e9ation de concr\u00e9tiser plus facilement leurs id\u00e9es. En plus de ses composants ultra-performants, cet ordinateur portable professionnel b\u00e9n\u00e9ficie notamment d&#8217;un superbe \u00e9cran OLED \u00e0 Haute R\u00e9solution et d&#8217;un DialPad int\u00e9gr\u00e9, pour \u00e9tendre vos possibilit\u00e9s.<br \/>\n&nbsp;<\/p>\n<\/section>\n<section>\n<div class=\"desc-image\"><span><img decoding=\"async\" alt=\"\" loading=\"lazy\" src=\"https:\/\/electrovideo.eu\/wp-content\/uploads\/2025\/09\/801-117.jpg\"><\/span><\/div>\n<div class=\"desc-text\">\n<h2>Une station de travail mobile et performante<\/h2>\n<p>Le ProArt Studiobook Pro 16 a \u00e9t\u00e9 con\u00e7u dans un but pr\u00e9cis : vous fournir toutes les performances brutes n\u00e9cessaires \u00e0 vos projets les plus ardus et \u00e9nergivores. Il est \u00e9quip\u00e9 notamment d&#8217;un puissant processeur Intel Core i9, d&#8217;une puce graphique NVIDIA RTX 3000 et d&#8217;un SSD ultra-rapide. L&#8217;architecture avanc\u00e9e NVIDIA Ada Lovelace est dot\u00e9e de fonctions de ray tracing en temps r\u00e9el et de capacit\u00e9s informatiques acc\u00e9l\u00e9r\u00e9es par l&#8217;IA, ce qui en fait la solution id\u00e9ale pour les ing\u00e9nieurs, les concepteurs et les cr\u00e9ateurs. Un switch MUX vous permet de choisir \u00e0 tout moment entre des performances maximales de faible latence directement \u00e0 l&#8217;\u00e9cran et une autonomie optimale de la batterie.<\/p>\n<\/div>\n<\/section>\n<section>\n<div class=\"desc-text\">\n<h2>\u00c9cran tactile OLED Haute R\u00e9solution<\/h2>\n<p>Pour un travail cr\u00e9atif de qualit\u00e9, vous avez besoin d&#8217;un \u00e9cran de qualit\u00e9 comme celui du ProArt Studiobook 16 OLED, qui ne vous d\u00e9cevra pas. Son \u00e9cran tactile OLED HDR 3,2K 120 Hz est tout simplement sublime, offrant des visuels v\u00e9ritablement photor\u00e9alistes certifi\u00e9s VESA DisplayHDR True Black 500 pour un contraste ultra \u00e9lev\u00e9 et des noirs profonds, sans oublier la gamme de couleurs 100 % DCI-P3 conforme aux normes du secteur qui assure des couleurs vives et fid\u00e8les \u00e0 la r\u00e9alit\u00e9. Il est \u00e9galement certifi\u00e9 Dolby Vision pour des images HDR r\u00e9alistes et ultra-vives.<\/p>\n<\/div>\n<div class=\"desc-image\"><span><img decoding=\"async\" alt=\"\" loading=\"lazy\" src=\"https:\/\/electrovideo.eu\/wp-content\/uploads\/2025\/09\/802-102.jpg\"><\/span><\/div>\n<\/section>\n<section>\n<div class=\"desc-image\"><span><img decoding=\"async\" alt=\"\" loading=\"lazy\" src=\"https:\/\/electrovideo.eu\/wp-content\/uploads\/2025\/09\/803-56.jpg\"><\/span><\/div>\n<div class=\"desc-text\">\n<h2>Refroidissement optimis\u00e9<\/h2>\n<p>La technologie thermique avanc\u00e9e ASUS IceCool Pro conf\u00e8re au ProArt Studiobook Pro 16 OLED un avantage en mati\u00e8re de performances et de silence. Le m\u00e9tal liquide sur le processeur, cinq caloducs et des ventilateurs doubles \u00e0 102 pales plus grands assurent des performances de refroidissement optimales. L&#8217;\u00e9clairage du clavier par touche avec conception d&#8217;entr\u00e9e d&#8217;air permet \u00e9galement d&#8217;optimiser le flux d&#8217;air. Toute cette technologie permet de maintenir les niveaux de bruit en dessous de 40 dBA en mode de refroidissement standard, ou vous pouvez lib\u00e9rer la totalit\u00e9 des 150 W du TDP combin\u00e9 CPU\/GPU quand vous en avez besoin.<\/p>\n<\/div>\n<\/section>\n<section>\n<div class=\"desc-text\">\n<h2>DialPad : tout un monde entre vos mains !<\/h2>\n<p>D\u00e9couvrez de nouvelles fa\u00e7ons de travailler avec l&#8217;innovant ASUS DialPad, une molette physique intuitive qui vous permet de contr\u00f4ler instantan\u00e9ment et pr\u00e9cis\u00e9ment du bout des doigts les param\u00e8tres de vos applications cr\u00e9atives. Vous pouvez modifier facilement la taille de votre pinceau ou le niveau de saturation, ajuster l\u2019opacit\u00e9 de vos images ou annuler rapidement les actions. Il vous est \u00e9galement possible de r\u00e9gler la luminosit\u00e9 et le volume, ou de faire d\u00e9filer votre \u00e9cran \u00e0 la verticale pour fluidifier votre flux de travail cr\u00e9atif. Plus de 70 fonctions sont pr\u00e9vues \u00e0 cet effet. Le DialPad ASUS est actuellement compatible avec quatre applications Adobe : Adobe Photoshop, Lightroom Classic, Premiere Pro et After Effects. Par ailleurs, il est enti\u00e8rement personnalisable et compatible avec de nombreuses autres applications !<\/p>\n<\/div>\n<div class=\"desc-image\"><span><img decoding=\"async\" alt=\"\" loading=\"lazy\" src=\"https:\/\/electrovideo.eu\/wp-content\/uploads\/2025\/09\/805-9.jpg\"><\/span><\/div>\n<\/section>\n<section>\n<div class=\"desc-image\"><span><img decoding=\"async\" alt=\"\" loading=\"lazy\" src=\"https:\/\/electrovideo.eu\/wp-content\/uploads\/2025\/09\/805-10.jpg\"><\/span><\/div>\n<div class=\"desc-text\">\n<h2>Qualit\u00e9 audio sup\u00e9rieure<\/h2>\n<div class=\"content__info info--2\">Pour une qualit\u00e9 audio sup\u00e9rieure, le ProArt Studiobook Pro 16 OLED s&#8217;est par\u00e9 d&#8217;un syst\u00e8me st\u00e9r\u00e9o certifi\u00e9 par les experts de chez Harman Kardon. Il fournit un son net et puissant. La technologie immersive Dolby Atmos vous plonge au c\u0153ur de vos divertissements pr\u00e9f\u00e9r\u00e9s gr\u00e2ce \u00e0 un son qui se d\u00e9place tout autour de vous pour un r\u00e9alisme \u00e9poustouflant dans la musique, les films et la t\u00e9l\u00e9vision. Donnez vie \u00e0 votre musique et \u00e0 votre son gr\u00e2ce au DAC ESS SABRE de qualit\u00e9 audiophile, dot\u00e9 de la certification Hi-Res Audio pour une lecture optimale et une capacit\u00e9 de gestion des casques haute imp\u00e9dance les plus sophistiqu\u00e9s au monde. La gamme dynamique \u00e9tendue et la distorsion r\u00e9duite vous permettent de profiter d&#8217;aigus plus riches et plus clairs et de basses plus profondes, afin de vous immerger dans un son surround 7.1 virtuel.<\/div>\n<\/div>\n<\/section>\n<section class=\"list\">\n<h2>Caract\u00e9ristiques principales :<\/h2>\n<ul>\n<li><strong>Processeur Intel Core i9-13980HX<\/strong><\/li>\n<li>64 Go de m\u00e9moire DDR5&nbsp;(2 slots &#8211; 64 Go max.)<\/li>\n<li>\u00c9cran OLED tactile de 16 pouces avec r\u00e9solution <strong>de 3200 x 2000 <\/strong>et fr\u00e9quence de <strong>120 Hz<\/strong><\/li>\n<li>Puce graphique <strong>NVIDIA RTX 3000 ADA <\/strong>avec 8 Go de m\u00e9moire GDDR6<\/li>\n<li><strong>SSD M.2 PCIe 4.0 de 1 To<\/strong> + 1 emplacement M.2 PCIe libre<\/li>\n<li>Communication sans fil <strong>Wi-Fi 6E<\/strong> + <strong>Bluetooth 5.3<\/strong><\/li>\n<li>Clavier \u00e0 touches r\u00e9tro\u00e9clair\u00e9es + ASUS Dial int\u00e9gr\u00e9<\/li>\n<li>Webcam FHD IR<\/li>\n<li><strong>Windows 11 Professionnel<\/strong><\/li>\n<\/ul>\n<\/section>\n<\/div>\n<div class=\"emphasis\"><strong>Qu&#8217;est ce que le DAS ou D\u00e9bit d&#8217;Absorption Sp\u00e9cifique ?<\/strong><\/p>\n<p>Le d\u00e9bit d&#8217;absorption sp\u00e9cifique (DAS) local quantifie l&#8217;exposition de l&#8217;utilisateur aux ondes \u00e9lectromagn\u00e9tiques de l&#8217;\u00e9quipement concern\u00e9. Le DAS maximal autoris\u00e9 est de 2 W\/kg pour la t\u00eate et le tronc et de 4 W\/kg pour les membres.<\/p>\n<p><em>Tous les produits vendus sur le site Electrovideo.eu sont conformes \u00e0 cette r\u00e9glementation. Les valeurs DAS des produits concern\u00e9s sont indiqu\u00e9es au niveau des fiches produits dans la partie fiche technique.<\/em><\/p>\n<\/div><\/div>\n","protected":false},"excerpt":{"rendered":"<p>Intel Core i9-13980H 64 Go SSD 1 To 16&#8243; OLED Tactile 120 Hz NVIDIA RTX 3000 ADA 8 Go Wi-Fi 6E\/Bluetooth Webcam Windows 11 Professionnel<\/p>\n","protected":false},"featured_media":214746,"comment_status":"open","ping_status":"closed","template":"","meta":{"_monsterinsights_skip_tracking":false,"_monsterinsights_sitenote_active":false,"_monsterinsights_sitenote_note":"","_monsterinsights_sitenote_category":0},"etheme_brands":[{"term_id":53,"name":"ASUS","slug":"asus","term_group":0,"term_taxonomy_id":53,"taxonomy":"brand","description":"","parent":0,"count":248,"filter":"raw"}],"product_brand":[],"product_cat":[2499],"product_tag":[],"class_list":{"0":"post-214744","1":"product","2":"type-product","3":"status-publish","4":"has-post-thumbnail","6":"brand-asus","7":"product_cat-gaming-laptop","9":"first","10":"instock","11":"taxable","12":"shipping-taxable","13":"purchasable","14":"product-type-simple"},"_links":{"self":[{"href":"https:\/\/electrovideo.eu\/en\/wp-json\/wp\/v2\/product\/214744","targetHints":{"allow":["GET"]}}],"collection":[{"href":"https:\/\/electrovideo.eu\/en\/wp-json\/wp\/v2\/product"}],"about":[{"href":"https:\/\/electrovideo.eu\/en\/wp-json\/wp\/v2\/types\/product"}],"replies":[{"embeddable":true,"href":"https:\/\/electrovideo.eu\/en\/wp-json\/wp\/v2\/comments?post=214744"}],"version-history":[{"count":0,"href":"https:\/\/electrovideo.eu\/en\/wp-json\/wp\/v2\/product\/214744\/revisions"}],"wp:featuredmedia":[{"embeddable":true,"href":"https:\/\/electrovideo.eu\/en\/wp-json\/wp\/v2\/media\/214746"}],"wp:attachment":[{"href":"https:\/\/electrovideo.eu\/en\/wp-json\/wp\/v2\/media?parent=214744"}],"wp:term":[{"taxonomy":"brand","embeddable":true,"href":"https:\/\/electrovideo.eu\/en\/wp-json\/wp\/v2\/etheme_brands?post=214744"},{"taxonomy":"product_brand","embeddable":true,"href":"https:\/\/electrovideo.eu\/en\/wp-json\/wp\/v2\/product_brand?post=214744"},{"taxonomy":"product_cat","embeddable":true,"href":"https:\/\/electrovideo.eu\/en\/wp-json\/wp\/v2\/product_cat?post=214744"},{"taxonomy":"product_tag","embeddable":true,"href":"https:\/\/electrovideo.eu\/en\/wp-json\/wp\/v2\/product_tag?post=214744"}],"curies":[{"name":"wp","href":"https:\/\/api.w.org\/{rel}","templated":true}]}}