{"id":214739,"date":"2025-09-24T05:51:39","date_gmt":"2025-09-24T03:51:39","guid":{"rendered":"https:\/\/electrovideo.eu\/produit\/lenovo-thinkpad-p1-gen-7-21kv0029fr\/"},"modified":"2025-11-25T01:58:30","modified_gmt":"2025-11-24T23:58:30","slug":"lenovo-thinkpad-p1-gen-7-21kv0029fr","status":"publish","type":"product","link":"https:\/\/electrovideo.eu\/en\/product\/lenovo-thinkpad-p1-gen-7-21kv0029fr\/","title":{"rendered":"Lenovo ThinkPad P1 Gen 7 (21KV0029FR)"},"content":{"rendered":"<div id=\"description\" class=\"description\">\n<div class=\"details-pdt-desc\">\n<h2 class=\"h2-master\">Puissant, robuste et ultra-mobile !<\/h2>\n<section>\n<p>Privil\u00e9giez l&#8217;ultra-mobilit\u00e9 sans n\u00e9gliger la performance avec le <strong>Lenovo ThinkPad P1&nbsp;Gen 7<\/strong> ! Malgr\u00e9 son format compact, cet ordinateur portable offre de hautes performances, afin de vous permettre de repousser les limites de vos possibilit\u00e9s, au bureau ou en d\u00e9placement. Le PC portable <strong>Lenovo ThinkPad P1&nbsp;Gen 7 <\/strong>offre de hautes performances et un fonctionnement rapide gr\u00e2ce \u00e0 son processeur Intel Core Ultra 9, ses 64 Go de m\u00e9moire DDR5, sa puce graphique NVIDIA GeForce RTX 4070 et son SSD M.2 PCIe de 2 To.<br \/>\n&nbsp;<\/p>\n<\/section>\n<section>\n<div class=\"desc-image\"><span><img decoding=\"async\" alt=\"\" loading=\"lazy\" src=\"https:\/\/electrovideo.eu\/wp-content\/uploads\/2025\/09\/g7_801.jpg\"><\/span><\/div>\n<div class=\"desc-text\">\n<h2>Puissance et mobilit\u00e9 pour les professionnels<\/h2>\n<p>Comptez sur la station de travail mobile Lenovo ThinkPad P1 Gen 7 pour vos applications professionnelles. Avec son processeur ultra-performant et son circuit graphique NVIDIA GeForce RTX 4070, cet ordinateur portable r\u00e9pondra tr\u00e8s efficacement \u00e0 vos besoins ! Arborant l\u2019embl\u00e9matique finition noire des produits Think et forg\u00e9 dans un alliage de fibre de carbone et de magn\u00e9sium, le ThinkPad P1 Gen 7 a un design styl\u00e9 \u00e0 la hauteur de sa puissance. Avec son poids l\u00e9ger et sa finesse, cette machine sera un parfait compagnon mobile.<\/p>\n<\/div>\n<\/section>\n<section>\n<div class=\"desc-text\">\n<h2>Autonomie longue dur\u00e9e et rechargement rapide<\/h2>\n<p>Lorsque vous \u00eates en d\u00e9placement, vous avez besoin d&#8217;une batterie suffisamment puissante pour vous permettre de passer du temps sur le terrain, c&#8217;est-\u00e0-dire sans prises de courant. La P1 Gen&nbsp;7 est dot\u00e9e d&#8217;une batterie massive qui est \u00e9galement rempla\u00e7able si vous avez besoin de la mettre \u00e0 niveau. De plus, elle est compatible avec la technologie de charge rapide&nbsp;: lorsque vous avez besoin d&#8217;une charge, branchez-la simplement pendant 60&nbsp;minutes et obtenez 80&nbsp;% de la capacit\u00e9.<\/p>\n<\/div>\n<div class=\"desc-image\"><span><img decoding=\"async\" alt=\"\" loading=\"lazy\" src=\"https:\/\/electrovideo.eu\/wp-content\/uploads\/2025\/09\/g7_802.jpg\"><\/span><\/div>\n<\/section>\n<section>\n<div class=\"desc-image\"><span><img decoding=\"async\" alt=\"\" loading=\"lazy\" src=\"https:\/\/electrovideo.eu\/wp-content\/uploads\/2025\/09\/g7_803.jpg\"><\/span><\/div>\n<div class=\"desc-text\">\n<h2>S\u00e9curit\u00e9 et robustesse<\/h2>\n<p>La biom\u00e9trie offre une protection suppl\u00e9mentaire sur la station de travail P1 Gen&nbsp;7, du lecteur d&#8217;empreintes digitales au logiciel de reconnaissance faciale. ThinkShield, la suite compl\u00e8te de solutions de s\u00e9curit\u00e9, est dot\u00e9e du module discrete Trusted Platform Module (dTPM) afin de chiffrer les donn\u00e9es critiques. De plus, la technologie Intel Threat Detection permet de pr\u00e9venir les attaques de ran\u00e7ongiciels, le minage clandestin et bien plus encore.<\/p>\n<\/div>\n<\/section>\n<section>\n<h2>Caract\u00e9ristiques principales :<\/h2>\n<ul>\n<li><strong>Processeur Intel Core Ultra 9 185H<\/strong><\/li>\n<li>64 Go de m\u00e9moire DDR5 7500 MHz LPCAMM2<\/li>\n<li>\u00c9cran de 16&#8243; anti-reflets au format 16\/10 avec haute r\u00e9solution de 2560 x 1600<\/li>\n<li><strong>Dalle IPS<\/strong>&nbsp;: couleurs lumineuses et angles de vision larges<\/li>\n<li>Puce graphique professionnelle <strong>NVIDIA GeForce RTX 4070 <\/strong>avec 8 Go de m\u00e9moire d\u00e9di\u00e9e<\/li>\n<li>Fonctionnement rapide avec un <strong>SSD M.2 PCIe de 2 To<\/strong><\/li>\n<li>1 slot M.2 PCIe (occup\u00e9) + 1 slot M.2 PCIe 2280 (libre)<\/li>\n<li>Communication sans fil performante : <strong>Wi-Fi 7<\/strong> + Bluetooth 5.4<\/li>\n<li>Clavier avec touches r\u00e9tro\u00e9clair\u00e9es<\/li>\n<li>S\u00e9curit\u00e9 : lecteur d&#8217;empreinte digitale et puce dTPM 2.0<\/li>\n<li>Webcam IR 5 M\u00e9gapixels avec obturateur int\u00e9gr\u00e9<\/li>\n<li><strong>Windows 11 Professionnel<\/strong><\/li>\n<li>Garantie constructeur 3 ans dont 3 ans de garantie &#8220;Premier Support&#8221;<\/li>\n<\/ul>\n<\/section>\n<\/div>\n<div class=\"emphasis\"><strong>Qu&#8217;est ce que le DAS ou D\u00e9bit d&#8217;Absorption Sp\u00e9cifique ?<\/strong><\/p>\n<p>Le d\u00e9bit d&#8217;absorption sp\u00e9cifique (DAS) local quantifie l&#8217;exposition de l&#8217;utilisateur aux ondes \u00e9lectromagn\u00e9tiques de l&#8217;\u00e9quipement concern\u00e9. Le DAS maximal autoris\u00e9 est de 2 W\/kg pour la t\u00eate et le tronc et de 4 W\/kg pour les membres.<\/p>\n<p><em>Tous les produits vendus sur le site Electrovideo.eu sont conformes \u00e0 cette r\u00e9glementation. Les valeurs DAS des produits concern\u00e9s sont indiqu\u00e9es au niveau des fiches produits dans la partie fiche technique.<\/em><\/p>\n<\/div><\/div>\n","protected":false},"excerpt":{"rendered":"<p>Intel Core Ultra 9 185H 64 Go SSD 2 To 16&#8243; LED 165 Hz NVIDIA GeForce RTX 4070 8 Go DLSS 3 Wi-Fi 7\/Bluetooth Webcam Windows 11 Professionnel<\/p>\n","protected":false},"featured_media":214741,"comment_status":"open","ping_status":"closed","template":"","meta":{"_monsterinsights_skip_tracking":false,"_monsterinsights_sitenote_active":false,"_monsterinsights_sitenote_note":"","_monsterinsights_sitenote_category":0},"etheme_brands":[{"term_id":4412,"name":"Lenovo","slug":"lenovo-en","term_group":0,"term_taxonomy_id":4412,"taxonomy":"brand","description":"","parent":0,"count":29,"filter":"raw"}],"product_brand":[],"product_cat":[2499],"product_tag":[],"class_list":{"0":"post-214739","1":"product","2":"type-product","3":"status-publish","4":"has-post-thumbnail","6":"brand-lenovo-en","7":"product_cat-gaming-laptop","9":"first","10":"instock","11":"sale","12":"taxable","13":"shipping-taxable","14":"purchasable","15":"product-type-simple"},"_links":{"self":[{"href":"https:\/\/electrovideo.eu\/en\/wp-json\/wp\/v2\/product\/214739","targetHints":{"allow":["GET"]}}],"collection":[{"href":"https:\/\/electrovideo.eu\/en\/wp-json\/wp\/v2\/product"}],"about":[{"href":"https:\/\/electrovideo.eu\/en\/wp-json\/wp\/v2\/types\/product"}],"replies":[{"embeddable":true,"href":"https:\/\/electrovideo.eu\/en\/wp-json\/wp\/v2\/comments?post=214739"}],"version-history":[{"count":0,"href":"https:\/\/electrovideo.eu\/en\/wp-json\/wp\/v2\/product\/214739\/revisions"}],"wp:featuredmedia":[{"embeddable":true,"href":"https:\/\/electrovideo.eu\/en\/wp-json\/wp\/v2\/media\/214741"}],"wp:attachment":[{"href":"https:\/\/electrovideo.eu\/en\/wp-json\/wp\/v2\/media?parent=214739"}],"wp:term":[{"taxonomy":"brand","embeddable":true,"href":"https:\/\/electrovideo.eu\/en\/wp-json\/wp\/v2\/etheme_brands?post=214739"},{"taxonomy":"product_brand","embeddable":true,"href":"https:\/\/electrovideo.eu\/en\/wp-json\/wp\/v2\/product_brand?post=214739"},{"taxonomy":"product_cat","embeddable":true,"href":"https:\/\/electrovideo.eu\/en\/wp-json\/wp\/v2\/product_cat?post=214739"},{"taxonomy":"product_tag","embeddable":true,"href":"https:\/\/electrovideo.eu\/en\/wp-json\/wp\/v2\/product_tag?post=214739"}],"curies":[{"name":"wp","href":"https:\/\/api.w.org\/{rel}","templated":true}]}}