{"id":211910,"date":"2025-09-20T17:30:42","date_gmt":"2025-09-20T15:30:42","guid":{"rendered":"https:\/\/electrovideo.eu\/produit\/be-quiet-straight-power-12-750w-80plus-platinum\/"},"modified":"2026-04-16T01:36:44","modified_gmt":"2026-04-15T23:36:44","slug":"be-quiet-straight-power-12-750w-80plus-platinum","status":"publish","type":"product","link":"https:\/\/electrovideo.eu\/en\/product\/be-quiet-straight-power-12-750w-80plus-platinum\/","title":{"rendered":"be quiet! Straight Power 12 750W 80PLUS Platinum"},"content":{"rendered":"<div id=\"description\" class=\"description\">\n<div class=\"details-pdt-desc\">\n<h2 class=\"h2-master\">be quiet! Straight Power 12 : Un silence ultime pour un rendement exceptionnel<\/h2>\n<section>\n<p>La <strong>be quiet! Straight Power 12<\/strong> est une <strong>alimentation 100% modulaire \u00e0 la norme ATX 3.0<\/strong> pr\u00eate pour l\u2019avenir, qui b\u00e9n\u00e9ficie d\u2019une certification <strong>80 PLUS Platinum<\/strong>, d\u2019un fonctionnement quasi inaudible avec son ventilateur Silent Wings et d\u2019une compatibilit\u00e9 PCIe 5.0. Sa fiabilit\u00e9 en fait un choix id\u00e9al pour tous les utilisateurs \u00e0 la recherche d\u2019une alimentation fiable pour monter leur configuration avec une carte graphique r\u00e9cente.<\/p>\n<\/section>\n<section>\n<div class=\"desc-image\"><span><img decoding=\"async\" alt=\"\" loading=\"lazy\" src=\"https:\/\/electrovideo.eu\/wp-content\/uploads\/2025\/09\/800_2-11.jpg\"><\/span><\/div>\n<div class=\"desc-text\">\n<h2>Caract\u00e9ristiques principales<\/h2>\n<ul>\n<li>Certification 80 PLUS Platinum (jusqu&#8217;\u00e0 93.8 %)&nbsp;<\/li>\n<li><strong>Alimentation ATX 3.0 enti\u00e8rement compatible avec les cartes graphiques PCIe 5.0<\/strong> et celles \u00e9quip\u00e9es de connecteurs 6+2 pins<\/li>\n<li>Capable de g\u00e9rer de tr\u00e8s fortes variations de charge transitoires<\/li>\n<li>Ventilateur 135 mm Silent Wings ultra silencieux<\/li>\n<li>Technologie full bridge \/ LLC pour une stabilit\u00e9 des signaux in\u00e9gal\u00e9e<\/li>\n<li>Un rail massif 12V<\/li>\n<li>Condensateurs japonais \u00e0 105 \u00b0C contribuant \u00e0 une stabilit\u00e9 et une fiabilit\u00e9 maximales<\/li>\n<li>Conception sans fil c\u00f4t\u00e9 DC pour am\u00e9liorer le refroidissement et la long\u00e9vit\u00e9 des composants<\/li>\n<li>Gestion modulaire des c\u00e2bles<\/li>\n<li>Connecteur PCIe 5.0 12VHPWR 600 W et 4 connecteurs PCIe 6+2 broches pour les cartes graphiques haut de gamme et overclock\u00e9es<\/li>\n<\/ul>\n<\/div>\n<\/section>\n<\/div><\/div>\n","protected":false},"excerpt":{"rendered":"<p>Alimentation modulaire 750W ATX 12V 3.0\/EPS 12V 2.92<\/p>\n","protected":false},"featured_media":211912,"comment_status":"open","ping_status":"closed","template":"","meta":{"_monsterinsights_skip_tracking":false,"_monsterinsights_sitenote_active":false,"_monsterinsights_sitenote_note":"","_monsterinsights_sitenote_category":0},"etheme_brands":[{"term_id":50,"name":"Be Quiet!","slug":"be-quiet","term_group":0,"term_taxonomy_id":50,"taxonomy":"brand","description":"","parent":0,"count":40,"filter":"raw"}],"product_brand":[],"product_cat":[19],"product_tag":[],"class_list":{"0":"post-211910","1":"product","2":"type-product","3":"status-publish","4":"has-post-thumbnail","6":"brand-be-quiet","7":"product_cat-power-supply","9":"first","10":"instock","11":"taxable","12":"shipping-taxable","13":"purchasable","14":"product-type-simple"},"_links":{"self":[{"href":"https:\/\/electrovideo.eu\/en\/wp-json\/wp\/v2\/product\/211910","targetHints":{"allow":["GET"]}}],"collection":[{"href":"https:\/\/electrovideo.eu\/en\/wp-json\/wp\/v2\/product"}],"about":[{"href":"https:\/\/electrovideo.eu\/en\/wp-json\/wp\/v2\/types\/product"}],"replies":[{"embeddable":true,"href":"https:\/\/electrovideo.eu\/en\/wp-json\/wp\/v2\/comments?post=211910"}],"version-history":[{"count":0,"href":"https:\/\/electrovideo.eu\/en\/wp-json\/wp\/v2\/product\/211910\/revisions"}],"wp:featuredmedia":[{"embeddable":true,"href":"https:\/\/electrovideo.eu\/en\/wp-json\/wp\/v2\/media\/211912"}],"wp:attachment":[{"href":"https:\/\/electrovideo.eu\/en\/wp-json\/wp\/v2\/media?parent=211910"}],"wp:term":[{"taxonomy":"brand","embeddable":true,"href":"https:\/\/electrovideo.eu\/en\/wp-json\/wp\/v2\/etheme_brands?post=211910"},{"taxonomy":"product_brand","embeddable":true,"href":"https:\/\/electrovideo.eu\/en\/wp-json\/wp\/v2\/product_brand?post=211910"},{"taxonomy":"product_cat","embeddable":true,"href":"https:\/\/electrovideo.eu\/en\/wp-json\/wp\/v2\/product_cat?post=211910"},{"taxonomy":"product_tag","embeddable":true,"href":"https:\/\/electrovideo.eu\/en\/wp-json\/wp\/v2\/product_tag?post=211910"}],"curies":[{"name":"wp","href":"https:\/\/api.w.org\/{rel}","templated":true}]}}