{"id":211908,"date":"2025-09-20T17:30:42","date_gmt":"2025-09-20T15:30:42","guid":{"rendered":"https:\/\/electrovideo.eu\/produit\/be-quiet-dark-power-13-1000w-80plus-titanium\/"},"modified":"2026-04-16T01:38:07","modified_gmt":"2026-04-15T23:38:07","slug":"be-quiet-dark-power-13-1000w-80plus-titanium","status":"publish","type":"product","link":"https:\/\/electrovideo.eu\/en\/product\/be-quiet-dark-power-13-1000w-80plus-titanium\/","title":{"rendered":"be quiet! Dark Power 13 1000W 80PLUS Titanium"},"content":{"rendered":"<div id=\"description\" class=\"description\">\n<div class=\"details-pdt-desc\">\n<h2 class=\"h2-master\">be quiet! Dark Power 13 : Plus aucun compromis sur le silence et les performances<\/h2>\n<section>\n<p>Propos\u00e9e par <strong>be quiet! <\/strong>la&nbsp;<strong>Dark Power 13 1000W<\/strong> est une alimentation haut de gamme <strong>certifi\u00e9e 80+ Titanium<\/strong>. Elle propose un rendement pouvant aller jusqu&#8217;\u00e0 95,8%, un niveau qui en fait une r\u00e9f\u00e9rence ultime. En plus de ce rendement exceptionnel, le concept de ventilateur sans cadre, bas\u00e9 sur les c\u00e9l\u00e8bres <strong>ventilateurs Silent Wings<\/strong>, assure un refroidissement irr\u00e9prochable quasi inaudible. La cl\u00e9 overclocking permet de basculer tr\u00e8s facilement du mode multi rail au mode mono rail, selon les besoins. Le respect des <strong>sp\u00e9cifications ATX 3.0<\/strong> et la compatibilit\u00e9 avec les cartes graphiques nouvelle g\u00e9n\u00e9ration renforcent son positionnement en tant qu\u2019alimentation haut de gamme.<\/p>\n<\/section>\n<section>\n<div class=\"desc-image\"><span><img decoding=\"async\" alt=\"\" loading=\"lazy\" src=\"https:\/\/electrovideo.eu\/wp-content\/uploads\/2025\/09\/DarkPower13_800_1.jpg\"><\/span><\/div>\n<div class=\"desc-text\">\n<h2 class=\"heavy\">CERTIFI\u00c9E 80 PLUS TITANIUM<\/h2>\n<p>La <strong>Dark Power 13<\/strong> poss\u00e8de la <strong>certification 80 PLUS Titanium et un taux d\u2019efficacit\u00e9 \u00e9nerg\u00e9tique pouvant atteindre 95,8%<\/strong>. Ceci pr\u00e9sente de nombreux avantages pour votre syst\u00e8me haut de gamme, notamment une consommation d&#8217;\u00e9nergie moindre et un refroidissement globalement plus efficace et plus silencieux. La <strong>consommation en veille est inf\u00e9rieure \u00e0&nbsp;0,1 watt<\/strong>.<\/p>\n<\/div>\n<\/section>\n<section>\n<div class=\"desc-text\">\n<h2>un fonctionnement quasi inaudible<\/h2>\n<p>Le <strong>ventilateur Silent Wings int\u00e9gr\u00e9<\/strong> comprend un large \u00e9ventail d&#8217;optimisations \u00e9lectroniques et m\u00e9caniques pour un flux d&#8217;air optimis\u00e9 \u00e0 tr\u00e8s faible bruit.<\/p>\n<p>Le <strong>bo\u00eetier de l&#8217;alimentation<\/strong> poss\u00e8de une grande ouverture en forme de corolle facilitant une entr\u00e9e d&#8217;air \u00e9lev\u00e9e. Le Flux d\u2019alimentation est optimis\u00e9 pour un meilleur refroidissement \u00e0 des vitesses de ventilateur r\u00e9duites, pour moins de turbulences et de bruit.<\/p>\n<p>Les <strong>variations de vitesse du ventilateur Silent Wings<\/strong> de cette alimentation Dark Power&nbsp;13&nbsp;sont contr\u00f4l\u00e9es num\u00e9riquement et g\u00e9r\u00e9es de mani\u00e8re optimale pour atteindre un \u00e9quilibre parfait entre refroidissement et silence extr\u00eame.<\/p>\n<\/div>\n<div class=\"desc-image\"><span><img decoding=\"async\" alt=\"\" loading=\"lazy\" src=\"https:\/\/electrovideo.eu\/wp-content\/uploads\/2025\/09\/DarkPower13_800_2.jpg\"><\/span><\/div>\n<\/section>\n<section>\n<div class=\"desc-image\"><span><img decoding=\"async\" alt=\"\" loading=\"lazy\" src=\"https:\/\/electrovideo.eu\/wp-content\/uploads\/2025\/09\/DarkPower13_800_3.jpg\"><\/span><\/div>\n<div class=\"desc-text\">\n<h2>Condensateurs japonais haute qualit\u00e9 \u00e0 temp\u00e9rature nominale de 105 \u00b0C&nbsp;<\/h2>\n<p><strong>be quiet!<\/strong> impose le choix des meilleurs composants pour l&#8217;\u00e9laboration de ces&nbsp;alimentations Dark Power 13. C&#8217;est pourquoi be quiet! a uniquement int\u00e9gr\u00e9 des <strong>condensateurs japonais de haute qualit\u00e9<\/strong>. Leur temp\u00e9rature nominale est de 105 \u00b0C, ce qui leur assure stabilit\u00e9, fiabilit\u00e9 et haute dur\u00e9e de vie.<\/p>\n<p>Le<strong>&nbsp;LLC, Synchronous Rectifier (SR) et le circuit de conversion DC\/DC<\/strong> apportent une stabilit\u00e9 de signal in\u00e9gal\u00e9e et un rendement \u00e9nerg\u00e9tique exceptionnel.<\/p>\n<p>Ing\u00e9nieuse d&#8217;un point de vue conception, la <strong>sortie am\u00e9lior\u00e9e des condensateurs de 12 V <\/strong>de cette alimentation&nbsp;r\u00e9duit&nbsp;au minimum l\u2019effet Larsen des cartes graphiques. Enfin la Dark Power 13 assure une <strong>protection maximale des composants <\/strong>contre les surintensit\u00e9s, les surtensions et les sous-tensions, les courts-circuits, la surchauffe, la surcharge et les variations de tension c\u00f4t\u00e9 entr\u00e9e.<\/p>\n<p>.<\/p>\n<\/div>\n<\/section>\n<section class=\"list\">\n<h2>Caract\u00e9ristiques principales :<\/h2>\n<ul>\n<li>Rendement 80 PLUS Titanium (jusqu\u2019\u00e0 95,8%)<\/li>\n<li>Ventilateur brevet\u00e9 Silent Wings sans cadre pour un fonctionnement pratiquement inaudible<\/li>\n<li>Bloc d\u2019alimentation \u00e0 maillage int\u00e9gral avec entr\u00e9e d\u2019air redessin\u00e9e en forme de corolle facilitant la circulation d\u2019air<\/li>\n<li>Clef d\u2019overclocking qui permet de passer d\u2019un mode de fonctionnement en quatre rails 12 V ind\u00e9pendants \u00e0 un mode avec rail unique<\/li>\n<li>Gestion de c\u00e2bles modulaire pour un confort maximal<\/li>\n<li>Le&nbsp;<strong>LLC, Synchronous Rectifier (SR) et le circuit de conversion DC\/DC&nbsp;<\/strong>assurent une stabilit\u00e9 de signal in\u00e9gal\u00e9e et une efficacit\u00e9 \u00e9nerg\u00e9tique extr\u00eamement \u00e9lev\u00e9e<\/li>\n<\/ul>\n<\/section>\n<\/div><\/div>\n","protected":false},"excerpt":{"rendered":"<p>Alimentation modulaire 1000W ATX 12V 3.0\/EPS 12V<\/p>\n","protected":false},"featured_media":211909,"comment_status":"open","ping_status":"closed","template":"","meta":{"_monsterinsights_skip_tracking":false,"_monsterinsights_sitenote_active":false,"_monsterinsights_sitenote_note":"","_monsterinsights_sitenote_category":0},"etheme_brands":[{"term_id":50,"name":"Be Quiet!","slug":"be-quiet","term_group":0,"term_taxonomy_id":50,"taxonomy":"brand","description":"","parent":0,"count":40,"filter":"raw"}],"product_brand":[],"product_cat":[19],"product_tag":[],"class_list":{"0":"post-211908","1":"product","2":"type-product","3":"status-publish","4":"has-post-thumbnail","6":"brand-be-quiet","7":"product_cat-power-supply","9":"first","10":"instock","11":"taxable","12":"shipping-taxable","13":"purchasable","14":"product-type-simple"},"_links":{"self":[{"href":"https:\/\/electrovideo.eu\/en\/wp-json\/wp\/v2\/product\/211908","targetHints":{"allow":["GET"]}}],"collection":[{"href":"https:\/\/electrovideo.eu\/en\/wp-json\/wp\/v2\/product"}],"about":[{"href":"https:\/\/electrovideo.eu\/en\/wp-json\/wp\/v2\/types\/product"}],"replies":[{"embeddable":true,"href":"https:\/\/electrovideo.eu\/en\/wp-json\/wp\/v2\/comments?post=211908"}],"version-history":[{"count":0,"href":"https:\/\/electrovideo.eu\/en\/wp-json\/wp\/v2\/product\/211908\/revisions"}],"wp:featuredmedia":[{"embeddable":true,"href":"https:\/\/electrovideo.eu\/en\/wp-json\/wp\/v2\/media\/211909"}],"wp:attachment":[{"href":"https:\/\/electrovideo.eu\/en\/wp-json\/wp\/v2\/media?parent=211908"}],"wp:term":[{"taxonomy":"brand","embeddable":true,"href":"https:\/\/electrovideo.eu\/en\/wp-json\/wp\/v2\/etheme_brands?post=211908"},{"taxonomy":"product_brand","embeddable":true,"href":"https:\/\/electrovideo.eu\/en\/wp-json\/wp\/v2\/product_brand?post=211908"},{"taxonomy":"product_cat","embeddable":true,"href":"https:\/\/electrovideo.eu\/en\/wp-json\/wp\/v2\/product_cat?post=211908"},{"taxonomy":"product_tag","embeddable":true,"href":"https:\/\/electrovideo.eu\/en\/wp-json\/wp\/v2\/product_tag?post=211908"}],"curies":[{"name":"wp","href":"https:\/\/api.w.org\/{rel}","templated":true}]}}