{"id":211902,"date":"2025-09-20T17:37:51","date_gmt":"2025-09-20T15:37:51","guid":{"rendered":"https:\/\/electrovideo.eu\/produit\/asus-rog-loki-sfx-l-1000w-platinum\/"},"modified":"2026-04-16T01:37:56","modified_gmt":"2026-04-15T23:37:56","slug":"asus-rog-loki-sfx-l-1000w-platinum","status":"publish","type":"product","link":"https:\/\/electrovideo.eu\/en\/product\/asus-rog-loki-sfx-l-1000w-platinum\/","title":{"rendered":"ASUS ROG LOKI SFX-L 1000W Platinum"},"content":{"rendered":"<div id=\"description\" class=\"description\">\n<div class=\"details-pdt-desc\">\n<h2 class=\"h2-master\">Une alimentation 80+ Platinum 100% modulaire au format SFX-L<\/h2>\n<section>\n<p>S&#8217;inspirant du ROG Thor, l&#8217;<strong>ASUS ROG Loki SFX-L 80PLUS Platinum<\/strong> pr\u00e9sente les m\u00eames composants et caract\u00e9ristiques de qualit\u00e9 sup\u00e9rieure, le tout dans un format SFX-L. B\u00e9n\u00e9ficiant d&#8217;un fonctionnement silencieux et de performances \u00e9lev\u00e9es, le bloc Loki est pr\u00eat \u00e0 alimenter votre prochaine configuration SFF.<\/p>\n<\/section>\n<section>\n<div class=\"desc-image\"><span><img decoding=\"async\" alt=\"\" loading=\"lazy\" src=\"https:\/\/electrovideo.eu\/wp-content\/uploads\/2025\/09\/asus_rog_loki_sfx_l.jpg\"><\/span><\/div>\n<div class=\"desc-text\">\n<h2>Caract\u00e9ristiques principales<\/h2>\n<ul>\n<li><strong>Dissipateurs thermiques ROG<\/strong> : Les dissipateurs ROG permettent de r\u00e9duire les temp\u00e9ratures, d&#8217;augmenter la dur\u00e9e de vie des composants et de prolonger le fonctionnement \u00e0 0dB.<\/li>\n<li>Ventilateurs axiaux : Enti\u00e8rement repens\u00e9s pour la nouvelle g\u00e9n\u00e9ration de cartes graphiques ROG, ces ventilateurs axiaux pr\u00e9sentent un moyeu plus petit, des pales plus grandes et un anneau am\u00e9liorant la pression descendante de l&#8217;air.<\/li>\n<li><strong>Technologie 0dB<\/strong> : Pour r\u00e9duire le bruit, le ventilateur contr\u00f4l\u00e9 par PWM s&#8217;arr\u00eate compl\u00e8tement lorsque le bloc d&#8217;alimentation est soumis \u00e0 une charge de 40 % ou moins.<\/li>\n<li>Certification Lambda A : En moyenne, le bloc ROG Loki \u00e9met moins de 25 dB, ce qui lui a valu la tr\u00e8s convoit\u00e9e certification Cybenetics Lambda A.<\/li>\n<li><strong>Certifi\u00e9 80 PLUS Platinum<\/strong> : Les condensateurs japonais \u00e0 faible taux d&#8217;ESR am\u00e9liorent encore l&#8217;efficacit\u00e9 et r\u00e9duisent la chaleur, pr\u00e9parant le ROG Loki \u00e0 alimenter de mani\u00e8re fiable votre syst\u00e8me pour les ann\u00e9es \u00e0 venir.<\/li>\n<li><strong>Compatible ATX 3.0<\/strong>&nbsp; : L\u2019ATX 3.0 introduit des directives plus strictes en mati\u00e8re de r\u00e9gulation de la tension et du courant pour le mat\u00e9riel de nouvelle g\u00e9n\u00e9ration.<\/li>\n<li><strong>Ventilateur illumin\u00e9 ARGB &amp; Aura Sync <\/strong>: Le ventilateur 120 mm du Loki comporte huit LED adressables pr\u00eates \u00e0 \u00eatre personnalis\u00e9es avec Aura Sync pour cr\u00e9er des mod\u00e8les d&#8217;\u00e9clairage coordonn\u00e9s \u00e0 travers votre syst\u00e8me.<\/li>\n<\/ul>\n<\/div>\n<\/section>\n<\/div><\/div>\n","protected":false},"excerpt":{"rendered":"<p>Alimentation modulaire 1000W ATX12V 3.0 &#8211; Ventilateur 120 mm &#8211; Aura Sync RGB &#8211; 80 PLUS Platinum<\/p>\n","protected":false},"featured_media":211904,"comment_status":"open","ping_status":"closed","template":"","meta":{"_monsterinsights_skip_tracking":false,"_monsterinsights_sitenote_active":false,"_monsterinsights_sitenote_note":"","_monsterinsights_sitenote_category":0},"etheme_brands":[{"term_id":53,"name":"ASUS","slug":"asus","term_group":0,"term_taxonomy_id":53,"taxonomy":"brand","description":"","parent":0,"count":248,"filter":"raw"}],"product_brand":[],"product_cat":[19],"product_tag":[],"class_list":{"0":"post-211902","1":"product","2":"type-product","3":"status-publish","4":"has-post-thumbnail","6":"brand-asus","7":"product_cat-power-supply","9":"first","10":"instock","11":"taxable","12":"shipping-taxable","13":"purchasable","14":"product-type-simple"},"_links":{"self":[{"href":"https:\/\/electrovideo.eu\/en\/wp-json\/wp\/v2\/product\/211902","targetHints":{"allow":["GET"]}}],"collection":[{"href":"https:\/\/electrovideo.eu\/en\/wp-json\/wp\/v2\/product"}],"about":[{"href":"https:\/\/electrovideo.eu\/en\/wp-json\/wp\/v2\/types\/product"}],"replies":[{"embeddable":true,"href":"https:\/\/electrovideo.eu\/en\/wp-json\/wp\/v2\/comments?post=211902"}],"version-history":[{"count":0,"href":"https:\/\/electrovideo.eu\/en\/wp-json\/wp\/v2\/product\/211902\/revisions"}],"wp:featuredmedia":[{"embeddable":true,"href":"https:\/\/electrovideo.eu\/en\/wp-json\/wp\/v2\/media\/211904"}],"wp:attachment":[{"href":"https:\/\/electrovideo.eu\/en\/wp-json\/wp\/v2\/media?parent=211902"}],"wp:term":[{"taxonomy":"brand","embeddable":true,"href":"https:\/\/electrovideo.eu\/en\/wp-json\/wp\/v2\/etheme_brands?post=211902"},{"taxonomy":"product_brand","embeddable":true,"href":"https:\/\/electrovideo.eu\/en\/wp-json\/wp\/v2\/product_brand?post=211902"},{"taxonomy":"product_cat","embeddable":true,"href":"https:\/\/electrovideo.eu\/en\/wp-json\/wp\/v2\/product_cat?post=211902"},{"taxonomy":"product_tag","embeddable":true,"href":"https:\/\/electrovideo.eu\/en\/wp-json\/wp\/v2\/product_tag?post=211902"}],"curies":[{"name":"wp","href":"https:\/\/api.w.org\/{rel}","templated":true}]}}