{"id":211889,"date":"2025-09-20T17:39:43","date_gmt":"2025-09-20T15:39:43","guid":{"rendered":"https:\/\/electrovideo.eu\/produit\/seasonic-core-gx-atx-3-2024-750-w\/"},"modified":"2026-04-16T01:35:21","modified_gmt":"2026-04-15T23:35:21","slug":"seasonic-core-gx-atx-3-2024-750-w","status":"publish","type":"product","link":"https:\/\/electrovideo.eu\/en\/product\/seasonic-core-gx-atx-3-2024-750-w\/","title":{"rendered":"Seasonic CORE GX ATX 3 (2024) 750 W"},"content":{"rendered":"<div id=\"description\" class=\"description\">\n<div class=\"details-pdt-desc\">\n<h2 class=\"h2-master\">Alimentation 80+ Gold ATX 3.1<\/h2>\n<section>\n<p>L&#8217;alimentation <strong>Seasonic CORE GX ATX 3 (2024)<\/strong> est certifi\u00e9e 80+ Gold et est conforme aux <strong>normes ATX3.1 et PCIe 5.1<\/strong>. Ainsi, elle est en mesure de prendre en charge les cartes graphiques r\u00e9centes munies d&#8217;un <strong>connecteur 12V-2&#215;6<\/strong>. Enti\u00e8rement modulaire pour une gestion optimale du c\u00e2blage, elle est aussi \u00e9quip\u00e9e d&#8217;un ventilateur 120 mm combinant silence et efficacit\u00e9 en fonction de la sollicitation du bloc.<\/p>\n<\/section>\n<section>\n<div class=\"desc-image\"><span><img decoding=\"async\" alt=\"\" loading=\"lazy\" src=\"https:\/\/electrovideo.eu\/wp-content\/uploads\/2025\/09\/seasonic_core_gx_atx3_2024.jpg\"><\/span><\/div>\n<div class=\"desc-text\">\n<h2>Points forts<\/h2>\n<ul>\n<li>Conception 100% modulaire pour une gestion optimale des c\u00e2bles et une meilleure circulation de l&#8217;air.<\/li>\n<li>Norme ATX3.1 : Conforme aux derni\u00e8res normes ATX3.1, offrant une efficacit\u00e9 accrue<\/li>\n<li>C\u00e2ble 12V-2&#215;6 pour l&#8217;alimentation des cartes graphiques r\u00e9centes<\/li>\n<li>Disponible en plusieurs puissances \u00e0 partir de 650W.<\/li>\n<li>Ventilateur de 120 mm avec contr\u00f4le intelligent et silencieux pour un refroidissement optimal<\/li>\n<li>Faible profondeur avec seulement 140 mm<br \/>\n\t&nbsp;<\/li>\n<\/ul>\n<\/div>\n<\/section>\n<\/div><\/div>\n","protected":false},"excerpt":{"rendered":"<p>Alimentation 100% modulaire ATX12V 3.1 750W &#8211; 80PLUS Gold<\/p>\n","protected":false},"featured_media":211891,"comment_status":"open","ping_status":"closed","template":"","meta":{"_monsterinsights_skip_tracking":false,"_monsterinsights_sitenote_active":false,"_monsterinsights_sitenote_note":"","_monsterinsights_sitenote_category":0},"etheme_brands":[{"term_id":346,"name":"Seasonic","slug":"seasonic","term_group":0,"term_taxonomy_id":346,"taxonomy":"brand","description":"","parent":0,"count":24,"filter":"raw"}],"product_brand":[],"product_cat":[19],"product_tag":[],"class_list":{"0":"post-211889","1":"product","2":"type-product","3":"status-publish","4":"has-post-thumbnail","6":"brand-seasonic","7":"product_cat-power-supply","9":"first","10":"instock","11":"taxable","12":"shipping-taxable","13":"purchasable","14":"product-type-simple"},"_links":{"self":[{"href":"https:\/\/electrovideo.eu\/en\/wp-json\/wp\/v2\/product\/211889","targetHints":{"allow":["GET"]}}],"collection":[{"href":"https:\/\/electrovideo.eu\/en\/wp-json\/wp\/v2\/product"}],"about":[{"href":"https:\/\/electrovideo.eu\/en\/wp-json\/wp\/v2\/types\/product"}],"replies":[{"embeddable":true,"href":"https:\/\/electrovideo.eu\/en\/wp-json\/wp\/v2\/comments?post=211889"}],"version-history":[{"count":0,"href":"https:\/\/electrovideo.eu\/en\/wp-json\/wp\/v2\/product\/211889\/revisions"}],"wp:featuredmedia":[{"embeddable":true,"href":"https:\/\/electrovideo.eu\/en\/wp-json\/wp\/v2\/media\/211891"}],"wp:attachment":[{"href":"https:\/\/electrovideo.eu\/en\/wp-json\/wp\/v2\/media?parent=211889"}],"wp:term":[{"taxonomy":"brand","embeddable":true,"href":"https:\/\/electrovideo.eu\/en\/wp-json\/wp\/v2\/etheme_brands?post=211889"},{"taxonomy":"product_brand","embeddable":true,"href":"https:\/\/electrovideo.eu\/en\/wp-json\/wp\/v2\/product_brand?post=211889"},{"taxonomy":"product_cat","embeddable":true,"href":"https:\/\/electrovideo.eu\/en\/wp-json\/wp\/v2\/product_cat?post=211889"},{"taxonomy":"product_tag","embeddable":true,"href":"https:\/\/electrovideo.eu\/en\/wp-json\/wp\/v2\/product_tag?post=211889"}],"curies":[{"name":"wp","href":"https:\/\/api.w.org\/{rel}","templated":true}]}}