{"id":211887,"date":"2025-09-20T17:39:43","date_gmt":"2025-09-20T15:39:43","guid":{"rendered":"https:\/\/electrovideo.eu\/produit\/seasonic-focus-gx-750-atx-3-2024\/"},"modified":"2026-04-16T01:36:24","modified_gmt":"2026-04-15T23:36:24","slug":"seasonic-focus-gx-750-atx-3-2024","status":"publish","type":"product","link":"https:\/\/electrovideo.eu\/en\/product\/seasonic-focus-gx-750-atx-3-2024\/","title":{"rendered":"Seasonic FOCUS GX-750 ATX 3 (2024)"},"content":{"rendered":"<div id=\"description\" class=\"description\">\n<div class=\"details-pdt-desc\">\n<h2 class=\"h2-master\">Alimentation ATX 3.1 et PCIe 5.1 certifi\u00e9e 80+ Gold<\/h2>\n<section>L&#8217;a<strong>limentation FOCUS GX de Seasonic <\/strong>fait son grand retour dans sa<strong> livr\u00e9e 2024 <\/strong>avec sa mise \u00e0 niveau pour devenir compatible avec les <strong>normes ATX 3.1 et PCIe 5.1<\/strong>. Offrant une gamme de puissance en ad\u00e9quation avec les configurations actuelles et \u00e0 venir, une <strong>profondeur de 140 mm<\/strong>, ces blocs seront les alli\u00e9s parfaits pour alimenter les cartes graphiques et les processeurs les plus puissants du march\u00e9.<\/section>\n<section>\n<div class=\"desc-image\"><span><img decoding=\"async\" alt=\"\" loading=\"lazy\" src=\"https:\/\/electrovideo.eu\/wp-content\/uploads\/2025\/09\/seasonic_focus_gx_px.jpg\"><\/span><\/div>\n<div class=\"desc-text\">\n<h2>Points forts<\/h2>\n<ul>\n<li>ATX 3.1 et PCIe 5.1 C\u00e2ble \u00e0 16 broches (12V-2&#215;6)<\/li>\n<li>80 PLUS Gold<\/li>\n<li>Ventilateur de 135 mm \u00e0 palier \u00e0 dynamique des fluides<\/li>\n<li>Commande num\u00e9rique hybride du ventilateur<\/li>\n<li>Condensateurs \u00e9lectrolytiques japonais 105\u00b0C<\/li>\n<li>Dissipation optimale de la chaleur assur\u00e9e gr\u00e2ce \u00e0 la technologie OptiSink<\/li>\n<li>Enti\u00e8rement modulaire<\/li>\n<li>Format compact avec seulement 140 mm de longueur<\/li>\n<\/ul>\n<\/div>\n<\/section>\n<\/div><\/div>\n","protected":false},"excerpt":{"rendered":"<p>Alimentation modulaire 750W ATX12V 3.1 &#8211; 80PLUS Gold<\/p>\n","protected":false},"featured_media":211888,"comment_status":"open","ping_status":"closed","template":"","meta":{"_monsterinsights_skip_tracking":false,"_monsterinsights_sitenote_active":false,"_monsterinsights_sitenote_note":"","_monsterinsights_sitenote_category":0},"etheme_brands":[{"term_id":346,"name":"Seasonic","slug":"seasonic","term_group":0,"term_taxonomy_id":346,"taxonomy":"brand","description":"","parent":0,"count":24,"filter":"raw"}],"product_brand":[],"product_cat":[19],"product_tag":[],"class_list":{"0":"post-211887","1":"product","2":"type-product","3":"status-publish","4":"has-post-thumbnail","6":"brand-seasonic","7":"product_cat-power-supply","9":"first","10":"instock","11":"taxable","12":"shipping-taxable","13":"purchasable","14":"product-type-simple"},"_links":{"self":[{"href":"https:\/\/electrovideo.eu\/en\/wp-json\/wp\/v2\/product\/211887","targetHints":{"allow":["GET"]}}],"collection":[{"href":"https:\/\/electrovideo.eu\/en\/wp-json\/wp\/v2\/product"}],"about":[{"href":"https:\/\/electrovideo.eu\/en\/wp-json\/wp\/v2\/types\/product"}],"replies":[{"embeddable":true,"href":"https:\/\/electrovideo.eu\/en\/wp-json\/wp\/v2\/comments?post=211887"}],"version-history":[{"count":0,"href":"https:\/\/electrovideo.eu\/en\/wp-json\/wp\/v2\/product\/211887\/revisions"}],"wp:featuredmedia":[{"embeddable":true,"href":"https:\/\/electrovideo.eu\/en\/wp-json\/wp\/v2\/media\/211888"}],"wp:attachment":[{"href":"https:\/\/electrovideo.eu\/en\/wp-json\/wp\/v2\/media?parent=211887"}],"wp:term":[{"taxonomy":"brand","embeddable":true,"href":"https:\/\/electrovideo.eu\/en\/wp-json\/wp\/v2\/etheme_brands?post=211887"},{"taxonomy":"product_brand","embeddable":true,"href":"https:\/\/electrovideo.eu\/en\/wp-json\/wp\/v2\/product_brand?post=211887"},{"taxonomy":"product_cat","embeddable":true,"href":"https:\/\/electrovideo.eu\/en\/wp-json\/wp\/v2\/product_cat?post=211887"},{"taxonomy":"product_tag","embeddable":true,"href":"https:\/\/electrovideo.eu\/en\/wp-json\/wp\/v2\/product_tag?post=211887"}],"curies":[{"name":"wp","href":"https:\/\/api.w.org\/{rel}","templated":true}]}}