{"id":211874,"date":"2025-09-20T17:39:43","date_gmt":"2025-09-20T15:39:43","guid":{"rendered":"https:\/\/electrovideo.eu\/produit\/seasonic-vertex-gx-1000\/"},"modified":"2026-04-16T01:37:26","modified_gmt":"2026-04-15T23:37:26","slug":"seasonic-vertex-gx-1000","status":"publish","type":"product","link":"https:\/\/electrovideo.eu\/en\/product\/seasonic-vertex-gx-1000\/","title":{"rendered":"Seasonic VERTEX GX-1000"},"content":{"rendered":"<div id=\"description\" class=\"description\">\n<div class=\"details-pdt-desc\">\n<h2 class=\"h2-master\">Alimentation ATX 3.0 80PLUS Gold 100% modulaire<\/h2>\n<section>\n<p><strong>Seasonic VERTEX GX-1000 <\/strong>est un bloc d&#8217;alimentation PC haut de gamme \u00e0 haut rendement \u00e9nerg\u00e9tique. Cette <strong>alimentation ATX 3.0<\/strong> dot\u00e9e d&#8217;un <strong>connecteur 16-pins 12VHPWR<\/strong> pour carte graphique est id\u00e9ale pour les PC de derni\u00e8re g\u00e9n\u00e9ration. Le refroidissement est assur\u00e9 par un ventilateur silencieux 135 mm.<\/p>\n<\/section>\n<section>\n<div class=\"desc-image\"><span><img decoding=\"async\" alt=\"\" loading=\"lazy\" src=\"https:\/\/electrovideo.eu\/wp-content\/uploads\/2025\/09\/seasonicFocusPlat650_1-1.jpg\"><\/span><\/div>\n<div class=\"desc-text\">\n<h2>Ventilateur \u00e0 roulement hydrodynamique (FDB)&nbsp;<\/h2>\n<p>Les ventilateurs haute performance \u00e0 palier dynamique (FDB) sont con\u00e7us pour tirer parti des effets d&#8217;absorption d&#8217;impact de l&#8217;huile. Ils sont extr\u00eamement fiables et g\u00e9n\u00e8rent beaucoup moins de bruit de fonctionnement et de chaleur que les ventilateurs \u00e0 roulements \u00e0 billes. La lubrification de la surface des roulements r\u00e9duit les frottements et les vibrations et, par cons\u00e9quent, la consommation d&#8217;\u00e9nergie globale. Gr\u00e2ce \u00e0 des rotations sans effort et plus silencieuses et \u00e0 une construction robuste, cette technologie de ventilateur fiable augmente \u00e9galement consid\u00e9rablement la dur\u00e9e de vie du ventilateur.<\/p>\n<p>Lorsque l&#8217;arbre du ventilateur tourne, l&#8217;huile \u00e0 haute pression d\u00e9rive le long des rainures du manchon de roulement pour g\u00e9n\u00e9rer une fine couche de lubrification entre les faces du roulement. Lorsque la vitesse augmente, la pression dynamique de l&#8217;huile augmente \u00e9galement et l&#8217;arbre est soulev\u00e9 du palier pour cr\u00e9er des rotations douces et sans effort. La forme en chevrons des rainures permet de canaliser efficacement le lubrifiant et d&#8217;\u00e9viter les fuites.<\/p>\n<\/div>\n<\/section>\n<section>\n<div class=\"desc-text\">\n<h2>Certification 80PLUS Gold et conception sans c\u00e2ble<\/h2>\n<p>La s\u00e9rie Vertex GX obtient la certification 80 PLUS&nbsp;Gold avec un rendement de 90 % \u00e0 50 % de charge du syst\u00e8me.<\/p>\n<p>L\u2019engagement continu de <strong>Seasonic<\/strong> pour le d\u00e9veloppement de blocs d\u2019alimentation analogiques de qualit\u00e9 a permis d\u2019abaisser le niveau de ripple bien en dessous de la norme industrielle moyenne de 20mV. Les ing\u00e9nieurs de chez <strong>Seasonic<\/strong> ont impl\u00e9ment\u00e9 un nouveau design interne o\u00f9, \u00e0 la place de c\u00e2bles, le panneau arri\u00e8re et le circuit imprim\u00e9 (PCB \u2013 Printed Circuit Board) sont connect\u00e9s par une plaque en cuivre. Cette avanc\u00e9e permet non seulement de diminuer les chances d\u2019erreur de production pendant les phases manuelles de fabrication, mais \u00e9galement d\u2019am\u00e9liorer la qualit\u00e9 des tensions en sortie.<\/p>\n<\/div>\n<div class=\"desc-image\"><span><img decoding=\"async\" alt=\"\" loading=\"lazy\" src=\"https:\/\/electrovideo.eu\/wp-content\/uploads\/2025\/09\/SeasonicFocusPlusGold650_2.jpg\"><\/span><\/div>\n<\/section>\n<section class=\"list\">\n<h2>Caract\u00e9ristiques principales :<\/h2>\n<ul>\n<li>Enti\u00e8rement compatible avec les standards ATX 3.0 et PCIe 5.0<\/li>\n<li>Modularit\u00e9 compl\u00e8te pour les meilleures options de gestion des c\u00e2bles<\/li>\n<li>Ajout d&#8217;un c\u00e2ble 12VHPWR pour se conformer aux nouvelles cartes graphiques<\/li>\n<li>Ventilateur 135mm Fluid Dynamic Bearing (FDB) pour un fonctionnement silencieux<\/li>\n<li>Seasonic Hybrid Silent Fan Control pour un refroidissement optimal<\/li>\n<li>Fonctionnalit\u00e9s de protection compl\u00e8tes : OPP \/ OVP \/ UVP \/ SCP \/ OCP \/ OTP<\/li>\n<\/ul>\n<\/section>\n<\/div><\/div>\n","protected":false},"excerpt":{"rendered":"<p>Alimentation modulaire 1000W ATX12V 3.0\/EPS 12V &#8211; 80PLUS Gold<\/p>\n","protected":false},"featured_media":211876,"comment_status":"open","ping_status":"closed","template":"","meta":{"_monsterinsights_skip_tracking":false,"_monsterinsights_sitenote_active":false,"_monsterinsights_sitenote_note":"","_monsterinsights_sitenote_category":0},"etheme_brands":[{"term_id":346,"name":"Seasonic","slug":"seasonic","term_group":0,"term_taxonomy_id":346,"taxonomy":"brand","description":"","parent":0,"count":24,"filter":"raw"}],"product_brand":[],"product_cat":[19],"product_tag":[],"class_list":{"0":"post-211874","1":"product","2":"type-product","3":"status-publish","4":"has-post-thumbnail","6":"brand-seasonic","7":"product_cat-power-supply","9":"first","10":"instock","11":"taxable","12":"shipping-taxable","13":"purchasable","14":"product-type-simple"},"_links":{"self":[{"href":"https:\/\/electrovideo.eu\/en\/wp-json\/wp\/v2\/product\/211874","targetHints":{"allow":["GET"]}}],"collection":[{"href":"https:\/\/electrovideo.eu\/en\/wp-json\/wp\/v2\/product"}],"about":[{"href":"https:\/\/electrovideo.eu\/en\/wp-json\/wp\/v2\/types\/product"}],"replies":[{"embeddable":true,"href":"https:\/\/electrovideo.eu\/en\/wp-json\/wp\/v2\/comments?post=211874"}],"version-history":[{"count":0,"href":"https:\/\/electrovideo.eu\/en\/wp-json\/wp\/v2\/product\/211874\/revisions"}],"wp:featuredmedia":[{"embeddable":true,"href":"https:\/\/electrovideo.eu\/en\/wp-json\/wp\/v2\/media\/211876"}],"wp:attachment":[{"href":"https:\/\/electrovideo.eu\/en\/wp-json\/wp\/v2\/media?parent=211874"}],"wp:term":[{"taxonomy":"brand","embeddable":true,"href":"https:\/\/electrovideo.eu\/en\/wp-json\/wp\/v2\/etheme_brands?post=211874"},{"taxonomy":"product_brand","embeddable":true,"href":"https:\/\/electrovideo.eu\/en\/wp-json\/wp\/v2\/product_brand?post=211874"},{"taxonomy":"product_cat","embeddable":true,"href":"https:\/\/electrovideo.eu\/en\/wp-json\/wp\/v2\/product_cat?post=211874"},{"taxonomy":"product_tag","embeddable":true,"href":"https:\/\/electrovideo.eu\/en\/wp-json\/wp\/v2\/product_tag?post=211874"}],"curies":[{"name":"wp","href":"https:\/\/api.w.org\/{rel}","templated":true}]}}