{"id":211846,"date":"2025-09-20T17:47:23","date_gmt":"2025-09-20T15:47:23","guid":{"rendered":"https:\/\/electrovideo.eu\/produit\/msi-mag-a850gls-pcie5\/"},"modified":"2026-04-16T01:35:35","modified_gmt":"2026-04-15T23:35:35","slug":"msi-mag-a850gls-pcie5","status":"publish","type":"product","link":"https:\/\/electrovideo.eu\/en\/product\/msi-mag-a850gls-pcie5\/","title":{"rendered":"MSI MAG A850GLS PCIE5"},"content":{"rendered":"<div id=\"description\" class=\"description\">\n<div class=\"details-pdt-desc\">\n<h2 class=\"h2-master\">Puissance stable et connectivit\u00e9 de pointe<\/h2>\n<section>\n<p>Con\u00e7ue pour r\u00e9pondre aux exigences des configurations gaming et cr\u00e9atives les plus avanc\u00e9es, <strong>l&#8217;alimentation MSI MAG A850GLS PCIE5<\/strong> offre une puissance de <strong>850 W<\/strong> avec une efficacit\u00e9 certifi\u00e9e <strong>80 PLUS Gold<\/strong>. Compatible avec les normes <strong>ATX 3.1<\/strong> et <strong>PCIe 5.1<\/strong>, elle est pr\u00eate \u00e0 alimenter les cartes graphiques les plus r\u00e9centes gr\u00e2ce \u00e0 son connecteur natif <strong>12V-2&#215;6<\/strong> capable de d\u00e9livrer jusqu&#8217;\u00e0 <strong>600 W<\/strong>.&nbsp;La <strong>conception enti\u00e8rement modulaire<\/strong> avec des c\u00e2bles plats facilite une gestion propre et efficace des c\u00e2bles, am\u00e9liorant le flux d&#8217;air et l&#8217;esth\u00e9tique de votre bo\u00eetier.&nbsp;\u00c9quip\u00e9e d&#8217;un <strong>ventilateur \u00e0 roulement hydrodynamique de 135&nbsp;mm<\/strong>, cette alimentation assure un refroidissement silencieux et efficace. La topologie <strong>LLC Full Bridge avec design DC-DC<\/strong> garantit une conversion d&#8217;\u00e9nergie stable et efficace, m\u00eame sous des charges variables.&nbsp;Pour une tranquillit\u00e9 d&#8217;esprit maximale, elle int\u00e8gre des <strong>protections de niveau industriel<\/strong> : <strong>OCP<\/strong> (protection contre les surintensit\u00e9s), <strong>OVP<\/strong> (protection contre les surtensions), <strong>OPP<\/strong> (protection contre les surpuissances), <strong>OTP<\/strong> (protection contre la surchauffe), <strong>SCP<\/strong> (protection contre les courts-circuits) et <strong>UVP<\/strong> (protection contre les sous-tensions).<\/p>\n<p>Avec la <strong>MAG A850GLS PCIE5<\/strong>, MSI propose une solution d&#8217;alimentation fiable et performante, id\u00e9ale pour les utilisateurs souhaitant construire un syst\u00e8me durable et \u00e9volutif, pr\u00eat \u00e0 affronter les d\u00e9fis des applications et jeux les plus gourmands.<\/p>\n<\/section>\n<section class=\"list\">\n<h2>Caract\u00e9ristiques principales :<\/h2>\n<ul>\n<li><strong>Puissance de 850 W<\/strong> : adapt\u00e9e aux configurations hautes performances<\/li>\n<li><strong>Certification 80 PLUS Gold<\/strong> : efficacit\u00e9 \u00e9nerg\u00e9tique jusqu&#8217;\u00e0 90 %<\/li>\n<li><strong>Compatibilit\u00e9 ATX 3.1 et PCIe 5.1<\/strong> : support des derni\u00e8res normes<\/li>\n<li><strong>Connecteur natif 12V-2&#215;6<\/strong> : d\u00e9livre jusqu&#8217;\u00e0 600 W pour les GPU modernes<\/li>\n<li><strong>Design enti\u00e8rement modulaire<\/strong> : c\u00e2bles plats pour une gestion simplifi\u00e9e<\/li>\n<li><strong>Ventilateur 135 mm \u00e0 roulement hydrodynamique<\/strong> : refroidissement silencieux<\/li>\n<li><strong>Topologie LLC Full Bridge avec design DC-DC<\/strong> : stabilit\u00e9 et efficacit\u00e9 accrues<\/li>\n<li><strong>Format <\/strong>: 150 x 150 x 86 mm pour une int\u00e9gration facile<\/li>\n<li><strong>Protections multiples<\/strong> : OCP, OVP, OPP, OTP, SCP, UVP pour une s\u00e9curit\u00e9 optimale<\/li>\n<li><strong>Connectique compl\u00e8te<\/strong> : ATX 24 broches, 2x EPS 4+4 broches, 1x PCIe 16 broches (12V-2&#215;6), 4x PCIe 6+2 broches, 8x SATA, 3x Molex, 1x FDD<\/li>\n<\/ul>\n<\/section>\n<\/div><\/div>\n","protected":false},"excerpt":{"rendered":"<p>Alimentation 100% modulaire 850W ATX12V 3.1 &#8211; 80PLUS Gold<\/p>\n","protected":false},"featured_media":211847,"comment_status":"open","ping_status":"closed","template":"","meta":{"_monsterinsights_skip_tracking":false,"_monsterinsights_sitenote_active":false,"_monsterinsights_sitenote_note":"","_monsterinsights_sitenote_category":0},"etheme_brands":[{"term_id":51,"name":"MSI","slug":"msi","term_group":0,"term_taxonomy_id":51,"taxonomy":"brand","description":"","parent":0,"count":137,"filter":"raw"}],"product_brand":[],"product_cat":[19],"product_tag":[],"class_list":{"0":"post-211846","1":"product","2":"type-product","3":"status-publish","4":"has-post-thumbnail","6":"brand-msi","7":"product_cat-power-supply","9":"first","10":"instock","11":"taxable","12":"shipping-taxable","13":"purchasable","14":"product-type-simple"},"_links":{"self":[{"href":"https:\/\/electrovideo.eu\/en\/wp-json\/wp\/v2\/product\/211846","targetHints":{"allow":["GET"]}}],"collection":[{"href":"https:\/\/electrovideo.eu\/en\/wp-json\/wp\/v2\/product"}],"about":[{"href":"https:\/\/electrovideo.eu\/en\/wp-json\/wp\/v2\/types\/product"}],"replies":[{"embeddable":true,"href":"https:\/\/electrovideo.eu\/en\/wp-json\/wp\/v2\/comments?post=211846"}],"version-history":[{"count":0,"href":"https:\/\/electrovideo.eu\/en\/wp-json\/wp\/v2\/product\/211846\/revisions"}],"wp:featuredmedia":[{"embeddable":true,"href":"https:\/\/electrovideo.eu\/en\/wp-json\/wp\/v2\/media\/211847"}],"wp:attachment":[{"href":"https:\/\/electrovideo.eu\/en\/wp-json\/wp\/v2\/media?parent=211846"}],"wp:term":[{"taxonomy":"brand","embeddable":true,"href":"https:\/\/electrovideo.eu\/en\/wp-json\/wp\/v2\/etheme_brands?post=211846"},{"taxonomy":"product_brand","embeddable":true,"href":"https:\/\/electrovideo.eu\/en\/wp-json\/wp\/v2\/product_brand?post=211846"},{"taxonomy":"product_cat","embeddable":true,"href":"https:\/\/electrovideo.eu\/en\/wp-json\/wp\/v2\/product_cat?post=211846"},{"taxonomy":"product_tag","embeddable":true,"href":"https:\/\/electrovideo.eu\/en\/wp-json\/wp\/v2\/product_tag?post=211846"}],"curies":[{"name":"wp","href":"https:\/\/api.w.org\/{rel}","templated":true}]}}