{"id":211838,"date":"2025-09-20T17:47:23","date_gmt":"2025-09-20T15:47:23","guid":{"rendered":"https:\/\/electrovideo.eu\/produit\/msi-mpg-a1000gs-pcie5\/"},"modified":"2026-04-16T01:36:25","modified_gmt":"2026-04-15T23:36:25","slug":"msi-mpg-a1000gs-pcie5","status":"publish","type":"product","link":"https:\/\/electrovideo.eu\/en\/product\/msi-mpg-a1000gs-pcie5\/","title":{"rendered":"MSI MPG A1000GS PCIE5"},"content":{"rendered":"<div id=\"description\" class=\"description\">\n<div class=\"details-pdt-desc\">\n<h2 class=\"h2-master\">Alimentation 80+ Gold ATX 3.1 100% Modulaire<\/h2>\n<section>\n<p>Gr\u00e2ce \u00e0 l&#8217;alimentation <strong>MSI MPG A1000GS PCIE5<\/strong> vous disposez d&#8217;un bloc de 1000 Watts <strong>certifi\u00e9 80PLUS Gold et Cybenetics Gold avec un c\u00e2blage enti\u00e8rement modulaire<\/strong> et capable de d\u00e9livrer des tensions stables \u00e0 tous vos composants. Munie de <strong>2 connecteurs PCIe 5.1 12V-2&#215;6 capable de d\u00e9livrer jusqu&#8217;\u00e0 600 Watts<\/strong>, la MPG A1000GS PCIE5 sera en mesure de prendre en charge les cartes graphiques les plus puissantes. Elle est compos\u00e9e de condensateurs 105\u00b0 C de qualit\u00e9 serveur fabriqu\u00e9s au Japon et ses protections&nbsp;de niveau industriel OCP\/ OTP\/ OPP\/ SCP\/ OVP\/ UVP\/ SIP\/ NLO apportent de la s\u00e9r\u00e9nit\u00e9 \u00e0 l&#8217;usage de cette alimentation.<\/p>\n<\/section>\n<section>\n<div class=\"desc-image\"><span><img decoding=\"async\" alt=\"\" loading=\"lazy\" src=\"https:\/\/electrovideo.eu\/wp-content\/uploads\/2025\/09\/msi_mpg_axxxxgs_pcie5.jpg\"><\/span><\/div>\n<div class=\"desc-text\">\n<h2>Caract\u00e9ristiques principales<\/h2>\n<ul>\n<li>Design totalement modulaire<\/li>\n<li>2 connecteurs PCIe 5.1 16 broches 12V-2&#215;6 bicolores pour s&#8217;assurer de leur bonne mise en place<\/li>\n<li>C\u00e2bles \u00e0 gaine tress\u00e9s faciles \u00e0 router et \u00e0 installer<\/li>\n<li>Certification 80 Plus Gold \/ Cybenetics Gold<\/li>\n<li>Condensateurs 105 \u00b0C de qualit\u00e9 serveur fabriqu\u00e9s au Japon<\/li>\n<li>Protection de niveau industriel OCP\/ OTP\/ OPP\/ SCP\/ OVP\/ UVP\/ SIP\/ NLO<\/li>\n<li>Niveau sonore tr\u00e8s faible certifi\u00e9 Cybenetics A++ et mode 0 dB en dessous de 40%<\/li>\n<\/ul>\n<\/div>\n<\/section>\n<\/div><\/div>\n","protected":false},"excerpt":{"rendered":"<p>Alimentation 100% modulaire 1000W ATX12V 3.1 &#8211; 80PLUS Gold<\/p>\n","protected":false},"featured_media":211839,"comment_status":"open","ping_status":"closed","template":"","meta":{"_monsterinsights_skip_tracking":false,"_monsterinsights_sitenote_active":false,"_monsterinsights_sitenote_note":"","_monsterinsights_sitenote_category":0},"etheme_brands":[{"term_id":51,"name":"MSI","slug":"msi","term_group":0,"term_taxonomy_id":51,"taxonomy":"brand","description":"","parent":0,"count":137,"filter":"raw"}],"product_brand":[],"product_cat":[19],"product_tag":[],"class_list":{"0":"post-211838","1":"product","2":"type-product","3":"status-publish","4":"has-post-thumbnail","6":"brand-msi","7":"product_cat-power-supply","9":"first","10":"instock","11":"taxable","12":"shipping-taxable","13":"purchasable","14":"product-type-simple"},"_links":{"self":[{"href":"https:\/\/electrovideo.eu\/en\/wp-json\/wp\/v2\/product\/211838","targetHints":{"allow":["GET"]}}],"collection":[{"href":"https:\/\/electrovideo.eu\/en\/wp-json\/wp\/v2\/product"}],"about":[{"href":"https:\/\/electrovideo.eu\/en\/wp-json\/wp\/v2\/types\/product"}],"replies":[{"embeddable":true,"href":"https:\/\/electrovideo.eu\/en\/wp-json\/wp\/v2\/comments?post=211838"}],"version-history":[{"count":0,"href":"https:\/\/electrovideo.eu\/en\/wp-json\/wp\/v2\/product\/211838\/revisions"}],"wp:featuredmedia":[{"embeddable":true,"href":"https:\/\/electrovideo.eu\/en\/wp-json\/wp\/v2\/media\/211839"}],"wp:attachment":[{"href":"https:\/\/electrovideo.eu\/en\/wp-json\/wp\/v2\/media?parent=211838"}],"wp:term":[{"taxonomy":"brand","embeddable":true,"href":"https:\/\/electrovideo.eu\/en\/wp-json\/wp\/v2\/etheme_brands?post=211838"},{"taxonomy":"product_brand","embeddable":true,"href":"https:\/\/electrovideo.eu\/en\/wp-json\/wp\/v2\/product_brand?post=211838"},{"taxonomy":"product_cat","embeddable":true,"href":"https:\/\/electrovideo.eu\/en\/wp-json\/wp\/v2\/product_cat?post=211838"},{"taxonomy":"product_tag","embeddable":true,"href":"https:\/\/electrovideo.eu\/en\/wp-json\/wp\/v2\/product_tag?post=211838"}],"curies":[{"name":"wp","href":"https:\/\/api.w.org\/{rel}","templated":true}]}}