{"id":211827,"date":"2025-09-20T17:47:23","date_gmt":"2025-09-20T15:47:23","guid":{"rendered":"https:\/\/electrovideo.eu\/produit\/msi-mag-a1250gl-pcie5\/"},"modified":"2026-04-16T01:37:28","modified_gmt":"2026-04-15T23:37:28","slug":"msi-mag-a1250gl-pcie5","status":"publish","type":"product","link":"https:\/\/electrovideo.eu\/en\/product\/msi-mag-a1250gl-pcie5\/","title":{"rendered":"MSI MAG A1250GL PCIE5"},"content":{"rendered":"<div id=\"description\" class=\"description\">\n<div class=\"details-pdt-desc\">\n<h2 class=\"h2-master\">Alimentation 80+ Gold ATX 3.1 Full Modulaire<\/h2>\n<section>\n<p>Gr\u00e2ce \u00e0 l&#8217;alimentation <strong>MSI MAG A1250GL PCIE5<\/strong> vous disposez d&#8217;un bloc de 1250 Watts <strong>certifi\u00e9 80PLUS Gold avec un c\u00e2blage enti\u00e8rement modulaire<\/strong> et capable de d\u00e9livrer des tensions stables \u00e0 tous vos composants. Elle embarque une correction active du facteur de puissance et une topologie LLC Half Bridge avec design modulaire DC-DC pour allier fiabilit\u00e9 et stabilit\u00e9.<\/p>\n<\/section>\n<section>\n<div class=\"desc-image\"><span><img decoding=\"async\" alt=\"\" loading=\"lazy\" src=\"https:\/\/electrovideo.eu\/wp-content\/uploads\/2025\/09\/msi_mag_a1xxxgl_pcie5.jpg\"><\/span><\/div>\n<div class=\"desc-text\">\n<h2>Caract\u00e9ristiques principales<\/h2>\n<ul>\n<li>Design totalement modulaire<\/li>\n<li>Connecteur 16 broches 12V-2&#215;6 (600W)<\/li>\n<li>C\u00e2bles plats<\/li>\n<li>Certification 80 Plus Gold<\/li>\n<li>Correction active du facteur de puissance<\/li>\n<li>Protection OVP, OCP, OPP, OTP, SCP, UVP de niveau industriel<\/li>\n<li>Topologie LLC Half Bridge avec design modulaire DC-DC<\/li>\n<li>Ventilateur 135 mm FDB<\/li>\n<\/ul>\n<\/div>\n<\/section>\n<\/div><\/div>\n","protected":false},"excerpt":{"rendered":"<p>Alimentation 100% modulaire 1250W ATX12V 3.1 &#8211; 80PLUS Gold<\/p>\n","protected":false},"featured_media":211829,"comment_status":"open","ping_status":"closed","template":"","meta":{"_monsterinsights_skip_tracking":false,"_monsterinsights_sitenote_active":false,"_monsterinsights_sitenote_note":"","_monsterinsights_sitenote_category":0},"etheme_brands":[{"term_id":51,"name":"MSI","slug":"msi","term_group":0,"term_taxonomy_id":51,"taxonomy":"brand","description":"","parent":0,"count":137,"filter":"raw"}],"product_brand":[],"product_cat":[19],"product_tag":[],"class_list":{"0":"post-211827","1":"product","2":"type-product","3":"status-publish","4":"has-post-thumbnail","6":"brand-msi","7":"product_cat-power-supply","9":"first","10":"instock","11":"taxable","12":"shipping-taxable","13":"purchasable","14":"product-type-simple"},"_links":{"self":[{"href":"https:\/\/electrovideo.eu\/en\/wp-json\/wp\/v2\/product\/211827","targetHints":{"allow":["GET"]}}],"collection":[{"href":"https:\/\/electrovideo.eu\/en\/wp-json\/wp\/v2\/product"}],"about":[{"href":"https:\/\/electrovideo.eu\/en\/wp-json\/wp\/v2\/types\/product"}],"replies":[{"embeddable":true,"href":"https:\/\/electrovideo.eu\/en\/wp-json\/wp\/v2\/comments?post=211827"}],"version-history":[{"count":0,"href":"https:\/\/electrovideo.eu\/en\/wp-json\/wp\/v2\/product\/211827\/revisions"}],"wp:featuredmedia":[{"embeddable":true,"href":"https:\/\/electrovideo.eu\/en\/wp-json\/wp\/v2\/media\/211829"}],"wp:attachment":[{"href":"https:\/\/electrovideo.eu\/en\/wp-json\/wp\/v2\/media?parent=211827"}],"wp:term":[{"taxonomy":"brand","embeddable":true,"href":"https:\/\/electrovideo.eu\/en\/wp-json\/wp\/v2\/etheme_brands?post=211827"},{"taxonomy":"product_brand","embeddable":true,"href":"https:\/\/electrovideo.eu\/en\/wp-json\/wp\/v2\/product_brand?post=211827"},{"taxonomy":"product_cat","embeddable":true,"href":"https:\/\/electrovideo.eu\/en\/wp-json\/wp\/v2\/product_cat?post=211827"},{"taxonomy":"product_tag","embeddable":true,"href":"https:\/\/electrovideo.eu\/en\/wp-json\/wp\/v2\/product_tag?post=211827"}],"curies":[{"name":"wp","href":"https:\/\/api.w.org\/{rel}","templated":true}]}}