{"id":211820,"date":"2025-09-20T17:53:57","date_gmt":"2025-09-20T15:53:57","guid":{"rendered":"https:\/\/electrovideo.eu\/produit\/cooler-master-mwe-gold-1250-full-modular-v2-atx-3-1\/"},"modified":"2026-04-16T01:37:48","modified_gmt":"2026-04-15T23:37:48","slug":"cooler-master-mwe-gold-1250-full-modular-v2-atx-3-1","status":"publish","type":"product","link":"https:\/\/electrovideo.eu\/en\/product\/cooler-master-mwe-gold-1250-full-modular-v2-atx-3-1\/","title":{"rendered":"Cooler Master MWE Gold 1250 Full Modular V2 ATX 3.1"},"content":{"rendered":"<div id=\"description\" class=\"description\">\n<div class=\"details-pdt-desc\">\n<h2 class=\"h2-master\">Une alimentation 100% modulaire 1250W 80Plus Gold<\/h2>\n<section>\n<p>Disposez d&#8217;une alimentation performante et silencieuse avec le mod\u00e8le <strong>Cooler Master MWE Gold 1250 Full Modular V2 ATX 3.1<\/strong>. Dot\u00e9e de la certification 80PLUS Gold et Cybenetics Platinum, cette alimentation dispose d&#8217;une efficacit\u00e9 pouvant aller jusqu&#8217;\u00e0 90% et b\u00e9n\u00e9ficie&nbsp;d&#8217;un fonctionnement silencieux gr\u00e2ce \u00e0 son ventilateur 140 mm. Tr\u00e8s simple d&#8217;utilisation, elle comblera tous vos besoins et apportera une puissance id\u00e9ale \u00e0 votre \u00e9quipement. Profitez d&#8217;une connectivit\u00e9 compl\u00e8te, d&#8217;un MTBF d\u00e9passant les 100 000 heures et de ses multiples protections.<\/p>\n<p>La MWE Gold 1250 V2 100% modulaire de Cooler Master propose une connectique compl\u00e8te pour les configurations gaming, elle prendra&nbsp;en charge les cartes graphiques les plus v\u00e9loces avec ses 3 connecteurs PCI-Express et&nbsp; 12VHPWR et vous permettra de multiplier les unit\u00e9s de stockage gr\u00e2ce \u00e0 12 prises SATA.<br \/>\n&nbsp;<\/p>\n<\/section>\n<section>\n<div class=\"desc-image\"><span><img decoding=\"async\" alt=\"\" loading=\"lazy\" src=\"https:\/\/electrovideo.eu\/wp-content\/uploads\/2025\/09\/cooler_master_mwe_gold_v2.jpg\"><\/span><\/div>\n<div class=\"desc-text\">\n<h2>Id\u00e9ale pour votre PC gaming<\/h2>\n<p>Conformes \u00e0 la norme ATX 3.1 et b\u00e9n\u00e9ficiant d&#8217;une connectique compl\u00e8te, les alimentations MWE Gold 1050\/1250 V2 ATX 3.1 peuvent pleinement supporter la puissance maximale consomm\u00e9e par les cartes graphiques RTX s\u00e9rie et l&#8217;ensemble du syst\u00e8me. Optimis\u00e9e avec un ventilateur de 140 mm et un roulement \u00e0 billes fluidodynamique (FDB) avanc\u00e9, elle offre un refroidissement silencieux et efficace, ainsi qu&#8217;une longue dur\u00e9e de vie. Cette alimentation Cooler Master a \u00e9t\u00e9 con\u00e7ue pour fonctionner en toute s\u00e9curit\u00e9 jusqu&#8217;\u00e0 50 \u00b0C de temp\u00e9rature ambiante, pour les ordinateurs haut de gamme, l&#8217;overclocking et autres applications \u00e0 haute intensit\u00e9. Enti\u00e8rement modulaire, cette alimentation est fournie avec un jeu de c\u00e2bles plats noirs.<\/p>\n<\/div>\n<\/section>\n<\/div><\/div>\n","protected":false},"excerpt":{"rendered":"<p>Alimentation 100% modulaire 1250W ATX 12V v3.1 &#8211; 80PLUS Gold &#8211; Cybenetics Platinum<\/p>\n","protected":false},"featured_media":211821,"comment_status":"open","ping_status":"closed","template":"","meta":{"_monsterinsights_skip_tracking":false,"_monsterinsights_sitenote_active":false,"_monsterinsights_sitenote_note":"","_monsterinsights_sitenote_category":0},"etheme_brands":[{"term_id":331,"name":"Cooler Master","slug":"cooler-master","term_group":0,"term_taxonomy_id":331,"taxonomy":"brand","description":"","parent":0,"count":33,"filter":"raw"}],"product_brand":[],"product_cat":[19],"product_tag":[],"class_list":{"0":"post-211820","1":"product","2":"type-product","3":"status-publish","4":"has-post-thumbnail","6":"brand-cooler-master","7":"product_cat-power-supply","9":"first","10":"instock","11":"taxable","12":"shipping-taxable","13":"purchasable","14":"product-type-simple"},"_links":{"self":[{"href":"https:\/\/electrovideo.eu\/en\/wp-json\/wp\/v2\/product\/211820","targetHints":{"allow":["GET"]}}],"collection":[{"href":"https:\/\/electrovideo.eu\/en\/wp-json\/wp\/v2\/product"}],"about":[{"href":"https:\/\/electrovideo.eu\/en\/wp-json\/wp\/v2\/types\/product"}],"replies":[{"embeddable":true,"href":"https:\/\/electrovideo.eu\/en\/wp-json\/wp\/v2\/comments?post=211820"}],"version-history":[{"count":0,"href":"https:\/\/electrovideo.eu\/en\/wp-json\/wp\/v2\/product\/211820\/revisions"}],"wp:featuredmedia":[{"embeddable":true,"href":"https:\/\/electrovideo.eu\/en\/wp-json\/wp\/v2\/media\/211821"}],"wp:attachment":[{"href":"https:\/\/electrovideo.eu\/en\/wp-json\/wp\/v2\/media?parent=211820"}],"wp:term":[{"taxonomy":"brand","embeddable":true,"href":"https:\/\/electrovideo.eu\/en\/wp-json\/wp\/v2\/etheme_brands?post=211820"},{"taxonomy":"product_brand","embeddable":true,"href":"https:\/\/electrovideo.eu\/en\/wp-json\/wp\/v2\/product_brand?post=211820"},{"taxonomy":"product_cat","embeddable":true,"href":"https:\/\/electrovideo.eu\/en\/wp-json\/wp\/v2\/product_cat?post=211820"},{"taxonomy":"product_tag","embeddable":true,"href":"https:\/\/electrovideo.eu\/en\/wp-json\/wp\/v2\/product_tag?post=211820"}],"curies":[{"name":"wp","href":"https:\/\/api.w.org\/{rel}","templated":true}]}}