{"id":211806,"date":"2025-09-20T17:53:57","date_gmt":"2025-09-20T15:53:57","guid":{"rendered":"https:\/\/electrovideo.eu\/produit\/asus-rog-strix-1000w-platinum-white-edition\/"},"modified":"2026-04-16T01:37:58","modified_gmt":"2026-04-15T23:37:58","slug":"asus-rog-strix-1000w-platinum-white-edition","status":"publish","type":"product","link":"https:\/\/electrovideo.eu\/en\/product\/asus-rog-strix-1000w-platinum-white-edition\/","title":{"rendered":"ASUS ROG Strix 1000W Platinum White Edition"},"content":{"rendered":"<div id=\"description\" class=\"description\">\n<div class=\"details-pdt-desc\">\n<h2 class=\"h2-master\">Une alimentation 80PLUS Platinum 100% modulaire<\/h2>\n<section>\n<p>L&#8217;<strong>alimentation ASUS ROG Strix 1000W Platinum<\/strong> est un bloc d&#8217;alimentation performant et silencieux offrant une puissance stable. Elle est con\u00e7ue pour l&#8217;efficacit\u00e9 avec des MOSFET GaN et un stabilisateur intelligent. De plus, elle b\u00e9n\u00e9ficie d&#8217;un design au style saisissant. Un achat id\u00e9al pour \u00e9quiper un PC Gamer !<br \/>\n&nbsp;<\/p>\n<\/section>\n<section>\n<div class=\"desc-image\"><span><img decoding=\"async\" alt=\"\" loading=\"lazy\" src=\"https:\/\/electrovideo.eu\/wp-content\/uploads\/2025\/09\/1000b.jpg\"><\/span><\/div>\n<div class=\"desc-text\">\n<h2>Stabilit\u00e9 et efficacit\u00e9 de haut niveau<\/h2>\n<p>Ce bloc d&#8217;alimentation ROG Strix Platinum offre des performances de haut niveau et la stabilit\u00e9 in\u00e9branlable exig\u00e9e par les joueurs. Il est dot\u00e9 d&#8217;un MOSFET GaN de nouvelle g\u00e9n\u00e9ration pour une efficacit\u00e9 \u00e9nerg\u00e9tique sup\u00e9rieure. La d\u00e9tection de tension &#8220;GPU-FIRST&#8221; avec stabilisateur de tension intelligent brevet\u00e9 assure un flux constant de puissance \u00e0 la carte graphique. De plus, il est compatible avec les derniers mat\u00e9riels gr\u00e2ce \u00e0 la conformit\u00e9 ATX 3.1 et \u00e0 un connecteur natif 12V-2&#215;6. La s\u00e9rie ROG Strix Platinum garantit la puissance n\u00e9cessaire \u00e0 votre ordinateur haut de gamme pour relever tous les d\u00e9fis.<\/p>\n<p>Le MOSFET GaN innovant offre une efficacit\u00e9 \u00e9nerg\u00e9tique sup\u00e9rieure jusqu&#8217;\u00e0 30 %, ce qui permet de r\u00e9duire le gaspillage d&#8217;\u00e9nergie. De plus, la taille r\u00e9duite du MOSFET GaN permet une disposition interne mieux organis\u00e9e dans le bloc d&#8217;alimentation.<\/p>\n<\/div>\n<\/section>\n<section>\n<div class=\"desc-text\">\n<h2>D\u00e9tection de tension &#8220;GPU-FIRST&#8221;<\/h2>\n<p>Activez la d\u00e9tection de tension &#8220;GPU-FIRST&#8221; en connectant le c\u00e2ble IVS. Cette caract\u00e9ristique innovante am\u00e9liore la stabilit\u00e9 de la tension jusqu&#8217;\u00e0 45 %, m\u00eame pendant les sessions de jeu exigeantes et les sc\u00e9narios d&#8217;overclocking. Si vous pr\u00e9f\u00e9rez une d\u00e9tection de tension conventionnelle centr\u00e9e sur le CPU, il vous suffit de d\u00e9connecter le c\u00e2ble IVS. Gr\u00e2ce \u00e0 cette technologie avanc\u00e9e, vous pouvez profiter d&#8217;un gameplay fluide et constant.<\/p>\n<\/div>\n<div class=\"desc-image\"><span><img decoding=\"async\" alt=\"\" loading=\"lazy\" src=\"https:\/\/electrovideo.eu\/wp-content\/uploads\/2025\/09\/802-5.jpg\"><\/span><\/div>\n<\/section>\n<section>\n<div class=\"desc-image\"><span><img decoding=\"async\" alt=\"\" loading=\"lazy\" src=\"https:\/\/electrovideo.eu\/wp-content\/uploads\/2025\/09\/803.jpg\"><\/span><\/div>\n<div class=\"desc-text\">\n<h2>Compatible ATX 3.1<\/h2>\n<p>ATX 3.1 introduit des normes de r\u00e9gulation de tension et de courant plus strictes pour le mat\u00e9riel de nouvelle g\u00e9n\u00e9ration et le ROG Strix Platinum prend une longueur d&#8217;avance en \u00e9tant enti\u00e8rement conforme \u00e0 ces normes. Un c\u00e2ble PCIe \u00e0 16 broches permettant d&#8217;acheminer jusqu&#8217;\u00e0 600W de puissance vers les cartes graphiques PCIe Gen 5.0 est fourni avec le PSU, pr\u00e9parant ainsi votre configuration pour la prochaine g\u00e9n\u00e9ration.<\/p>\n<\/div>\n<\/section>\n<section>\n<div class=\"desc-text\">\n<h2>C\u00e2bles de qualit\u00e9 pour une installation simplifi\u00e9e<\/h2>\n<p>Cette alimentation est fournie avec des c\u00e2bles grav\u00e9s plus facilement flexibles lors de l&#8217;installation et fonctionnant \u00e0 des temp\u00e9ratures inf\u00e9rieures de 50\u00b0C \u00e0 la limite de s\u00e9curit\u00e9 lorsqu&#8217;ils sont achemin\u00e9s pour la gestion des c\u00e2bles. Ces c\u00e2bles r\u00e9pondent \u00e9galement aux normes rigoureuses du test de flamme UL1581 et de la certification UL758, ce qui contribue \u00e0 garantir une exp\u00e9rience de montage PC fluide et une s\u00e9curit\u00e9 exceptionnelle.<\/p>\n<p>Con\u00e7u avec un clip distinct entre les connecteurs 4+4 broches et une couleur unique, le c\u00e2ble d&#8217;alimentation CPU simplifie son identification lors de l&#8217;installation. Le clip int\u00e9gr\u00e9 assure une connexion s\u00fbre et sans effort au connecteur d&#8217;alimentation du processeur de la carte m\u00e8re, ce qui simplifie le processus de montage et renforce la confiance dans l&#8217;installation de votre PC.<\/p>\n<\/div>\n<div class=\"desc-image\"><span><img decoding=\"async\" alt=\"\" loading=\"lazy\" src=\"https:\/\/electrovideo.eu\/wp-content\/uploads\/2025\/09\/804.jpg\"><\/span><\/div>\n<\/section>\n<\/div><\/div>\n","protected":false},"excerpt":{"rendered":"<p>Alimentation modulaire 1000W ATX12V 3.1 &#8211; Ventilateur 120 mm &#8211; 80 PLUS Platinum<\/p>\n","protected":false},"featured_media":211808,"comment_status":"open","ping_status":"closed","template":"","meta":{"_monsterinsights_skip_tracking":false,"_monsterinsights_sitenote_active":false,"_monsterinsights_sitenote_note":"","_monsterinsights_sitenote_category":0},"etheme_brands":[{"term_id":53,"name":"ASUS","slug":"asus","term_group":0,"term_taxonomy_id":53,"taxonomy":"brand","description":"","parent":0,"count":248,"filter":"raw"}],"product_brand":[],"product_cat":[19],"product_tag":[],"class_list":{"0":"post-211806","1":"product","2":"type-product","3":"status-publish","4":"has-post-thumbnail","6":"brand-asus","7":"product_cat-power-supply","9":"first","10":"instock","11":"taxable","12":"shipping-taxable","13":"purchasable","14":"product-type-simple"},"_links":{"self":[{"href":"https:\/\/electrovideo.eu\/en\/wp-json\/wp\/v2\/product\/211806","targetHints":{"allow":["GET"]}}],"collection":[{"href":"https:\/\/electrovideo.eu\/en\/wp-json\/wp\/v2\/product"}],"about":[{"href":"https:\/\/electrovideo.eu\/en\/wp-json\/wp\/v2\/types\/product"}],"replies":[{"embeddable":true,"href":"https:\/\/electrovideo.eu\/en\/wp-json\/wp\/v2\/comments?post=211806"}],"version-history":[{"count":0,"href":"https:\/\/electrovideo.eu\/en\/wp-json\/wp\/v2\/product\/211806\/revisions"}],"wp:featuredmedia":[{"embeddable":true,"href":"https:\/\/electrovideo.eu\/en\/wp-json\/wp\/v2\/media\/211808"}],"wp:attachment":[{"href":"https:\/\/electrovideo.eu\/en\/wp-json\/wp\/v2\/media?parent=211806"}],"wp:term":[{"taxonomy":"brand","embeddable":true,"href":"https:\/\/electrovideo.eu\/en\/wp-json\/wp\/v2\/etheme_brands?post=211806"},{"taxonomy":"product_brand","embeddable":true,"href":"https:\/\/electrovideo.eu\/en\/wp-json\/wp\/v2\/product_brand?post=211806"},{"taxonomy":"product_cat","embeddable":true,"href":"https:\/\/electrovideo.eu\/en\/wp-json\/wp\/v2\/product_cat?post=211806"},{"taxonomy":"product_tag","embeddable":true,"href":"https:\/\/electrovideo.eu\/en\/wp-json\/wp\/v2\/product_tag?post=211806"}],"curies":[{"name":"wp","href":"https:\/\/api.w.org\/{rel}","templated":true}]}}