{"id":211651,"date":"2025-09-20T18:09:35","date_gmt":"2025-09-20T16:09:35","guid":{"rendered":"https:\/\/electrovideo.eu\/produit\/seasonic-focus-spx-650\/"},"modified":"2026-04-16T01:36:57","modified_gmt":"2026-04-15T23:36:57","slug":"seasonic-focus-spx-650","status":"publish","type":"product","link":"https:\/\/electrovideo.eu\/en\/product\/seasonic-focus-spx-650\/","title":{"rendered":"Seasonic FOCUS SPX-650"},"content":{"rendered":"<div id=\"description\" class=\"description\">\n<div class=\"details-pdt-desc\">\n<h2 class=\"h2-master\">Une alimentation \u00e0 refroidissement hybride au format SFX<\/h2>\n<section>\n<p>Construite avec des composants de qualit\u00e9, cette&nbsp;alimentation&nbsp;<strong>Seasonic FOCUS SPX Platinum<\/strong> fournira&nbsp;en permanence une tension irr\u00e9prochable et une fiabilit\u00e9 au quotidien pour une utilisation \u00e0 long terme. Ce bloc tr\u00e8s efficace incorpore un syst\u00e8me innovant de r\u00e9gulation du ventilateur qui permet \u00e0 ce dernier de ne pas d\u00e9marrer \u00e0 faible charge et de d\u00e9marrer uniquement lorsque la temp\u00e9rature n\u00e9cessite un refroidissement. Enti\u00e8rement modulaire, elle permet une installation personnalisable, propre, tout en aidant \u00e0 am\u00e9liorer les flux d&#8217;air internes.<\/p>\n<\/section>\n<section>\n<div class=\"desc-image\"><span><img decoding=\"async\" alt=\"\" loading=\"lazy\" src=\"https:\/\/electrovideo.eu\/wp-content\/uploads\/2025\/09\/seasonicFocusPlat650_1-1.jpg\"><\/span><\/div>\n<div class=\"desc-text\">\n<h2>Ventilateur \u00e0 roulement hydrodynamique (FDB)&nbsp;<\/h2>\n<p>Les ventilateurs \u00e0 roulement hydrodynamique (FDB) haute performance sont con\u00e7us pour tirer avantage de l\u2019impact des effets d\u2019absorption de l\u2019huile. Ils sont extr\u00eamement fiables et g\u00e9n\u00e8rent bien moins de bruit et de chaleur en fonctionnement que les ventilateurs \u00e0 roulement \u00e0 billes. La lubrification de la surface du roulement r\u00e9duit les frictions et les vibrations, ce qui r\u00e9duit \u00e9galement la consommation \u00e9lectrique globale du ventilateur. Gr\u00e2ce \u00e0 une rotation plus fluide et silencieuse et gr\u00e2ce \u00e0 sa qualit\u00e9 de fabrication, cette technologie tr\u00e8s fiable augmente ainsi la dur\u00e9e de vie du ventilateur.<\/p>\n<p>Lorsque l\u2019arbre du ventilateur tourne, de l\u2019huile sous haute pression se r\u00e9pand le long des rainures de la douille de palier pour cr\u00e9er une fine couche de lubrification sur le roulement \u00e0 billes. Comme la vitesse augmente, il en va de m\u00eame pour la pression dynamique de l\u2019huile. L\u2019arbre du ventilateur se soul\u00e8ve alors du palier pour tourner sans effort. La forme en chevron des rainures permet de canaliser efficacement le lubrifiant et d\u2019\u00e9viter ainsi toutes fuites\u2026<\/p>\n<\/div>\n<\/section>\n<section>\n<div class=\"desc-text\">\n<h2>Contr\u00f4le hybride du ventilateur pour plus de silence<\/h2>\n<p>La vaste exp\u00e9rience de<strong> Seasonic <\/strong>en mati\u00e8re de d\u00e9veloppement de blocs d\u2019alimentation les plus efficaces et silencieux du march\u00e9 a \u00e9t\u00e9 retranscrite dans le d\u00e9veloppement du mode Hybride ; Un contr\u00f4le du ventilateur dernier cri qui permet aux utilisateurs de conserver un niveau de bruit le plus faible possible.<\/p>\n<p>La derni\u00e8re plate-forme <strong>Seasonic<\/strong> conserve les tensions en sortie dans une marge tr\u00e8s serr\u00e9e avec moins de 0.5 % de variation en charge. Cette performance et cette stabilit\u00e9 \u00e9lectrique impressionnante font de ce bloc d\u2019alimentation le choix id\u00e9al pour toutes les machines hautes performances. De plus, la gamme Seasonic Prime est con\u00e7ue avec une signature acoustique r\u00e9duite afin de r\u00e9duire le bruit de fonctionnement.<\/p>\n<\/div>\n<div class=\"desc-image\"><span><img decoding=\"async\" alt=\"\" loading=\"lazy\" src=\"https:\/\/electrovideo.eu\/wp-content\/uploads\/2025\/09\/SeasonicFocusPlusGold650_1.jpg\"><\/span><\/div>\n<\/section>\n<section class=\"list\">\n<h2>Caract\u00e9ristiques principales :<\/h2>\n<ul>\n<li><strong>Alimentation SFX 100% modulaire 650W<\/strong><\/li>\n<li><strong>Certifi\u00e9e 80PLUS Platinum<\/strong><\/li>\n<li>Ventilateur \u00e0 roulement hydrodynamique<\/li>\n<li>Conception interne sans c\u00e2ble<\/li>\n<\/ul>\n<\/section>\n<\/div><\/div>\n","protected":false},"excerpt":{"rendered":"<p>Alimentation modulaire 650W SFX12V\/ATX12V &#8211; 80PLUS Platinum<\/p>\n","protected":false},"featured_media":211652,"comment_status":"open","ping_status":"closed","template":"","meta":{"_monsterinsights_skip_tracking":false,"_monsterinsights_sitenote_active":false,"_monsterinsights_sitenote_note":"","_monsterinsights_sitenote_category":0},"etheme_brands":[{"term_id":346,"name":"Seasonic","slug":"seasonic","term_group":0,"term_taxonomy_id":346,"taxonomy":"brand","description":"","parent":0,"count":24,"filter":"raw"}],"product_brand":[],"product_cat":[19],"product_tag":[],"class_list":{"0":"post-211651","1":"product","2":"type-product","3":"status-publish","4":"has-post-thumbnail","6":"brand-seasonic","7":"product_cat-power-supply","9":"first","10":"instock","11":"taxable","12":"shipping-taxable","13":"purchasable","14":"product-type-simple"},"_links":{"self":[{"href":"https:\/\/electrovideo.eu\/en\/wp-json\/wp\/v2\/product\/211651","targetHints":{"allow":["GET"]}}],"collection":[{"href":"https:\/\/electrovideo.eu\/en\/wp-json\/wp\/v2\/product"}],"about":[{"href":"https:\/\/electrovideo.eu\/en\/wp-json\/wp\/v2\/types\/product"}],"replies":[{"embeddable":true,"href":"https:\/\/electrovideo.eu\/en\/wp-json\/wp\/v2\/comments?post=211651"}],"version-history":[{"count":0,"href":"https:\/\/electrovideo.eu\/en\/wp-json\/wp\/v2\/product\/211651\/revisions"}],"wp:featuredmedia":[{"embeddable":true,"href":"https:\/\/electrovideo.eu\/en\/wp-json\/wp\/v2\/media\/211652"}],"wp:attachment":[{"href":"https:\/\/electrovideo.eu\/en\/wp-json\/wp\/v2\/media?parent=211651"}],"wp:term":[{"taxonomy":"brand","embeddable":true,"href":"https:\/\/electrovideo.eu\/en\/wp-json\/wp\/v2\/etheme_brands?post=211651"},{"taxonomy":"product_brand","embeddable":true,"href":"https:\/\/electrovideo.eu\/en\/wp-json\/wp\/v2\/product_brand?post=211651"},{"taxonomy":"product_cat","embeddable":true,"href":"https:\/\/electrovideo.eu\/en\/wp-json\/wp\/v2\/product_cat?post=211651"},{"taxonomy":"product_tag","embeddable":true,"href":"https:\/\/electrovideo.eu\/en\/wp-json\/wp\/v2\/product_tag?post=211651"}],"curies":[{"name":"wp","href":"https:\/\/api.w.org\/{rel}","templated":true}]}}