{"id":210148,"date":"2025-09-18T21:28:02","date_gmt":"2025-09-18T19:28:02","guid":{"rendered":"https:\/\/electrovideo.eu\/produit\/kingston-fury-beast-32-go-2-x-16-go-ddr5-6000-mhz-cl36\/"},"modified":"2025-11-28T19:51:52","modified_gmt":"2025-11-28T17:51:52","slug":"kingston-fury-beast-32-go-2-x-16-go-ddr5-6000-mhz-cl36","status":"publish","type":"product","link":"https:\/\/electrovideo.eu\/en\/product\/kingston-fury-beast-32-go-2-x-16-go-ddr5-6000-mhz-cl36\/","title":{"rendered":"Kingston FURY Beast 32 Go (2 x 16 Go) DDR5 6000 MHz CL36"},"content":{"rendered":"<div id=\"description\" class=\"description\">\n<div class=\"details-pdt-desc\">\n<h2 class=\"h2-master\">Kingston FURY Beast DDR5<\/h2>\n<section>\n<p>La m\u00e9moire <strong>Kingston FURY Beast DDR5<\/strong> int\u00e8gre la toute derni\u00e8re technologie de pointe aux plateformes de jeu de prochaine g\u00e9n\u00e9ration. Poussant la vitesse, la capacit\u00e9 et la fiabilit\u00e9 encore plus loin, la DDR5 arrive avec un arsenal de fonctionnalit\u00e9s am\u00e9lior\u00e9es, comme l\u2019ECC sur puce (ODECC) pour une meilleure stabilit\u00e9 \u00e0 des vitesses extr\u00eames, des doubles sous-canaux 32 bits pour une efficacit\u00e9 accrue, et un circuit int\u00e9gr\u00e9 de gestion de l\u2019\u00e9nergie sur le module (PMIC) pour fournir de l\u2019\u00e9nergie l\u00e0 o\u00f9 elle est le plus n\u00e9cessaire.<\/p>\n<p>Que vous repoussiez les limites de vos jeux avec les param\u00e8tres les plus extr\u00eames, que vous fassiez du streaming en direct en 4K+ ou que vous diffusiez de grandes animations et des rendus 3D, la Kingston FURY Beast DDR5 est le niveau sup\u00e9rieur dont vous avez besoin, tout en combinant style et performances. De plus, elle utilise AMD EXPO, une nouvelle sp\u00e9cification de sur-cadencement (\u00ab overclocking \u00bb) qui inclut deux profils personnalisables pour les vitesses et les timings.<br \/>\n&nbsp;<\/p>\n<\/section>\n<section>\n<div class=\"desc-image\"><span><img decoding=\"async\" alt=\"\" loading=\"lazy\" src=\"https:\/\/electrovideo.eu\/wp-content\/uploads\/2025\/09\/kingston_fury_beast_ddr5.jpg\"><\/span><\/div>\n<div class=\"desc-text\">\n<h2>Kingston FURY Beast DDR5<\/h2>\n<ul>\n<li>Compatible AMD EXPO<\/li>\n<li>Test\u00e9e et approuv\u00e9e pour que vous puissiez construire et mettre \u00e0 niveau en toute confiance en vous reposant sur votre carte m\u00e8re pr\u00e9f\u00e9r\u00e9e.<\/li>\n<li>Le nouveau dissipateur de chaleur combine un style audacieux et une fonctionnalit\u00e9 de refroidissement prodigieuse.<\/li>\n<li>Gr\u00e2ce au doublement des banques ainsi qu\u2019\u00e0 deux sous-canaux 32 bits ind\u00e9pendants, la gestion des donn\u00e9es de la DDR5 excelle dans les jeux, programmes et applications les plus r\u00e9cents et les plus exigeants.<\/li>\n<\/ul>\n<\/div>\n<\/section>\n<\/div><\/div>\n","protected":false},"excerpt":{"rendered":"<p>Kit Dual Channel 2 barrettes de RAM DDR5 PC5-48000 &#8211; KF560C36BBE2K2-32 &#8211; Optimis\u00e9 pour AMD<\/p>\n","protected":false},"featured_media":210149,"comment_status":"open","ping_status":"closed","template":"","meta":{"_monsterinsights_skip_tracking":false,"_monsterinsights_sitenote_active":false,"_monsterinsights_sitenote_note":"","_monsterinsights_sitenote_category":0},"etheme_brands":[{"term_id":382,"name":"Kingston","slug":"kingston","term_group":0,"term_taxonomy_id":382,"taxonomy":"brand","description":"","parent":0,"count":106,"filter":"raw"}],"product_brand":[],"product_cat":[27],"product_tag":[],"class_list":{"0":"post-210148","1":"product","2":"type-product","3":"status-publish","4":"has-post-thumbnail","6":"brand-kingston","7":"product_cat-memory-ram","9":"first","10":"instock","11":"taxable","12":"shipping-taxable","13":"purchasable","14":"product-type-simple"},"_links":{"self":[{"href":"https:\/\/electrovideo.eu\/en\/wp-json\/wp\/v2\/product\/210148","targetHints":{"allow":["GET"]}}],"collection":[{"href":"https:\/\/electrovideo.eu\/en\/wp-json\/wp\/v2\/product"}],"about":[{"href":"https:\/\/electrovideo.eu\/en\/wp-json\/wp\/v2\/types\/product"}],"replies":[{"embeddable":true,"href":"https:\/\/electrovideo.eu\/en\/wp-json\/wp\/v2\/comments?post=210148"}],"version-history":[{"count":0,"href":"https:\/\/electrovideo.eu\/en\/wp-json\/wp\/v2\/product\/210148\/revisions"}],"wp:featuredmedia":[{"embeddable":true,"href":"https:\/\/electrovideo.eu\/en\/wp-json\/wp\/v2\/media\/210149"}],"wp:attachment":[{"href":"https:\/\/electrovideo.eu\/en\/wp-json\/wp\/v2\/media?parent=210148"}],"wp:term":[{"taxonomy":"brand","embeddable":true,"href":"https:\/\/electrovideo.eu\/en\/wp-json\/wp\/v2\/etheme_brands?post=210148"},{"taxonomy":"product_brand","embeddable":true,"href":"https:\/\/electrovideo.eu\/en\/wp-json\/wp\/v2\/product_brand?post=210148"},{"taxonomy":"product_cat","embeddable":true,"href":"https:\/\/electrovideo.eu\/en\/wp-json\/wp\/v2\/product_cat?post=210148"},{"taxonomy":"product_tag","embeddable":true,"href":"https:\/\/electrovideo.eu\/en\/wp-json\/wp\/v2\/product_tag?post=210148"}],"curies":[{"name":"wp","href":"https:\/\/api.w.org\/{rel}","templated":true}]}}