{"id":210096,"date":"2025-09-17T20:06:17","date_gmt":"2025-09-17T18:06:17","guid":{"rendered":"https:\/\/electrovideo.eu\/produit\/asus-pro-ws-wrx90e-sage-se\/"},"modified":"2025-09-17T20:06:17","modified_gmt":"2025-09-17T18:06:17","slug":"asus-pro-ws-wrx90e-sage-se","status":"publish","type":"product","link":"https:\/\/electrovideo.eu\/en\/product\/asus-pro-ws-wrx90e-sage-se\/","title":{"rendered":"ASUS Pro WS WRX90E-SAGE SE"},"content":{"rendered":"<div id=\"description\" class=\"description\">\n<div class=\"details-pdt-desc\">\n<h2 class=\"h2-master\">Carte m\u00e8re pour station de travail professionnelle<\/h2>\n<section>\n<p>La <strong>carte m\u00e8re pour station de travail ASUS Pro WS WRX90E-SAGE SE <\/strong>est con\u00e7ue pour les utilisateurs \u00e0 la recherche de hautes performances. Elle prend en charge les <strong>processeurs multic\u0153ur surpuissants AMD Ryzen Threadripper PRO 7000 WX <\/strong>sur <strong>socket AMD sTR5<\/strong>, la <strong>RAM DDR5 4-channel<\/strong>, les <strong>disques M.2 PCIe 5.0 <\/strong>ainsi que&nbsp;<strong>les cartes graphiques PCI-Express 5.0<\/strong> pour des performances d&#8217;exception. Ces caract\u00e9ristiques incroyables vous permettront d&#8217;assembler une station de travail surpuissante et par\u00e9e pour l&#8217;avenir, destin\u00e9e \u00e0 la R\u00e9alit\u00e9 Virtuelle, au multit\u00e2che ultra-intensif, \u00e0 l&#8217;\u00e9dition num\u00e9rique ou \u00e0 l&#8217;\u00e9dition musicale et vid\u00e9o.<\/p>\n<\/section>\n<section>\n<div class=\"desc-image\"><span><img decoding=\"async\" alt=\"\" loading=\"lazy\" src=\"https:\/\/electrovideo.eu\/wp-content\/uploads\/2025\/09\/asus_pro_ws_wrx90e_sage_se.jpg\"><\/span><\/div>\n<div class=\"desc-text\">\n<h2>ASUS Pro WS WRX90E-SAGE SE<\/h2>\n<ul>\n<li><strong>Socket AMD sTR5 <\/strong>pour processeur&nbsp;<strong>AMD Ryzen Threadripper PRO 7000 WX<\/strong><\/li>\n<li><strong>8 Slots m\u00e9moire DDR5 4-Channel<\/strong><\/li>\n<li>4 ports&nbsp;SATA 6Gb\/s&nbsp;+ 3x&nbsp;M.2 PCIe 5.0 x4 + 1x M.1 PCIe 4.0 x4 + 2 x Slim SAS<\/li>\n<li><strong>7 ports PCI-Express 5.0 16x<\/strong><\/li>\n<li>Ports USB 3.1 et USB 3.2<\/li>\n<li><strong>Dual LAN 10 GbE<\/strong> + LAN 1 GbE pour management<\/li>\n<\/ul>\n<\/div>\n<\/section>\n<section>\n<div class=\"desc-text\">\n<h2>Toujours plus de puissance<\/h2>\n<p>Un processeur puissant est une aubaine pour les joueurs et utilisateurs ultra-exigeants \u00e0 la recherche de performances et d&#8217;efficacit\u00e9. Les&nbsp;processeurs AMD Ryzen Threadripper PRO 7000&nbsp;sont con\u00e7us pour satisfaire ces exigences. Ils sont ultrapuissants, disposent de tr\u00e8s nombreux c\u0153urs et d&#8217;un cache tr\u00e8s \u00e9lev\u00e9. Et pour r\u00e9pondre \u00e0 la moindre sollicitation, la technologie&nbsp;AMD Precision Boost 2 poussera la fr\u00e9quence des c\u0153urs au maximum lorsque vous en aurez le plus besoin !<\/p>\n<\/div>\n<div class=\"desc-image\"><span><img decoding=\"async\" alt=\"\" loading=\"lazy\" src=\"https:\/\/electrovideo.eu\/wp-content\/uploads\/2025\/09\/amd_threadripper_pro_7000_001.jpg\"><\/span><\/div>\n<\/section>\n<\/div><\/div>\n","protected":false},"excerpt":{"rendered":"<p>Carte m\u00e8re SSI EEB Socket sTR5 AMD WRX90 &#8211; 8x DDR5 &#8211; M.2 PCIe 5.0 &#8211; USB 3.2 &#8211; LAN 10 GbE &#8211; 7x PCI-Express 5.0 16x<\/p>\n","protected":false},"featured_media":210098,"comment_status":"open","ping_status":"closed","template":"","meta":{"_monsterinsights_skip_tracking":false,"_monsterinsights_sitenote_active":false,"_monsterinsights_sitenote_note":"","_monsterinsights_sitenote_category":0},"etheme_brands":[{"term_id":53,"name":"ASUS","slug":"asus","term_group":0,"term_taxonomy_id":53,"taxonomy":"brand","description":"","parent":0,"count":248,"filter":"raw"}],"product_brand":[],"product_cat":[24],"product_tag":[],"class_list":{"0":"post-210096","1":"product","2":"type-product","3":"status-publish","4":"has-post-thumbnail","6":"brand-asus","7":"product_cat-motherboard","9":"first","10":"instock","11":"taxable","12":"shipping-taxable","13":"purchasable","14":"product-type-simple"},"_links":{"self":[{"href":"https:\/\/electrovideo.eu\/en\/wp-json\/wp\/v2\/product\/210096","targetHints":{"allow":["GET"]}}],"collection":[{"href":"https:\/\/electrovideo.eu\/en\/wp-json\/wp\/v2\/product"}],"about":[{"href":"https:\/\/electrovideo.eu\/en\/wp-json\/wp\/v2\/types\/product"}],"replies":[{"embeddable":true,"href":"https:\/\/electrovideo.eu\/en\/wp-json\/wp\/v2\/comments?post=210096"}],"version-history":[{"count":0,"href":"https:\/\/electrovideo.eu\/en\/wp-json\/wp\/v2\/product\/210096\/revisions"}],"wp:featuredmedia":[{"embeddable":true,"href":"https:\/\/electrovideo.eu\/en\/wp-json\/wp\/v2\/media\/210098"}],"wp:attachment":[{"href":"https:\/\/electrovideo.eu\/en\/wp-json\/wp\/v2\/media?parent=210096"}],"wp:term":[{"taxonomy":"brand","embeddable":true,"href":"https:\/\/electrovideo.eu\/en\/wp-json\/wp\/v2\/etheme_brands?post=210096"},{"taxonomy":"product_brand","embeddable":true,"href":"https:\/\/electrovideo.eu\/en\/wp-json\/wp\/v2\/product_brand?post=210096"},{"taxonomy":"product_cat","embeddable":true,"href":"https:\/\/electrovideo.eu\/en\/wp-json\/wp\/v2\/product_cat?post=210096"},{"taxonomy":"product_tag","embeddable":true,"href":"https:\/\/electrovideo.eu\/en\/wp-json\/wp\/v2\/product_tag?post=210096"}],"curies":[{"name":"wp","href":"https:\/\/api.w.org\/{rel}","templated":true}]}}